{"id":983,"date":"2024-01-07T18:36:07","date_gmt":"2024-01-07T10:36:07","guid":{"rendered":"http:\/\/sinewo.gg12.globaldeepsea.site\/?post_type=product&#038;p=983"},"modified":"2025-01-16T13:58:50","modified_gmt":"2025-01-16T05:58:50","slug":"joiwo-ip-office-telephone-jwa001","status":"publish","type":"product","link":"https:\/\/www.sinewo.com\/fr\/produit\/joiwo-ip-office-telephone-jwa001\/","title":{"rendered":"Joiwo ip Office T\u00e9l\u00e9phone JWA001"},"content":{"rendered":"<h2>Caract\u00e9ristiques<\/h2>\n<p>G\u00e9n\u00e9rique<\/p>\n<p>2 lignes de gorg\u00e9e<\/p>\n<p>HD VoicePoe activ\u00e9 (X3SP, X3G)<\/p>\n<p>Mode combin\u00e9 \/ mains libres \/ casque<\/p>\n<p>Installation de bureau \/ mur mural<\/p>\n<p>Alimentation externe en option (X3SP et X3G Facultatif).<\/p>\n<p>&nbsp;<\/p>\n<p>Fonctionnalit\u00e9s t\u00e9l\u00e9phoniques<\/p>\n<p>R\u00e9pertoire local (500 entr\u00e9es)<\/p>\n<p>R\u00e9c\u00e2ns t\u00e9l\u00e9phonique distant (XML \/ LDAP, 500 entr\u00e9es)<\/p>\n<p>Journaux d'appel (dans \/ out \/ manqu\u00e9, 600 entr\u00e9es)<\/p>\n<p>Filtrage d'appel de liste noire \/ blanc<\/p>\n<p>\u00c9conomiseur d'\u00e9cran<\/p>\n<p>Indication d'attente du message vocal (VMWI)<\/p>\n<p>DSS \/ touches souples programmables<\/p>\n<p>Synchronisation du temps du r\u00e9seau<\/p>\n<p>Prise en charge du casque sans fil Plantronics (via le c\u00e2ble Plantronics APD-80EHS)<\/p>\n<p>Soutenir le casque sans fil Jabra (via le c\u00e2ble Fanvil EHS20 EHS)<\/p>\n<p>Prise en charge de l'enregistrement (via l'enregistrement du serveur)<\/p>\n<p>URL d'action \/ URI actif<\/p>\n<p>uacsta<\/p>\n<p>&nbsp;<\/p>\n<p>Audio<\/p>\n<p>Microphone \/ haut-parleur de voix HD (combin\u00e9 \/ mains libres, 0 ~ 7khzfr\u00e9quences)<\/p>\n<p>\u00c9chantillonnage ADC \/ DAC16KHz \u00e0 large bande<\/p>\n<p>Codec \u00e0 bande \u00e9troite: G.711A \/ U, G.723.1, G.726-32K, G.729AB<\/p>\n<p>Codec \u00e0 large bande: G.722<\/p>\n<p>Canceller d'\u00e9cho acoustique complet (AEC)<\/p>\n<p>D\u00e9tection d'activit\u00e9 vocale (VAD) \/ G\u00e9n\u00e9ration de bruit de confort (GNC) \/ Estimation du bruit de fond (BNE) \/ R\u00e9duction du bruit (NR)<\/p>\n<p>Dissimulation de perte de paquets (PLC)<\/p>\n<p>Tampon de gigue adaptatif dynamique jusqu'\u00e0 300 ms<\/p>\n<p>DTMF: Band, hors bande - DTMF-Relay (RFC2833) \/ SIP Info<\/p>\n<p>&nbsp;<\/p>\n<p>Pour des sp\u00e9cifications suppl\u00e9mentaires, veuillez nous contacter.<\/p>\n<h2>Application<\/h2>\n<p><img fetchpriority=\"high\" decoding=\"async\" class=\"alignnone wp-image-980 size-large\" src=\"http:\/\/sinewo.gg12.globaldeepsea.site\/wp-content\/uploads\/2025\/01\/\u6848\u4f8b\u56fe-1024x614.jpg\" alt=\"\" width=\"800\" height=\"480\" srcset=\"https:\/\/www.sinewo.com\/wp-content\/uploads\/2025\/01\/\u6848\u4f8b\u56fe-1024x614.jpg 1024w, https:\/\/www.sinewo.com\/wp-content\/uploads\/2025\/01\/\u6848\u4f8b\u56fe-300x180.jpg 300w, https:\/\/www.sinewo.com\/wp-content\/uploads\/2025\/01\/\u6848\u4f8b\u56fe-768x461.jpg 768w, https:\/\/www.sinewo.com\/wp-content\/uploads\/2025\/01\/\u6848\u4f8b\u56fe-1536x922.jpg 1536w, https:\/\/www.sinewo.com\/wp-content\/uploads\/2025\/01\/\u6848\u4f8b\u56fe-2048x1229.jpg 2048w, https:\/\/www.sinewo.com\/wp-content\/uploads\/2025\/01\/\u6848\u4f8b\u56fe-600x360.jpg 600w\" sizes=\"(max-width: 800px) 100vw, 800px\" \/><\/p>\n<h2>Param\u00e8tres<\/h2>\n<table>\n<tbody>\n<tr>\n<td width=\"140\">Protocole<\/td>\n<td width=\"351\">SIP2.0(RFC-3261)<\/td>\n<\/tr>\n<tr>\n<td width=\"140\">Appareil<\/td>\n<td width=\"351\">Salle de contr\u00f4le, t\u00e9l\u00e9communication<\/td>\n<\/tr>\n<tr>\n<td width=\"140\">Contr\u00f4le du volume<\/td>\n<td width=\"351\">R\u00e9glable<\/td>\n<\/tr>\n<tr>\n<td width=\"140\">Syst\u00e8me de communication<\/td>\n<td width=\"351\">IP<\/td>\n<\/tr>\n<tr>\n<td width=\"140\">Taille<\/td>\n<td width=\"351\">247 *130 *132<\/td>\n<\/tr>\n<tr>\n<td width=\"140\">Emballer<\/td>\n<td width=\"351\">340 *235 *165<\/td>\n<\/tr>\n<tr>\n<td width=\"140\">POIDS<\/td>\n<td width=\"351\">2KG<\/td>\n<\/tr>\n<tr>\n<td width=\"140\">Alimentation \u00e9lectrique<\/td>\n<td width=\"351\">Poe<\/td>\n<\/tr>\n<\/tbody>\n<\/table>\n<h2>Machine d'essai<\/h2>\n<p>85% Les pi\u00e8ces de rechange sont produites par notre propre usine et avec des machines de test appari\u00e9es, nous pourrions confirmer directement la fonction et la norme.<\/p>\n<p><img decoding=\"async\" class=\"alignnone wp-image-962 size-large\" src=\"http:\/\/sinewo.gg12.globaldeepsea.site\/wp-content\/uploads\/2025\/01\/\u56fe\u72475-851x1024.png\" alt=\"\" width=\"800\" height=\"963\" srcset=\"https:\/\/www.sinewo.com\/wp-content\/uploads\/2025\/01\/\u56fe\u72475-851x1024.png 851w, https:\/\/www.sinewo.com\/wp-content\/uploads\/2025\/01\/\u56fe\u72475-249x300.png 249w, https:\/\/www.sinewo.com\/wp-content\/uploads\/2025\/01\/\u56fe\u72475-768x924.png 768w, https:\/\/www.sinewo.com\/wp-content\/uploads\/2025\/01\/\u56fe\u72475-600x722.png 600w, https:\/\/www.sinewo.com\/wp-content\/uploads\/2025\/01\/\u56fe\u72475.png 900w\" sizes=\"(max-width: 800px) 100vw, 800px\" \/><\/p>\n<p>&nbsp;<\/p>\n<h2><\/h2>\n<p>&nbsp;<\/p>\n<p>&nbsp;<\/p>\n<p>&nbsp;<\/p>\n<p>&nbsp;<\/p>\n<p>&nbsp;<\/p>\n<h2><\/h2>\n<p>&nbsp;<\/p>\n<h2><\/h2>\n<p>&nbsp;<\/p>\n<h2><\/h2>\n<h2><\/h2>\n<p>&nbsp;<\/p>\n<p>&nbsp;<\/p>\n<p>&nbsp;<\/p>\n<p>&nbsp;<\/p>","protected":false},"excerpt":{"rendered":"<p>le t\u00e9l\u00e9phone ip joiwo jwa001 est un chef-d'\u0153uvre industriel offre une exp\u00e9rience utilisateur sup\u00e9rieure et une simplicit\u00e9 pour les utilisateurs domestiques et de bureau avec une apparence \u00e9l\u00e9gante et un logiciel intelligent. il se positionne non seulement pour \u00eatre un t\u00e9l\u00e9phone sur le bureau d'un utilisateur pour la communication, mais aussi une belle illustration dans votre salon ou votre bureau.<\/p>","protected":false},"featured_media":985,"template":"","meta":[],"product_cat":[115,129],"product_tag":[131,130],"class_list":{"0":"post-983","1":"product","2":"type-product","3":"status-publish","4":"has-post-thumbnail","6":"product_cat-lp-pbx-and-telephone-system-equipment","7":"product_cat-voip-phones-for-business","8":"product_tag-ip-office-telephone","9":"product_tag-ip-phone","11":"first","12":"instock","13":"shipping-taxable","14":"product-type-simple"},"_links":{"self":[{"href":"https:\/\/www.sinewo.com\/fr\/wp-json\/wp\/v2\/product\/983","targetHints":{"allow":["GET"]}}],"collection":[{"href":"https:\/\/www.sinewo.com\/fr\/wp-json\/wp\/v2\/product"}],"about":[{"href":"https:\/\/www.sinewo.com\/fr\/wp-json\/wp\/v2\/types\/product"}],"version-history":[{"count":1,"href":"https:\/\/www.sinewo.com\/fr\/wp-json\/wp\/v2\/product\/983\/revisions"}],"predecessor-version":[{"id":986,"href":"https:\/\/www.sinewo.com\/fr\/wp-json\/wp\/v2\/product\/983\/revisions\/986"}],"wp:featuredmedia":[{"embeddable":true,"href":"https:\/\/www.sinewo.com\/fr\/wp-json\/wp\/v2\/media\/985"}],"wp:attachment":[{"href":"https:\/\/www.sinewo.com\/fr\/wp-json\/wp\/v2\/media?parent=983"}],"wp:term":[{"taxonomy":"product_cat","embeddable":true,"href":"https:\/\/www.sinewo.com\/fr\/wp-json\/wp\/v2\/product_cat?post=983"},{"taxonomy":"product_tag","embeddable":true,"href":"https:\/\/www.sinewo.com\/fr\/wp-json\/wp\/v2\/product_tag?post=983"}],"curies":[{"name":"wp","href":"https:\/\/api.w.org\/{rel}","templated":true}]}}