{"id":976,"date":"2024-01-07T18:29:08","date_gmt":"2024-01-07T10:29:08","guid":{"rendered":"http:\/\/sinewo.gg12.globaldeepsea.site\/?post_type=product&#038;p=976"},"modified":"2025-01-16T13:59:01","modified_gmt":"2025-01-16T05:59:01","slug":"desktop-voip-visualization-paging-console-phone-with-a-gooseneck-microphone-jwdt668","status":"publish","type":"product","link":"https:\/\/www.sinewo.com\/fr\/produit\/desktop-voip-visualization-paging-console-phone-with-a-gooseneck-microphone-jwdt668\/","title":{"rendered":"Bureau de visualisation VoIP T\u00e9l\u00e9phone de la console avec un microphone de col de cygne JWDT668"},"content":{"rendered":"<h2>Caract\u00e9ristiques<\/h2>\n<p>1\u300120 SIP Lines, conf\u00e9rence \u00e0 3 voies, hotspot<br \/>\n2 \u3001 Audio HD sur le haut-parleur et le combin\u00e9<br \/>\n3 \u3001 Type mobile Microphone \u00e0 col de cygne externe<br \/>\n4\u30014.3 Affichage de couleur principale, 2 \u00d7 3,5 affichages de couleurs lat\u00e9raux pour les touches DSS<br \/>\n5 \u3001 Bluetooth int\u00e9gr\u00e9<br \/>\n6 \u3001 Connectivit\u00e9 Wi-Fi (via le dongle Wi-Fi)<br \/>\n7 \u3001 jusqu'\u00e0 106 cl\u00e9s DSS (42 touches physiques tri-couleurs<br \/>\n8 \u3001 Codec vid\u00e9o H.264 Prise en charge de la r\u00e9ception des appels vid\u00e9o<br \/>\n9 \u3001 Double ports Gigabit, Poe int\u00e9gr\u00e9<br \/>\n10 \u3001 Stand avec 2 angles r\u00e9glables de 40 et 50 degr\u00e9s<br \/>\n11 \u3001 Compatible avec les principales plates-formes: Asterisk, Broadsoft, 3CX, Metaswitch,<br \/>\n12 \u3001 Elastix, Avaya etc.<br \/>\n13\u300120 SIP LIGNES<br \/>\n14 \u3001 voix HD<br \/>\n15 \u3001 Prise en charge de la r\u00e9ception de l'appel vid\u00e9o<br \/>\n16 \u3001 Poe activ\u00e9<br \/>\n17\u30013 LCDS (Main + DSS)<br \/>\n18 \u3001 Mode de casque mains libres du combin\u00e9<br \/>\n19 \u3001 cl\u00e9s DSS intelligentes<br \/>\n20 \u3001 Alimentation externe en option<\/p>\n<h2>Application<\/h2>\n<p><img fetchpriority=\"high\" decoding=\"async\" class=\"alignnone wp-image-980 size-large\" src=\"http:\/\/sinewo.gg12.globaldeepsea.site\/wp-content\/uploads\/2025\/01\/\u6848\u4f8b\u56fe-1024x614.jpg\" alt=\"\" width=\"800\" height=\"480\" srcset=\"https:\/\/www.sinewo.com\/wp-content\/uploads\/2025\/01\/\u6848\u4f8b\u56fe-1024x614.jpg 1024w, https:\/\/www.sinewo.com\/wp-content\/uploads\/2025\/01\/\u6848\u4f8b\u56fe-300x180.jpg 300w, https:\/\/www.sinewo.com\/wp-content\/uploads\/2025\/01\/\u6848\u4f8b\u56fe-768x461.jpg 768w, https:\/\/www.sinewo.com\/wp-content\/uploads\/2025\/01\/\u6848\u4f8b\u56fe-1536x922.jpg 1536w, https:\/\/www.sinewo.com\/wp-content\/uploads\/2025\/01\/\u6848\u4f8b\u56fe-2048x1229.jpg 2048w, https:\/\/www.sinewo.com\/wp-content\/uploads\/2025\/01\/\u6848\u4f8b\u56fe-600x360.jpg 600w\" sizes=\"(max-width: 800px) 100vw, 800px\" \/><\/p>\n<h2>Param\u00e8tres<\/h2>\n<table>\n<tbody>\n<tr>\n<td width=\"140\">Protocole<\/td>\n<td width=\"351\">SIP2.0(RFC-3261)<\/td>\n<\/tr>\n<tr>\n<td width=\"140\">Appareil<\/td>\n<td width=\"351\">Salle de contr\u00f4le, t\u00e9l\u00e9communication<\/td>\n<\/tr>\n<tr>\n<td width=\"140\">Contr\u00f4le du volume<\/td>\n<td width=\"351\">R\u00e9glable<\/td>\n<\/tr>\n<tr>\n<td width=\"140\">Syst\u00e8me de communication<\/td>\n<td width=\"351\">IP<\/td>\n<\/tr>\n<tr>\n<td width=\"140\">Taille<\/td>\n<td width=\"351\">247 *130 *132<\/td>\n<\/tr>\n<tr>\n<td width=\"140\">Emballer<\/td>\n<td width=\"351\">340 *235 *165<\/td>\n<\/tr>\n<tr>\n<td width=\"140\">POIDS<\/td>\n<td width=\"351\">2KG<\/td>\n<\/tr>\n<tr>\n<td width=\"140\">Alimentation \u00e9lectrique<\/td>\n<td width=\"351\">Poe<\/td>\n<\/tr>\n<\/tbody>\n<\/table>\n<h2>Machine d'essai<\/h2>\n<p>85% Les pi\u00e8ces de rechange sont produites par notre propre usine et avec des machines de test appari\u00e9es, nous pourrions confirmer directement la fonction et la norme.<\/p>\n<p><img decoding=\"async\" class=\"alignnone wp-image-962 size-large\" src=\"http:\/\/sinewo.gg12.globaldeepsea.site\/wp-content\/uploads\/2025\/01\/\u56fe\u72475-851x1024.png\" alt=\"\" width=\"800\" height=\"963\" srcset=\"https:\/\/www.sinewo.com\/wp-content\/uploads\/2025\/01\/\u56fe\u72475-851x1024.png 851w, https:\/\/www.sinewo.com\/wp-content\/uploads\/2025\/01\/\u56fe\u72475-249x300.png 249w, https:\/\/www.sinewo.com\/wp-content\/uploads\/2025\/01\/\u56fe\u72475-768x924.png 768w, https:\/\/www.sinewo.com\/wp-content\/uploads\/2025\/01\/\u56fe\u72475-600x722.png 600w, https:\/\/www.sinewo.com\/wp-content\/uploads\/2025\/01\/\u56fe\u72475.png 900w\" sizes=\"(max-width: 800px) 100vw, 800px\" \/><\/p>\n<p>&nbsp;<\/p>\n<h2><\/h2>\n<p>&nbsp;<\/p>\n<p>&nbsp;<\/p>\n<p>&nbsp;<\/p>\n<p>&nbsp;<\/p>\n<p>&nbsp;<\/p>\n<h2><\/h2>\n<p>&nbsp;<\/p>\n<h2><\/h2>\n<p>&nbsp;<\/p>\n<h2><\/h2>\n<h2><\/h2>\n<p>&nbsp;<\/p>\n<p>&nbsp;<\/p>\n<p>&nbsp;<\/p>\n<p>&nbsp;<\/p>","protected":false},"excerpt":{"rendered":"<p>Le produit est un t\u00e9l\u00e9phone de console de pagination de visualisation. Il est \u00e9quip\u00e9 d'un microphone \u00e0 col de cygne et prend en charge les appels mains libres HD. Il est compatible avec le protocole SIP standard et peut \u00eatre utilis\u00e9 comme centre de surveillance ou h\u00f4te pour Office Manager avec des fonctions telles que passer des appels pour les t\u00e9l\u00e9phones externes et internes, l'interphone bidirectionnel, la surveillance et la diffusion. Avec les boutons DSS programmables intelligents, vous pouvez configurer une fonction d'appel en un clic pour am\u00e9liorer l'efficacit\u00e9 de la communication.<\/p>","protected":false},"featured_media":978,"template":"","meta":[],"product_cat":[115,125],"product_tag":[128,127,126],"class_list":{"0":"post-976","1":"product","2":"type-product","3":"status-publish","4":"has-post-thumbnail","6":"product_cat-lp-pbx-and-telephone-system-equipment","7":"product_cat-voip-paging-console-phone","8":"product_tag-console-phone","9":"product_tag-paging-console-phone","10":"product_tag-voip","12":"first","13":"instock","14":"shipping-taxable","15":"product-type-simple"},"_links":{"self":[{"href":"https:\/\/www.sinewo.com\/fr\/wp-json\/wp\/v2\/product\/976","targetHints":{"allow":["GET"]}}],"collection":[{"href":"https:\/\/www.sinewo.com\/fr\/wp-json\/wp\/v2\/product"}],"about":[{"href":"https:\/\/www.sinewo.com\/fr\/wp-json\/wp\/v2\/types\/product"}],"version-history":[{"count":1,"href":"https:\/\/www.sinewo.com\/fr\/wp-json\/wp\/v2\/product\/976\/revisions"}],"predecessor-version":[{"id":982,"href":"https:\/\/www.sinewo.com\/fr\/wp-json\/wp\/v2\/product\/976\/revisions\/982"}],"wp:featuredmedia":[{"embeddable":true,"href":"https:\/\/www.sinewo.com\/fr\/wp-json\/wp\/v2\/media\/978"}],"wp:attachment":[{"href":"https:\/\/www.sinewo.com\/fr\/wp-json\/wp\/v2\/media?parent=976"}],"wp:term":[{"taxonomy":"product_cat","embeddable":true,"href":"https:\/\/www.sinewo.com\/fr\/wp-json\/wp\/v2\/product_cat?post=976"},{"taxonomy":"product_tag","embeddable":true,"href":"https:\/\/www.sinewo.com\/fr\/wp-json\/wp\/v2\/product_tag?post=976"}],"curies":[{"name":"wp","href":"https:\/\/api.w.org\/{rel}","templated":true}]}}