{"id":973,"date":"2024-01-07T18:25:29","date_gmt":"2024-01-07T10:25:29","guid":{"rendered":"http:\/\/sinewo.gg12.globaldeepsea.site\/?post_type=product&#038;p=973"},"modified":"2025-01-16T13:59:08","modified_gmt":"2025-01-16T05:59:08","slug":"16-24-port-10-100mbps-desktop-rackmount-network-switch-jwdt1024d","status":"publish","type":"product","link":"https:\/\/www.sinewo.com\/fr\/produit\/16-24-port-10-100mbps-desktop-rackmount-network-switch-jwdt1024d\/","title":{"rendered":"16\/24 ports 10 \/ 100Mbps Interrupteur de r\u00e9seau de bureau \/ rackmount JWDT1024D"},"content":{"rendered":"<h2>Caract\u00e9ristiques<\/h2>\n<p>La conception du bo\u00eetier en acier de taille en rack, combin\u00e9e \u00e0 une alimentation interne certifi\u00e9e certifi\u00e9e, fait le<br \/>\nSwitchthemost plus robuste Produit, qui est tr\u00e8s efficace pour les forages de l'environnement16 \/ 24-us\u00e8re-environnement.<br \/>\nAvec une architecture de commutation non bloquante, JWDT652 \/ JWDT653 Formeaux et filtres Full<br \/>\nvide pour le d\u00e9bit maximal. Et Contr\u00f4le de d\u00e9bit IEEE 802.3x pour le mode duplex complet et le dos<br \/>\nPression forhalfduplexmodealleviateThetrafficCongestandAndMakejwdt652 \/ JWDT653<br \/>\nde mani\u00e8re fiable.<\/p>\n<p>Les fonctionnalit\u00e9s automobiles de ce commutateur Ethernet rapide cr\u00e9ent une prise et un jeu d'installation et sans tracas. Pas de configur<br \/>\nest requis. Auto MDI \/ MDIX \u00e9limine le besoin de c\u00e2bles de croisement. Auto-n\u00e9gociation sur chaque port<br \/>\nd\u00e9tecte la vitesse de liaison d'un dispositif r\u00e9seau (10, 100 Mbps) et ajuste intelligemment la compatibilit\u00e9 et<br \/>\nperformances optimales.<\/p>\n<h2>Application<\/h2>\n<p><img fetchpriority=\"high\" decoding=\"async\" class=\"alignnone wp-image-958 size-full\" src=\"http:\/\/sinewo.gg12.globaldeepsea.site\/wp-content\/uploads\/2025\/01\/\u6848\u4f8b\u56fe-1.jpg\" alt=\"\" width=\"750\" height=\"852\" srcset=\"https:\/\/www.sinewo.com\/wp-content\/uploads\/2025\/01\/\u6848\u4f8b\u56fe-1.jpg 750w, https:\/\/www.sinewo.com\/wp-content\/uploads\/2025\/01\/\u6848\u4f8b\u56fe-1-264x300.jpg 264w, https:\/\/www.sinewo.com\/wp-content\/uploads\/2025\/01\/\u6848\u4f8b\u56fe-1-600x682.jpg 600w\" sizes=\"(max-width: 750px) 100vw, 750px\" \/> <img decoding=\"async\" class=\"alignnone wp-image-959 size-full\" src=\"http:\/\/sinewo.gg12.globaldeepsea.site\/wp-content\/uploads\/2025\/01\/\u6848\u4f8b\u56fe-2.jpg\" alt=\"\" width=\"750\" height=\"413\" srcset=\"https:\/\/www.sinewo.com\/wp-content\/uploads\/2025\/01\/\u6848\u4f8b\u56fe-2.jpg 750w, https:\/\/www.sinewo.com\/wp-content\/uploads\/2025\/01\/\u6848\u4f8b\u56fe-2-300x165.jpg 300w, https:\/\/www.sinewo.com\/wp-content\/uploads\/2025\/01\/\u6848\u4f8b\u56fe-2-600x330.jpg 600w\" sizes=\"(max-width: 750px) 100vw, 750px\" \/><\/p>\n<h2>Param\u00e8tres<\/h2>\n<table>\n<tbody>\n<tr>\n<td colspan=\"2\" width=\"238\">Mod\u00e8le<\/td>\n<td width=\"200\">\u00a016 ports<\/td>\n<td width=\"200\">\u00a0\u00a024 port<\/td>\n<\/tr>\n<tr>\n<td rowspan=\"8\" width=\"85\">Caract\u00e9ristiques mat\u00e9rielles<\/td>\n<td width=\"153\">Normes et protocoles<\/td>\n<td colspan=\"2\" width=\"400\">IEEE 802I, IEEE 802.3U, IEEE 802.3X<\/td>\n<\/tr>\n<tr>\n<td width=\"153\">Interface<\/td>\n<td width=\"200\">16 ports RJ45 10\/100 Mbps<\/p>\n<p>N\u00e9gociation automatique \/ Auto MDI \/ MDIX<\/td>\n<td width=\"200\">24 ports RJ45 10\/100 Mbps<\/p>\n<p>N\u00e9gociation automatique \/ Auto MDI \/ MDIX<\/td>\n<\/tr>\n<tr>\n<td width=\"153\">Mode de transfert<\/td>\n<td colspan=\"2\" width=\"400\">D\u00e9partement<\/td>\n<\/tr>\n<tr>\n<td width=\"153\">Supports de r\u00e9seau<\/td>\n<td colspan=\"2\" width=\"400\">10BASE-T: C\u00e2ble UTP Cat\u00e9gorie 3, 4, 5 (maximum 100m)<\/p>\n<p>100Base-TX: Cat\u00e9gorie UTP 5,5e ou plus de c\u00e2ble (maximum 100 m)<\/td>\n<\/tr>\n<tr>\n<td width=\"153\">Alimentation \u00e9lectrique<\/td>\n<td colspan=\"2\" width=\"400\">100-240VAC,50\/60Hz<\/td>\n<\/tr>\n<tr>\n<td width=\"153\">Technologie verte<\/td>\n<td colspan=\"2\" width=\"400\">Oui<\/td>\n<\/tr>\n<tr>\n<td width=\"153\">Dimensions<\/td>\n<td colspan=\"2\" width=\"400\">11,6 * 7,1 * 1,7 po (294 * 180 * 44 mm)<\/td>\n<\/tr>\n<tr>\n<td width=\"153\">Sans fan<\/td>\n<td colspan=\"2\" width=\"400\">Oui<\/td>\n<\/tr>\n<tr>\n<td rowspan=\"6\" width=\"85\">Performance<\/td>\n<td width=\"153\">Capacit\u00e9 de commutation<\/td>\n<td width=\"200\">3.2Gbps<\/td>\n<td width=\"200\">4.8Gbps<\/td>\n<\/tr>\n<tr>\n<td width=\"153\">Taux de transfert de paquets<\/td>\n<td width=\"200\">2.38Mpps<\/td>\n<td width=\"200\">3.57Mpps<\/td>\n<\/tr>\n<tr>\n<td width=\"153\">Table d'adresse MAC<\/td>\n<td colspan=\"2\" width=\"400\">8K<\/td>\n<\/tr>\n<tr>\n<td width=\"153\">Cadre jumbo<\/td>\n<td colspan=\"2\" width=\"400\">2KB<\/td>\n<\/tr>\n<tr>\n<td width=\"153\">Consommation d'\u00e9nergie maximale<\/td>\n<td width=\"200\">2.06W (220 V \/ 50Hz)<\/td>\n<td width=\"200\">3.19W (220 V \/ 50Hz)<\/td>\n<\/tr>\n<tr>\n<td width=\"153\">Dissipation de chaleur maximale<\/td>\n<td width=\"200\">7.03 Btu \/ H<\/td>\n<td width=\"200\">10,88 btu \/ h<\/td>\n<\/tr>\n<tr>\n<td colspan=\"2\" width=\"238\">\u00a0\u00a0\u00a0Certifications<\/td>\n<td colspan=\"2\" width=\"400\">CE, FCC, ROHS<\/td>\n<\/tr>\n<tr>\n<td rowspan=\"4\" width=\"85\">Environnement<\/td>\n<td width=\"153\">Temp\u00e9rature de fonctionnement<\/td>\n<td colspan=\"2\" width=\"400\">0 \u00b0 C ~ 40 \u00b0 C (32 \u00b0 F ~ 104 \u00b0 F)<\/td>\n<\/tr>\n<tr>\n<td width=\"153\">Temp\u00e9rature de stockage<\/td>\n<td colspan=\"2\" width=\"400\">-40 \u00b0 C ~ 70 \u00b0 C (-40 \u00b0 F ~ 158 \u00b0 F)<\/td>\n<\/tr>\n<tr>\n<td width=\"153\">Humidit\u00e9 op\u00e9rationnelle<\/td>\n<td colspan=\"2\" width=\"400\">10% ~ 90%rh Non-condensage<\/td>\n<\/tr>\n<tr>\n<td width=\"153\">Humidit\u00e9 de stockage<\/td>\n<td colspan=\"2\" width=\"400\">5% ~ 90%RH Non-condensage<\/td>\n<\/tr>\n<tr>\n<td colspan=\"2\" width=\"238\">Informations de commande<\/td>\n<td width=\"200\">Bureau \u00e0 16 ports 10 \/ 100Mbps<\/p>\n<p>Interrupteur de montage \u00e0 rack<\/td>\n<td width=\"200\">Bureau de 24 ports 10 \/ 100Mbps<\/p>\n<p>Interrupteur de montage \u00e0 rack<\/td>\n<\/tr>\n<\/tbody>\n<\/table>\n<h2>Machine d'essai<\/h2>\n<p>85% Les pi\u00e8ces de rechange sont produites par notre propre usine et avec des machines de test appari\u00e9es, nous pourrions confirmer directement la fonction et la norme.<\/p>\n<p><img decoding=\"async\" class=\"alignnone wp-image-962 size-large\" src=\"http:\/\/sinewo.gg12.globaldeepsea.site\/wp-content\/uploads\/2025\/01\/\u56fe\u72475-851x1024.png\" alt=\"\" width=\"800\" height=\"963\" srcset=\"https:\/\/www.sinewo.com\/wp-content\/uploads\/2025\/01\/\u56fe\u72475-851x1024.png 851w, https:\/\/www.sinewo.com\/wp-content\/uploads\/2025\/01\/\u56fe\u72475-249x300.png 249w, https:\/\/www.sinewo.com\/wp-content\/uploads\/2025\/01\/\u56fe\u72475-768x924.png 768w, https:\/\/www.sinewo.com\/wp-content\/uploads\/2025\/01\/\u56fe\u72475-600x722.png 600w, https:\/\/www.sinewo.com\/wp-content\/uploads\/2025\/01\/\u56fe\u72475.png 900w\" sizes=\"(max-width: 800px) 100vw, 800px\" \/><\/p>\n<p>&nbsp;<\/p>\n<h2><\/h2>\n<p>&nbsp;<\/p>\n<p>&nbsp;<\/p>\n<p>&nbsp;<\/p>\n<p>&nbsp;<\/p>\n<p>&nbsp;<\/p>\n<h2><\/h2>\n<p>&nbsp;<\/p>\n<h2><\/h2>\n<p>&nbsp;<\/p>\n<h2><\/h2>\n<h2><\/h2>\n<p>&nbsp;<\/p>\n<p>&nbsp;<\/p>\n<p>&nbsp;<\/p>\n<p>&nbsp;<\/p>","protected":false},"excerpt":{"rendered":"<p>Le commutateur de bureau \/ rackmount de bureau \/ rack de 10\/100 Mbps de 16\/20 Mbps vous offre une mise \u00e0 niveau de haute performance, \u00e0 faible co\u00fbt, facile \u00e0 utiliser, transparente et standard pour am\u00e9liorer l'ancien r\u00e9seau vers 100 Mbps. De plus, avec la technologie innovante \u00e9conome en \u00e9nergie, elle peut r\u00e9duire la consommation d'\u00e9nergie et la grande majorit\u00e9 de son mat\u00e9riel d'emballage peut \u00eatre recycl\u00e9e, ce qui en fait une solution \u00e9cologique pour votre r\u00e9seau commercial.<br \/>\nCe nouveau commutateur de bureau \/ rackmount de bureau de 10\/20 \/ 100 Mbps de 16\/20 Mbps propose les derni\u00e8res technologies innovantes \u00e9conomes en \u00e9nergie qui peuvent consid\u00e9rablement \u00e9tendre votre capacit\u00e9 de r\u00e9seau avec beaucoup moins d'\u00e9nergie. Le commutateur limite l'empreinte carbone de votre r\u00e9seau en ajustant automatiquement la consommation d'\u00e9nergie conform\u00e9ment \u00e0 la longueur du statut de lien et \u00e0 la longueur du c\u00e2ble.<\/p>","protected":false},"featured_media":987,"template":"","meta":[],"product_cat":[115,123],"product_tag":[124],"class_list":{"0":"post-973","1":"product","2":"type-product","3":"status-publish","4":"has-post-thumbnail","6":"product_cat-lp-pbx-and-telephone-system-equipment","7":"product_cat-network-switch","8":"product_tag-network-switch","10":"first","11":"instock","12":"shipping-taxable","13":"product-type-simple"},"_links":{"self":[{"href":"https:\/\/www.sinewo.com\/fr\/wp-json\/wp\/v2\/product\/973","targetHints":{"allow":["GET"]}}],"collection":[{"href":"https:\/\/www.sinewo.com\/fr\/wp-json\/wp\/v2\/product"}],"about":[{"href":"https:\/\/www.sinewo.com\/fr\/wp-json\/wp\/v2\/types\/product"}],"version-history":[{"count":1,"href":"https:\/\/www.sinewo.com\/fr\/wp-json\/wp\/v2\/product\/973\/revisions"}],"predecessor-version":[{"id":975,"href":"https:\/\/www.sinewo.com\/fr\/wp-json\/wp\/v2\/product\/973\/revisions\/975"}],"wp:featuredmedia":[{"embeddable":true,"href":"https:\/\/www.sinewo.com\/fr\/wp-json\/wp\/v2\/media\/987"}],"wp:attachment":[{"href":"https:\/\/www.sinewo.com\/fr\/wp-json\/wp\/v2\/media?parent=973"}],"wp:term":[{"taxonomy":"product_cat","embeddable":true,"href":"https:\/\/www.sinewo.com\/fr\/wp-json\/wp\/v2\/product_cat?post=973"},{"taxonomy":"product_tag","embeddable":true,"href":"https:\/\/www.sinewo.com\/fr\/wp-json\/wp\/v2\/product_tag?post=973"}],"curies":[{"name":"wp","href":"https:\/\/api.w.org\/{rel}","templated":true}]}}