{"id":968,"date":"2024-01-07T18:19:33","date_gmt":"2024-01-07T10:19:33","guid":{"rendered":"http:\/\/sinewo.gg12.globaldeepsea.site\/?post_type=product&#038;p=968"},"modified":"2025-01-16T13:59:17","modified_gmt":"2025-01-16T05:59:17","slug":"telecom-system-voip-ip-pbx-c200","status":"publish","type":"product","link":"https:\/\/www.sinewo.com\/fr\/produit\/telecom-system-voip-ip-pbx-c200\/","title":{"rendered":"Syst\u00e8me de t\u00e9l\u00e9communications VoIP IP PBX - C200"},"content":{"rendered":"<h2>Caract\u00e9ristiques<\/h2>\n<p>\u2022 prend en charge jusqu'\u00e0 500 utilisateurs SIP et 30 appels simultan\u00e9s<br \/>\n\u2022 Prend en charge 2 ports FXO et 2 FXS avec une capacit\u00e9 Lifeline<br \/>\n\u2022 R\u00e8gles de num\u00e9rotation flexibles bas\u00e9es sur le temps, le num\u00e9ro ou la source IP, etc.<br \/>\n\u2022 Prend en charge une IVR \u00e0 plusieurs niveaux (r\u00e9ponse vocale interactive)<br \/>\n\u2022 Server \/ client VPN int\u00e9gr\u00e9<br \/>\n\u2022 Prise en charge de l'enregistrement vocal \/ vocal<br \/>\n\u2022 Interface Web conviviale, classification des droits des utilisateurs Web<\/p>\n<p>&nbsp;<\/p>\n<p>&nbsp;<\/p>\n<h2>Application<\/h2>\n<p><img fetchpriority=\"high\" decoding=\"async\" class=\"alignnone wp-image-958 size-full\" src=\"http:\/\/sinewo.gg12.globaldeepsea.site\/wp-content\/uploads\/2025\/01\/\u6848\u4f8b\u56fe-1.jpg\" alt=\"\" width=\"750\" height=\"852\" srcset=\"https:\/\/www.sinewo.com\/wp-content\/uploads\/2025\/01\/\u6848\u4f8b\u56fe-1.jpg 750w, https:\/\/www.sinewo.com\/wp-content\/uploads\/2025\/01\/\u6848\u4f8b\u56fe-1-264x300.jpg 264w, https:\/\/www.sinewo.com\/wp-content\/uploads\/2025\/01\/\u6848\u4f8b\u56fe-1-600x682.jpg 600w\" sizes=\"(max-width: 750px) 100vw, 750px\" \/> <img decoding=\"async\" class=\"alignnone wp-image-959 size-full\" src=\"http:\/\/sinewo.gg12.globaldeepsea.site\/wp-content\/uploads\/2025\/01\/\u6848\u4f8b\u56fe-2.jpg\" alt=\"\" width=\"750\" height=\"413\" srcset=\"https:\/\/www.sinewo.com\/wp-content\/uploads\/2025\/01\/\u6848\u4f8b\u56fe-2.jpg 750w, https:\/\/www.sinewo.com\/wp-content\/uploads\/2025\/01\/\u6848\u4f8b\u56fe-2-300x165.jpg 300w, https:\/\/www.sinewo.com\/wp-content\/uploads\/2025\/01\/\u6848\u4f8b\u56fe-2-600x330.jpg 600w\" sizes=\"(max-width: 750px) 100vw, 750px\" \/><\/p>\n<h2>Machine d'essai<\/h2>\n<p>85% Les pi\u00e8ces de rechange sont produites par notre propre usine et avec des machines de test appari\u00e9es, nous pourrions confirmer directement la fonction et la norme.<\/p>\n<p><img decoding=\"async\" class=\"alignnone wp-image-962 size-large\" src=\"http:\/\/sinewo.gg12.globaldeepsea.site\/wp-content\/uploads\/2025\/01\/\u56fe\u72475-851x1024.png\" alt=\"\" width=\"800\" height=\"963\" srcset=\"https:\/\/www.sinewo.com\/wp-content\/uploads\/2025\/01\/\u56fe\u72475-851x1024.png 851w, https:\/\/www.sinewo.com\/wp-content\/uploads\/2025\/01\/\u56fe\u72475-249x300.png 249w, https:\/\/www.sinewo.com\/wp-content\/uploads\/2025\/01\/\u56fe\u72475-768x924.png 768w, https:\/\/www.sinewo.com\/wp-content\/uploads\/2025\/01\/\u56fe\u72475-600x722.png 600w, https:\/\/www.sinewo.com\/wp-content\/uploads\/2025\/01\/\u56fe\u72475.png 900w\" sizes=\"(max-width: 800px) 100vw, 800px\" \/><\/p>\n<p>&nbsp;<\/p>\n<h2><\/h2>\n<p>&nbsp;<\/p>\n<p>&nbsp;<\/p>\n<p>&nbsp;<\/p>\n<p>&nbsp;<\/p>\n<p>&nbsp;<\/p>\n<h2><\/h2>\n<p>&nbsp;<\/p>\n<h2><\/h2>\n<p>&nbsp;<\/p>\n<h2><\/h2>\n<h2><\/h2>\n<p>&nbsp;<\/p>\n<p>&nbsp;<\/p>\n<p>&nbsp;<\/p>\n<p>&nbsp;<\/p>","protected":false},"excerpt":{"rendered":"<p>C200 est un syst\u00e8me de t\u00e9l\u00e9phonie IP, qui est utilis\u00e9 pour aider les petites et moyennes entreprises \u00e0 \u00e9tablir une mani\u00e8re pratique et tr\u00e8s efficace. La passerelle fournit 2 ports FXO et 2 ports FXS, et en attendant il peut \u00eatre \u00e9tendu sur la base du protocole d'initiation de session (SIP).<br \/>\nInteralisant avec le PBX traditionnel et le syst\u00e8me IPPBX tiers, il permet aux utilisateurs de communiquer via la voix, le fax, les donn\u00e9es ou la vid\u00e9o.<\/p>","protected":false},"featured_media":989,"template":"","meta":[],"product_cat":[120,115],"product_tag":[122,121],"class_list":{"0":"post-968","1":"product","2":"type-product","3":"status-publish","4":"has-post-thumbnail","6":"product_cat-ip-pbx","7":"product_cat-lp-pbx-and-telephone-system-equipment","8":"product_tag-ip-telephony-system","9":"product_tag-voip-ip-pbx","11":"first","12":"instock","13":"shipping-taxable","14":"product-type-simple"},"_links":{"self":[{"href":"https:\/\/www.sinewo.com\/fr\/wp-json\/wp\/v2\/product\/968","targetHints":{"allow":["GET"]}}],"collection":[{"href":"https:\/\/www.sinewo.com\/fr\/wp-json\/wp\/v2\/product"}],"about":[{"href":"https:\/\/www.sinewo.com\/fr\/wp-json\/wp\/v2\/types\/product"}],"version-history":[{"count":1,"href":"https:\/\/www.sinewo.com\/fr\/wp-json\/wp\/v2\/product\/968\/revisions"}],"predecessor-version":[{"id":971,"href":"https:\/\/www.sinewo.com\/fr\/wp-json\/wp\/v2\/product\/968\/revisions\/971"}],"wp:featuredmedia":[{"embeddable":true,"href":"https:\/\/www.sinewo.com\/fr\/wp-json\/wp\/v2\/media\/989"}],"wp:attachment":[{"href":"https:\/\/www.sinewo.com\/fr\/wp-json\/wp\/v2\/media?parent=968"}],"wp:term":[{"taxonomy":"product_cat","embeddable":true,"href":"https:\/\/www.sinewo.com\/fr\/wp-json\/wp\/v2\/product_cat?post=968"},{"taxonomy":"product_tag","embeddable":true,"href":"https:\/\/www.sinewo.com\/fr\/wp-json\/wp\/v2\/product_tag?post=968"}],"curies":[{"name":"wp","href":"https:\/\/api.w.org\/{rel}","templated":true}]}}