{"id":964,"date":"2024-01-07T18:15:06","date_gmt":"2024-01-07T10:15:06","guid":{"rendered":"http:\/\/sinewo.gg12.globaldeepsea.site\/?post_type=product&#038;p=964"},"modified":"2025-01-16T13:59:27","modified_gmt":"2025-01-16T05:59:27","slug":"analog-telephone-adaptor-cost-effective-fxs-voip-gateway-jwdt1000-1s-2s","status":"publish","type":"product","link":"https:\/\/www.sinewo.com\/fr\/produit\/analog-telephone-adaptor-cost-effective-fxs-voip-gateway-jwdt1000-1s-2s\/","title":{"rendered":"Adaptateur t\u00e9l\u00e9phonique analogique Adaptateur FXS VoIP Gateway JWDT1000-1S \/ 2S"},"content":{"rendered":"<h2>Caract\u00e9ristiques<\/h2>\n<p>Gate d'entr\u00e9e de VoIP rentable<\/p>\n<p>1\/2 ports FXS, 1 wan, 1 lan<br \/>\nSupport SIP, IMS<br \/>\nT.38 Fax<br \/>\nPlan de routage et de num\u00e9rotation flexible<br \/>\nInterop\u00e9rable avec les coutumes de softs, IP PBX et serveurs SIP<\/p>\n<p><img fetchpriority=\"high\" decoding=\"async\" class=\"alignnone wp-image-960 size-large\" src=\"http:\/\/sinewo.gg12.globaldeepsea.site\/wp-content\/uploads\/2025\/01\/\u56fe\u72473-1024x232.png\" alt=\"\" width=\"800\" height=\"181\" srcset=\"https:\/\/www.sinewo.com\/wp-content\/uploads\/2025\/01\/\u56fe\u72473-1024x232.png 1024w, https:\/\/www.sinewo.com\/wp-content\/uploads\/2025\/01\/\u56fe\u72473-300x68.png 300w, https:\/\/www.sinewo.com\/wp-content\/uploads\/2025\/01\/\u56fe\u72473-768x174.png 768w, https:\/\/www.sinewo.com\/wp-content\/uploads\/2025\/01\/\u56fe\u72473-600x136.png 600w, https:\/\/www.sinewo.com\/wp-content\/uploads\/2025\/01\/\u56fe\u72473.png 1339w\" sizes=\"(max-width: 800px) 100vw, 800px\" \/><\/p>\n<h2>Application<\/h2>\n<p><img decoding=\"async\" class=\"alignnone wp-image-958 size-full\" src=\"http:\/\/sinewo.gg12.globaldeepsea.site\/wp-content\/uploads\/2025\/01\/\u6848\u4f8b\u56fe-1.jpg\" alt=\"\" width=\"750\" height=\"852\" srcset=\"https:\/\/www.sinewo.com\/wp-content\/uploads\/2025\/01\/\u6848\u4f8b\u56fe-1.jpg 750w, https:\/\/www.sinewo.com\/wp-content\/uploads\/2025\/01\/\u6848\u4f8b\u56fe-1-264x300.jpg 264w, https:\/\/www.sinewo.com\/wp-content\/uploads\/2025\/01\/\u6848\u4f8b\u56fe-1-600x682.jpg 600w\" sizes=\"(max-width: 750px) 100vw, 750px\" \/> <img decoding=\"async\" class=\"alignnone wp-image-959 size-full\" src=\"http:\/\/sinewo.gg12.globaldeepsea.site\/wp-content\/uploads\/2025\/01\/\u6848\u4f8b\u56fe-2.jpg\" alt=\"\" width=\"750\" height=\"413\" srcset=\"https:\/\/www.sinewo.com\/wp-content\/uploads\/2025\/01\/\u6848\u4f8b\u56fe-2.jpg 750w, https:\/\/www.sinewo.com\/wp-content\/uploads\/2025\/01\/\u6848\u4f8b\u56fe-2-300x165.jpg 300w, https:\/\/www.sinewo.com\/wp-content\/uploads\/2025\/01\/\u6848\u4f8b\u56fe-2-600x330.jpg 600w\" sizes=\"(max-width: 750px) 100vw, 750px\" \/><\/p>\n<h2>Machine d'essai<\/h2>\n<p>85% Les pi\u00e8ces de rechange sont produites par notre propre usine et avec des machines de test appari\u00e9es, nous pourrions confirmer directement la fonction et la norme.<\/p>\n<p><img loading=\"lazy\" decoding=\"async\" class=\"alignnone wp-image-962 size-large\" src=\"http:\/\/sinewo.gg12.globaldeepsea.site\/wp-content\/uploads\/2025\/01\/\u56fe\u72475-851x1024.png\" alt=\"\" width=\"800\" height=\"963\" srcset=\"https:\/\/www.sinewo.com\/wp-content\/uploads\/2025\/01\/\u56fe\u72475-851x1024.png 851w, https:\/\/www.sinewo.com\/wp-content\/uploads\/2025\/01\/\u56fe\u72475-249x300.png 249w, https:\/\/www.sinewo.com\/wp-content\/uploads\/2025\/01\/\u56fe\u72475-768x924.png 768w, https:\/\/www.sinewo.com\/wp-content\/uploads\/2025\/01\/\u56fe\u72475-600x722.png 600w, https:\/\/www.sinewo.com\/wp-content\/uploads\/2025\/01\/\u56fe\u72475.png 900w\" sizes=\"(max-width: 800px) 100vw, 800px\" \/><\/p>\n<p>&nbsp;<\/p>\n<h2>Bonne compatibilit\u00e9 avec diff\u00e9rents fournisseurs<\/h2>\n<p><img loading=\"lazy\" decoding=\"async\" class=\"alignnone wp-image-961 size-full\" src=\"http:\/\/sinewo.gg12.globaldeepsea.site\/wp-content\/uploads\/2025\/01\/\u56fe\u72474.png\" alt=\"\" width=\"1023\" height=\"361\" srcset=\"https:\/\/www.sinewo.com\/wp-content\/uploads\/2025\/01\/\u56fe\u72474.png 1023w, https:\/\/www.sinewo.com\/wp-content\/uploads\/2025\/01\/\u56fe\u72474-300x106.png 300w, https:\/\/www.sinewo.com\/wp-content\/uploads\/2025\/01\/\u56fe\u72474-768x271.png 768w, https:\/\/www.sinewo.com\/wp-content\/uploads\/2025\/01\/\u56fe\u72474-600x212.png 600w\" sizes=\"(max-width: 1023px) 100vw, 1023px\" \/><\/p>\n<p>&nbsp;<\/p>\n<p>&nbsp;<\/p>\n<h2><\/h2>\n<p>&nbsp;<\/p>\n<p>&nbsp;<\/p>\n<h2><\/h2>\n<p>&nbsp;<\/p>\n<h2><\/h2>\n<p>&nbsp;<\/p>\n<h2><\/h2>\n<h2><\/h2>\n<p>&nbsp;<\/p>\n<p>&nbsp;<\/p>\n<p>&nbsp;<\/p>\n<p>&nbsp;<\/p>","protected":false},"excerpt":{"rendered":"<p>JWDT1000-1S \/ 2S est un adaptateur t\u00e9l\u00e9phonique analogique multifonctionnel qui offre une connectivit\u00e9 transparente entre les r\u00e9seaux de t\u00e9l\u00e9phonie IP et les t\u00e9l\u00e9phones h\u00e9rit\u00e9s (pots), t\u00e9l\u00e9copieurs et syst\u00e8mes PBX. L'appareil fournit 1 ou 2 ports FXS, fax sur IP et un routeur NAT \u00e0 grande vitesse int\u00e9gr\u00e9. Ces fonctionnalit\u00e9s puissantes et une bonne qualit\u00e9 vocale rendent l'appareil id\u00e9al pour divers environnements d'application tels que SoHo et Small Enterprises et pour un usage personnel. De plus, avec le syst\u00e8me d'approvisionnement automatique et le syst\u00e8me de gestion centralis\u00e9, l'appareil est facile \u00e0 entretenir et \u00e0 d\u00e9ployer.<\/p>","protected":false},"featured_media":990,"template":"","meta":[],"product_cat":[117,115],"product_tag":[119,118],"class_list":{"0":"post-964","1":"product","2":"type-product","3":"status-publish","4":"has-post-thumbnail","6":"product_cat-fxs-voip-gateway","7":"product_cat-lp-pbx-and-telephone-system-equipment","8":"product_tag-analog-telephone-adapter","9":"product_tag-fxs-voip-gateway","11":"first","12":"instock","13":"shipping-taxable","14":"product-type-simple"},"_links":{"self":[{"href":"https:\/\/www.sinewo.com\/fr\/wp-json\/wp\/v2\/product\/964","targetHints":{"allow":["GET"]}}],"collection":[{"href":"https:\/\/www.sinewo.com\/fr\/wp-json\/wp\/v2\/product"}],"about":[{"href":"https:\/\/www.sinewo.com\/fr\/wp-json\/wp\/v2\/types\/product"}],"version-history":[{"count":2,"href":"https:\/\/www.sinewo.com\/fr\/wp-json\/wp\/v2\/product\/964\/revisions"}],"predecessor-version":[{"id":992,"href":"https:\/\/www.sinewo.com\/fr\/wp-json\/wp\/v2\/product\/964\/revisions\/992"}],"wp:featuredmedia":[{"embeddable":true,"href":"https:\/\/www.sinewo.com\/fr\/wp-json\/wp\/v2\/media\/990"}],"wp:attachment":[{"href":"https:\/\/www.sinewo.com\/fr\/wp-json\/wp\/v2\/media?parent=964"}],"wp:term":[{"taxonomy":"product_cat","embeddable":true,"href":"https:\/\/www.sinewo.com\/fr\/wp-json\/wp\/v2\/product_cat?post=964"},{"taxonomy":"product_tag","embeddable":true,"href":"https:\/\/www.sinewo.com\/fr\/wp-json\/wp\/v2\/product_tag?post=964"}],"curies":[{"name":"wp","href":"https:\/\/api.w.org\/{rel}","templated":true}]}}