{"id":850,"date":"2025-01-06T18:41:45","date_gmt":"2025-01-06T10:41:45","guid":{"rendered":"http:\/\/sinewo.gg12.globaldeepsea.site\/?post_type=product&#038;p=850"},"modified":"2025-01-16T13:51:58","modified_gmt":"2025-01-16T05:51:58","slug":"emergency-voice-communication-systems-fire-telephone-type-a-outstations-jwat162-2","status":"publish","type":"product","link":"https:\/\/www.sinewo.com\/fr\/produit\/emergency-voice-communication-systems-fire-telephone-type-a-outstations-jwat162-2\/","title":{"rendered":"Syst\u00e8mes de communication vocale d'urgence Fire Type de t\u00e9l\u00e9phone A Outstations JWAT162-2"},"content":{"rendered":"<h2>Introduction du produit<\/h2>\n<p>JWAT162-2 Le syst\u00e8me t\u00e9l\u00e9phonique Fire offre une communication bidirectionnelle fiable lors d'une urgence d'incendie, reliant une salle de contr\u00f4le habit\u00e9e en permanence avec des points cl\u00e9s sur le site. Les t\u00e9l\u00e9phones incendie et les syst\u00e8mes de Marshal Stadium utilisent des stations de type A comportant un combin\u00e9 t\u00e9l\u00e9phonique, au lieu d'un syst\u00e8me d'interphone mains libres. Ils sont g\u00e9n\u00e9ralement plac\u00e9s aux entr\u00e9es et aux feux de lutte contre les incendies, permettant aux mar\u00e9chaux de pompiers et aux pompiers de communiquer de mani\u00e8re transparente avec le contr\u00f4le du b\u00e2timent en cas d'urgence.<\/p>\n<h2>Caract\u00e9ristiques<\/h2>\n<p>1. Un nouveau type de type A Fire Telephone Outstation.<br \/>\n2. Appliqu\u00e9 dans une enceinte en acier rouge durable avec une impression \u00e0 \u00e9cran rouge \u00e0 contraste \u00e9lev\u00e9 et avec un combin\u00e9 de t\u00e9l\u00e9phone rouge robuste derri\u00e8re la porte push.<br \/>\n3. Fonction d'appel de num\u00e9rotation Auto.<br \/>\n4. Un syst\u00e8me de communication vocal complet, s\u00e9curis\u00e9, bidirectionnel et complet pour aider les pompiers en cas d'urgence dans des immeubles de grande hauteur ou de grands sites o\u00f9 la radio-communication ne peut \u00eatre garantie pour fonctionner en raison des interf\u00e9rences de la couronne d'incendie.<br \/>\n5.Ay peut \u00eatre mont\u00e9 en surface<br \/>\n6. Cette versions est \u00e9quip\u00e9e d'un m\u00e9canisme de verrouillage, si vous ne avez pas besoin de cela, utilisez notre version de la porte pour ouvrir la porte.<\/p>\n<h2>Application<\/h2>\n<p>Cette sortie de feu de feu est id\u00e9ale pour une utilisation dans le t\u00e9l\u00e9phone de feu, les casernes de pompiers, les stations de gaz naturel, les applications de marshalling du stade.<\/p>\n<p><img fetchpriority=\"high\" decoding=\"async\" class=\"alignnone wp-image-856 size-full\" src=\"http:\/\/sinewo.gg12.globaldeepsea.site\/wp-content\/uploads\/2025\/01\/\u4ea7\u54c1\u6848\u4f8b\u56fe-1.webp\" alt=\"\" width=\"750\" height=\"668\" srcset=\"https:\/\/www.sinewo.com\/wp-content\/uploads\/2025\/01\/\u4ea7\u54c1\u6848\u4f8b\u56fe-1.webp 750w, https:\/\/www.sinewo.com\/wp-content\/uploads\/2025\/01\/\u4ea7\u54c1\u6848\u4f8b\u56fe-1-300x267.webp 300w, https:\/\/www.sinewo.com\/wp-content\/uploads\/2025\/01\/\u4ea7\u54c1\u6848\u4f8b\u56fe-1-600x534.webp 600w\" sizes=\"(max-width: 750px) 100vw, 750px\" \/><\/p>\n<p>&nbsp;<\/p>\n<h2>Param\u00e8tres<\/h2>\n<table>\n<tbody>\n<tr>\n<td width=\"163\">Mod\u00e8le n \u00b0<\/td>\n<td width=\"221\">JWAT162-2<\/td>\n<\/tr>\n<tr>\n<td width=\"163\">Grade imperm\u00e9able<\/td>\n<td width=\"221\">IP65<\/td>\n<\/tr>\n<tr>\n<td width=\"163\">Application<\/td>\n<td width=\"221\">T\u00e9l\u00e9phone de tir et Marshalling du stade<\/td>\n<\/tr>\n<tr>\n<td width=\"163\">Poids<\/td>\n<td width=\"221\">5KG<\/td>\n<\/tr>\n<tr>\n<td width=\"163\">Fonctionnalit\u00e9<\/td>\n<td width=\"221\">Discours robuste et duplex<\/td>\n<\/tr>\n<tr>\n<td width=\"163\">Mat\u00e9riel<\/td>\n<td width=\"221\">Bo\u00eete arri\u00e8re rouge en acier doux<\/td>\n<\/tr>\n<tr>\n<td width=\"163\">Conditions de fonctionnement \/ temp\u00e9rature<\/td>\n<td width=\"221\">-5\u00baC \u00e0 + 40\u00baC. Humidit\u00e9 relative maximale: 95%.<\/td>\n<\/tr>\n<tr>\n<td width=\"163\">Garantie<\/td>\n<td width=\"221\">1 an<\/td>\n<\/tr>\n<tr>\n<td width=\"163\">Couleur<\/td>\n<td width=\"221\">Couleur personnalis\u00e9e<\/td>\n<\/tr>\n<\/tbody>\n<\/table>\n<h2>Dessin de dimension<\/h2>\n<p><img decoding=\"async\" class=\"alignnone wp-image-855 size-full\" src=\"http:\/\/sinewo.gg12.globaldeepsea.site\/wp-content\/uploads\/2025\/01\/1.-\u5c3a\u5bf8\u56fe.jpg\" alt=\"\" width=\"1003\" height=\"699\" srcset=\"https:\/\/www.sinewo.com\/wp-content\/uploads\/2025\/01\/1.-\u5c3a\u5bf8\u56fe.jpg 1003w, https:\/\/www.sinewo.com\/wp-content\/uploads\/2025\/01\/1.-\u5c3a\u5bf8\u56fe-300x209.jpg 300w, https:\/\/www.sinewo.com\/wp-content\/uploads\/2025\/01\/1.-\u5c3a\u5bf8\u56fe-768x535.jpg 768w, https:\/\/www.sinewo.com\/wp-content\/uploads\/2025\/01\/1.-\u5c3a\u5bf8\u56fe-600x418.jpg 600w\" sizes=\"(max-width: 1003px) 100vw, 1003px\" \/><\/p>\n<h2>Couleur disponible<\/h2>\n<p>Pour cette enceinte en m\u00e9tal par t\u00e9l\u00e9phone, nous acceptons la personnalisation de la couleur et de l'impression du logo. La couleur r\u00e9guli\u00e8re du stock est rouge. Toute autre couleur peut \u00eatre personnalis\u00e9e en fonction du num\u00e9ro Pantone ou de l'\u00e9chantillon de couleur.<\/p>\n<h2>Machine d'essai<\/h2>\n<p>85% Les pi\u00e8ces de rechange sont produites par notre propre usine et avec des machines de test appari\u00e9es, nous pourrions confirmer directement la fonction et la norme.<\/p>\n<p><img decoding=\"async\" class=\"alignnone wp-image-844 size-large\" src=\"http:\/\/sinewo.gg12.globaldeepsea.site\/wp-content\/uploads\/2025\/01\/\u8bdd\u673a\u6d4b\u8bd5\u8bbe\u5907\u6d41\u7a0b-851x1024.png\" alt=\"\" width=\"800\" height=\"963\" srcset=\"https:\/\/www.sinewo.com\/wp-content\/uploads\/2025\/01\/\u8bdd\u673a\u6d4b\u8bd5\u8bbe\u5907\u6d41\u7a0b-851x1024.png 851w, https:\/\/www.sinewo.com\/wp-content\/uploads\/2025\/01\/\u8bdd\u673a\u6d4b\u8bd5\u8bbe\u5907\u6d41\u7a0b-249x300.png 249w, https:\/\/www.sinewo.com\/wp-content\/uploads\/2025\/01\/\u8bdd\u673a\u6d4b\u8bd5\u8bbe\u5907\u6d41\u7a0b-768x924.png 768w, https:\/\/www.sinewo.com\/wp-content\/uploads\/2025\/01\/\u8bdd\u673a\u6d4b\u8bd5\u8bbe\u5907\u6d41\u7a0b-600x722.png 600w, https:\/\/www.sinewo.com\/wp-content\/uploads\/2025\/01\/\u8bdd\u673a\u6d4b\u8bd5\u8bbe\u5907\u6d41\u7a0b.png 900w\" sizes=\"(max-width: 800px) 100vw, 800px\" \/><\/p>\n<h2><\/h2>\n<h2><\/h2>\n<p>&nbsp;<\/p>\n<p>&nbsp;<\/p>\n<p>&nbsp;<\/p>\n<p>&nbsp;<\/p>","protected":false},"excerpt":{"rendered":"<p>Joiwo Fire Telephone Type Les stands de sortie pour les syst\u00e8mes de communication vocale d'urgence sont disponibles en tant qu'unit\u00e9s mont\u00e9es en surface ou par unit\u00e9s mont\u00e9es \u00e0 chasse d'eau, avec des finitions en acier rouge froid ou en acier inoxydable.<\/p>\n<p>Les t\u00e9l\u00e9phones d'incendie facilitent la communication bidirectionnelle entre les pompiers ou les personnes responsables de l'\u00e9vacuation d'un b\u00e2timent en cas d'urgence. Ils permettent une communication vocale entre les t\u00e9l\u00e9phones incendie et l'op\u00e9rateur stationn\u00e9 au panneau de commande. En r\u00e8gle g\u00e9n\u00e9rale, un agent des pompiers utilisera la sortie du t\u00e9l\u00e9phone pour confirmer qu'une zone ou un niveau d'\u00e9tage est d\u00e9barrass\u00e9 du personnel.<\/p>","protected":false},"featured_media":854,"template":"","meta":[],"product_cat":[104,103,110],"product_tag":[113,107,114,112,111],"class_list":{"0":"post-850","1":"product","2":"type-product","3":"status-publish","4":"has-post-thumbnail","6":"product_cat-fire-metal-enclosure","7":"product_cat-hot-selling-product","8":"product_cat-metal-fire-telephone-outstations","9":"product_tag-emergency-voice-communication-systems","10":"product_tag-fire-telephone","11":"product_tag-fire-telephone-system","12":"product_tag-fire-telephone-type-a-outstations","13":"product_tag-type-a-outstations","15":"first","16":"instock","17":"shipping-taxable","18":"product-type-simple"},"_links":{"self":[{"href":"https:\/\/www.sinewo.com\/fr\/wp-json\/wp\/v2\/product\/850","targetHints":{"allow":["GET"]}}],"collection":[{"href":"https:\/\/www.sinewo.com\/fr\/wp-json\/wp\/v2\/product"}],"about":[{"href":"https:\/\/www.sinewo.com\/fr\/wp-json\/wp\/v2\/types\/product"}],"version-history":[{"count":1,"href":"https:\/\/www.sinewo.com\/fr\/wp-json\/wp\/v2\/product\/850\/revisions"}],"predecessor-version":[{"id":858,"href":"https:\/\/www.sinewo.com\/fr\/wp-json\/wp\/v2\/product\/850\/revisions\/858"}],"wp:featuredmedia":[{"embeddable":true,"href":"https:\/\/www.sinewo.com\/fr\/wp-json\/wp\/v2\/media\/854"}],"wp:attachment":[{"href":"https:\/\/www.sinewo.com\/fr\/wp-json\/wp\/v2\/media?parent=850"}],"wp:term":[{"taxonomy":"product_cat","embeddable":true,"href":"https:\/\/www.sinewo.com\/fr\/wp-json\/wp\/v2\/product_cat?post=850"},{"taxonomy":"product_tag","embeddable":true,"href":"https:\/\/www.sinewo.com\/fr\/wp-json\/wp\/v2\/product_tag?post=850"}],"curies":[{"name":"wp","href":"https:\/\/api.w.org\/{rel}","templated":true}]}}