{"id":841,"date":"2025-01-06T18:34:22","date_gmt":"2025-01-06T10:34:22","guid":{"rendered":"http:\/\/sinewo.gg12.globaldeepsea.site\/?post_type=product&#038;p=841"},"modified":"2025-01-06T18:41:13","modified_gmt":"2025-01-06T10:41:13","slug":"fire-telephone-metal-enclosure-outstations-jwat162-1","status":"publish","type":"product","link":"https:\/\/www.sinewo.com\/fr\/produit\/fire-telephone-metal-enclosure-outstations-jwat162-1\/","title":{"rendered":"Fire Telephone Metal Enclosure Outstations JWAT162-1"},"content":{"rendered":"<h2>Introduction du produit<\/h2>\n<p>JWAT162-1 Fire Telephone Metal Enclosure Outstations, avec une enceinte en acier rouge avec un couvercle push-to-ouvert ou verrouillable, sont situ\u00e9s \u00e0 des entr\u00e9es et \u00e0 des lobbies de lutte contre les incendies. Ces unit\u00e9s permettent aux commissaires d'incendie de communiquer avec le contr\u00f4le des b\u00e2timents en cas d'urgence. Les enceintes ont des ouvertures pour s'assurer que le t\u00e9l\u00e9phone est audible, et une lunette de montage \u00e0 chasse d'eau facultative est disponible. Il s'agit d'une enceinte de protection fournie par Joiwo pour les combin\u00e9s de t\u00e9l\u00e9phonie incendie publics tels que les casernes de pompiers et les stations de gaz naturel.<\/p>\n<h2>Caract\u00e9ristiques<\/h2>\n<p>1. Une sortie de t\u00e9l\u00e9phone de tir de type nouvel look.<br \/>\n2. Impossible dans une enceinte en acier rouge durable avec une impression d'\u00e9cran rouge \u00e0 contraste et avec ou sans un combin\u00e9 de t\u00e9l\u00e9phone rouge robuste derri\u00e8re la porte \u00e0 la porte<br \/>\n3. Un syst\u00e8me de communication vocal complet, s\u00e9curis\u00e9, bidirectionnel et complet pour aider les pompiers en cas d'urgence dans des immeubles de grande hauteur ou de grands sites o\u00f9 la radio-communication ne peut \u00eatre garantie pour fonctionner en raison des interf\u00e9rences de la couronne d'incendie.<br \/>\n4.Pleur peut \u00eatre mont\u00e9 en surface<\/p>\n<h2>Application<\/h2>\n<p>Cette sortie de feu de feu est id\u00e9ale pour une utilisation dans le t\u00e9l\u00e9phone de feu, les casernes de pompiers, les stations de gaz naturel, les applications de marshalling du stade.<\/p>\n<p><img fetchpriority=\"high\" decoding=\"async\" class=\"alignnone wp-image-842 size-full\" src=\"http:\/\/sinewo.gg12.globaldeepsea.site\/wp-content\/uploads\/2025\/01\/\u4ea7\u54c1\u6848\u4f8b\u56fe.webp\" alt=\"\" width=\"750\" height=\"668\" srcset=\"https:\/\/www.sinewo.com\/wp-content\/uploads\/2025\/01\/\u4ea7\u54c1\u6848\u4f8b\u56fe.webp 750w, https:\/\/www.sinewo.com\/wp-content\/uploads\/2025\/01\/\u4ea7\u54c1\u6848\u4f8b\u56fe-300x267.webp 300w, https:\/\/www.sinewo.com\/wp-content\/uploads\/2025\/01\/\u4ea7\u54c1\u6848\u4f8b\u56fe-600x534.webp 600w\" sizes=\"(max-width: 750px) 100vw, 750px\" \/><\/p>\n<p>&nbsp;<\/p>\n<h2>Param\u00e8tres<\/h2>\n<table>\n<tbody>\n<tr>\n<td width=\"163\">Mod\u00e8le n \u00b0<\/td>\n<td width=\"221\">JWAT162-1<\/td>\n<\/tr>\n<tr>\n<td width=\"163\">Grade imperm\u00e9able<\/td>\n<td width=\"221\">IP65<\/td>\n<\/tr>\n<tr>\n<td width=\"163\">Application<\/td>\n<td width=\"221\">T\u00e9l\u00e9phone de tir et Marshalling du stade<\/td>\n<\/tr>\n<tr>\n<td width=\"163\">Poids<\/td>\n<td width=\"221\">4.5KG<\/td>\n<\/tr>\n<tr>\n<td width=\"163\">Fonctionnalit\u00e9<\/td>\n<td width=\"221\">robuste<\/td>\n<\/tr>\n<tr>\n<td width=\"163\">Mat\u00e9riel<\/td>\n<td width=\"221\">Bo\u00eete arri\u00e8re rouge en acier doux<\/td>\n<\/tr>\n<tr>\n<td width=\"163\">Conditions de fonctionnement \/ temp\u00e9rature<\/td>\n<td width=\"221\">-5\u00baC \u00e0 + 40\u00baC. Humidit\u00e9 relative maximale: 95%.<\/td>\n<\/tr>\n<tr>\n<td width=\"163\">Garantie<\/td>\n<td width=\"221\">1 an<\/td>\n<\/tr>\n<tr>\n<td width=\"163\">Couleur<\/td>\n<td width=\"221\">Couleur personnalis\u00e9e<\/td>\n<\/tr>\n<\/tbody>\n<\/table>\n<h2>Dessin de dimension<\/h2>\n<p><img decoding=\"async\" class=\"alignnone wp-image-843 size-full\" src=\"http:\/\/sinewo.gg12.globaldeepsea.site\/wp-content\/uploads\/2025\/01\/\u4ea7\u54c1\u5c3a\u5bf8\u56fe.jpg\" alt=\"\" width=\"819\" height=\"651\" srcset=\"https:\/\/www.sinewo.com\/wp-content\/uploads\/2025\/01\/\u4ea7\u54c1\u5c3a\u5bf8\u56fe.jpg 819w, https:\/\/www.sinewo.com\/wp-content\/uploads\/2025\/01\/\u4ea7\u54c1\u5c3a\u5bf8\u56fe-300x238.jpg 300w, https:\/\/www.sinewo.com\/wp-content\/uploads\/2025\/01\/\u4ea7\u54c1\u5c3a\u5bf8\u56fe-768x610.jpg 768w, https:\/\/www.sinewo.com\/wp-content\/uploads\/2025\/01\/\u4ea7\u54c1\u5c3a\u5bf8\u56fe-600x477.jpg 600w\" sizes=\"(max-width: 819px) 100vw, 819px\" \/><\/p>\n<h2>Couleur disponible<\/h2>\n<p>Pour cette enceinte en m\u00e9tal par t\u00e9l\u00e9phone, nous acceptons la personnalisation de la couleur et de l'impression du logo. La couleur r\u00e9guli\u00e8re du stock est rouge. Toute autre couleur peut \u00eatre personnalis\u00e9e en fonction du num\u00e9ro Pantone ou de l'\u00e9chantillon de couleur.<\/p>\n<h2>Machine d'essai<\/h2>\n<p>85% Les pi\u00e8ces de rechange sont produites par notre propre usine et avec des machines de test appari\u00e9es, nous pourrions confirmer directement la fonction et la norme.<\/p>\n<p><img decoding=\"async\" class=\"alignnone wp-image-844 size-large\" src=\"http:\/\/sinewo.gg12.globaldeepsea.site\/wp-content\/uploads\/2025\/01\/\u8bdd\u673a\u6d4b\u8bd5\u8bbe\u5907\u6d41\u7a0b-851x1024.png\" alt=\"\" width=\"800\" height=\"963\" srcset=\"https:\/\/www.sinewo.com\/wp-content\/uploads\/2025\/01\/\u8bdd\u673a\u6d4b\u8bd5\u8bbe\u5907\u6d41\u7a0b-851x1024.png 851w, https:\/\/www.sinewo.com\/wp-content\/uploads\/2025\/01\/\u8bdd\u673a\u6d4b\u8bd5\u8bbe\u5907\u6d41\u7a0b-249x300.png 249w, https:\/\/www.sinewo.com\/wp-content\/uploads\/2025\/01\/\u8bdd\u673a\u6d4b\u8bd5\u8bbe\u5907\u6d41\u7a0b-768x924.png 768w, https:\/\/www.sinewo.com\/wp-content\/uploads\/2025\/01\/\u8bdd\u673a\u6d4b\u8bd5\u8bbe\u5907\u6d41\u7a0b-600x722.png 600w, https:\/\/www.sinewo.com\/wp-content\/uploads\/2025\/01\/\u8bdd\u673a\u6d4b\u8bd5\u8bbe\u5907\u6d41\u7a0b.png 900w\" sizes=\"(max-width: 800px) 100vw, 800px\" \/><\/p>\n<h2><\/h2>\n<h2><\/h2>\n<p>&nbsp;<\/p>\n<p>&nbsp;<\/p>\n<p>&nbsp;<\/p>\n<p>&nbsp;<\/p>","protected":false},"excerpt":{"rendered":"<p>Joiwo est un fabricant pionnier et un fournisseur de bo\u00eetiers de m\u00e9taux de t\u00e9l\u00e9phone en incendie en Chine. Tirant parti d'une \u00e9quipe de R&amp;D exp\u00e9riment\u00e9e sp\u00e9cialis\u00e9e dans ce domaine, nous nous engageons \u00e0 fournir aux clients nationaux et internationaux des solutions tr\u00e8s rentables. En tant qu'usine chinoise, Joiwo poss\u00e8de la capacit\u00e9 flexible de personnaliser les enclos de m\u00e9tal par t\u00e9l\u00e9phone incendie selon des exigences sp\u00e9cifiques des clients, y compris diverses apparitions, dimensions et \u00e0 l'int\u00e9rieur de la carte principale.<\/p>","protected":false},"featured_media":847,"template":"","meta":[],"product_cat":[104,105],"product_tag":[108,107,106,109],"class_list":{"0":"post-841","1":"product","2":"type-product","3":"status-publish","4":"has-post-thumbnail","6":"product_cat-fire-metal-enclosure","7":"product_cat-fire-telephone-metal-enclosure","8":"product_tag-enclosure-outstations","9":"product_tag-fire-telephone","10":"product_tag-fire-telephone-metal-enclosure","11":"product_tag-public-fire-telephone","13":"first","14":"instock","15":"shipping-taxable","16":"product-type-simple"},"_links":{"self":[{"href":"https:\/\/www.sinewo.com\/fr\/wp-json\/wp\/v2\/product\/841","targetHints":{"allow":["GET"]}}],"collection":[{"href":"https:\/\/www.sinewo.com\/fr\/wp-json\/wp\/v2\/product"}],"about":[{"href":"https:\/\/www.sinewo.com\/fr\/wp-json\/wp\/v2\/types\/product"}],"version-history":[{"count":1,"href":"https:\/\/www.sinewo.com\/fr\/wp-json\/wp\/v2\/product\/841\/revisions"}],"predecessor-version":[{"id":849,"href":"https:\/\/www.sinewo.com\/fr\/wp-json\/wp\/v2\/product\/841\/revisions\/849"}],"wp:featuredmedia":[{"embeddable":true,"href":"https:\/\/www.sinewo.com\/fr\/wp-json\/wp\/v2\/media\/847"}],"wp:attachment":[{"href":"https:\/\/www.sinewo.com\/fr\/wp-json\/wp\/v2\/media?parent=841"}],"wp:term":[{"taxonomy":"product_cat","embeddable":true,"href":"https:\/\/www.sinewo.com\/fr\/wp-json\/wp\/v2\/product_cat?post=841"},{"taxonomy":"product_tag","embeddable":true,"href":"https:\/\/www.sinewo.com\/fr\/wp-json\/wp\/v2\/product_tag?post=841"}],"curies":[{"name":"wp","href":"https:\/\/api.w.org\/{rel}","templated":true}]}}