{"id":592,"date":"2024-12-30T09:46:12","date_gmt":"2024-12-30T01:46:12","guid":{"rendered":"http:\/\/www.siwoc.cc\/?post_type=product&#038;p=592"},"modified":"2024-12-30T10:47:35","modified_gmt":"2024-12-30T02:47:35","slug":"joiwo-highway-hands-free-backlit-waterproof-moisture-proof-speakerphone-emergency-intercom","status":"publish","type":"product","link":"https:\/\/www.sinewo.com\/fr\/produit\/joiwo-highway-hands-free-backlit-waterproof-moisture-proof-speakerphone-emergency-intercom\/","title":{"rendered":"Joiwo Highway Hands Free Backlit \u00e9tanche \u00e0 l'\u00e9preuve d'humidit\u00e9 interphone interphone"},"content":{"rendered":"<h2>Introduction du produit<\/h2>\n<p>Cet interphone JWAT416V \u00e9tanche \u00e0 l'humidit\u00e9 imperm\u00e9able fournit un appel sans parlant \u00e0 la main via la ligne de r\u00e9seau PSTN analogique ou VoIP.<br \/>\nLe corps du t\u00e9l\u00e9phone est en acier \u00e0 froid, une preuve de vandale qui pourrait faire un appel d'urgence une fois appuy\u00e9 sur le bouton SOS.<br \/>\nPlusieurs versions sont disponibles, couleur personnalis\u00e9e \uff0c avec clavier complet, sans clavier et sur demande avec des boutons de fonction suppl\u00e9mentaires.<br \/>\nDes pi\u00e8ces t\u00e9l\u00e9phoniques comme le berceau, le combin\u00e9, le clavier, etc. sont produites par auto-fabrication, toutes les pi\u00e8ces comme le clavier, le bouton, la soie, etc. pourraient \u00eatre personnalis\u00e9es.<\/p>\n<h2>Caract\u00e9ristiques<\/h2>\n<p>1. T\u00e9l\u00e9phone analogique standard. Version SIP disponible.<br \/>\n2. Disponible en analogue \/ VOIP, version GSM \/ 3G.<br \/>\n3.Irbust Bo\u00eetier, construit en mat\u00e9riau en acier \u00e0 froid.<br \/>\n4. La surface est \u00e9tanche et \u00e9preuve \u00e0 poussi\u00e8re, avec un haut-parleur imperm\u00e9able int\u00e9gr\u00e9.<br \/>\n5. Le circuit int\u00e9gr\u00e9 du t\u00e9l\u00e9phone a une forte capacit\u00e9 d'anti-interf\u00e9rence, et la qualit\u00e9 du son d'appel est stable et claire.<br \/>\n6. Toute protection contre les intemp\u00e9ries IP66.<br \/>\n7. Deux boutons r\u00e9tro-\u00e9clair\u00e9s en m\u00e9tal \u00e0 l'\u00e9preuve des vandales, num\u00e9rotation \u00e0 une touche mains libres, peuvent \u00eatre utilis\u00e9es pour une aide d'urgence<br \/>\n8. Op\u00e9ration sans main.<br \/>\n9.Wall \/ Pilier mont\u00e9, installation simple.<br \/>\n10. Connection: RJ11 \/ RJ45 C\u00e2ble paire de bornes \u00e0 vis.<br \/>\n11. Alimentation externe ou POE (SIP-VOIP).<br \/>\n12. Pi\u00e8ce de rechange t\u00e9l\u00e9phonique auto-faite disponible.<br \/>\n13.CE, FCC, ROHS, ISO9001 conforme.<\/p>\n<h2>Application<\/h2>\n<p>Le t\u00e9l\u00e9phone est un produit de haute technologie qui combine les besoins r\u00e9els des sites d'autoroute. Il est \u00e9galement largement utilis\u00e9 dans l'industrie lourde, l'usine de produits chimiques, la station de p\u00e9trole et de gaz, le tunnel, l'autoroute, les parkings, les prisons, les plates-formes ferroviaires \/ m\u00e9trophes, l'usine, la centrale \u00e9lectrique, l'usine d'exploitation, les postes de police, l'universit\u00e9, les stades, la construction ext\u00e9rieure et l'application industrielle connexe, etc.<\/p>\n<p><img fetchpriority=\"high\" decoding=\"async\" class=\"alignnone wp-image-597 size-full\" src=\"http:\/\/www.siwoc.cc\/wp-content\/uploads\/2024\/12\/1-1.png\" alt=\"\" width=\"750\" height=\"668\" srcset=\"https:\/\/www.sinewo.com\/wp-content\/uploads\/2024\/12\/1-1.png 750w, https:\/\/www.sinewo.com\/wp-content\/uploads\/2024\/12\/1-1-300x267.png 300w, https:\/\/www.sinewo.com\/wp-content\/uploads\/2024\/12\/1-1-600x534.png 600w\" sizes=\"(max-width: 750px) 100vw, 750px\" \/><\/p>\n<h2>Param\u00e8tres<\/h2>\n<table>\n<tbody>\n<tr>\n<td width=\"284\">Article<\/td>\n<td width=\"284\">Donn\u00e9es techniques<\/td>\n<\/tr>\n<tr>\n<td width=\"284\">Alimentation \u00e9lectrique<\/td>\n<td width=\"284\">\u00a0Poe ou 12VDC<\/td>\n<\/tr>\n<tr>\n<td width=\"284\">Travail de veille courant<\/td>\n<td width=\"284\">\u22641mA<\/td>\n<\/tr>\n<tr>\n<td width=\"284\">R\u00e9ponse en fr\u00e9quence<\/td>\n<td width=\"284\">250 \uff5e 3000 Hz<\/td>\n<\/tr>\n<tr>\n<td width=\"284\">Volume<\/td>\n<td width=\"284\">&gt; 85 dB (a)<\/td>\n<\/tr>\n<tr>\n<td width=\"284\">Grade de corrosion<\/td>\n<td width=\"284\">WF2<\/td>\n<\/tr>\n<tr>\n<td width=\"284\">Temp\u00e9rature ambiante<\/td>\n<td width=\"284\">-40\uff5e+70\u2103<\/td>\n<\/tr>\n<tr>\n<td width=\"284\">Pression atmosph\u00e9rique<\/td>\n<td width=\"284\">80 \uff5e 110kpa<\/td>\n<\/tr>\n<tr>\n<td width=\"284\">Humidit\u00e9 relative<\/td>\n<td width=\"284\">\u226495%<\/td>\n<\/tr>\n<tr>\n<td width=\"284\">Niveau anti-vandalisme<\/td>\n<td width=\"284\">IK09<\/td>\n<\/tr>\n<tr>\n<td width=\"284\">Installation<\/td>\n<td width=\"284\">Mural<\/td>\n<\/tr>\n<tr>\n<td width=\"284\">Alimentation \u00e9lectrique<\/td>\n<td width=\"284\">\u00a0Poe ou 12VDC<\/td>\n<\/tr>\n<\/tbody>\n<\/table>\n<h2>Dessin de dimension<\/h2>\n<p><img decoding=\"async\" class=\"alignnone wp-image-600 size-large\" src=\"http:\/\/www.siwoc.cc\/wp-content\/uploads\/2024\/12\/\u5c3a\u5bf8\u56fe-7-1024x339.png\" alt=\"\" width=\"800\" height=\"265\" srcset=\"https:\/\/www.sinewo.com\/wp-content\/uploads\/2024\/12\/\u5c3a\u5bf8\u56fe-7-1024x339.png 1024w, https:\/\/www.sinewo.com\/wp-content\/uploads\/2024\/12\/\u5c3a\u5bf8\u56fe-7-300x99.png 300w, https:\/\/www.sinewo.com\/wp-content\/uploads\/2024\/12\/\u5c3a\u5bf8\u56fe-7-768x254.png 768w, https:\/\/www.sinewo.com\/wp-content\/uploads\/2024\/12\/\u5c3a\u5bf8\u56fe-7-600x198.png 600w, https:\/\/www.sinewo.com\/wp-content\/uploads\/2024\/12\/\u5c3a\u5bf8\u56fe-7.png 1225w\" sizes=\"(max-width: 800px) 100vw, 800px\" \/><\/p>\n<h2>Couleur disponible<\/h2>\n<p>Si vous avez une demande de couleur, faites-nous savoir la couleur Pantone No.<\/p>\n<p><img decoding=\"async\" class=\"alignnone wp-image-383 size-full\" src=\"http:\/\/www.siwoc.cc\/wp-content\/uploads\/2024\/12\/4.\u53ef\u9009\u989c\u8272-1.png\" alt=\"\" width=\"900\" height=\"600\" srcset=\"https:\/\/www.sinewo.com\/wp-content\/uploads\/2024\/12\/4.\u53ef\u9009\u989c\u8272-1.png 900w, https:\/\/www.sinewo.com\/wp-content\/uploads\/2024\/12\/4.\u53ef\u9009\u989c\u8272-1-300x200.png 300w, https:\/\/www.sinewo.com\/wp-content\/uploads\/2024\/12\/4.\u53ef\u9009\u989c\u8272-1-768x512.png 768w, https:\/\/www.sinewo.com\/wp-content\/uploads\/2024\/12\/4.\u53ef\u9009\u989c\u8272-1-600x400.png 600w\" sizes=\"(max-width: 900px) 100vw, 900px\" \/><\/p>\n<h2>Machine d'essai<\/h2>\n<p>85% Les pi\u00e8ces de rechange sont produites par notre propre usine et avec des machines de test appari\u00e9es, nous pourrions confirmer directement la fonction et la norme.<\/p>\n<p><img loading=\"lazy\" decoding=\"async\" class=\"alignnone wp-image-384 size-full\" src=\"http:\/\/www.siwoc.cc\/wp-content\/uploads\/2024\/12\/5.-\u8bdd\u673a\u6d4b\u8bd5\u8bbe\u5907\u6d41\u7a0b-1.png\" alt=\"\" width=\"900\" height=\"1083\" srcset=\"https:\/\/www.sinewo.com\/wp-content\/uploads\/2024\/12\/5.-\u8bdd\u673a\u6d4b\u8bd5\u8bbe\u5907\u6d41\u7a0b-1.png 900w, https:\/\/www.sinewo.com\/wp-content\/uploads\/2024\/12\/5.-\u8bdd\u673a\u6d4b\u8bd5\u8bbe\u5907\u6d41\u7a0b-1-249x300.png 249w, https:\/\/www.sinewo.com\/wp-content\/uploads\/2024\/12\/5.-\u8bdd\u673a\u6d4b\u8bd5\u8bbe\u5907\u6d41\u7a0b-1-851x1024.png 851w, https:\/\/www.sinewo.com\/wp-content\/uploads\/2024\/12\/5.-\u8bdd\u673a\u6d4b\u8bd5\u8bbe\u5907\u6d41\u7a0b-1-768x924.png 768w, https:\/\/www.sinewo.com\/wp-content\/uploads\/2024\/12\/5.-\u8bdd\u673a\u6d4b\u8bd5\u8bbe\u5907\u6d41\u7a0b-1-600x722.png 600w\" sizes=\"(max-width: 900px) 100vw, 900px\" \/><\/p>\n<h2><\/h2>\n<h2>Diagramme du syst\u00e8me t\u00e9l\u00e9phonique<\/h2>\n<p>&nbsp;<\/p>\n<p><img loading=\"lazy\" decoding=\"async\" class=\"alignnone wp-image-598 size-large\" src=\"http:\/\/www.siwoc.cc\/wp-content\/uploads\/2024\/12\/2-1024x576.png\" alt=\"\" width=\"800\" height=\"450\" srcset=\"https:\/\/www.sinewo.com\/wp-content\/uploads\/2024\/12\/2-1024x576.png 1024w, https:\/\/www.sinewo.com\/wp-content\/uploads\/2024\/12\/2-300x169.png 300w, https:\/\/www.sinewo.com\/wp-content\/uploads\/2024\/12\/2-768x432.png 768w, https:\/\/www.sinewo.com\/wp-content\/uploads\/2024\/12\/2-1536x864.png 1536w, https:\/\/www.sinewo.com\/wp-content\/uploads\/2024\/12\/2-2048x1152.png 2048w, https:\/\/www.sinewo.com\/wp-content\/uploads\/2024\/12\/2-600x338.png 600w\" sizes=\"(max-width: 800px) 100vw, 800px\" \/> <img loading=\"lazy\" decoding=\"async\" class=\"alignnone wp-image-599 size-full\" src=\"http:\/\/www.siwoc.cc\/wp-content\/uploads\/2024\/12\/3.png\" alt=\"\" width=\"900\" height=\"450\" srcset=\"https:\/\/www.sinewo.com\/wp-content\/uploads\/2024\/12\/3.png 900w, https:\/\/www.sinewo.com\/wp-content\/uploads\/2024\/12\/3-300x150.png 300w, https:\/\/www.sinewo.com\/wp-content\/uploads\/2024\/12\/3-768x384.png 768w, https:\/\/www.sinewo.com\/wp-content\/uploads\/2024\/12\/3-600x300.png 600w\" sizes=\"(max-width: 900px) 100vw, 900px\" \/><\/p>\n<p>&nbsp;<\/p>\n<p>&nbsp;<\/p>","protected":false},"excerpt":{"rendered":"<p>Le haut-parleur \u00e9tanche est largement utilis\u00e9 pour l'autoroute, le bord de la route, le chemin de fer, le camion, les lots d'emballage, la marine, le tunnel, etc.<br \/>\nEn tant que t\u00e9l\u00e9phone r\u00e9sistant aux intemp\u00e9ries, il est compos\u00e9 d'un bo\u00eetier \u00e9tanche en acier \u00e0 froid pour offrir une protection compl\u00e8te contre la poussi\u00e8re et la p\u00e9n\u00e9tration d'humidit\u00e9, ce qui se traduit par un produit tr\u00e8s fiable avec un long MBTF.<br \/>\nVotre fournisseur de premier choix de solutions de communication innovantes et de produits comp\u00e9titifs pour la communication industrielle.<\/p>","protected":false},"featured_media":596,"template":"","meta":[],"product_cat":[64,99],"product_tag":[84,86,85],"class_list":{"0":"post-592","1":"product","2":"type-product","3":"status-publish","4":"has-post-thumbnail","6":"product_cat-emergency-intercom","7":"product_cat-weatherproof-emergency-intercom","8":"product_tag-speakerphone-emergency-intercom","9":"product_tag-waterproof-moisture-proof-intercom","10":"product_tag-waterproof-speakerphone","12":"first","13":"instock","14":"shipping-taxable","15":"product-type-simple"},"_links":{"self":[{"href":"https:\/\/www.sinewo.com\/fr\/wp-json\/wp\/v2\/product\/592","targetHints":{"allow":["GET"]}}],"collection":[{"href":"https:\/\/www.sinewo.com\/fr\/wp-json\/wp\/v2\/product"}],"about":[{"href":"https:\/\/www.sinewo.com\/fr\/wp-json\/wp\/v2\/types\/product"}],"version-history":[{"count":0,"href":"https:\/\/www.sinewo.com\/fr\/wp-json\/wp\/v2\/product\/592\/revisions"}],"wp:featuredmedia":[{"embeddable":true,"href":"https:\/\/www.sinewo.com\/fr\/wp-json\/wp\/v2\/media\/596"}],"wp:attachment":[{"href":"https:\/\/www.sinewo.com\/fr\/wp-json\/wp\/v2\/media?parent=592"}],"wp:term":[{"taxonomy":"product_cat","embeddable":true,"href":"https:\/\/www.sinewo.com\/fr\/wp-json\/wp\/v2\/product_cat?post=592"},{"taxonomy":"product_tag","embeddable":true,"href":"https:\/\/www.sinewo.com\/fr\/wp-json\/wp\/v2\/product_tag?post=592"}],"curies":[{"name":"wp","href":"https:\/\/api.w.org\/{rel}","templated":true}]}}