{"id":469,"date":"2025-01-12T13:31:18","date_gmt":"2025-01-12T05:31:18","guid":{"rendered":"http:\/\/www.siwoc.cc\/?post_type=product&#038;p=469"},"modified":"2025-01-16T13:51:49","modified_gmt":"2025-01-16T05:51:49","slug":"industrial-sos-weatherproof-voip-video-emergency-intercom-for-elevator","status":"publish","type":"product","link":"https:\/\/www.sinewo.com\/fr\/produit\/industrial-sos-weatherproof-voip-video-emergency-intercom-for-elevator\/","title":{"rendered":"Interphone d'interphon d'urgence VoIP industrielle industrielle pour les intemp\u00e9ries pour l'ascenseur JWAT925"},"content":{"rendered":"<h2>Introduction du produit<\/h2>\n<p>Notre interphone vid\u00e9o est capable d'\u00eatre install\u00e9e \u00e0 l'ext\u00e9rieur de la porte \u00e0 des fins de contr\u00f4le d'acc\u00e8s. Avec l'utilisation des boutons dessus, le bouton et la sonnette utilisent le m\u00eame contact sec. Lorsqu'un appel est effectu\u00e9 via l'interphone vid\u00e9o, le propri\u00e9taire est en mesure de voir clairement le visiteur.<br \/>\nEn tant qu'interphone d'aide d'urgence, il peut \u00eatre install\u00e9 \u00e0 l'ext\u00e9rieur ou dans les lieux publics. Dans les espaces publics, en cas d'urgence, les visiteurs peuvent utiliser l'interphone vid\u00e9o pour demander l'aide du personnel comp\u00e9tent ou de la police.<\/p>\n<h2>Caract\u00e9ristiques<\/h2>\n<p>1. T\u00e9l\u00e9phone SIP 2.0 standard.<br \/>\n2.Bobust Bo\u00eetier, corps en acier inoxydable.<br \/>\n3.Gainst poussi\u00e8re et humidit\u00e9.<br \/>\n4. boutons en acier inoxydable r\u00e9sistants \u00e0 la vogue.<br \/>\n5. Toute protection contre les intemp\u00e9ries IP65.<br \/>\n6. Un bouton de num\u00e9rotation de vitesse.<br \/>\n7. Support G.711 A \/ U, G.722 8000\/16000, G.723, G.729.<br \/>\n8.Wan \/ LAN: Mode de pont de support.<br \/>\n9.Support DHCP Get IP sur le port WAN.<br \/>\n10.Support Pppoe pour xdsl.<br \/>\n11.Support DHCP Get IP sur le port WAN.<br \/>\n12.Temp\u00e9rature: op\u00e9ration: -30 \u00b0 C \u00e0 + 65 \u00b0 C Stockage: -40 \u00b0 C \u00e0 + 75 \u00b0 C.<br \/>\n13. avec une alimentation externe, le niveau sonore est sup\u00e9rieur \u00e0 80 dB.<br \/>\n14. fonctionnement sans main.<br \/>\n15.M\u00e9liste mont\u00e9.<br \/>\n16. Pi\u00e8ce de rechange t\u00e9l\u00e9phonique auto-faite disponible.<br \/>\n17.CE, FCC, ROHS, ISO9001 conforme.<\/p>\n<h2>Application<\/h2>\n<p>L'interphone g\u00e9n\u00e9ralement utilis\u00e9 dans l'usine alimentaire, la salle blanche, le laboratoire, les zones d'isolement des h\u00f4pitaux, les zones st\u00e9riles et d'autres environnements restreints. \u00c9galement disponible pour les ascenseurs \/ ascenseurs, parkings, prisons, plates-formes de chemin de fer \/ m\u00e9tro, h\u00f4pitaux, postes de police, machines \u00e0 guichets automatiques de l'AT, stades, campus, centres commerciaux, portes, h\u00f4tels, b\u00e2timent ext\u00e9rieur, etc.<\/p>\n<p><img fetchpriority=\"high\" decoding=\"async\" class=\"alignnone wp-image-453 size-full\" src=\"http:\/\/www.siwoc.cc\/wp-content\/uploads\/2024\/12\/\u56fe\u72471.png\" alt=\"\" width=\"750\" height=\"419\" srcset=\"https:\/\/www.sinewo.com\/wp-content\/uploads\/2024\/12\/\u56fe\u72471.png 750w, https:\/\/www.sinewo.com\/wp-content\/uploads\/2024\/12\/\u56fe\u72471-300x168.png 300w, https:\/\/www.sinewo.com\/wp-content\/uploads\/2024\/12\/\u56fe\u72471-600x335.png 600w\" sizes=\"(max-width: 750px) 100vw, 750px\" \/><\/p>\n<h2>Param\u00e8tres<\/h2>\n<table>\n<tbody>\n<tr>\n<td width=\"284\">Article<\/td>\n<td width=\"284\">Donn\u00e9es techniques<\/td>\n<\/tr>\n<tr>\n<td width=\"284\">Alimentation \u00e9lectrique<\/td>\n<td width=\"284\">\u00a0Poe ou 12VDC<\/td>\n<\/tr>\n<tr>\n<td width=\"284\">Travail de veille courant<\/td>\n<td width=\"284\">\u22641mA<\/td>\n<\/tr>\n<tr>\n<td width=\"284\">R\u00e9ponse en fr\u00e9quence<\/td>\n<td width=\"284\">250 \uff5e 3000 Hz<\/td>\n<\/tr>\n<tr>\n<td width=\"284\">Volume<\/td>\n<td width=\"284\">&gt; 85 dB (a)<\/td>\n<\/tr>\n<tr>\n<td width=\"284\">Grade de corrosion<\/td>\n<td width=\"284\">WF2<\/td>\n<\/tr>\n<tr>\n<td width=\"284\">Temp\u00e9rature ambiante<\/td>\n<td width=\"284\">-40\uff5e+70\u2103<\/td>\n<\/tr>\n<tr>\n<td width=\"284\">Pression atmosph\u00e9rique<\/td>\n<td width=\"284\">80 \uff5e 110kpa<\/td>\n<\/tr>\n<tr>\n<td width=\"284\">Humidit\u00e9 relative<\/td>\n<td width=\"284\">\u226495%<\/td>\n<\/tr>\n<tr>\n<td width=\"284\">Niveau anti-vandalisme<\/td>\n<td width=\"284\">IK09<\/td>\n<\/tr>\n<tr>\n<td width=\"284\">Installation<\/td>\n<td width=\"284\">Mural<\/td>\n<\/tr>\n<tr>\n<td width=\"284\">Alimentation \u00e9lectrique<\/td>\n<td width=\"284\">\u00a0Poe ou 12VDC<\/td>\n<\/tr>\n<\/tbody>\n<\/table>\n<h2>Dessin de dimension<\/h2>\n<p><img decoding=\"async\" class=\"alignnone wp-image-474 size-full\" src=\"http:\/\/www.siwoc.cc\/wp-content\/uploads\/2024\/12\/\u5c3a\u5bf8\u56fe.webp\" alt=\"\" width=\"923\" height=\"420\" srcset=\"https:\/\/www.sinewo.com\/wp-content\/uploads\/2024\/12\/\u5c3a\u5bf8\u56fe.webp 923w, https:\/\/www.sinewo.com\/wp-content\/uploads\/2024\/12\/\u5c3a\u5bf8\u56fe-300x137.webp 300w, https:\/\/www.sinewo.com\/wp-content\/uploads\/2024\/12\/\u5c3a\u5bf8\u56fe-768x349.webp 768w, https:\/\/www.sinewo.com\/wp-content\/uploads\/2024\/12\/\u5c3a\u5bf8\u56fe-600x273.webp 600w\" sizes=\"(max-width: 923px) 100vw, 923px\" \/><\/p>\n<h2>Couleur disponible<\/h2>\n<p>Si vous avez une demande de couleur, faites-nous savoir la couleur Pantone No.<\/p>\n<p><img decoding=\"async\" class=\"alignnone wp-image-383 size-full\" src=\"http:\/\/www.siwoc.cc\/wp-content\/uploads\/2024\/12\/4.\u53ef\u9009\u989c\u8272-1.png\" alt=\"\" width=\"900\" height=\"600\" srcset=\"https:\/\/www.sinewo.com\/wp-content\/uploads\/2024\/12\/4.\u53ef\u9009\u989c\u8272-1.png 900w, https:\/\/www.sinewo.com\/wp-content\/uploads\/2024\/12\/4.\u53ef\u9009\u989c\u8272-1-300x200.png 300w, https:\/\/www.sinewo.com\/wp-content\/uploads\/2024\/12\/4.\u53ef\u9009\u989c\u8272-1-768x512.png 768w, https:\/\/www.sinewo.com\/wp-content\/uploads\/2024\/12\/4.\u53ef\u9009\u989c\u8272-1-600x400.png 600w\" sizes=\"(max-width: 900px) 100vw, 900px\" \/><\/p>\n<h2>Machine d'essai<\/h2>\n<p>85% Les pi\u00e8ces de rechange sont produites par notre propre usine et avec des machines de test appari\u00e9es, nous pourrions confirmer directement la fonction et la norme.<\/p>\n<p><img loading=\"lazy\" decoding=\"async\" class=\"alignnone wp-image-384 size-full\" src=\"http:\/\/www.siwoc.cc\/wp-content\/uploads\/2024\/12\/5.-\u8bdd\u673a\u6d4b\u8bd5\u8bbe\u5907\u6d41\u7a0b-1.png\" alt=\"\" width=\"900\" height=\"1083\" srcset=\"https:\/\/www.sinewo.com\/wp-content\/uploads\/2024\/12\/5.-\u8bdd\u673a\u6d4b\u8bd5\u8bbe\u5907\u6d41\u7a0b-1.png 900w, https:\/\/www.sinewo.com\/wp-content\/uploads\/2024\/12\/5.-\u8bdd\u673a\u6d4b\u8bd5\u8bbe\u5907\u6d41\u7a0b-1-249x300.png 249w, https:\/\/www.sinewo.com\/wp-content\/uploads\/2024\/12\/5.-\u8bdd\u673a\u6d4b\u8bd5\u8bbe\u5907\u6d41\u7a0b-1-851x1024.png 851w, https:\/\/www.sinewo.com\/wp-content\/uploads\/2024\/12\/5.-\u8bdd\u673a\u6d4b\u8bd5\u8bbe\u5907\u6d41\u7a0b-1-768x924.png 768w, https:\/\/www.sinewo.com\/wp-content\/uploads\/2024\/12\/5.-\u8bdd\u673a\u6d4b\u8bd5\u8bbe\u5907\u6d41\u7a0b-1-600x722.png 600w\" sizes=\"(max-width: 900px) 100vw, 900px\" \/><\/p>\n<h2><\/h2>\n<h2>Diagramme du syst\u00e8me t\u00e9l\u00e9phonique<\/h2>\n<p><img loading=\"lazy\" decoding=\"async\" class=\"alignnone wp-image-461 size-large\" src=\"http:\/\/www.siwoc.cc\/wp-content\/uploads\/2024\/12\/\u7535\u8bdd\u7cfb\u7edf\u56fe-2-1-1024x576.jpg\" alt=\"\" width=\"800\" height=\"450\" srcset=\"https:\/\/www.sinewo.com\/wp-content\/uploads\/2024\/12\/\u7535\u8bdd\u7cfb\u7edf\u56fe-2-1-1024x576.jpg 1024w, https:\/\/www.sinewo.com\/wp-content\/uploads\/2024\/12\/\u7535\u8bdd\u7cfb\u7edf\u56fe-2-1-300x169.jpg 300w, https:\/\/www.sinewo.com\/wp-content\/uploads\/2024\/12\/\u7535\u8bdd\u7cfb\u7edf\u56fe-2-1-768x432.jpg 768w, https:\/\/www.sinewo.com\/wp-content\/uploads\/2024\/12\/\u7535\u8bdd\u7cfb\u7edf\u56fe-2-1-1536x864.jpg 1536w, https:\/\/www.sinewo.com\/wp-content\/uploads\/2024\/12\/\u7535\u8bdd\u7cfb\u7edf\u56fe-2-1-2048x1152.jpg 2048w, https:\/\/www.sinewo.com\/wp-content\/uploads\/2024\/12\/\u7535\u8bdd\u7cfb\u7edf\u56fe-2-1-600x338.jpg 600w\" sizes=\"(max-width: 800px) 100vw, 800px\" \/> <img loading=\"lazy\" decoding=\"async\" class=\"alignnone wp-image-462 size-large\" src=\"http:\/\/www.siwoc.cc\/wp-content\/uploads\/2024\/12\/\u7535\u8bdd\u7cfb\u7edf\u56fe-3-1024x576.jpg\" alt=\"\" width=\"800\" height=\"450\" srcset=\"https:\/\/www.sinewo.com\/wp-content\/uploads\/2024\/12\/\u7535\u8bdd\u7cfb\u7edf\u56fe-3-1024x576.jpg 1024w, https:\/\/www.sinewo.com\/wp-content\/uploads\/2024\/12\/\u7535\u8bdd\u7cfb\u7edf\u56fe-3-300x169.jpg 300w, https:\/\/www.sinewo.com\/wp-content\/uploads\/2024\/12\/\u7535\u8bdd\u7cfb\u7edf\u56fe-3-768x432.jpg 768w, https:\/\/www.sinewo.com\/wp-content\/uploads\/2024\/12\/\u7535\u8bdd\u7cfb\u7edf\u56fe-3-1536x864.jpg 1536w, https:\/\/www.sinewo.com\/wp-content\/uploads\/2024\/12\/\u7535\u8bdd\u7cfb\u7edf\u56fe-3-2048x1152.jpg 2048w, https:\/\/www.sinewo.com\/wp-content\/uploads\/2024\/12\/\u7535\u8bdd\u7cfb\u7edf\u56fe-3-600x338.jpg 600w\" sizes=\"(max-width: 800px) 100vw, 800px\" \/><\/p>\n<p>&nbsp;<\/p>\n<p>&nbsp;<\/p>","protected":false},"excerpt":{"rendered":"<p>La vid\u00e9o interphone utilise une cam\u00e9ra haute d\u00e9finition et un bo\u00eetier en m\u00e9tal, ce qui le rend adapt\u00e9 aux stations de m\u00e9tro, aux a\u00e9roports et \u00e0 d'autres lieux publics pour la communication d'urgence. L'interphone vid\u00e9o utilise le protocole IP pour acc\u00e9der \u00e0 n'importe quel serveur SIP, garantissant une excellente qualit\u00e9 d'appel et une image vid\u00e9o claire.<br \/>\nT\u00e9l\u00e9phone d'interphone vid\u00e9o, avec un bo\u00eetier en m\u00e9tal, pr\u00e9sente des caract\u00e9ristiques r\u00e9sistantes \u00e0 la corrosion et anti-destructives. Ils sont con\u00e7us pour l'installation int\u00e9gr\u00e9e et offrent une fonctionnalit\u00e9 de num\u00e9rotation \u00e0 une vitesse \u00e0 une touche. Ces syst\u00e8mes d'interphone avec des cam\u00e9ras peuvent \u00eatre install\u00e9s non seulement en milieu r\u00e9sidentiel, mais servent \u00e9galement de terminaux pour les syst\u00e8mes d'interphone de portes. Le niveau \u00e9tanche est \u00e9lev\u00e9 et peut \u00eatre personnalis\u00e9 en fonction des besoins des utilisateurs.<\/p>","protected":false},"featured_media":759,"template":"","meta":[],"product_cat":[64,100,103],"product_tag":[78,75,79,77,73,74,76],"class_list":{"0":"post-469","1":"product","2":"type-product","3":"status-publish","4":"has-post-thumbnail","6":"product_cat-emergency-intercom","7":"product_cat-emergency-video-intercom","8":"product_cat-hot-selling-product","9":"product_tag-door-intercom-systems","10":"product_tag-emergency-communication","11":"product_tag-emergency-help-intercom","12":"product_tag-intercom-systems","13":"product_tag-sos-weatherproof-voip-video-emergency-intercom","14":"product_tag-video-intercom","15":"product_tag-video-intercom-telephone","17":"first","18":"instock","19":"shipping-taxable","20":"product-type-simple"},"_links":{"self":[{"href":"https:\/\/www.sinewo.com\/fr\/wp-json\/wp\/v2\/product\/469","targetHints":{"allow":["GET"]}}],"collection":[{"href":"https:\/\/www.sinewo.com\/fr\/wp-json\/wp\/v2\/product"}],"about":[{"href":"https:\/\/www.sinewo.com\/fr\/wp-json\/wp\/v2\/types\/product"}],"version-history":[{"count":2,"href":"https:\/\/www.sinewo.com\/fr\/wp-json\/wp\/v2\/product\/469\/revisions"}],"predecessor-version":[{"id":1194,"href":"https:\/\/www.sinewo.com\/fr\/wp-json\/wp\/v2\/product\/469\/revisions\/1194"}],"wp:featuredmedia":[{"embeddable":true,"href":"https:\/\/www.sinewo.com\/fr\/wp-json\/wp\/v2\/media\/759"}],"wp:attachment":[{"href":"https:\/\/www.sinewo.com\/fr\/wp-json\/wp\/v2\/media?parent=469"}],"wp:term":[{"taxonomy":"product_cat","embeddable":true,"href":"https:\/\/www.sinewo.com\/fr\/wp-json\/wp\/v2\/product_cat?post=469"},{"taxonomy":"product_tag","embeddable":true,"href":"https:\/\/www.sinewo.com\/fr\/wp-json\/wp\/v2\/product_tag?post=469"}],"curies":[{"name":"wp","href":"https:\/\/api.w.org\/{rel}","templated":true}]}}