{"id":463,"date":"2024-12-29T13:26:06","date_gmt":"2024-12-29T05:26:06","guid":{"rendered":"http:\/\/www.siwoc.cc\/?post_type=product&#038;p=463"},"modified":"2024-12-31T14:16:44","modified_gmt":"2024-12-31T06:16:44","slug":"industrial-analog-voip-public-handsfree-speakerphone-intercom-safety-sos-emergency-telephone","status":"publish","type":"product","link":"https:\/\/www.sinewo.com\/fr\/produit\/industrial-analog-voip-public-handsfree-speakerphone-intercom-safety-sos-emergency-telephone\/","title":{"rendered":"Industrial Analog VoIP public Handsfree Speakerphone Interphone Safety S\u00e9curit\u00e9 SOS T\u00e9l\u00e9phone d'urgence"},"content":{"rendered":"<h2>Introduction du produit<\/h2>\n<p>Cet interphone de haut-parleur JWAT411 fournit une communication de haut-parleur mains libres via la ligne t\u00e9l\u00e9phonique analogique ou le r\u00e9seau VOIP existant et convient \u00e0 un environnement st\u00e9rile.<br \/>\nLe corps du t\u00e9l\u00e9phone est compos\u00e9 de mat\u00e9riau en acier inoxydable SUS304, du bouton SOS de lumi\u00e8re indicateur de vandale facultatif.<br \/>\nPlusieurs versions sont disponibles, couleur personnalis\u00e9e \uff0c avec clavier, sans clavier et sur demande avec des boutons de fonction suppl\u00e9mentaires.<br \/>\nLes pi\u00e8ces t\u00e9l\u00e9phoniques sont produites par auto-fabrication, toutes les pi\u00e8ces comme le clavier peuvent \u00eatre personnalis\u00e9es.<\/p>\n<h2>Caract\u00e9ristiques<\/h2>\n<p>1. T\u00e9l\u00e9phone analogique standard. Version SIP disponible.<br \/>\n2.Ilbude Robust, bo\u00eetier robuste, construit en 304 mat\u00e9riaux en acier inoxydable.<br \/>\n3. boutons en acier inoxydable r\u00e9sistants \u00e0 la vandale. Indicateur LED pour le bouton facultatif.<br \/>\n4. Toute protection m\u00e9t\u00e9orologique IP54 \u00e0 IP65.<br \/>\n5. Un bouton pour l'appel d'urgence.<br \/>\n6. Avec une alimentation externe, le niveau sonore pourrait atteindre plus de 90 dB.<br \/>\n7. Fonctionnement sans main.<br \/>\n8.Flush mont\u00e9.<br \/>\n9.Connection: c\u00e2ble de paire de bornes \u00e0 vis RJ11.<br \/>\n10. Pi\u00e8ce de rechange t\u00e9l\u00e9phonique auto-faite disponible.<br \/>\n11.CE, FCC, ROHS, ISO9001 conforme.<\/p>\n<h2>Application<\/h2>\n<p>L'interphone g\u00e9n\u00e9ralement utilis\u00e9 dans l'usine alimentaire, la salle blanche, le laboratoire, les zones d'isolement des h\u00f4pitaux, les zones st\u00e9riles et d'autres environnements restreints. \u00c9galement disponible pour les ascenseurs \/ ascenseurs, parkings, prisons, plates-formes de chemin de fer \/ m\u00e9tro, h\u00f4pitaux, postes de police, machines \u00e0 guichets automatiques de l'AT, stades, campus, centres commerciaux, portes, h\u00f4tels, b\u00e2timent ext\u00e9rieur, etc.<\/p>\n<p><img fetchpriority=\"high\" decoding=\"async\" class=\"alignnone wp-image-453 size-full\" src=\"http:\/\/www.siwoc.cc\/wp-content\/uploads\/2024\/12\/\u56fe\u72471.png\" alt=\"\" width=\"750\" height=\"419\" srcset=\"https:\/\/www.sinewo.com\/wp-content\/uploads\/2024\/12\/\u56fe\u72471.png 750w, https:\/\/www.sinewo.com\/wp-content\/uploads\/2024\/12\/\u56fe\u72471-300x168.png 300w, https:\/\/www.sinewo.com\/wp-content\/uploads\/2024\/12\/\u56fe\u72471-600x335.png 600w\" sizes=\"(max-width: 750px) 100vw, 750px\" \/><\/p>\n<h2>Param\u00e8tres<\/h2>\n<table>\n<tbody>\n<tr>\n<td width=\"284\">Article<\/td>\n<td width=\"284\">Donn\u00e9es techniques<\/td>\n<\/tr>\n<tr>\n<td width=\"284\">Alimentation \u00e9lectrique<\/td>\n<td width=\"284\">Ligne t\u00e9l\u00e9phonique aliment\u00e9e<\/td>\n<\/tr>\n<tr>\n<td width=\"284\">Tension<\/td>\n<td width=\"284\">DC48V<\/td>\n<\/tr>\n<tr>\n<td width=\"284\">Travail de veille courant<\/td>\n<td width=\"284\">\u22641mA<\/td>\n<\/tr>\n<tr>\n<td width=\"284\">R\u00e9ponse en fr\u00e9quence<\/td>\n<td width=\"284\">250 \uff5e 3000 Hz<\/td>\n<\/tr>\n<tr>\n<td width=\"284\">Volume<\/td>\n<td width=\"284\">&gt; 85 dB (a)<\/td>\n<\/tr>\n<tr>\n<td width=\"284\">Grade de corrosion<\/td>\n<td width=\"284\">WF1<\/td>\n<\/tr>\n<tr>\n<td width=\"284\">Temp\u00e9rature ambiante<\/td>\n<td width=\"284\">-40\uff5e+70\u2103<\/td>\n<\/tr>\n<tr>\n<td width=\"284\">Niveau anti-vandalisme<\/td>\n<td width=\"284\">Ik10<\/td>\n<\/tr>\n<tr>\n<td width=\"284\">Pression atmosph\u00e9rique<\/td>\n<td width=\"284\">80 \uff5e 110kpa<\/td>\n<\/tr>\n<tr>\n<td width=\"284\">Poids<\/td>\n<td width=\"284\">2kg<\/td>\n<\/tr>\n<tr>\n<td width=\"284\">Humidit\u00e9 relative<\/td>\n<td width=\"284\">\u226495%<\/td>\n<\/tr>\n<tr>\n<td width=\"284\">Installation<\/td>\n<td width=\"284\">Int\u00e9gr\u00e9<\/td>\n<\/tr>\n<\/tbody>\n<\/table>\n<h2>Dessin de dimension<\/h2>\n<p><img decoding=\"async\" class=\"alignnone wp-image-468 size-full\" src=\"http:\/\/www.siwoc.cc\/wp-content\/uploads\/2024\/12\/\u5c3a\u5bf8\u56fe-6.png\" alt=\"\" width=\"840\" height=\"350\" srcset=\"https:\/\/www.sinewo.com\/wp-content\/uploads\/2024\/12\/\u5c3a\u5bf8\u56fe-6.png 840w, https:\/\/www.sinewo.com\/wp-content\/uploads\/2024\/12\/\u5c3a\u5bf8\u56fe-6-300x125.png 300w, https:\/\/www.sinewo.com\/wp-content\/uploads\/2024\/12\/\u5c3a\u5bf8\u56fe-6-768x320.png 768w, https:\/\/www.sinewo.com\/wp-content\/uploads\/2024\/12\/\u5c3a\u5bf8\u56fe-6-600x250.png 600w\" sizes=\"(max-width: 840px) 100vw, 840px\" \/><\/p>\n<h2>Couleur disponible<\/h2>\n<p>Si vous avez une demande de couleur, faites-nous savoir la couleur Pantone No.<\/p>\n<p><img decoding=\"async\" class=\"alignnone wp-image-383 size-full\" src=\"http:\/\/www.siwoc.cc\/wp-content\/uploads\/2024\/12\/4.\u53ef\u9009\u989c\u8272-1.png\" alt=\"\" width=\"900\" height=\"600\" srcset=\"https:\/\/www.sinewo.com\/wp-content\/uploads\/2024\/12\/4.\u53ef\u9009\u989c\u8272-1.png 900w, https:\/\/www.sinewo.com\/wp-content\/uploads\/2024\/12\/4.\u53ef\u9009\u989c\u8272-1-300x200.png 300w, https:\/\/www.sinewo.com\/wp-content\/uploads\/2024\/12\/4.\u53ef\u9009\u989c\u8272-1-768x512.png 768w, https:\/\/www.sinewo.com\/wp-content\/uploads\/2024\/12\/4.\u53ef\u9009\u989c\u8272-1-600x400.png 600w\" sizes=\"(max-width: 900px) 100vw, 900px\" \/><\/p>\n<h2>Machine d'essai<\/h2>\n<p>85% Les pi\u00e8ces de rechange sont produites par notre propre usine et avec des machines de test appari\u00e9es, nous pourrions confirmer directement la fonction et la norme.<\/p>\n<p><img loading=\"lazy\" decoding=\"async\" class=\"alignnone wp-image-384 size-full\" src=\"http:\/\/www.siwoc.cc\/wp-content\/uploads\/2024\/12\/5.-\u8bdd\u673a\u6d4b\u8bd5\u8bbe\u5907\u6d41\u7a0b-1.png\" alt=\"\" width=\"900\" height=\"1083\" srcset=\"https:\/\/www.sinewo.com\/wp-content\/uploads\/2024\/12\/5.-\u8bdd\u673a\u6d4b\u8bd5\u8bbe\u5907\u6d41\u7a0b-1.png 900w, https:\/\/www.sinewo.com\/wp-content\/uploads\/2024\/12\/5.-\u8bdd\u673a\u6d4b\u8bd5\u8bbe\u5907\u6d41\u7a0b-1-249x300.png 249w, https:\/\/www.sinewo.com\/wp-content\/uploads\/2024\/12\/5.-\u8bdd\u673a\u6d4b\u8bd5\u8bbe\u5907\u6d41\u7a0b-1-851x1024.png 851w, https:\/\/www.sinewo.com\/wp-content\/uploads\/2024\/12\/5.-\u8bdd\u673a\u6d4b\u8bd5\u8bbe\u5907\u6d41\u7a0b-1-768x924.png 768w, https:\/\/www.sinewo.com\/wp-content\/uploads\/2024\/12\/5.-\u8bdd\u673a\u6d4b\u8bd5\u8bbe\u5907\u6d41\u7a0b-1-600x722.png 600w\" sizes=\"(max-width: 900px) 100vw, 900px\" \/><\/p>\n<h2><\/h2>\n<h2>Diagramme du syst\u00e8me t\u00e9l\u00e9phonique<\/h2>\n<p><img loading=\"lazy\" decoding=\"async\" class=\"alignnone wp-image-461 size-large\" src=\"http:\/\/www.siwoc.cc\/wp-content\/uploads\/2024\/12\/\u7535\u8bdd\u7cfb\u7edf\u56fe-2-1-1024x576.jpg\" alt=\"\" width=\"800\" height=\"450\" srcset=\"https:\/\/www.sinewo.com\/wp-content\/uploads\/2024\/12\/\u7535\u8bdd\u7cfb\u7edf\u56fe-2-1-1024x576.jpg 1024w, https:\/\/www.sinewo.com\/wp-content\/uploads\/2024\/12\/\u7535\u8bdd\u7cfb\u7edf\u56fe-2-1-300x169.jpg 300w, https:\/\/www.sinewo.com\/wp-content\/uploads\/2024\/12\/\u7535\u8bdd\u7cfb\u7edf\u56fe-2-1-768x432.jpg 768w, https:\/\/www.sinewo.com\/wp-content\/uploads\/2024\/12\/\u7535\u8bdd\u7cfb\u7edf\u56fe-2-1-1536x864.jpg 1536w, https:\/\/www.sinewo.com\/wp-content\/uploads\/2024\/12\/\u7535\u8bdd\u7cfb\u7edf\u56fe-2-1-2048x1152.jpg 2048w, https:\/\/www.sinewo.com\/wp-content\/uploads\/2024\/12\/\u7535\u8bdd\u7cfb\u7edf\u56fe-2-1-600x338.jpg 600w\" sizes=\"(max-width: 800px) 100vw, 800px\" \/> <img loading=\"lazy\" decoding=\"async\" class=\"alignnone wp-image-462 size-large\" src=\"http:\/\/www.siwoc.cc\/wp-content\/uploads\/2024\/12\/\u7535\u8bdd\u7cfb\u7edf\u56fe-3-1024x576.jpg\" alt=\"\" width=\"800\" height=\"450\" srcset=\"https:\/\/www.sinewo.com\/wp-content\/uploads\/2024\/12\/\u7535\u8bdd\u7cfb\u7edf\u56fe-3-1024x576.jpg 1024w, https:\/\/www.sinewo.com\/wp-content\/uploads\/2024\/12\/\u7535\u8bdd\u7cfb\u7edf\u56fe-3-300x169.jpg 300w, https:\/\/www.sinewo.com\/wp-content\/uploads\/2024\/12\/\u7535\u8bdd\u7cfb\u7edf\u56fe-3-768x432.jpg 768w, https:\/\/www.sinewo.com\/wp-content\/uploads\/2024\/12\/\u7535\u8bdd\u7cfb\u7edf\u56fe-3-1536x864.jpg 1536w, https:\/\/www.sinewo.com\/wp-content\/uploads\/2024\/12\/\u7535\u8bdd\u7cfb\u7edf\u56fe-3-2048x1152.jpg 2048w, https:\/\/www.sinewo.com\/wp-content\/uploads\/2024\/12\/\u7535\u8bdd\u7cfb\u7edf\u56fe-3-600x338.jpg 600w\" sizes=\"(max-width: 800px) 100vw, 800px\" \/><\/p>\n<p>&nbsp;<\/p>\n<p>&nbsp;<\/p>","protected":false},"excerpt":{"rendered":"<p>Le bo\u00eetier robuste JWAT411 se compose de SUS 304 en acier inoxydable et \u00e9quip\u00e9 d'un bouton m\u00e9tallique \u00e9tanche pour aider \u00e0 la composition. Type analogique \/ Type VoIP \/ Type GSM Facultatif.<br \/>\nDe plus, peut installer la cam\u00e9ra pour passer un appel vid\u00e9o en fonction de la demande de l'utilisateur, pour am\u00e9liorer la s\u00e9curit\u00e9.<br \/>\nL'interphone est une unit\u00e9 mont\u00e9e \u00e0 chasse d'eau ou de surface. Lorsqu'il est install\u00e9 avec des scellants d'interface appropri\u00e9s, une cote de r\u00e9sistance \u00e0 l'eau IP tr\u00e8s \u00e9lev\u00e9e peut \u00eatre obtenue.<br \/>\nAvec une \u00e9quipe de R&amp;D professionnelle dans une solution de t\u00e9l\u00e9communications industrielles d\u00e9pos\u00e9e depuis 2005, chaque t\u00e9l\u00e9phone interphone a \u00e9t\u00e9 pass\u00e9 les certificats internationaux de la FCC, CE.<br \/>\nVotre fournisseur de premier choix de solutions de communication innovantes et de produits comp\u00e9titifs pour la communication industrielle.<\/p>","protected":false},"featured_media":754,"template":"","meta":[],"product_cat":[64,98],"product_tag":[72,71,70],"class_list":{"0":"post-463","1":"product","2":"type-product","3":"status-publish","4":"has-post-thumbnail","6":"product_cat-emergency-intercom","7":"product_cat-sos-emergency-intercom","8":"product_tag-analog-telephone","9":"product_tag-emergency-telephone","10":"product_tag-speakerphone-intercom","12":"first","13":"instock","14":"shipping-taxable","15":"product-type-simple"},"_links":{"self":[{"href":"https:\/\/www.sinewo.com\/fr\/wp-json\/wp\/v2\/product\/463","targetHints":{"allow":["GET"]}}],"collection":[{"href":"https:\/\/www.sinewo.com\/fr\/wp-json\/wp\/v2\/product"}],"about":[{"href":"https:\/\/www.sinewo.com\/fr\/wp-json\/wp\/v2\/types\/product"}],"version-history":[{"count":1,"href":"https:\/\/www.sinewo.com\/fr\/wp-json\/wp\/v2\/product\/463\/revisions"}],"predecessor-version":[{"id":758,"href":"https:\/\/www.sinewo.com\/fr\/wp-json\/wp\/v2\/product\/463\/revisions\/758"}],"wp:featuredmedia":[{"embeddable":true,"href":"https:\/\/www.sinewo.com\/fr\/wp-json\/wp\/v2\/media\/754"}],"wp:attachment":[{"href":"https:\/\/www.sinewo.com\/fr\/wp-json\/wp\/v2\/media?parent=463"}],"wp:term":[{"taxonomy":"product_cat","embeddable":true,"href":"https:\/\/www.sinewo.com\/fr\/wp-json\/wp\/v2\/product_cat?post=463"},{"taxonomy":"product_tag","embeddable":true,"href":"https:\/\/www.sinewo.com\/fr\/wp-json\/wp\/v2\/product_tag?post=463"}],"curies":[{"name":"wp","href":"https:\/\/api.w.org\/{rel}","templated":true}]}}