{"id":455,"date":"2025-01-13T13:20:51","date_gmt":"2025-01-13T05:20:51","guid":{"rendered":"http:\/\/www.siwoc.cc\/?post_type=product&#038;p=455"},"modified":"2025-01-16T13:51:17","modified_gmt":"2025-01-16T05:51:17","slug":"emergency-handsfree-telephone-dust-proof-industrial-intercom-for-clean-room","status":"publish","type":"product","link":"https:\/\/www.sinewo.com\/fr\/produit\/emergency-handsfree-telephone-dust-proof-industrial-intercom-for-clean-room\/","title":{"rendered":"Interphone industrielle \u00e0 \u00e9preuvance de t\u00e9l\u00e9phone \u00e0 la poussi\u00e8re pour une salle propre JWAT401"},"content":{"rendered":"<h2>Introduction du produit<\/h2>\n<p>JWAT401 Vandal Proof Handsfree Telephone est con\u00e7u pour cr\u00e9er une solution de syst\u00e8me d'interphone d'urgence efficace.<br \/>\nClean Room Telephone adopte la derni\u00e8re conception technologique du terminal t\u00e9l\u00e9phonique de la salle propre et st\u00e9rile. Assurez-vous qu'il n'y a pas d'espace ni de trou \u00e0 la surface de l'\u00e9quipement et qu'il n'y a essentiellement pas de conception convexe sur la surface d'installation.<br \/>\nLe corps du t\u00e9l\u00e9phone est en acier inoxydable SUS304, il est facilement d\u00e9contamin\u00e9 par le lavage avec des d\u00e9tergents et des pr\u00e9parations bact\u00e9ricides. L'entr\u00e9e du c\u00e2ble est \u00e0 l'arri\u00e8re du t\u00e9l\u00e9phone pour \u00e9viter les dommages artificiels.<br \/>\nPlusieurs versions sont disponibles, couleur personnalis\u00e9e \uff0c avec clavier, sans clavier et sur demande avec des boutons de fonction suppl\u00e9mentaires.<br \/>\nLes pi\u00e8ces t\u00e9l\u00e9phoniques sont produites par auto-fabrication, toutes les pi\u00e8ces comme le clavier peuvent \u00eatre personnalis\u00e9es.<\/p>\n<h2>Caract\u00e9ristiques<\/h2>\n<p>1. T\u00e9l\u00e9phone analogique standard. Version SIP disponible.<br \/>\n2.Robust housing, constructed of 304 stainless steel material.<br \/>\n3,4 x vis de falsification pour le montage<br \/>\n4. op\u00e9ration sans main.<br \/>\n5. Clavier en acier inoxydable r\u00e9sistant au Vandal.<br \/>\n6.Flush Mounting.<br \/>\n7. Protection de la preuve de la parath IP54-IP65 Selon les diff\u00e9rentes exigences de preuve d'eau.<br \/>\n8.Connection: c\u00e2ble de paire de bornes \u00e0 vis RJ11.<br \/>\n9. Pi\u00e8ce de rechange t\u00e9l\u00e9phonique auto-faite disponible.<br \/>\n10.CE, FCC, ROHS, ISO9001 conforme.<\/p>\n<h2>Application<\/h2>\n<p>L'interphone g\u00e9n\u00e9ralement utilis\u00e9 dans la salle blanche, le laboratoire, les zones d'isolement des h\u00f4pitaux, les zones st\u00e9riles et d'autres environnements restreints. \u00c9galement disponible pour les ascenseurs \/ ascenseurs, parkings, prisons, plates-formes de chemin de fer \/ m\u00e9tro, h\u00f4pitaux, postes de police, machines \u00e0 guichets automatiques de l'AT, stades, campus, centres commerciaux, portes, h\u00f4tels, b\u00e2timent ext\u00e9rieur, etc.<\/p>\n<p><img fetchpriority=\"high\" decoding=\"async\" class=\"alignnone wp-image-453 size-full\" src=\"http:\/\/www.siwoc.cc\/wp-content\/uploads\/2024\/12\/\u56fe\u72471.png\" alt=\"\" width=\"750\" height=\"419\" srcset=\"https:\/\/www.sinewo.com\/wp-content\/uploads\/2024\/12\/\u56fe\u72471.png 750w, https:\/\/www.sinewo.com\/wp-content\/uploads\/2024\/12\/\u56fe\u72471-300x168.png 300w, https:\/\/www.sinewo.com\/wp-content\/uploads\/2024\/12\/\u56fe\u72471-600x335.png 600w\" sizes=\"(max-width: 750px) 100vw, 750px\" \/><\/p>\n<h2>Param\u00e8tres<\/h2>\n<table>\n<tbody>\n<tr>\n<td width=\"284\">Article<\/td>\n<td width=\"284\">Donn\u00e9es techniques<\/td>\n<\/tr>\n<tr>\n<td width=\"284\">Alimentation \u00e9lectrique<\/td>\n<td width=\"284\">Ligne t\u00e9l\u00e9phonique aliment\u00e9e<\/td>\n<\/tr>\n<tr>\n<td width=\"284\">Tension<\/td>\n<td width=\"284\">DC48V<\/td>\n<\/tr>\n<tr>\n<td width=\"284\">Travail de veille courant<\/td>\n<td width=\"284\">\u22641mA<\/td>\n<\/tr>\n<tr>\n<td width=\"284\">R\u00e9ponse en fr\u00e9quence<\/td>\n<td width=\"284\">250 \uff5e 3000 Hz<\/td>\n<\/tr>\n<tr>\n<td width=\"284\">Volume<\/td>\n<td width=\"284\">&gt; 85 dB (a)<\/td>\n<\/tr>\n<tr>\n<td width=\"284\">Grade de corrosion<\/td>\n<td width=\"284\">WF2<\/td>\n<\/tr>\n<tr>\n<td width=\"284\">Temp\u00e9rature ambiante<\/td>\n<td width=\"284\">-40\uff5e+70\u2103<\/td>\n<\/tr>\n<tr>\n<td width=\"284\">Niveau anti-vandalisme<\/td>\n<td width=\"284\">IK9<\/td>\n<\/tr>\n<tr>\n<td width=\"284\">Pression atmosph\u00e9rique<\/td>\n<td width=\"284\">80 \uff5e 110kpa<\/td>\n<\/tr>\n<tr>\n<td width=\"284\">Poids<\/td>\n<td width=\"284\">2kg<\/td>\n<\/tr>\n<tr>\n<td width=\"284\">Humidit\u00e9 relative<\/td>\n<td width=\"284\">\u226495%<\/td>\n<\/tr>\n<tr>\n<td width=\"284\">Installation<\/td>\n<td width=\"284\">Int\u00e9gr\u00e9<\/td>\n<\/tr>\n<\/tbody>\n<\/table>\n<h2>Dessin de dimension<\/h2>\n<p><img decoding=\"async\" class=\"alignnone wp-image-460 size-full\" src=\"http:\/\/www.siwoc.cc\/wp-content\/uploads\/2024\/12\/\u5c3a\u5bf8\u56fe-5.png\" alt=\"\" width=\"634\" height=\"290\" srcset=\"https:\/\/www.sinewo.com\/wp-content\/uploads\/2024\/12\/\u5c3a\u5bf8\u56fe-5.png 634w, https:\/\/www.sinewo.com\/wp-content\/uploads\/2024\/12\/\u5c3a\u5bf8\u56fe-5-300x137.png 300w, https:\/\/www.sinewo.com\/wp-content\/uploads\/2024\/12\/\u5c3a\u5bf8\u56fe-5-600x274.png 600w\" sizes=\"(max-width: 634px) 100vw, 634px\" \/><\/p>\n<h2>Couleur disponible<\/h2>\n<p>Si vous avez une demande de couleur, faites-nous savoir la couleur Pantone No.<\/p>\n<p><img decoding=\"async\" class=\"alignnone wp-image-383 size-full\" src=\"http:\/\/www.siwoc.cc\/wp-content\/uploads\/2024\/12\/4.\u53ef\u9009\u989c\u8272-1.png\" alt=\"\" width=\"900\" height=\"600\" srcset=\"https:\/\/www.sinewo.com\/wp-content\/uploads\/2024\/12\/4.\u53ef\u9009\u989c\u8272-1.png 900w, https:\/\/www.sinewo.com\/wp-content\/uploads\/2024\/12\/4.\u53ef\u9009\u989c\u8272-1-300x200.png 300w, https:\/\/www.sinewo.com\/wp-content\/uploads\/2024\/12\/4.\u53ef\u9009\u989c\u8272-1-768x512.png 768w, https:\/\/www.sinewo.com\/wp-content\/uploads\/2024\/12\/4.\u53ef\u9009\u989c\u8272-1-600x400.png 600w\" sizes=\"(max-width: 900px) 100vw, 900px\" \/><\/p>\n<h2>Machine d'essai<\/h2>\n<p>85% Les pi\u00e8ces de rechange sont produites par notre propre usine et avec des machines de test appari\u00e9es, nous pourrions confirmer directement la fonction et la norme.<\/p>\n<p><img loading=\"lazy\" decoding=\"async\" class=\"alignnone wp-image-384 size-full\" src=\"http:\/\/www.siwoc.cc\/wp-content\/uploads\/2024\/12\/5.-\u8bdd\u673a\u6d4b\u8bd5\u8bbe\u5907\u6d41\u7a0b-1.png\" alt=\"\" width=\"900\" height=\"1083\" srcset=\"https:\/\/www.sinewo.com\/wp-content\/uploads\/2024\/12\/5.-\u8bdd\u673a\u6d4b\u8bd5\u8bbe\u5907\u6d41\u7a0b-1.png 900w, https:\/\/www.sinewo.com\/wp-content\/uploads\/2024\/12\/5.-\u8bdd\u673a\u6d4b\u8bd5\u8bbe\u5907\u6d41\u7a0b-1-249x300.png 249w, https:\/\/www.sinewo.com\/wp-content\/uploads\/2024\/12\/5.-\u8bdd\u673a\u6d4b\u8bd5\u8bbe\u5907\u6d41\u7a0b-1-851x1024.png 851w, https:\/\/www.sinewo.com\/wp-content\/uploads\/2024\/12\/5.-\u8bdd\u673a\u6d4b\u8bd5\u8bbe\u5907\u6d41\u7a0b-1-768x924.png 768w, https:\/\/www.sinewo.com\/wp-content\/uploads\/2024\/12\/5.-\u8bdd\u673a\u6d4b\u8bd5\u8bbe\u5907\u6d41\u7a0b-1-600x722.png 600w\" sizes=\"(max-width: 900px) 100vw, 900px\" \/><\/p>\n<h2><\/h2>\n<h2>Diagramme du syst\u00e8me t\u00e9l\u00e9phonique<\/h2>\n<p><img loading=\"lazy\" decoding=\"async\" class=\"alignnone size-medium wp-image-461\" src=\"http:\/\/www.siwoc.cc\/wp-content\/uploads\/2024\/12\/\u7535\u8bdd\u7cfb\u7edf\u56fe-2-1-300x169.jpg\" alt=\"\" width=\"300\" height=\"169\" srcset=\"https:\/\/www.sinewo.com\/wp-content\/uploads\/2024\/12\/\u7535\u8bdd\u7cfb\u7edf\u56fe-2-1-300x169.jpg 300w, https:\/\/www.sinewo.com\/wp-content\/uploads\/2024\/12\/\u7535\u8bdd\u7cfb\u7edf\u56fe-2-1-1024x576.jpg 1024w, https:\/\/www.sinewo.com\/wp-content\/uploads\/2024\/12\/\u7535\u8bdd\u7cfb\u7edf\u56fe-2-1-768x432.jpg 768w, https:\/\/www.sinewo.com\/wp-content\/uploads\/2024\/12\/\u7535\u8bdd\u7cfb\u7edf\u56fe-2-1-1536x864.jpg 1536w, https:\/\/www.sinewo.com\/wp-content\/uploads\/2024\/12\/\u7535\u8bdd\u7cfb\u7edf\u56fe-2-1-2048x1152.jpg 2048w, https:\/\/www.sinewo.com\/wp-content\/uploads\/2024\/12\/\u7535\u8bdd\u7cfb\u7edf\u56fe-2-1-600x338.jpg 600w\" sizes=\"(max-width: 300px) 100vw, 300px\" \/> <img loading=\"lazy\" decoding=\"async\" class=\"alignnone size-medium wp-image-462\" src=\"http:\/\/www.siwoc.cc\/wp-content\/uploads\/2024\/12\/\u7535\u8bdd\u7cfb\u7edf\u56fe-3-300x169.jpg\" alt=\"\" width=\"300\" height=\"169\" srcset=\"https:\/\/www.sinewo.com\/wp-content\/uploads\/2024\/12\/\u7535\u8bdd\u7cfb\u7edf\u56fe-3-300x169.jpg 300w, https:\/\/www.sinewo.com\/wp-content\/uploads\/2024\/12\/\u7535\u8bdd\u7cfb\u7edf\u56fe-3-1024x576.jpg 1024w, https:\/\/www.sinewo.com\/wp-content\/uploads\/2024\/12\/\u7535\u8bdd\u7cfb\u7edf\u56fe-3-768x432.jpg 768w, https:\/\/www.sinewo.com\/wp-content\/uploads\/2024\/12\/\u7535\u8bdd\u7cfb\u7edf\u56fe-3-1536x864.jpg 1536w, https:\/\/www.sinewo.com\/wp-content\/uploads\/2024\/12\/\u7535\u8bdd\u7cfb\u7edf\u56fe-3-2048x1152.jpg 2048w, https:\/\/www.sinewo.com\/wp-content\/uploads\/2024\/12\/\u7535\u8bdd\u7cfb\u7edf\u56fe-3-600x338.jpg 600w\" sizes=\"(max-width: 300px) 100vw, 300px\" \/><\/p>\n<p>&nbsp;<\/p>\n<p>&nbsp;<\/p>","protected":false},"excerpt":{"rendered":"<p>Ces t\u00e9l\u00e9phones d'urgence sont des vandales et r\u00e9sistants aux intemp\u00e9ries, offrant des communications de langue bruyantes mains libres pour n'importe quel domaine public. Les composants internes sont prot\u00e9g\u00e9s par une enceinte r\u00e9sistante aux intemp\u00e9ries derri\u00e8re la plaque frontale.<br \/>\nLes t\u00e9l\u00e9phones d'interphone de Joiwo comportaient un mat\u00e9riau en acier r\u00e9sistant aux vandales, le niveau de d\u00e9fense imperm\u00e9able IP54-IP65 qui pourrait \u00eatre install\u00e9 sur int\u00e9rieur ou ext\u00e9rieur, facile \u00e0 nettoyer, r\u00e9sistant \u00e0 la corrosion \u00e9lev\u00e9e, r\u00e9sistance m\u00e9canique \u00e9lev\u00e9e et forte r\u00e9sistance \u00e0 l'impact.<br \/>\nAvec une \u00e9quipe de R&amp;D professionnelle dans une solution de t\u00e9l\u00e9communications industrielles d\u00e9pos\u00e9e depuis 2005, chaque t\u00e9l\u00e9phone interphone a \u00e9t\u00e9 pass\u00e9 les certificats internationaux de la FCC, CE.<br \/>\nVotre fournisseur de premier choix de solutions de communication innovantes et de produits comp\u00e9titifs pour la s\u00e9curit\u00e9 et la communication d'urgence.<\/p>","protected":false},"featured_media":456,"template":"","meta":[],"product_cat":[64,103,97],"product_tag":[69,62,66,68,65,67],"class_list":{"0":"post-455","1":"product","2":"type-product","3":"status-publish","4":"has-post-thumbnail","6":"product_cat-emergency-intercom","7":"product_cat-hot-selling-product","8":"product_cat-industrial-emergency-intercom","9":"product_tag-clean-room-telephone","10":"product_tag-emergency-intercom","11":"product_tag-emergency-telephones","12":"product_tag-handsfree-telephone","13":"product_tag-handsfree-telephone-dust-proof-industrial-intercom","14":"product_tag-intercom-telephones","16":"first","17":"instock","18":"shipping-taxable","19":"product-type-simple"},"_links":{"self":[{"href":"https:\/\/www.sinewo.com\/fr\/wp-json\/wp\/v2\/product\/455","targetHints":{"allow":["GET"]}}],"collection":[{"href":"https:\/\/www.sinewo.com\/fr\/wp-json\/wp\/v2\/product"}],"about":[{"href":"https:\/\/www.sinewo.com\/fr\/wp-json\/wp\/v2\/types\/product"}],"version-history":[{"count":3,"href":"https:\/\/www.sinewo.com\/fr\/wp-json\/wp\/v2\/product\/455\/revisions"}],"predecessor-version":[{"id":954,"href":"https:\/\/www.sinewo.com\/fr\/wp-json\/wp\/v2\/product\/455\/revisions\/954"}],"wp:featuredmedia":[{"embeddable":true,"href":"https:\/\/www.sinewo.com\/fr\/wp-json\/wp\/v2\/media\/456"}],"wp:attachment":[{"href":"https:\/\/www.sinewo.com\/fr\/wp-json\/wp\/v2\/media?parent=455"}],"wp:term":[{"taxonomy":"product_cat","embeddable":true,"href":"https:\/\/www.sinewo.com\/fr\/wp-json\/wp\/v2\/product_cat?post=455"},{"taxonomy":"product_tag","embeddable":true,"href":"https:\/\/www.sinewo.com\/fr\/wp-json\/wp\/v2\/product_tag?post=455"}],"curies":[{"name":"wp","href":"https:\/\/api.w.org\/{rel}","templated":true}]}}