{"id":439,"date":"2025-01-14T09:27:26","date_gmt":"2025-01-14T01:27:26","guid":{"rendered":"http:\/\/www.siwoc.cc\/?post_type=product&#038;p=439"},"modified":"2025-01-16T13:50:57","modified_gmt":"2025-01-16T05:50:57","slug":"industrial-explosionproof-heavy-duty-telephone-for-oil-gas-project","status":"publish","type":"product","link":"https:\/\/www.sinewo.com\/fr\/produit\/industrial-explosionproof-heavy-duty-telephone-for-oil-gas-project\/","title":{"rendered":"T\u00e9l\u00e9phone lourde industriel \u00e0 l'explosion industrielle pour le projet de gaz p\u00e9trolier JWBT810"},"content":{"rendered":"<h2>Introduction du produit<\/h2>\n<p>Le t\u00e9l\u00e9phone \u00e0 preuve d'explosion est con\u00e7u pour la communication vocale dans la zone dangereuse o\u00f9 la fiabilit\u00e9, l'efficacit\u00e9 et la s\u00e9curit\u00e9 sont d'une importance primordiale.<br \/>\nLe t\u00e9l\u00e9phone convient \u00e0 une utilisation dans un environnement s\u00e9v\u00e8re caract\u00e9ris\u00e9 par: l'utilisation int\u00e9rieure et ext\u00e9rieure, pr\u00e9sence de poussi\u00e8re et d'entr\u00e9e d'eau. Atmosph\u00e8re corrosive, gaz explosifs et particules, temp\u00e9rature variable, bruit ambiant fort, s\u00e9curit\u00e9, etc.<br \/>\nLe corps du t\u00e9l\u00e9phone est en alliage d'aluminium, un mat\u00e9riau de casting de matrice tr\u00e8s fort, avec un clavier complet en alliage de zinc comprend 15 boutons (0-9, *, #, Redial, Flash, SOS, muet) Le degr\u00e9 de protection est IP68, m\u00eame avec la porte ouverte. La porte participe \u00e0 garder les pi\u00e8ces int\u00e9rieures comme le combin\u00e9 et le clavier propre.<br \/>\nPlusieurs versions sont disponibles, couleur personnalis\u00e9e \uff0c avec cordon blind\u00e9 ou spirale en acier inoxydable, avec ou sans porte, avec clavier, sans clavier et sur demande avec des boutons de fonction suppl\u00e9mentaires.<br \/>\nTelephone parts is produced by self-made ,every parts like keypad, cradle, handset could be customized.<\/p>\n<h2>Caract\u00e9ristiques<\/h2>\n<p>1.Standard analogue phone, Phone line powered. Also available in SIP\/VoIP, GSM\/3G version.<br \/>\n2. Shel en alliage en alliage en aluminium, forte r\u00e9sistance m\u00e9canique et forte r\u00e9sistance \u00e0 l'impact.<br \/>\n3. Contr\u00f4le de service Heavy avec un r\u00e9cepteur compatible avec les aides auditives, microphone d'annulation du bruit. Traquage \u00e0 roseau magn\u00e9tique.<\/p>\n<p>4. Le clavier en alliage en zinc comprend 15 boutons (0-9, *, #, Redial, Flash, SOS, MUTE)<br \/>\n5. Protection de la preuve du temps \u00e0 IP68.<br \/>\n6. Temp\u00e9rature varie de -40 degr\u00e9s \u00e0 +70 degr\u00e9s.<br \/>\n7. pouce recouvert de finition en polyester stabilis\u00e9e UV.<br \/>\n8. JALLEMENT INSTALLATION SIMPLE.<br \/>\n9.Gultles et couleurs.<br \/>\n10. Pi\u00e8ce de rechange t\u00e9l\u00e9phonique auto-faite disponible.<br \/>\n11. CE, FCC, ROHS, ISO9001 conforme.<\/p>\n<h2>Application<\/h2>\n<p>Ce t\u00e9l\u00e9phone r\u00e9sistant \u00e0 l'explosion convient \u00e0 une utilisation dans un environnement s\u00e9v\u00e8re:<br \/>\n1. Convient aux atmosph\u00e8res de gaz explosives Zone 1 et Zone 2.<br \/>\n2. Convient \u00e0 IIA, IIB, IIC Explosive Atmosph\u00e8re.<br \/>\n3. Convient pour la zone de poussi\u00e8re 20, Zone 21 et Zone 22.<br \/>\n4. Convient \u00e0 la classe de temp\u00e9rature T1 ~ T6.<br \/>\n5. Atmosph\u00e8res p\u00e9troli\u00e8res et gaziers, industrie p\u00e9trochimique, tunnel, m\u00e9tro, chemin de fer, TLR, Speedway, Marine, Ship, Offshore, Mine, Power Plant, Bridge, etc.<\/p>\n<p><img fetchpriority=\"high\" decoding=\"async\" class=\"alignnone wp-image-440 size-full\" src=\"http:\/\/www.siwoc.cc\/wp-content\/uploads\/2024\/12\/5.\u9632\u7206\u7535\u8bdd\u673a\u5b98\u7f51.jpg\" alt=\"\" width=\"750\" height=\"419\" srcset=\"https:\/\/www.sinewo.com\/wp-content\/uploads\/2024\/12\/5.\u9632\u7206\u7535\u8bdd\u673a\u5b98\u7f51.jpg 750w, https:\/\/www.sinewo.com\/wp-content\/uploads\/2024\/12\/5.\u9632\u7206\u7535\u8bdd\u673a\u5b98\u7f51-300x168.jpg 300w, https:\/\/www.sinewo.com\/wp-content\/uploads\/2024\/12\/5.\u9632\u7206\u7535\u8bdd\u673a\u5b98\u7f51-600x335.jpg 600w\" sizes=\"(max-width: 750px) 100vw, 750px\" \/><\/p>\n<h2>Param\u00e8tres<\/h2>\n<table>\n<tbody>\n<tr>\n<td width=\"284\">Article<\/td>\n<td width=\"284\">Donn\u00e9es techniques<\/td>\n<\/tr>\n<tr>\n<td width=\"284\">Explosion-proof mark<\/td>\n<td width=\"284\">ExdibIICT6Gb\/EXtDA21IP66T80\u2103<\/td>\n<\/tr>\n<tr>\n<td width=\"284\">Alimentation \u00e9lectrique<\/td>\n<td width=\"284\">Ligne t\u00e9l\u00e9phonique aliment\u00e9e<\/td>\n<\/tr>\n<tr>\n<td width=\"284\">Tension<\/td>\n<td width=\"284\">24\u201365 VDC<\/td>\n<\/tr>\n<tr>\n<td width=\"284\">Travail de veille courant<\/td>\n<td width=\"284\">\u22640.2A<\/td>\n<\/tr>\n<tr>\n<td width=\"284\">R\u00e9ponse en fr\u00e9quence<\/td>\n<td width=\"284\">250 \uff5e 3000 Hz<\/td>\n<\/tr>\n<tr>\n<td width=\"284\">Puissance de sortie amplifi\u00e9e<\/td>\n<td width=\"284\">10 \uff5e 25W<\/td>\n<\/tr>\n<tr>\n<td width=\"284\">Volume<\/td>\n<td width=\"284\">&gt; 85 dB (a)<\/td>\n<\/tr>\n<tr>\n<td width=\"284\">Grade de corrosion<\/td>\n<td width=\"284\">WF1<\/td>\n<\/tr>\n<tr>\n<td width=\"284\">Temp\u00e9rature ambiante<\/td>\n<td width=\"284\">-40\uff5e+60\u2103<\/td>\n<\/tr>\n<tr>\n<td width=\"284\">Pression atmosph\u00e9rique<\/td>\n<td width=\"284\">80 \uff5e 110kpa<\/td>\n<\/tr>\n<tr>\n<td width=\"284\">Humidit\u00e9 relative<\/td>\n<td width=\"284\">\u226495%<\/td>\n<\/tr>\n<tr>\n<td width=\"284\">Lead Hole<\/td>\n<td width=\"284\">1-G3\/4\u201d<\/td>\n<\/tr>\n<tr>\n<td width=\"284\">Installation<\/td>\n<td width=\"284\">Mural<\/td>\n<\/tr>\n<\/tbody>\n<\/table>\n<h2>Dessin de dimension<\/h2>\n<p><img decoding=\"async\" class=\"alignnone wp-image-442 size-large\" src=\"http:\/\/www.siwoc.cc\/wp-content\/uploads\/2024\/12\/\u56fe\u72475-1024x326.png\" alt=\"\" width=\"800\" height=\"255\" srcset=\"https:\/\/www.sinewo.com\/wp-content\/uploads\/2024\/12\/\u56fe\u72475-1024x326.png 1024w, https:\/\/www.sinewo.com\/wp-content\/uploads\/2024\/12\/\u56fe\u72475-300x95.png 300w, https:\/\/www.sinewo.com\/wp-content\/uploads\/2024\/12\/\u56fe\u72475-768x244.png 768w, https:\/\/www.sinewo.com\/wp-content\/uploads\/2024\/12\/\u56fe\u72475-600x191.png 600w, https:\/\/www.sinewo.com\/wp-content\/uploads\/2024\/12\/\u56fe\u72475.png 1254w\" sizes=\"(max-width: 800px) 100vw, 800px\" \/><\/p>\n<h2>Couleur disponible<\/h2>\n<p>Si vous avez une demande de couleur, faites-nous savoir la couleur Pantone No.<\/p>\n<p><img decoding=\"async\" class=\"alignnone wp-image-383 size-full\" src=\"http:\/\/www.siwoc.cc\/wp-content\/uploads\/2024\/12\/4.\u53ef\u9009\u989c\u8272-1.png\" alt=\"\" width=\"900\" height=\"600\" srcset=\"https:\/\/www.sinewo.com\/wp-content\/uploads\/2024\/12\/4.\u53ef\u9009\u989c\u8272-1.png 900w, https:\/\/www.sinewo.com\/wp-content\/uploads\/2024\/12\/4.\u53ef\u9009\u989c\u8272-1-300x200.png 300w, https:\/\/www.sinewo.com\/wp-content\/uploads\/2024\/12\/4.\u53ef\u9009\u989c\u8272-1-768x512.png 768w, https:\/\/www.sinewo.com\/wp-content\/uploads\/2024\/12\/4.\u53ef\u9009\u989c\u8272-1-600x400.png 600w\" sizes=\"(max-width: 900px) 100vw, 900px\" \/><\/p>\n<h2>Machine d'essai<\/h2>\n<p>85% Les pi\u00e8ces de rechange sont produites par notre propre usine et avec des machines de test appari\u00e9es, nous pourrions confirmer directement la fonction et la norme.<\/p>\n<p><img loading=\"lazy\" decoding=\"async\" class=\"alignnone wp-image-384 size-full\" src=\"http:\/\/www.siwoc.cc\/wp-content\/uploads\/2024\/12\/5.-\u8bdd\u673a\u6d4b\u8bd5\u8bbe\u5907\u6d41\u7a0b-1.png\" alt=\"\" width=\"900\" height=\"1083\" srcset=\"https:\/\/www.sinewo.com\/wp-content\/uploads\/2024\/12\/5.-\u8bdd\u673a\u6d4b\u8bd5\u8bbe\u5907\u6d41\u7a0b-1.png 900w, https:\/\/www.sinewo.com\/wp-content\/uploads\/2024\/12\/5.-\u8bdd\u673a\u6d4b\u8bd5\u8bbe\u5907\u6d41\u7a0b-1-249x300.png 249w, https:\/\/www.sinewo.com\/wp-content\/uploads\/2024\/12\/5.-\u8bdd\u673a\u6d4b\u8bd5\u8bbe\u5907\u6d41\u7a0b-1-851x1024.png 851w, https:\/\/www.sinewo.com\/wp-content\/uploads\/2024\/12\/5.-\u8bdd\u673a\u6d4b\u8bd5\u8bbe\u5907\u6d41\u7a0b-1-768x924.png 768w, https:\/\/www.sinewo.com\/wp-content\/uploads\/2024\/12\/5.-\u8bdd\u673a\u6d4b\u8bd5\u8bbe\u5907\u6d41\u7a0b-1-600x722.png 600w\" sizes=\"(max-width: 900px) 100vw, 900px\" \/><\/p>\n<h2><\/h2>\n<h2>Diagramme du syst\u00e8me t\u00e9l\u00e9phonique de prison<\/h2>\n<p>&nbsp;<\/p>\n<p><img loading=\"lazy\" decoding=\"async\" class=\"alignnone wp-image-441 size-large\" src=\"http:\/\/www.siwoc.cc\/wp-content\/uploads\/2024\/12\/\u7535\u8bdd\u7cfb\u7edf\u56fe-1024x614.jpg\" alt=\"\" width=\"800\" height=\"480\" srcset=\"https:\/\/www.sinewo.com\/wp-content\/uploads\/2024\/12\/\u7535\u8bdd\u7cfb\u7edf\u56fe-1024x614.jpg 1024w, https:\/\/www.sinewo.com\/wp-content\/uploads\/2024\/12\/\u7535\u8bdd\u7cfb\u7edf\u56fe-300x180.jpg 300w, https:\/\/www.sinewo.com\/wp-content\/uploads\/2024\/12\/\u7535\u8bdd\u7cfb\u7edf\u56fe-768x461.jpg 768w, https:\/\/www.sinewo.com\/wp-content\/uploads\/2024\/12\/\u7535\u8bdd\u7cfb\u7edf\u56fe-1536x922.jpg 1536w, https:\/\/www.sinewo.com\/wp-content\/uploads\/2024\/12\/\u7535\u8bdd\u7cfb\u7edf\u56fe-2048x1229.jpg 2048w, https:\/\/www.sinewo.com\/wp-content\/uploads\/2024\/12\/\u7535\u8bdd\u7cfb\u7edf\u56fe-600x360.jpg 600w\" sizes=\"(max-width: 800px) 100vw, 800px\" \/><\/p>","protected":false},"excerpt":{"rendered":"<p>Ce t\u00e9l\u00e9phone lourd JWBT810 \u00e0 preuve d'explosion est log\u00e9 dans un moulage en alliage en aluminium r\u00e9sistant \u00e0 la corrosion durable pour les applications int\u00e9rieures ou ext\u00e9rieures, les t\u00e9l\u00e9phones de communication intrins\u00e8quement les plus s\u00fbrs de Joiwo sont la solution de communication la plus s\u00fbre et la plus \u00e9conomique dans des environnements dangereux.<\/p>\n<p>Avec une \u00e9quipe de R&amp;D professionnelle dans les t\u00e9l\u00e9communications industrielles dangereuses d\u00e9pos\u00e9es depuis 2005 l'ann\u00e9e, chaque t\u00e9l\u00e9phone \u00e0 preuve d'explosion a \u00e9t\u00e9 transmis dans les certificats internationaux ATEX, FCC et CE.<\/p>\n<p>Your first-choice provider of innovative communication solutions and competitive products\u00a0 for the hazardous area industries.<\/p>","protected":false},"featured_media":445,"template":"","meta":[],"product_cat":[16,95,103],"product_tag":[59,44,60],"class_list":{"0":"post-439","1":"product","2":"type-product","3":"status-publish","4":"has-post-thumbnail","6":"product_cat-explosionproof-telephone","7":"product_cat-analog-explosionproof-telephone","8":"product_cat-hot-selling-product","9":"product_tag-explosionproof-heavy-duty-telephone","10":"product_tag-heavy-duty-telephone","11":"product_tag-intrinsically-safe-telephones","13":"first","14":"instock","15":"shipping-taxable","16":"product-type-simple"},"_links":{"self":[{"href":"https:\/\/www.sinewo.com\/fr\/wp-json\/wp\/v2\/product\/439","targetHints":{"allow":["GET"]}}],"collection":[{"href":"https:\/\/www.sinewo.com\/fr\/wp-json\/wp\/v2\/product"}],"about":[{"href":"https:\/\/www.sinewo.com\/fr\/wp-json\/wp\/v2\/types\/product"}],"version-history":[{"count":1,"href":"https:\/\/www.sinewo.com\/fr\/wp-json\/wp\/v2\/product\/439\/revisions"}],"predecessor-version":[{"id":1193,"href":"https:\/\/www.sinewo.com\/fr\/wp-json\/wp\/v2\/product\/439\/revisions\/1193"}],"wp:featuredmedia":[{"embeddable":true,"href":"https:\/\/www.sinewo.com\/fr\/wp-json\/wp\/v2\/media\/445"}],"wp:attachment":[{"href":"https:\/\/www.sinewo.com\/fr\/wp-json\/wp\/v2\/media?parent=439"}],"wp:term":[{"taxonomy":"product_cat","embeddable":true,"href":"https:\/\/www.sinewo.com\/fr\/wp-json\/wp\/v2\/product_cat?post=439"},{"taxonomy":"product_tag","embeddable":true,"href":"https:\/\/www.sinewo.com\/fr\/wp-json\/wp\/v2\/product_tag?post=439"}],"curies":[{"name":"wp","href":"https:\/\/api.w.org\/{rel}","templated":true}]}}