{"id":432,"date":"2025-01-16T13:55:58","date_gmt":"2025-01-16T05:55:58","guid":{"rendered":"http:\/\/www.siwoc.cc\/?post_type=product&#038;p=432"},"modified":"2025-01-16T14:58:07","modified_gmt":"2025-01-16T06:58:07","slug":"metal-analog-voip-telephone-line-powered-public-weatherproof-telephone-for-building","status":"publish","type":"product","link":"https:\/\/www.sinewo.com\/fr\/produit\/metal-analog-voip-telephone-line-powered-public-weatherproof-telephone-for-building\/","title":{"rendered":"T\u00e9l\u00e9phone du public \u00e0 la ligne t\u00e9l\u00e9phonique Metal Analog Ligne propuls\u00e9e par les intemp\u00e9ries pour BuildingJwat316"},"content":{"rendered":"<h2>Introduction du produit<\/h2>\n<p>Le t\u00e9l\u00e9phone industriel d'urgence JWAT316 est en acier au froid, qui est anti-corrosion, anti-oxydation et durable.<br \/>\nPlusieurs versions sont disponibles, avec cordon blind\u00e9 ou spirale en acier inoxydable, avec clavier, sans clavier et sur demande avec des boutons de fonction suppl\u00e9mentaires.<\/p>\n<h2>Caract\u00e9ristiques<\/h2>\n<p>1. T\u00e9l\u00e9phone analogique standard. Ligne de t\u00e9l\u00e9phone aliment\u00e9e.<br \/>\n2.Irbust Bo\u00eetier, construit en acier roul\u00e9 \u00e0 froid avec de la poudre enrob\u00e9e<br \/>\n3.Re combin\u00e9 r\u00e9sistant \u00e0 la vandale avec longe et \u0153illet en acier interne assure une s\u00e9curit\u00e9 suppl\u00e9mentaire pour le cordon du combin\u00e9.<br \/>\n4. Clavier en alliage en zinc.<br \/>\n5. Interrupteur de crochet magn\u00e9tique avec interrupteur \u00e0 roseau.<br \/>\n6. Microphone de rendement au bruit op\u00e9rationnel disponible<br \/>\n7. Installation simple mont\u00e9e sur le mur.<br \/>\n8. Protection de la preuve de la manche IP65.<br \/>\n9.Connection: c\u00e2ble de paire de bornes \u00e0 vis RJ11.<br \/>\n10.Multiple Couleur disponible.<br \/>\n11. Pi\u00e8ce de rechange t\u00e9l\u00e9phonique fabriqu\u00e9e \u00e0 l'auto-, disponible.<br \/>\n12. CE, FCC, ROHS, ISO9001 conforme.<\/p>\n<h2>Application<\/h2>\n<p>Ce t\u00e9l\u00e9phone public est id\u00e9al pour les applications ferroviaires, les applications marines, les tunnels. Extraction souterraine, pompier, industriel, prisons, prison, parkings, h\u00f4pitaux, postes de garde, postes de police, salles de banque, machines \u00e0 guichets automatiques de billets, stades, b\u00e2timent \u00e0 l'int\u00e9rieur et \u00e0 l'ext\u00e9rieur, etc.<\/p>\n<p><img fetchpriority=\"high\" decoding=\"async\" class=\"alignnone wp-image-433 size-full\" src=\"http:\/\/www.siwoc.cc\/wp-content\/uploads\/2024\/12\/1.png\" alt=\"\" width=\"542\" height=\"304\" srcset=\"https:\/\/www.sinewo.com\/wp-content\/uploads\/2024\/12\/1.png 542w, https:\/\/www.sinewo.com\/wp-content\/uploads\/2024\/12\/1-300x168.png 300w\" sizes=\"(max-width: 542px) 100vw, 542px\" \/><\/p>\n<h2>Param\u00e8tres<\/h2>\n<table>\n<tbody>\n<tr>\n<td width=\"284\">Article<\/td>\n<td width=\"284\">Donn\u00e9es techniques<\/td>\n<\/tr>\n<tr>\n<td width=\"284\">Alimentation \u00e9lectrique<\/td>\n<td width=\"284\">Ligne t\u00e9l\u00e9phonique aliment\u00e9e<\/td>\n<\/tr>\n<tr>\n<td width=\"284\">\u00a0Tension<\/td>\n<td width=\"284\">DC48V<\/td>\n<\/tr>\n<tr>\n<td width=\"284\">Travail de veille courant<\/td>\n<td width=\"284\">\u22641mA<\/td>\n<\/tr>\n<tr>\n<td width=\"284\">R\u00e9ponse en fr\u00e9quence<\/td>\n<td width=\"284\">250 \uff5e 3000 Hz<\/td>\n<\/tr>\n<tr>\n<td width=\"284\">Volume<\/td>\n<td width=\"284\">\u226580 dB (a)<\/td>\n<\/tr>\n<tr>\n<td width=\"284\">Grade de corrosion<\/td>\n<td width=\"284\">WF1<\/td>\n<\/tr>\n<tr>\n<td width=\"284\">Temp\u00e9rature ambiante<\/td>\n<td width=\"284\">-40\uff5e+70\u2103<\/td>\n<\/tr>\n<tr>\n<td width=\"284\">Pression atmosph\u00e9rique<\/td>\n<td width=\"284\">80 \uff5e 110kpa<\/td>\n<\/tr>\n<tr>\n<td width=\"284\">Humidit\u00e9 relative<\/td>\n<td width=\"284\">\u226495%<\/td>\n<\/tr>\n<tr>\n<td width=\"284\">Niveau anti-vandalisme<\/td>\n<td width=\"284\">IK09<\/td>\n<\/tr>\n<tr>\n<td width=\"284\">Installation<\/td>\n<td width=\"284\">Mural<\/td>\n<\/tr>\n<\/tbody>\n<\/table>\n<h2>Dessin de dimension<\/h2>\n<p><img decoding=\"async\" class=\"alignnone wp-image-438 size-large\" src=\"http:\/\/www.siwoc.cc\/wp-content\/uploads\/2024\/12\/\u5c3a\u5bf8\u56fe-3-1024x427.png\" alt=\"\" width=\"800\" height=\"334\" srcset=\"https:\/\/www.sinewo.com\/wp-content\/uploads\/2024\/12\/\u5c3a\u5bf8\u56fe-3-1024x427.png 1024w, https:\/\/www.sinewo.com\/wp-content\/uploads\/2024\/12\/\u5c3a\u5bf8\u56fe-3-300x125.png 300w, https:\/\/www.sinewo.com\/wp-content\/uploads\/2024\/12\/\u5c3a\u5bf8\u56fe-3-768x321.png 768w, https:\/\/www.sinewo.com\/wp-content\/uploads\/2024\/12\/\u5c3a\u5bf8\u56fe-3-600x250.png 600w, https:\/\/www.sinewo.com\/wp-content\/uploads\/2024\/12\/\u5c3a\u5bf8\u56fe-3.png 1301w\" sizes=\"(max-width: 800px) 100vw, 800px\" \/><\/p>\n<h2>Couleur disponible<\/h2>\n<p>Si vous avez une demande de couleur, faites-nous savoir la couleur Pantone No.<\/p>\n<p><img decoding=\"async\" class=\"alignnone wp-image-383 size-full\" src=\"http:\/\/www.siwoc.cc\/wp-content\/uploads\/2024\/12\/4.\u53ef\u9009\u989c\u8272-1.png\" alt=\"\" width=\"900\" height=\"600\" srcset=\"https:\/\/www.sinewo.com\/wp-content\/uploads\/2024\/12\/4.\u53ef\u9009\u989c\u8272-1.png 900w, https:\/\/www.sinewo.com\/wp-content\/uploads\/2024\/12\/4.\u53ef\u9009\u989c\u8272-1-300x200.png 300w, https:\/\/www.sinewo.com\/wp-content\/uploads\/2024\/12\/4.\u53ef\u9009\u989c\u8272-1-768x512.png 768w, https:\/\/www.sinewo.com\/wp-content\/uploads\/2024\/12\/4.\u53ef\u9009\u989c\u8272-1-600x400.png 600w\" sizes=\"(max-width: 900px) 100vw, 900px\" \/><\/p>\n<h2>Machine d'essai<\/h2>\n<p>85% Les pi\u00e8ces de rechange sont produites par notre propre usine et avec des machines de test appari\u00e9es, nous pourrions confirmer directement la fonction et la norme.<\/p>\n<p><img loading=\"lazy\" decoding=\"async\" class=\"alignnone wp-image-384 size-full\" src=\"http:\/\/www.siwoc.cc\/wp-content\/uploads\/2024\/12\/5.-\u8bdd\u673a\u6d4b\u8bd5\u8bbe\u5907\u6d41\u7a0b-1.png\" alt=\"\" width=\"900\" height=\"1083\" srcset=\"https:\/\/www.sinewo.com\/wp-content\/uploads\/2024\/12\/5.-\u8bdd\u673a\u6d4b\u8bd5\u8bbe\u5907\u6d41\u7a0b-1.png 900w, https:\/\/www.sinewo.com\/wp-content\/uploads\/2024\/12\/5.-\u8bdd\u673a\u6d4b\u8bd5\u8bbe\u5907\u6d41\u7a0b-1-249x300.png 249w, https:\/\/www.sinewo.com\/wp-content\/uploads\/2024\/12\/5.-\u8bdd\u673a\u6d4b\u8bd5\u8bbe\u5907\u6d41\u7a0b-1-851x1024.png 851w, https:\/\/www.sinewo.com\/wp-content\/uploads\/2024\/12\/5.-\u8bdd\u673a\u6d4b\u8bd5\u8bbe\u5907\u6d41\u7a0b-1-768x924.png 768w, https:\/\/www.sinewo.com\/wp-content\/uploads\/2024\/12\/5.-\u8bdd\u673a\u6d4b\u8bd5\u8bbe\u5907\u6d41\u7a0b-1-600x722.png 600w\" sizes=\"(max-width: 900px) 100vw, 900px\" \/><\/p>\n<h2><\/h2>\n<h2>Diagramme du syst\u00e8me t\u00e9l\u00e9phonique de prison<\/h2>\n<p>&nbsp;<\/p>\n<p><img loading=\"lazy\" decoding=\"async\" class=\"alignnone size-medium wp-image-406\" src=\"http:\/\/www.siwoc.cc\/wp-content\/uploads\/2024\/12\/\u7535\u8bdd\u7cfb\u7edf\u56fe-2-300x169.jpg\" alt=\"\" width=\"300\" height=\"169\" srcset=\"https:\/\/www.sinewo.com\/wp-content\/uploads\/2024\/12\/\u7535\u8bdd\u7cfb\u7edf\u56fe-2-300x169.jpg 300w, https:\/\/www.sinewo.com\/wp-content\/uploads\/2024\/12\/\u7535\u8bdd\u7cfb\u7edf\u56fe-2-1024x576.jpg 1024w, https:\/\/www.sinewo.com\/wp-content\/uploads\/2024\/12\/\u7535\u8bdd\u7cfb\u7edf\u56fe-2-768x432.jpg 768w, https:\/\/www.sinewo.com\/wp-content\/uploads\/2024\/12\/\u7535\u8bdd\u7cfb\u7edf\u56fe-2-1536x864.jpg 1536w, https:\/\/www.sinewo.com\/wp-content\/uploads\/2024\/12\/\u7535\u8bdd\u7cfb\u7edf\u56fe-2-2048x1152.jpg 2048w, https:\/\/www.sinewo.com\/wp-content\/uploads\/2024\/12\/\u7535\u8bdd\u7cfb\u7edf\u56fe-2-600x338.jpg 600w\" sizes=\"(max-width: 300px) 100vw, 300px\" \/> <img loading=\"lazy\" decoding=\"async\" class=\"alignnone size-medium wp-image-405\" src=\"http:\/\/www.siwoc.cc\/wp-content\/uploads\/2024\/12\/\u7535\u8bdd\u7cfb\u7edf\u56fe-1-300x150.jpg\" alt=\"\" width=\"300\" height=\"150\" srcset=\"https:\/\/www.sinewo.com\/wp-content\/uploads\/2024\/12\/\u7535\u8bdd\u7cfb\u7edf\u56fe-1-300x150.jpg 300w, https:\/\/www.sinewo.com\/wp-content\/uploads\/2024\/12\/\u7535\u8bdd\u7cfb\u7edf\u56fe-1-768x384.jpg 768w, https:\/\/www.sinewo.com\/wp-content\/uploads\/2024\/12\/\u7535\u8bdd\u7cfb\u7edf\u56fe-1-600x300.jpg 600w, https:\/\/www.sinewo.com\/wp-content\/uploads\/2024\/12\/\u7535\u8bdd\u7cfb\u7edf\u56fe-1.jpg 900w\" sizes=\"(max-width: 300px) 100vw, 300px\" \/><\/p>","protected":false},"excerpt":{"rendered":"<p>Ceci est une sorte de t\u00e9l\u00e9phone public avec la classe de protection IP54, si elle sera install\u00e9e en plein air et n'en aura pas de preuves, nous allons renforcer la d\u00e9fense \u00e9tanche \u00e0 IP65 d\u00e9pend de la demande du client. Il s'agit d'un bo\u00eetier solide en acier \u00e0 froid avec une finition enrob\u00e9e de poudre pour une r\u00e9sistance \u00e0 haute m\u00e9canique et une r\u00e9sistance \u00e0 l'impact, un produit tr\u00e8s fiable avec un long MTBF.<br \/>\nAvec le test de production avec de nombreux tests tels que le test acoustique \u00e9lectrique, le test FR, le test \u00e0 haute temp\u00e9rature, le test de dur\u00e9e de vie de travail, etc., chaque t\u00e9l\u00e9phone \u00e9tanche a \u00e9t\u00e9 test\u00e9 imperm\u00e9able et obtient des certificats internationaux. Plus de 85% T\u00e9l\u00e9phone comme Cradle, Keypad, Contanched sont auto-fabriqu\u00e9s, nous pouvons vous offrir une meilleure assurance de qualit\u00e9, apr\u00e8s-vente pour vous.<\/p>","protected":false},"featured_media":434,"template":"","meta":[],"product_cat":[103,94,40],"product_tag":[57,58,27,49],"class_list":{"0":"post-432","1":"product","2":"type-product","3":"status-publish","4":"has-post-thumbnail","6":"product_cat-hot-selling-product","7":"product_cat-sos-tunnel-weatherproof-telephone","8":"product_cat-weatherproof-telephone","9":"product_tag-analog-voip-telephone","10":"product_tag-emergency-industrial-telephone","11":"product_tag-public-telephone","12":"product_tag-weatherproof-telephone","14":"first","15":"instock","16":"shipping-taxable","17":"product-type-simple"},"_links":{"self":[{"href":"https:\/\/www.sinewo.com\/fr\/wp-json\/wp\/v2\/product\/432","targetHints":{"allow":["GET"]}}],"collection":[{"href":"https:\/\/www.sinewo.com\/fr\/wp-json\/wp\/v2\/product"}],"about":[{"href":"https:\/\/www.sinewo.com\/fr\/wp-json\/wp\/v2\/types\/product"}],"version-history":[{"count":2,"href":"https:\/\/www.sinewo.com\/fr\/wp-json\/wp\/v2\/product\/432\/revisions"}],"predecessor-version":[{"id":946,"href":"https:\/\/www.sinewo.com\/fr\/wp-json\/wp\/v2\/product\/432\/revisions\/946"}],"wp:featuredmedia":[{"embeddable":true,"href":"https:\/\/www.sinewo.com\/fr\/wp-json\/wp\/v2\/media\/434"}],"wp:attachment":[{"href":"https:\/\/www.sinewo.com\/fr\/wp-json\/wp\/v2\/media?parent=432"}],"wp:term":[{"taxonomy":"product_cat","embeddable":true,"href":"https:\/\/www.sinewo.com\/fr\/wp-json\/wp\/v2\/product_cat?post=432"},{"taxonomy":"product_tag","embeddable":true,"href":"https:\/\/www.sinewo.com\/fr\/wp-json\/wp\/v2\/product_tag?post=432"}],"curies":[{"name":"wp","href":"https:\/\/api.w.org\/{rel}","templated":true}]}}