{"id":418,"date":"2024-12-27T17:36:59","date_gmt":"2024-12-27T09:36:59","guid":{"rendered":"http:\/\/www.siwoc.cc\/?post_type=product&#038;p=418"},"modified":"2024-12-30T10:24:47","modified_gmt":"2024-12-30T02:24:47","slug":"industrial-weatherproof-voip-intercom-telephone-for-tunnel","status":"publish","type":"product","link":"https:\/\/www.sinewo.com\/fr\/produit\/industrial-weatherproof-voip-intercom-telephone-for-tunnel\/","title":{"rendered":"T\u00e9l\u00e9phone d'interphone VoIP industriel \u00e0 l'\u00e9tanch\u00e9it\u00e9 pour le tunnel"},"content":{"rendered":"<h2>Introduction du produit<\/h2>\n<p>Le t\u00e9l\u00e9phone interphone \u00e0 l'\u00e9preuve des intemp\u00e9ries est con\u00e7u pour la communication vocale dans un environnement s\u00e9v\u00e8re et hostile o\u00f9 l'efficacit\u00e9 et la s\u00e9curit\u00e9 de la fiabilit\u00e9 sont d'une importance primordiale. Les communications de transport comme le tunnel, la marine, le chemin de fer, l'autoroute, le m\u00e9tro, la centrale \u00e9lectrique, le quai, etc.<br \/>\nLe corps du t\u00e9l\u00e9phone, il est en acier roul\u00e9 froid, un mat\u00e9riau tr\u00e8s fort, peut \u00eatre enduit de poudre de diff\u00e9rentes couleurs, utilis\u00e9 avec des \u00e9paisseurs g\u00e9n\u00e9reuses. Le degr\u00e9 de protection est IP67,<br \/>\nPlusieurs versions sont disponibles, avec cordon blind\u00e9 ou spirale en acier inoxydable, avec clavier, sans clavier et sur demande avec des boutons de fonction suppl\u00e9mentaires. Nous avons \u00e9galement le mod\u00e8le avec une cam\u00e9ra si n\u00e9cessaire.<\/p>\n<h2>Caract\u00e9ristiques<\/h2>\n<p>1. T\u00e9l\u00e9phone SIP 2.0 standard.<br \/>\n2. Logement de Robust, corps en aluminium en alliage en alliage.<br \/>\n3. Plaie de face en acier roul\u00e9 avec poudre \u00e9poxy enduit offrant une protection compl\u00e8te contre la poussi\u00e8re et l'humidit\u00e9.<br \/>\n4. boutons en acier inoxydable r\u00e9sistants \u00e0 la vogue.<br \/>\n5. Toute protection contre les intemp\u00e9ries IP66-67.<br \/>\n6. Un bouton de num\u00e9rotation de vitesse.<br \/>\n7.Horn et la lampe sur le dessus sont disponibles.<br \/>\n8. Support G.711 A \/ U, G.722 8000\/16000, G.723, G.729.<br \/>\n9.Wan \/ LAN: mode de support de pont.<br \/>\n10.Support dhcp obtient IP sur le port WAN.<br \/>\n11.Support Pppoe pour xdsl.<br \/>\n12.Support DHCP Get IP sur le port WAN.<br \/>\n13.Temp\u00e9rature: op\u00e9ration: -30 \u00b0 C \u00e0 + 65 \u00b0 C Stockage: -40 \u00b0 C \u00e0 + 75 \u00b0 C.<br \/>\n14. avec une alimentation externe, le niveau sonore est sup\u00e9rieur \u00e0 80 dB.<br \/>\n15. fonctionnement sans main.<br \/>\n16.<br \/>\n17. Pi\u00e8ce de rechange t\u00e9l\u00e9phonique faite \u00e0 l'auto-parole disponible.<br \/>\n18.CE, FCC, ROHS, ISO9001 conforme.<\/p>\n<h2>Application<\/h2>\n<p>Ce t\u00e9l\u00e9phone interphone r\u00e9sistant aux intemp\u00e9ries est tr\u00e8s populaire pour les communications de construction, les tunnels, l'exploitation mini\u00e8re, la marine, les stations de m\u00e9tro, la plate-forme ferroviaire, le c\u00f4t\u00e9 routier, les parkings, les usines d'acier, les centrales chimiques, les centrales \u00e9lectriques et l'application industrielle lourde connexe, etc.<\/p>\n<p><img fetchpriority=\"high\" decoding=\"async\" class=\"alignnone wp-image-407 size-full\" src=\"http:\/\/www.siwoc.cc\/wp-content\/uploads\/2024\/12\/\u9632\u6c34\u6848\u4f8b.jpg\" alt=\"\" width=\"750\" height=\"419\" srcset=\"https:\/\/www.sinewo.com\/wp-content\/uploads\/2024\/12\/\u9632\u6c34\u6848\u4f8b.jpg 750w, https:\/\/www.sinewo.com\/wp-content\/uploads\/2024\/12\/\u9632\u6c34\u6848\u4f8b-300x168.jpg 300w, https:\/\/www.sinewo.com\/wp-content\/uploads\/2024\/12\/\u9632\u6c34\u6848\u4f8b-600x335.jpg 600w\" sizes=\"(max-width: 750px) 100vw, 750px\" \/><\/p>\n<h2>Param\u00e8tres<\/h2>\n<table>\n<tbody>\n<tr>\n<td width=\"284\">Article<\/td>\n<td width=\"284\">Donn\u00e9es techniques<\/td>\n<\/tr>\n<tr>\n<td width=\"284\">Alimentation \u00e9lectrique<\/td>\n<td width=\"284\">\u00a0Poe ou 12VDC<\/td>\n<\/tr>\n<tr>\n<td width=\"284\">Travail de veille courant<\/td>\n<td width=\"284\">\u22641mA<\/td>\n<\/tr>\n<tr>\n<td width=\"284\">R\u00e9ponse en fr\u00e9quence<\/td>\n<td width=\"284\">250 \uff5e 3000 Hz<\/td>\n<\/tr>\n<tr>\n<td width=\"284\">Volume<\/td>\n<td width=\"284\">\u2264 90 dB (a)<\/td>\n<\/tr>\n<tr>\n<td width=\"284\">Grade de corrosion<\/td>\n<td width=\"284\">WF2<\/td>\n<\/tr>\n<tr>\n<td width=\"284\">Temp\u00e9rature ambiante<\/td>\n<td width=\"284\">-40\uff5e+70\u2103<\/td>\n<\/tr>\n<tr>\n<td width=\"284\">Pression atmosph\u00e9rique<\/td>\n<td width=\"284\">80 \uff5e 110kpa<\/td>\n<\/tr>\n<tr>\n<td width=\"284\">Humidit\u00e9 relative<\/td>\n<td width=\"284\">\u226495%<\/td>\n<\/tr>\n<tr>\n<td width=\"284\">Niveau anti-vandalisme<\/td>\n<td width=\"284\">IK09<\/td>\n<\/tr>\n<tr>\n<td width=\"284\">Installation<\/td>\n<td width=\"284\">Mural<\/td>\n<\/tr>\n<tr>\n<td width=\"284\">Alimentation \u00e9lectrique<\/td>\n<td width=\"284\">\u00a0Poe ou 12VDC<\/td>\n<\/tr>\n<\/tbody>\n<\/table>\n<h2>Dessin de dimension<\/h2>\n<p><img decoding=\"async\" class=\"alignnone wp-image-430 size-full\" src=\"http:\/\/www.siwoc.cc\/wp-content\/uploads\/2024\/12\/\u56fe\u72474.png\" alt=\"\" width=\"892\" height=\"655\" srcset=\"https:\/\/www.sinewo.com\/wp-content\/uploads\/2024\/12\/\u56fe\u72474.png 892w, https:\/\/www.sinewo.com\/wp-content\/uploads\/2024\/12\/\u56fe\u72474-300x220.png 300w, https:\/\/www.sinewo.com\/wp-content\/uploads\/2024\/12\/\u56fe\u72474-768x564.png 768w, https:\/\/www.sinewo.com\/wp-content\/uploads\/2024\/12\/\u56fe\u72474-600x441.png 600w\" sizes=\"(max-width: 892px) 100vw, 892px\" \/><\/p>\n<h2>Couleur disponible<\/h2>\n<p>Si vous avez une demande de couleur, faites-nous savoir la couleur Pantone No.<\/p>\n<p><img decoding=\"async\" class=\"alignnone wp-image-383 size-full\" src=\"http:\/\/www.siwoc.cc\/wp-content\/uploads\/2024\/12\/4.\u53ef\u9009\u989c\u8272-1.png\" alt=\"\" width=\"900\" height=\"600\" srcset=\"https:\/\/www.sinewo.com\/wp-content\/uploads\/2024\/12\/4.\u53ef\u9009\u989c\u8272-1.png 900w, https:\/\/www.sinewo.com\/wp-content\/uploads\/2024\/12\/4.\u53ef\u9009\u989c\u8272-1-300x200.png 300w, https:\/\/www.sinewo.com\/wp-content\/uploads\/2024\/12\/4.\u53ef\u9009\u989c\u8272-1-768x512.png 768w, https:\/\/www.sinewo.com\/wp-content\/uploads\/2024\/12\/4.\u53ef\u9009\u989c\u8272-1-600x400.png 600w\" sizes=\"(max-width: 900px) 100vw, 900px\" \/><\/p>\n<h2>Machine d'essai<\/h2>\n<p>85% Les pi\u00e8ces de rechange sont produites par notre propre usine et avec des machines de test appari\u00e9es, nous pourrions confirmer directement la fonction et la norme.<\/p>\n<p><img loading=\"lazy\" decoding=\"async\" class=\"alignnone wp-image-384 size-full\" src=\"http:\/\/www.siwoc.cc\/wp-content\/uploads\/2024\/12\/5.-\u8bdd\u673a\u6d4b\u8bd5\u8bbe\u5907\u6d41\u7a0b-1.png\" alt=\"\" width=\"900\" height=\"1083\" srcset=\"https:\/\/www.sinewo.com\/wp-content\/uploads\/2024\/12\/5.-\u8bdd\u673a\u6d4b\u8bd5\u8bbe\u5907\u6d41\u7a0b-1.png 900w, https:\/\/www.sinewo.com\/wp-content\/uploads\/2024\/12\/5.-\u8bdd\u673a\u6d4b\u8bd5\u8bbe\u5907\u6d41\u7a0b-1-249x300.png 249w, https:\/\/www.sinewo.com\/wp-content\/uploads\/2024\/12\/5.-\u8bdd\u673a\u6d4b\u8bd5\u8bbe\u5907\u6d41\u7a0b-1-851x1024.png 851w, https:\/\/www.sinewo.com\/wp-content\/uploads\/2024\/12\/5.-\u8bdd\u673a\u6d4b\u8bd5\u8bbe\u5907\u6d41\u7a0b-1-768x924.png 768w, https:\/\/www.sinewo.com\/wp-content\/uploads\/2024\/12\/5.-\u8bdd\u673a\u6d4b\u8bd5\u8bbe\u5907\u6d41\u7a0b-1-600x722.png 600w\" sizes=\"(max-width: 900px) 100vw, 900px\" \/><\/p>\n<h2><\/h2>\n<h2>Diagramme du syst\u00e8me t\u00e9l\u00e9phonique de prison<\/h2>\n<p>&nbsp;<\/p>\n<p><img loading=\"lazy\" decoding=\"async\" class=\"alignnone size-medium wp-image-406\" src=\"http:\/\/www.siwoc.cc\/wp-content\/uploads\/2024\/12\/\u7535\u8bdd\u7cfb\u7edf\u56fe-2-300x169.jpg\" alt=\"\" width=\"300\" height=\"169\" srcset=\"https:\/\/www.sinewo.com\/wp-content\/uploads\/2024\/12\/\u7535\u8bdd\u7cfb\u7edf\u56fe-2-300x169.jpg 300w, https:\/\/www.sinewo.com\/wp-content\/uploads\/2024\/12\/\u7535\u8bdd\u7cfb\u7edf\u56fe-2-1024x576.jpg 1024w, https:\/\/www.sinewo.com\/wp-content\/uploads\/2024\/12\/\u7535\u8bdd\u7cfb\u7edf\u56fe-2-768x432.jpg 768w, https:\/\/www.sinewo.com\/wp-content\/uploads\/2024\/12\/\u7535\u8bdd\u7cfb\u7edf\u56fe-2-1536x864.jpg 1536w, https:\/\/www.sinewo.com\/wp-content\/uploads\/2024\/12\/\u7535\u8bdd\u7cfb\u7edf\u56fe-2-2048x1152.jpg 2048w, https:\/\/www.sinewo.com\/wp-content\/uploads\/2024\/12\/\u7535\u8bdd\u7cfb\u7edf\u56fe-2-600x338.jpg 600w\" sizes=\"(max-width: 300px) 100vw, 300px\" \/> <img loading=\"lazy\" decoding=\"async\" class=\"alignnone size-medium wp-image-405\" src=\"http:\/\/www.siwoc.cc\/wp-content\/uploads\/2024\/12\/\u7535\u8bdd\u7cfb\u7edf\u56fe-1-300x150.jpg\" alt=\"\" width=\"300\" height=\"150\" srcset=\"https:\/\/www.sinewo.com\/wp-content\/uploads\/2024\/12\/\u7535\u8bdd\u7cfb\u7edf\u56fe-1-300x150.jpg 300w, https:\/\/www.sinewo.com\/wp-content\/uploads\/2024\/12\/\u7535\u8bdd\u7cfb\u7edf\u56fe-1-768x384.jpg 768w, https:\/\/www.sinewo.com\/wp-content\/uploads\/2024\/12\/\u7535\u8bdd\u7cfb\u7edf\u56fe-1-600x300.jpg 600w, https:\/\/www.sinewo.com\/wp-content\/uploads\/2024\/12\/\u7535\u8bdd\u7cfb\u7edf\u56fe-1.jpg 900w\" sizes=\"(max-width: 300px) 100vw, 300px\" \/><\/p>","protected":false},"excerpt":{"rendered":"<p>Ningbo JOIWO est une fabrication de t\u00e9l\u00e9phonie t\u00e9l\u00e9phonique \/ chemin de fer \/ t\u00e9l\u00e9phone routier du tunnel. Nous produisons une grande quantit\u00e9 de t\u00e9l\u00e9phone tunnel et d'exportation vers de nombreux pays. Les t\u00e9l\u00e9phones industriels r\u00e9sistants aux intemp\u00e9ries sont largement utilis\u00e9s dans le bord de la voie ferr\u00e9e. La majeure partie de la ligne de m\u00e9tro sous le sol \u00e0 l'int\u00e9rieur du tunnel doit installer le t\u00e9l\u00e9phone du tunnel. Ce t\u00e9l\u00e9phone de m\u00e9tro install\u00e9 au tunnel et au m\u00e9tro n\u00e9cessite WaterPoof IP66. Le t\u00e9l\u00e9phone du m\u00e9tro doit \u00eatre robuste et rubost.<\/p>\n<p>T\u00e9l\u00e9phones robustes imperm\u00e9ables IP66 PR\u00c9PENCE DUS\u00c9RIEUX POUR ENVIRONNEMENT OUTDOOR. T\u00e9l\u00e9phones difficiles avec porte et appel hotline sans mains. Travaillez dans des conditions robustes en analogique et VoIP.<\/p>\n<p>Il est sp\u00e9cialement con\u00e7u pour \u00eatre utilis\u00e9 dans un environnement humide \u00e9lev\u00e9 de toutes sortes de tunnels \u00e9lectriques, avec les caract\u00e9ristiques d'une protection \u00e9lev\u00e9e et une faible consommation d'\u00e9nergie. Une ligne peut prendre en charge 10 ensembles de t\u00e9l\u00e9phones, et la norme de l'envoi du code DTMF d\u00e9passe 10 kilom\u00e8tres. Avec des haut-parleurs 3W int\u00e9gr\u00e9s, la voix est claire et bruyante. La distance de transmission pourrait atteindre 10 kilom\u00e8tres sans alimentation suppl\u00e9mentaire.<\/p>","protected":false},"featured_media":426,"template":"","meta":[],"product_cat":[92,40],"product_tag":[55,54,56,53,52],"class_list":{"0":"post-418","1":"product","2":"type-product","3":"status-publish","4":"has-post-thumbnail","6":"product_cat-industrial-weatherproof-telephone","7":"product_cat-weatherproof-telephone","8":"product_tag-highway-telephone","9":"product_tag-railway-telephone","10":"product_tag-rugged-telephones","11":"product_tag-tunnel-telephone","12":"product_tag-voip-intercom-telephone","14":"first","15":"instock","16":"shipping-taxable","17":"product-type-simple"},"_links":{"self":[{"href":"https:\/\/www.sinewo.com\/fr\/wp-json\/wp\/v2\/product\/418","targetHints":{"allow":["GET"]}}],"collection":[{"href":"https:\/\/www.sinewo.com\/fr\/wp-json\/wp\/v2\/product"}],"about":[{"href":"https:\/\/www.sinewo.com\/fr\/wp-json\/wp\/v2\/types\/product"}],"version-history":[{"count":1,"href":"https:\/\/www.sinewo.com\/fr\/wp-json\/wp\/v2\/product\/418\/revisions"}],"predecessor-version":[{"id":425,"href":"https:\/\/www.sinewo.com\/fr\/wp-json\/wp\/v2\/product\/418\/revisions\/425"}],"wp:featuredmedia":[{"embeddable":true,"href":"https:\/\/www.sinewo.com\/fr\/wp-json\/wp\/v2\/media\/426"}],"wp:attachment":[{"href":"https:\/\/www.sinewo.com\/fr\/wp-json\/wp\/v2\/media?parent=418"}],"wp:term":[{"taxonomy":"product_cat","embeddable":true,"href":"https:\/\/www.sinewo.com\/fr\/wp-json\/wp\/v2\/product_cat?post=418"},{"taxonomy":"product_tag","embeddable":true,"href":"https:\/\/www.sinewo.com\/fr\/wp-json\/wp\/v2\/product_tag?post=418"}],"curies":[{"name":"wp","href":"https:\/\/api.w.org\/{rel}","templated":true}]}}