{"id":412,"date":"2025-01-15T17:30:50","date_gmt":"2025-01-15T09:30:50","guid":{"rendered":"http:\/\/www.siwoc.cc\/?post_type=product&#038;p=412"},"modified":"2025-01-16T14:58:31","modified_gmt":"2025-01-16T06:58:31","slug":"engineer-plastic-industrial-weatherproof-telephone-for-railway-project-jwat304","status":"publish","type":"product","link":"https:\/\/www.sinewo.com\/fr\/produit\/engineer-plastic-industrial-weatherproof-telephone-for-railway-project-jwat304\/","title":{"rendered":"Ing\u00e9nieur Plastic industriel T\u00e9l\u00e9phone r\u00e9sistant aux intemp\u00e9ries pour le projet de chemin de fer JWAT304"},"content":{"rendered":"<h2>Introduction du produit<\/h2>\n<p>Le t\u00e9l\u00e9phone r\u00e9sistant aux intemp\u00e9ries est con\u00e7u pour la communication vocale dans un environnement s\u00e9v\u00e8re et hostile o\u00f9 l'efficacit\u00e9 et la s\u00e9curit\u00e9 de la fiabilit\u00e9 sont d'une importance primordiale. Tunnel, marin, chemin de fer, autoroute, souterrain, centrale \u00e9lectrique, quai, etc.<br \/>\nLe corps du t\u00e9l\u00e9phone est en plastique d'ing\u00e9nierie, un mat\u00e9riau de moulage par injection tr\u00e8s fort, utilis\u00e9 avec des \u00e9paisseurs g\u00e9n\u00e9reuses. Le degr\u00e9 de protection est IP67, m\u00eame avec la porte ouverte. La porte participe \u00e0 garder les pi\u00e8ces int\u00e9rieures comme le combin\u00e9 et le clavier propre.<\/p>\n<h2>Caract\u00e9ristiques<\/h2>\n<p>1. Scellon de moulage par injection plastique de l'ing\u00e9nierie, une r\u00e9sistance m\u00e9canique \u00e9lev\u00e9e et une forte r\u00e9sistance \u00e0 l'impact.<br \/>\n2.Pone analogique standard.<br \/>\n3. Contr\u00f4le de service Heavy avec un r\u00e9cepteur compatible avec les aides auditives, microphone d'annulation du bruit.<br \/>\n4. Classe de protection contre la preuve du temps \u00e0 IP65.<br \/>\n5. Clavier complet en alliage de zinc en eau avec des touches de fonction qui peuvent \u00eatre programm\u00e9es en tant que bouton de rappel \/ Redial \/ Flash Rappel \/ MUTE \/ MUTE.<br \/>\n6. Installation simple mont\u00e9e sur paroi simple.<br \/>\n7.Connection: RJ11 screw terminal pair cable.<br \/>\n8. Niveau de sonnerie: plus de 80 dB (A).<br \/>\n9.Les couleurs disponibles en option.<br \/>\n10. Pi\u00e8ce de rechange t\u00e9l\u00e9phonique auto-faite disponible.<br \/>\n11. CE, FCC, ROHS, ISO9001 conforme.<\/p>\n<h2>Application<\/h2>\n<p>Ce t\u00e9l\u00e9phone r\u00e9sistant aux intemp\u00e9ries est tr\u00e8s populaire pour les marins, les tunnels, l'exploitation mini\u00e8re, le m\u00e9tro, les stations de m\u00e9tro, la plate-forme ferroviaire, le c\u00f4t\u00e9 routier, les parkings, les usines d'acier, les centrales chimiques, les centrales \u00e9lectriques et l'application industrielle lourde associ\u00e9e, etc.<\/p>\n<p><img fetchpriority=\"high\" decoding=\"async\" class=\"alignnone wp-image-407 size-full\" src=\"http:\/\/www.siwoc.cc\/wp-content\/uploads\/2024\/12\/\u9632\u6c34\u6848\u4f8b.jpg\" alt=\"\" width=\"750\" height=\"419\" srcset=\"https:\/\/www.sinewo.com\/wp-content\/uploads\/2024\/12\/\u9632\u6c34\u6848\u4f8b.jpg 750w, https:\/\/www.sinewo.com\/wp-content\/uploads\/2024\/12\/\u9632\u6c34\u6848\u4f8b-300x168.jpg 300w, https:\/\/www.sinewo.com\/wp-content\/uploads\/2024\/12\/\u9632\u6c34\u6848\u4f8b-600x335.jpg 600w\" sizes=\"(max-width: 750px) 100vw, 750px\" \/><\/p>\n<h2>Param\u00e8tres<\/h2>\n<table>\n<tbody>\n<tr>\n<td width=\"284\">Article<\/td>\n<td width=\"284\">Donn\u00e9es techniques<\/td>\n<\/tr>\n<tr>\n<td width=\"284\">Alimentation \u00e9lectrique<\/td>\n<td width=\"284\">Ligne t\u00e9l\u00e9phonique aliment\u00e9e<\/td>\n<\/tr>\n<tr>\n<td width=\"284\">Tension<\/td>\n<td width=\"284\">24\u201365 VDC<\/td>\n<\/tr>\n<tr>\n<td width=\"284\">Travail de veille courant<\/td>\n<td width=\"284\">\u22640.2A<\/td>\n<\/tr>\n<tr>\n<td width=\"284\">R\u00e9ponse en fr\u00e9quence<\/td>\n<td width=\"284\">250 \uff5e 3000 Hz<\/td>\n<\/tr>\n<tr>\n<td width=\"284\">Volume<\/td>\n<td width=\"284\">&gt; 80 dB (a)<\/td>\n<\/tr>\n<tr>\n<td width=\"284\">Grade de corrosion<\/td>\n<td width=\"284\">WF1<\/td>\n<\/tr>\n<tr>\n<td width=\"284\">Temp\u00e9rature ambiante<\/td>\n<td width=\"284\">-40\uff5e+60\u2103<\/td>\n<\/tr>\n<tr>\n<td width=\"284\">Pression atmosph\u00e9rique<\/td>\n<td width=\"284\">80 \uff5e 110kpa<\/td>\n<\/tr>\n<tr>\n<td width=\"284\">Humidit\u00e9 relative<\/td>\n<td width=\"284\">\u226495%<\/td>\n<\/tr>\n<tr>\n<td width=\"284\">Lead Hole<\/td>\n<td width=\"284\">1-PG11<\/td>\n<\/tr>\n<tr>\n<td width=\"284\">Installation<\/td>\n<td width=\"284\">Mural<\/td>\n<\/tr>\n<\/tbody>\n<\/table>\n<h2>Dessin de dimension<\/h2>\n<p><img decoding=\"async\" class=\"alignnone wp-image-413 size-full\" src=\"http:\/\/www.siwoc.cc\/wp-content\/uploads\/2024\/12\/\u5c3a\u5bf8\u56fe-1.png\" alt=\"\" width=\"800\" height=\"292\" srcset=\"https:\/\/www.sinewo.com\/wp-content\/uploads\/2024\/12\/\u5c3a\u5bf8\u56fe-1.png 800w, https:\/\/www.sinewo.com\/wp-content\/uploads\/2024\/12\/\u5c3a\u5bf8\u56fe-1-300x110.png 300w, https:\/\/www.sinewo.com\/wp-content\/uploads\/2024\/12\/\u5c3a\u5bf8\u56fe-1-768x280.png 768w, https:\/\/www.sinewo.com\/wp-content\/uploads\/2024\/12\/\u5c3a\u5bf8\u56fe-1-600x219.png 600w\" sizes=\"(max-width: 800px) 100vw, 800px\" \/><\/p>\n<h2>Couleur disponible<\/h2>\n<p>Si vous avez une demande de couleur, faites-nous savoir la couleur Pantone No.<\/p>\n<p><img decoding=\"async\" class=\"alignnone wp-image-383 size-full\" src=\"http:\/\/www.siwoc.cc\/wp-content\/uploads\/2024\/12\/4.\u53ef\u9009\u989c\u8272-1.png\" alt=\"\" width=\"900\" height=\"600\" srcset=\"https:\/\/www.sinewo.com\/wp-content\/uploads\/2024\/12\/4.\u53ef\u9009\u989c\u8272-1.png 900w, https:\/\/www.sinewo.com\/wp-content\/uploads\/2024\/12\/4.\u53ef\u9009\u989c\u8272-1-300x200.png 300w, https:\/\/www.sinewo.com\/wp-content\/uploads\/2024\/12\/4.\u53ef\u9009\u989c\u8272-1-768x512.png 768w, https:\/\/www.sinewo.com\/wp-content\/uploads\/2024\/12\/4.\u53ef\u9009\u989c\u8272-1-600x400.png 600w\" sizes=\"(max-width: 900px) 100vw, 900px\" \/><\/p>\n<h2>Machine d'essai<\/h2>\n<p>85% Les pi\u00e8ces de rechange sont produites par notre propre usine et avec des machines de test appari\u00e9es, nous pourrions confirmer directement la fonction et la norme.<\/p>\n<p><img loading=\"lazy\" decoding=\"async\" class=\"alignnone wp-image-384 size-full\" src=\"http:\/\/www.siwoc.cc\/wp-content\/uploads\/2024\/12\/5.-\u8bdd\u673a\u6d4b\u8bd5\u8bbe\u5907\u6d41\u7a0b-1.png\" alt=\"\" width=\"900\" height=\"1083\" srcset=\"https:\/\/www.sinewo.com\/wp-content\/uploads\/2024\/12\/5.-\u8bdd\u673a\u6d4b\u8bd5\u8bbe\u5907\u6d41\u7a0b-1.png 900w, https:\/\/www.sinewo.com\/wp-content\/uploads\/2024\/12\/5.-\u8bdd\u673a\u6d4b\u8bd5\u8bbe\u5907\u6d41\u7a0b-1-249x300.png 249w, https:\/\/www.sinewo.com\/wp-content\/uploads\/2024\/12\/5.-\u8bdd\u673a\u6d4b\u8bd5\u8bbe\u5907\u6d41\u7a0b-1-851x1024.png 851w, https:\/\/www.sinewo.com\/wp-content\/uploads\/2024\/12\/5.-\u8bdd\u673a\u6d4b\u8bd5\u8bbe\u5907\u6d41\u7a0b-1-768x924.png 768w, https:\/\/www.sinewo.com\/wp-content\/uploads\/2024\/12\/5.-\u8bdd\u673a\u6d4b\u8bd5\u8bbe\u5907\u6d41\u7a0b-1-600x722.png 600w\" sizes=\"(max-width: 900px) 100vw, 900px\" \/><\/p>\n<h2><\/h2>\n<h2>Diagramme du syst\u00e8me t\u00e9l\u00e9phonique de prison<\/h2>\n<p>&nbsp;<\/p>\n<p><img loading=\"lazy\" decoding=\"async\" class=\"alignnone size-medium wp-image-406\" src=\"http:\/\/www.siwoc.cc\/wp-content\/uploads\/2024\/12\/\u7535\u8bdd\u7cfb\u7edf\u56fe-2-300x169.jpg\" alt=\"\" width=\"300\" height=\"169\" srcset=\"https:\/\/www.sinewo.com\/wp-content\/uploads\/2024\/12\/\u7535\u8bdd\u7cfb\u7edf\u56fe-2-300x169.jpg 300w, https:\/\/www.sinewo.com\/wp-content\/uploads\/2024\/12\/\u7535\u8bdd\u7cfb\u7edf\u56fe-2-1024x576.jpg 1024w, https:\/\/www.sinewo.com\/wp-content\/uploads\/2024\/12\/\u7535\u8bdd\u7cfb\u7edf\u56fe-2-768x432.jpg 768w, https:\/\/www.sinewo.com\/wp-content\/uploads\/2024\/12\/\u7535\u8bdd\u7cfb\u7edf\u56fe-2-1536x864.jpg 1536w, https:\/\/www.sinewo.com\/wp-content\/uploads\/2024\/12\/\u7535\u8bdd\u7cfb\u7edf\u56fe-2-2048x1152.jpg 2048w, https:\/\/www.sinewo.com\/wp-content\/uploads\/2024\/12\/\u7535\u8bdd\u7cfb\u7edf\u56fe-2-600x338.jpg 600w\" sizes=\"(max-width: 300px) 100vw, 300px\" \/> <img loading=\"lazy\" decoding=\"async\" class=\"alignnone size-medium wp-image-405\" src=\"http:\/\/www.siwoc.cc\/wp-content\/uploads\/2024\/12\/\u7535\u8bdd\u7cfb\u7edf\u56fe-1-300x150.jpg\" alt=\"\" width=\"300\" height=\"150\" srcset=\"https:\/\/www.sinewo.com\/wp-content\/uploads\/2024\/12\/\u7535\u8bdd\u7cfb\u7edf\u56fe-1-300x150.jpg 300w, https:\/\/www.sinewo.com\/wp-content\/uploads\/2024\/12\/\u7535\u8bdd\u7cfb\u7edf\u56fe-1-768x384.jpg 768w, https:\/\/www.sinewo.com\/wp-content\/uploads\/2024\/12\/\u7535\u8bdd\u7cfb\u7edf\u56fe-1-600x300.jpg 600w, https:\/\/www.sinewo.com\/wp-content\/uploads\/2024\/12\/\u7535\u8bdd\u7cfb\u7edf\u56fe-1.jpg 900w\" sizes=\"(max-width: 300px) 100vw, 300px\" \/><\/p>","protected":false},"excerpt":{"rendered":"<p>Le t\u00e9l\u00e9phone \u00e9tanche en plastique JWAT304 a des versions IP et analogiques de deux syst\u00e8mes de communication. Ce mod\u00e8le est le choix le plus \u00e9conomique pour les clients et l'entrepreneur de projet avec un budget limit\u00e9. Ce t\u00e9l\u00e9phone r\u00e9sistant aux intemp\u00e9ries peut \u00e9galement \u00eatre utilis\u00e9 \u00e0 c\u00f4t\u00e9 de la piscine pour les maisons.<\/p>","protected":false},"featured_media":415,"template":"","meta":[],"product_cat":[91,40],"product_tag":[45,46,48,47,49],"class_list":{"0":"post-412","1":"product","2":"type-product","3":"status-publish","4":"has-post-thumbnail","6":"product_cat-emergency-weatherproof-telephone","7":"product_cat-weatherproof-telephone","8":"product_tag-industrial-weatherproof-telephone","9":"product_tag-railway-project","10":"product_tag-underground-applications","11":"product_tag-water-resistant-telephone","12":"product_tag-weatherproof-telephone","14":"first","15":"instock","16":"shipping-taxable","17":"product-type-simple"},"_links":{"self":[{"href":"https:\/\/www.sinewo.com\/fr\/wp-json\/wp\/v2\/product\/412","targetHints":{"allow":["GET"]}}],"collection":[{"href":"https:\/\/www.sinewo.com\/fr\/wp-json\/wp\/v2\/product"}],"about":[{"href":"https:\/\/www.sinewo.com\/fr\/wp-json\/wp\/v2\/types\/product"}],"version-history":[{"count":3,"href":"https:\/\/www.sinewo.com\/fr\/wp-json\/wp\/v2\/product\/412\/revisions"}],"predecessor-version":[{"id":952,"href":"https:\/\/www.sinewo.com\/fr\/wp-json\/wp\/v2\/product\/412\/revisions\/952"}],"wp:featuredmedia":[{"embeddable":true,"href":"https:\/\/www.sinewo.com\/fr\/wp-json\/wp\/v2\/media\/415"}],"wp:attachment":[{"href":"https:\/\/www.sinewo.com\/fr\/wp-json\/wp\/v2\/media?parent=412"}],"wp:term":[{"taxonomy":"product_cat","embeddable":true,"href":"https:\/\/www.sinewo.com\/fr\/wp-json\/wp\/v2\/product_cat?post=412"},{"taxonomy":"product_tag","embeddable":true,"href":"https:\/\/www.sinewo.com\/fr\/wp-json\/wp\/v2\/product_tag?post=412"}],"curies":[{"name":"wp","href":"https:\/\/api.w.org\/{rel}","templated":true}]}}