{"id":401,"date":"2024-12-27T17:21:32","date_gmt":"2024-12-27T09:21:32","guid":{"rendered":"http:\/\/www.siwoc.cc\/?post_type=product&#038;p=401"},"modified":"2024-12-30T10:21:40","modified_gmt":"2024-12-30T02:21:40","slug":"industrial-ip-weatherproof-telephone-for-tunnel-project","status":"publish","type":"product","link":"https:\/\/www.sinewo.com\/fr\/produit\/industrial-ip-weatherproof-telephone-for-tunnel-project\/","title":{"rendered":"T\u00e9l\u00e9phone industriel industriel pour le projet de tunnel"},"content":{"rendered":"<h2>Introduction du produit<\/h2>\n<p>Le t\u00e9l\u00e9phone lourd r\u00e9sistant aux intemp\u00e9ries est con\u00e7u pour la communication vocale dans un environnement s\u00e9v\u00e8re et hostile o\u00f9 l'efficacit\u00e9 et la s\u00e9curit\u00e9 de la fiabilit\u00e9 sont d'une importance primordiale. Tunnel, marin, chemin de fer, autoroute, clandestin, centrale \u00e9lectrique, quai, etc.<br \/>\nLe corps du t\u00e9l\u00e9phone est fait d'alliage d'aluminium, un mat\u00e9riau de d\u00e9p\u00e9rissement tr\u00e8s fort, utilis\u00e9 avec des \u00e9paisseurs g\u00e9n\u00e9reuses. Le degr\u00e9 de protection est IP67, m\u00eame avec la porte ouverte. La porte participe \u00e0 garder les pi\u00e8ces int\u00e9rieures comme le combin\u00e9 et le clavier propre.<br \/>\nPlusieurs versions sont disponibles, avec cordon blind\u00e9 ou spirale en acier inoxydable, avec ou sans porte, avec clavier, sans clavier et sur demande avec des boutons de fonction suppl\u00e9mentaires.<\/p>\n<h2>Caract\u00e9ristiques<\/h2>\n<p>1. coque de casting en alliage en aluminium, r\u00e9sistance m\u00e9canique \u00e9lev\u00e9e et forte r\u00e9sistance \u00e0 l'impact.<br \/>\n2.<br \/>\n3. Clavier \u00e9clair\u00e9 en acier inoxydable. Les Buttons peuvent \u00eatre programm\u00e9s comme bouton de fonction comme SOS, r\u00e9p\u00e9ter, etc.<br \/>\n4. Prise en charge de 2 lignes SIP, SIP 2.0 (RFC3261).<br \/>\n5. Codes audio: G.711, G.722, G.729.<br \/>\n6. Protocoles IP: IPv4, TCP, UDP, TFTP, RTP, RTCP, DHCP, SIP.<br \/>\n7. Code d'annulation d'\u00e9cho: G.167 \/ G.168.<br \/>\n8. prend en charge le duplex complet.<br \/>\n9. WAN \/ LAN: mode de support de pont.<br \/>\n10.Support dhcp obtient IP sur le port WAN.<br \/>\n11.Support Pppoe pour xdsl.<br \/>\n12.Support DHCP Get IP sur le port WAN.<br \/>\n13.Veat Proof Protection Classe \u00e0 IP67.<br \/>\n14.M\u00e9diction mont\u00e9e, installation simple.<br \/>\n15.Les couleurs disponibles en option.<br \/>\n16. Pi\u00e8ce de rechange t\u00e9l\u00e9phonique auto-faite disponible. 18. CE, FCC, ROHS, ISO9001 conforme<\/p>\n<h2>Application<\/h2>\n<p>Ce t\u00e9l\u00e9phone r\u00e9sistant aux intemp\u00e9ries est tr\u00e8s populaire pour les tunnels, l'exploitation mini\u00e8re, la marine, la clandestinit\u00e9, les stations de m\u00e9tro, la plate-forme ferroviaire, le c\u00f4t\u00e9 routier, les parkings, les usines d'acier, les centrales chimiques, les centrales \u00e9lectriques et l'application industrielle lourde connexe, etc.<\/p>\n<p><img fetchpriority=\"high\" decoding=\"async\" class=\"alignnone wp-image-407 size-full\" src=\"http:\/\/www.siwoc.cc\/wp-content\/uploads\/2024\/12\/\u9632\u6c34\u6848\u4f8b.jpg\" alt=\"\" width=\"750\" height=\"419\" srcset=\"https:\/\/www.sinewo.com\/wp-content\/uploads\/2024\/12\/\u9632\u6c34\u6848\u4f8b.jpg 750w, https:\/\/www.sinewo.com\/wp-content\/uploads\/2024\/12\/\u9632\u6c34\u6848\u4f8b-300x168.jpg 300w, https:\/\/www.sinewo.com\/wp-content\/uploads\/2024\/12\/\u9632\u6c34\u6848\u4f8b-600x335.jpg 600w\" sizes=\"(max-width: 750px) 100vw, 750px\" \/><\/p>\n<h2>Param\u00e8tres<\/h2>\n<table>\n<tbody>\n<tr>\n<td width=\"284\">Article<\/td>\n<td width=\"284\">Donn\u00e9es techniques<\/td>\n<\/tr>\n<tr>\n<td width=\"284\">Tension du signal<\/td>\n<td width=\"284\">Poe, 12v DC ou 100-230VAC<\/td>\n<\/tr>\n<tr>\n<td width=\"284\">Travail de veille courant<\/td>\n<td width=\"284\">\u22640.2A<\/td>\n<\/tr>\n<tr>\n<td width=\"284\">R\u00e9ponse en fr\u00e9quence<\/td>\n<td width=\"284\">250 \uff5e 3000 Hz<\/td>\n<\/tr>\n<tr>\n<td width=\"284\">Volume<\/td>\n<td width=\"284\">&gt; 85 dB (a)<\/td>\n<\/tr>\n<tr>\n<td width=\"284\">Grade de corrosion<\/td>\n<td width=\"284\">WF2<\/td>\n<\/tr>\n<tr>\n<td width=\"284\">Temp\u00e9rature ambiante<\/td>\n<td width=\"284\">-40\uff5e+70\u2103<\/td>\n<\/tr>\n<tr>\n<td width=\"284\">Pression atmosph\u00e9rique<\/td>\n<td width=\"284\">80 \uff5e 110kpa<\/td>\n<\/tr>\n<tr>\n<td width=\"284\">Humidit\u00e9 relative<\/td>\n<td width=\"284\">\u226495%<\/td>\n<\/tr>\n<tr>\n<td width=\"284\">Glande de c\u00e2ble<\/td>\n<td width=\"284\">2-PG11<\/td>\n<\/tr>\n<tr>\n<td width=\"284\">Installation<\/td>\n<td width=\"284\">Mural<\/td>\n<\/tr>\n<\/tbody>\n<\/table>\n<h2>Dessin de dimension<\/h2>\n<p><img decoding=\"async\" class=\"alignnone wp-image-404 size-large\" src=\"http:\/\/www.siwoc.cc\/wp-content\/uploads\/2024\/12\/\u5c3a\u5bf8\u56fe-1024x532.png\" alt=\"\" width=\"800\" height=\"416\" srcset=\"https:\/\/www.sinewo.com\/wp-content\/uploads\/2024\/12\/\u5c3a\u5bf8\u56fe-1024x532.png 1024w, https:\/\/www.sinewo.com\/wp-content\/uploads\/2024\/12\/\u5c3a\u5bf8\u56fe-300x156.png 300w, https:\/\/www.sinewo.com\/wp-content\/uploads\/2024\/12\/\u5c3a\u5bf8\u56fe-768x399.png 768w, https:\/\/www.sinewo.com\/wp-content\/uploads\/2024\/12\/\u5c3a\u5bf8\u56fe-600x312.png 600w, https:\/\/www.sinewo.com\/wp-content\/uploads\/2024\/12\/\u5c3a\u5bf8\u56fe.png 1259w\" sizes=\"(max-width: 800px) 100vw, 800px\" \/><\/p>\n<h2>Couleur disponible<\/h2>\n<p>Si vous avez une demande de couleur, faites-nous savoir la couleur Pantone No.<\/p>\n<p><img decoding=\"async\" class=\"alignnone wp-image-383 size-full\" src=\"http:\/\/www.siwoc.cc\/wp-content\/uploads\/2024\/12\/4.\u53ef\u9009\u989c\u8272-1.png\" alt=\"\" width=\"900\" height=\"600\" srcset=\"https:\/\/www.sinewo.com\/wp-content\/uploads\/2024\/12\/4.\u53ef\u9009\u989c\u8272-1.png 900w, https:\/\/www.sinewo.com\/wp-content\/uploads\/2024\/12\/4.\u53ef\u9009\u989c\u8272-1-300x200.png 300w, https:\/\/www.sinewo.com\/wp-content\/uploads\/2024\/12\/4.\u53ef\u9009\u989c\u8272-1-768x512.png 768w, https:\/\/www.sinewo.com\/wp-content\/uploads\/2024\/12\/4.\u53ef\u9009\u989c\u8272-1-600x400.png 600w\" sizes=\"(max-width: 900px) 100vw, 900px\" \/><\/p>\n<h2>Machine d'essai<\/h2>\n<p>85% Les pi\u00e8ces de rechange sont produites par notre propre usine et avec des machines de test appari\u00e9es, nous pourrions confirmer directement la fonction et la norme.<\/p>\n<p><img loading=\"lazy\" decoding=\"async\" class=\"alignnone wp-image-384 size-full\" src=\"http:\/\/www.siwoc.cc\/wp-content\/uploads\/2024\/12\/5.-\u8bdd\u673a\u6d4b\u8bd5\u8bbe\u5907\u6d41\u7a0b-1.png\" alt=\"\" width=\"900\" height=\"1083\" srcset=\"https:\/\/www.sinewo.com\/wp-content\/uploads\/2024\/12\/5.-\u8bdd\u673a\u6d4b\u8bd5\u8bbe\u5907\u6d41\u7a0b-1.png 900w, https:\/\/www.sinewo.com\/wp-content\/uploads\/2024\/12\/5.-\u8bdd\u673a\u6d4b\u8bd5\u8bbe\u5907\u6d41\u7a0b-1-249x300.png 249w, https:\/\/www.sinewo.com\/wp-content\/uploads\/2024\/12\/5.-\u8bdd\u673a\u6d4b\u8bd5\u8bbe\u5907\u6d41\u7a0b-1-851x1024.png 851w, https:\/\/www.sinewo.com\/wp-content\/uploads\/2024\/12\/5.-\u8bdd\u673a\u6d4b\u8bd5\u8bbe\u5907\u6d41\u7a0b-1-768x924.png 768w, https:\/\/www.sinewo.com\/wp-content\/uploads\/2024\/12\/5.-\u8bdd\u673a\u6d4b\u8bd5\u8bbe\u5907\u6d41\u7a0b-1-600x722.png 600w\" sizes=\"(max-width: 900px) 100vw, 900px\" \/><\/p>\n<h2><\/h2>\n<h2>Diagramme du syst\u00e8me t\u00e9l\u00e9phonique de prison<\/h2>\n<p>&nbsp;<\/p>\n<p><img loading=\"lazy\" decoding=\"async\" class=\"alignnone size-medium wp-image-406\" src=\"http:\/\/www.siwoc.cc\/wp-content\/uploads\/2024\/12\/\u7535\u8bdd\u7cfb\u7edf\u56fe-2-300x169.jpg\" alt=\"\" width=\"300\" height=\"169\" srcset=\"https:\/\/www.sinewo.com\/wp-content\/uploads\/2024\/12\/\u7535\u8bdd\u7cfb\u7edf\u56fe-2-300x169.jpg 300w, https:\/\/www.sinewo.com\/wp-content\/uploads\/2024\/12\/\u7535\u8bdd\u7cfb\u7edf\u56fe-2-1024x576.jpg 1024w, https:\/\/www.sinewo.com\/wp-content\/uploads\/2024\/12\/\u7535\u8bdd\u7cfb\u7edf\u56fe-2-768x432.jpg 768w, https:\/\/www.sinewo.com\/wp-content\/uploads\/2024\/12\/\u7535\u8bdd\u7cfb\u7edf\u56fe-2-1536x864.jpg 1536w, https:\/\/www.sinewo.com\/wp-content\/uploads\/2024\/12\/\u7535\u8bdd\u7cfb\u7edf\u56fe-2-2048x1152.jpg 2048w, https:\/\/www.sinewo.com\/wp-content\/uploads\/2024\/12\/\u7535\u8bdd\u7cfb\u7edf\u56fe-2-600x338.jpg 600w\" sizes=\"(max-width: 300px) 100vw, 300px\" \/> <img loading=\"lazy\" decoding=\"async\" class=\"alignnone size-medium wp-image-405\" src=\"http:\/\/www.siwoc.cc\/wp-content\/uploads\/2024\/12\/\u7535\u8bdd\u7cfb\u7edf\u56fe-1-300x150.jpg\" alt=\"\" width=\"300\" height=\"150\" srcset=\"https:\/\/www.sinewo.com\/wp-content\/uploads\/2024\/12\/\u7535\u8bdd\u7cfb\u7edf\u56fe-1-300x150.jpg 300w, https:\/\/www.sinewo.com\/wp-content\/uploads\/2024\/12\/\u7535\u8bdd\u7cfb\u7edf\u56fe-1-768x384.jpg 768w, https:\/\/www.sinewo.com\/wp-content\/uploads\/2024\/12\/\u7535\u8bdd\u7cfb\u7edf\u56fe-1-600x300.jpg 600w, https:\/\/www.sinewo.com\/wp-content\/uploads\/2024\/12\/\u7535\u8bdd\u7cfb\u7edf\u56fe-1.jpg 900w\" sizes=\"(max-width: 300px) 100vw, 300px\" \/><\/p>","protected":false},"excerpt":{"rendered":"<p>Il s'agit d'un t\u00e9l\u00e9phone ext\u00e9rieur industriel \u00e0 l'\u00e9preuve des intemp\u00e9ries qui est enti\u00e8rement contenu dans un \u00e9tui \u00e9tanche en alliage en aluminium en aluminium r\u00e9sistant \u00e0 la corrosion.<br \/>\nAvec une \u00e9quipe de R&amp;D professionnelle dans les t\u00e9l\u00e9communications industrielles d\u00e9pos\u00e9es depuis 2005 l'ann\u00e9e, chaque t\u00e9l\u00e9phone r\u00e9sistant aux intemp\u00e9ries a \u00e9t\u00e9 test\u00e9 imperm\u00e9able et obtient des certificats internationaux. Nous avons nos propres usines avec des pi\u00e8ces de t\u00e9l\u00e9phone autodidactes \uff0c Nous pouvons fournir une assurance comp\u00e9titive, une protection apr\u00e8s la vente du t\u00e9l\u00e9phone r\u00e9sistant aux intemp\u00e9ries pour vous.<\/p>","protected":false},"featured_media":410,"template":"","meta":[],"product_cat":[90,40],"product_tag":[44,41,43,42],"class_list":{"0":"post-401","1":"product","2":"type-product","3":"status-publish","4":"has-post-thumbnail","6":"product_cat-voip-weatherproof-telephone","7":"product_cat-weatherproof-telephone","8":"product_tag-heavy-duty-telephone","9":"product_tag-industrial-ip-weatherproof-telephone","10":"product_tag-industrial-telecommunication","11":"product_tag-weatherproof-outdoor-telephone","13":"first","14":"instock","15":"shipping-taxable","16":"product-type-simple"},"_links":{"self":[{"href":"https:\/\/www.sinewo.com\/fr\/wp-json\/wp\/v2\/product\/401","targetHints":{"allow":["GET"]}}],"collection":[{"href":"https:\/\/www.sinewo.com\/fr\/wp-json\/wp\/v2\/product"}],"about":[{"href":"https:\/\/www.sinewo.com\/fr\/wp-json\/wp\/v2\/types\/product"}],"version-history":[{"count":0,"href":"https:\/\/www.sinewo.com\/fr\/wp-json\/wp\/v2\/product\/401\/revisions"}],"wp:featuredmedia":[{"embeddable":true,"href":"https:\/\/www.sinewo.com\/fr\/wp-json\/wp\/v2\/media\/410"}],"wp:attachment":[{"href":"https:\/\/www.sinewo.com\/fr\/wp-json\/wp\/v2\/media?parent=401"}],"wp:term":[{"taxonomy":"product_cat","embeddable":true,"href":"https:\/\/www.sinewo.com\/fr\/wp-json\/wp\/v2\/product_cat?post=401"},{"taxonomy":"product_tag","embeddable":true,"href":"https:\/\/www.sinewo.com\/fr\/wp-json\/wp\/v2\/product_tag?post=401"}],"curies":[{"name":"wp","href":"https:\/\/api.w.org\/{rel}","templated":true}]}}