{"id":389,"date":"2024-12-27T16:33:04","date_gmt":"2024-12-27T08:33:04","guid":{"rendered":"http:\/\/www.siwoc.cc\/?post_type=product&#038;p=389"},"modified":"2025-01-07T18:04:06","modified_gmt":"2025-01-07T10:04:06","slug":"mini-wall-small-direct-dial-ringdown-prison-telephones-for-health-centere-no-dial-analog-voip-courtesy-jail-telephone-%e5%a4%8d%e5%88%b6","status":"publish","type":"product","link":"https:\/\/www.sinewo.com\/fr\/produit\/mini-wall-small-direct-dial-ringdown-prison-telephones-for-health-centere-no-dial-analog-voip-courtesy-jail-telephone-%e5%a4%8d%e5%88%b6\/","title":{"rendered":"MINI Wall Small Direct Dial Ringdown Telephones Prison pour Health Center JWAT145"},"content":{"rendered":"<h2>Introduction du produit<\/h2>\n<p>JWAT145 Direct Dial Ringdown Prison Telephone est con\u00e7u pour cr\u00e9er un syst\u00e8me de communication de s\u00e9curit\u00e9 fiable.<br \/>\nLe corps du t\u00e9l\u00e9phone est en acier inoxydable SUS304 (acier lanc\u00e9 \u00e0 froid en option), r\u00e9sistance \u00e0 la corrosion et r\u00e9sistance \u00e0 l'oxydation, avec un combin\u00e9 \u00e0 haute traction qui pourrait permettre une force de force de 100 kg. Extr\u00eamement facile \u00e0 installer et \u00e0 s'adapter au mur. Easy pour fixer le bo\u00eetier et la plaque arri\u00e8re \u00e0 travers 4 vis, \u00e9quip\u00e9s de vis de s\u00e9curit\u00e9 r\u00e9sistants \u00e0 la r\u00e9sistance et \u00e0 la durabilit\u00e9.<br \/>\nPlusieurs versions sont disponibles, couleur personnalis\u00e9e \uff0c avec clavier, sans clavier et sur demande avec des boutons de fonction suppl\u00e9mentaires.<br \/>\nLes pi\u00e8ces t\u00e9l\u00e9phoniques sont produites par auto-fabrication, toutes les pi\u00e8ces comme le clavier, le berceau et le combin\u00e9 peuvent \u00eatre personnalis\u00e9es.<\/p>\n<h2>Caract\u00e9ristiques<\/h2>\n<p>1. T\u00e9l\u00e9phone analogique standard. Ligne de t\u00e9l\u00e9phone aliment\u00e9e.<br \/>\n2.304 Sceau de mat\u00e9riau en acier inoxydable, r\u00e9sistance m\u00e9canique \u00e9lev\u00e9e et forte r\u00e9sistance \u00e0 l'impact.<br \/>\n3.Re combin\u00e9 r\u00e9sistant \u00e0 la vandale avec longe et \u0153illet en acier interne assure une s\u00e9curit\u00e9 suppl\u00e9mentaire pour le cordon du combin\u00e9.<br \/>\n4. Clavier en alliage en zinc.<br \/>\n5. Interrupteur de crochet magn\u00e9tique avec interrupteur \u00e0 roseau.<br \/>\n6. Microphone de rendement au bruit op\u00e9rationnel disponible<br \/>\n7. Installation simple mont\u00e9e sur le mur.<br \/>\n8. Protection de la preuve de la manche IP54.<br \/>\n9.Connection: c\u00e2ble de paire de bornes \u00e0 vis RJ11.<br \/>\n10.Multiple Couleur disponible.<br \/>\n11. Pi\u00e8ce de rechange t\u00e9l\u00e9phonique fabriqu\u00e9e \u00e0 l'auto-, disponible.<br \/>\n12.ce, FCC, ROHS, ISO9001 conforme<\/p>\n<h2>Application<\/h2>\n<p>Le t\u00e9l\u00e9phone en acier inoxydable peut \u00eatre utilis\u00e9 dans une vari\u00e9t\u00e9 d'applications telles que dans les prisons, les h\u00f4pitaux, le centre de sant\u00e9, la salle de garde, les plates-formes, les dortoirs, les a\u00e9roports, les salles de contr\u00f4le, les ports de Sally, le campus, l'usine, la porte et les entr\u00e9es, le t\u00e9l\u00e9phone Prea ou les salles d'attente, etc.<\/p>\n<p><img fetchpriority=\"high\" decoding=\"async\" class=\"alignnone wp-image-379 size-full\" src=\"http:\/\/www.siwoc.cc\/wp-content\/uploads\/2024\/12\/2.-\u7396\u6c83\u76d1\u72f1\u884c\u4e1a\u6848\u4f8b\u56fe.jpg\" alt=\"\" width=\"750\" height=\"419\" srcset=\"https:\/\/www.sinewo.com\/wp-content\/uploads\/2024\/12\/2.-\u7396\u6c83\u76d1\u72f1\u884c\u4e1a\u6848\u4f8b\u56fe.jpg 750w, https:\/\/www.sinewo.com\/wp-content\/uploads\/2024\/12\/2.-\u7396\u6c83\u76d1\u72f1\u884c\u4e1a\u6848\u4f8b\u56fe-300x168.jpg 300w, https:\/\/www.sinewo.com\/wp-content\/uploads\/2024\/12\/2.-\u7396\u6c83\u76d1\u72f1\u884c\u4e1a\u6848\u4f8b\u56fe-600x335.jpg 600w\" sizes=\"(max-width: 750px) 100vw, 750px\" \/><\/p>\n<h2>Param\u00e8tres<\/h2>\n<table>\n<tbody>\n<tr>\n<td width=\"284\">Article<\/td>\n<td width=\"284\">Donn\u00e9es techniques<\/td>\n<\/tr>\n<tr>\n<td width=\"284\">Alimentation \u00e9lectrique<\/td>\n<td width=\"284\">Ligne t\u00e9l\u00e9phonique aliment\u00e9e<\/td>\n<\/tr>\n<tr>\n<td width=\"284\">Tension<\/td>\n<td width=\"284\">24\u201365 VDC<\/td>\n<\/tr>\n<tr>\n<td width=\"284\">Travail de veille courant<\/td>\n<td width=\"284\">\u22641mA<\/td>\n<\/tr>\n<tr>\n<td width=\"284\">R\u00e9ponse en fr\u00e9quence<\/td>\n<td width=\"284\">250 \uff5e 3000 Hz<\/td>\n<\/tr>\n<tr>\n<td width=\"284\">Volume<\/td>\n<td width=\"284\">&gt; 85 dB (a)<\/td>\n<\/tr>\n<tr>\n<td width=\"284\">Grade de corrosion<\/td>\n<td width=\"284\">WF1<\/td>\n<\/tr>\n<tr>\n<td width=\"284\">Temp\u00e9rature ambiante<\/td>\n<td width=\"284\">-40\uff5e+70\u2103<\/td>\n<\/tr>\n<tr>\n<td width=\"284\">Niveau anti-vandalisme<\/td>\n<td width=\"284\">IK10<\/td>\n<\/tr>\n<tr>\n<td width=\"284\">Pression atmosph\u00e9rique<\/td>\n<td width=\"284\">80 \uff5e 110kpa<\/td>\n<\/tr>\n<tr>\n<td width=\"284\">Humidit\u00e9 relative<\/td>\n<td width=\"284\">\u226495%<\/td>\n<\/tr>\n<tr>\n<td width=\"284\">Installation<\/td>\n<td width=\"284\">Mural<\/td>\n<\/tr>\n<\/tbody>\n<\/table>\n<h2>Dessin de dimension<\/h2>\n<p><img decoding=\"async\" class=\"alignnone wp-image-390 size-full\" src=\"http:\/\/www.siwoc.cc\/wp-content\/uploads\/2024\/12\/1.\u5c3a\u5bf8\u56fe-1.png\" alt=\"\" width=\"944\" height=\"479\" srcset=\"https:\/\/www.sinewo.com\/wp-content\/uploads\/2024\/12\/1.\u5c3a\u5bf8\u56fe-1.png 944w, https:\/\/www.sinewo.com\/wp-content\/uploads\/2024\/12\/1.\u5c3a\u5bf8\u56fe-1-300x152.png 300w, https:\/\/www.sinewo.com\/wp-content\/uploads\/2024\/12\/1.\u5c3a\u5bf8\u56fe-1-768x390.png 768w, https:\/\/www.sinewo.com\/wp-content\/uploads\/2024\/12\/1.\u5c3a\u5bf8\u56fe-1-600x304.png 600w\" sizes=\"(max-width: 944px) 100vw, 944px\" \/><\/p>\n<p>&nbsp;<\/p>\n<h2>Couleur disponible<\/h2>\n<p>Si vous avez une demande de couleur, faites-nous savoir la couleur Pantone No.<\/p>\n<p><img decoding=\"async\" class=\"alignnone wp-image-383 size-full\" src=\"http:\/\/www.siwoc.cc\/wp-content\/uploads\/2024\/12\/4.\u53ef\u9009\u989c\u8272-1.png\" alt=\"\" width=\"900\" height=\"600\" srcset=\"https:\/\/www.sinewo.com\/wp-content\/uploads\/2024\/12\/4.\u53ef\u9009\u989c\u8272-1.png 900w, https:\/\/www.sinewo.com\/wp-content\/uploads\/2024\/12\/4.\u53ef\u9009\u989c\u8272-1-300x200.png 300w, https:\/\/www.sinewo.com\/wp-content\/uploads\/2024\/12\/4.\u53ef\u9009\u989c\u8272-1-768x512.png 768w, https:\/\/www.sinewo.com\/wp-content\/uploads\/2024\/12\/4.\u53ef\u9009\u989c\u8272-1-600x400.png 600w\" sizes=\"(max-width: 900px) 100vw, 900px\" \/><\/p>\n<h2>Machine d'essai<\/h2>\n<p>85% Les pi\u00e8ces de rechange sont produites par notre propre usine et avec des machines de test appari\u00e9es, nous pourrions confirmer directement la fonction et la norme.<\/p>\n<p><img loading=\"lazy\" decoding=\"async\" class=\"alignnone wp-image-384 size-full\" src=\"http:\/\/www.siwoc.cc\/wp-content\/uploads\/2024\/12\/5.-\u8bdd\u673a\u6d4b\u8bd5\u8bbe\u5907\u6d41\u7a0b-1.png\" alt=\"\" width=\"900\" height=\"1083\" srcset=\"https:\/\/www.sinewo.com\/wp-content\/uploads\/2024\/12\/5.-\u8bdd\u673a\u6d4b\u8bd5\u8bbe\u5907\u6d41\u7a0b-1.png 900w, https:\/\/www.sinewo.com\/wp-content\/uploads\/2024\/12\/5.-\u8bdd\u673a\u6d4b\u8bd5\u8bbe\u5907\u6d41\u7a0b-1-249x300.png 249w, https:\/\/www.sinewo.com\/wp-content\/uploads\/2024\/12\/5.-\u8bdd\u673a\u6d4b\u8bd5\u8bbe\u5907\u6d41\u7a0b-1-851x1024.png 851w, https:\/\/www.sinewo.com\/wp-content\/uploads\/2024\/12\/5.-\u8bdd\u673a\u6d4b\u8bd5\u8bbe\u5907\u6d41\u7a0b-1-768x924.png 768w, https:\/\/www.sinewo.com\/wp-content\/uploads\/2024\/12\/5.-\u8bdd\u673a\u6d4b\u8bd5\u8bbe\u5907\u6d41\u7a0b-1-600x722.png 600w\" sizes=\"(max-width: 900px) 100vw, 900px\" \/><\/p>\n<h2>Diagramme du syst\u00e8me t\u00e9l\u00e9phonique de prison<\/h2>\n<p>&nbsp;<\/p>\n<p><img loading=\"lazy\" decoding=\"async\" class=\"alignnone wp-image-382 size-large\" src=\"http:\/\/www.siwoc.cc\/wp-content\/uploads\/2024\/12\/3.-\u76d1\u72f1\u7cfb\u7edf\u56fe-1-1024x1024.jpg\" alt=\"\" width=\"800\" height=\"800\" srcset=\"https:\/\/www.sinewo.com\/wp-content\/uploads\/2024\/12\/3.-\u76d1\u72f1\u7cfb\u7edf\u56fe-1-1024x1024.jpg 1024w, https:\/\/www.sinewo.com\/wp-content\/uploads\/2024\/12\/3.-\u76d1\u72f1\u7cfb\u7edf\u56fe-1-300x300.jpg 300w, https:\/\/www.sinewo.com\/wp-content\/uploads\/2024\/12\/3.-\u76d1\u72f1\u7cfb\u7edf\u56fe-1-150x150.jpg 150w, https:\/\/www.sinewo.com\/wp-content\/uploads\/2024\/12\/3.-\u76d1\u72f1\u7cfb\u7edf\u56fe-1-768x768.jpg 768w, https:\/\/www.sinewo.com\/wp-content\/uploads\/2024\/12\/3.-\u76d1\u72f1\u7cfb\u7edf\u56fe-1-1536x1536.jpg 1536w, https:\/\/www.sinewo.com\/wp-content\/uploads\/2024\/12\/3.-\u76d1\u72f1\u7cfb\u7edf\u56fe-1-2048x2048.jpg 2048w, https:\/\/www.sinewo.com\/wp-content\/uploads\/2024\/12\/3.-\u76d1\u72f1\u7cfb\u7edf\u56fe-1-600x600.jpg 600w, https:\/\/www.sinewo.com\/wp-content\/uploads\/2024\/12\/3.-\u76d1\u72f1\u7cfb\u7edf\u56fe-1-100x100.jpg 100w\" sizes=\"(max-width: 800px) 100vw, 800px\" \/><\/p>","protected":false},"excerpt":{"rendered":"<p>Les s\u00e9ries t\u00e9l\u00e9phoniques Mini Wall de Joiwo sont sp\u00e9cialement con\u00e7ues pour les zones \u00e9lev\u00e9es de vandalisme soumises \u00e0 la fraude et aux abus. Le centre de sant\u00e9 est un domaine important et il a besoin d'une s\u00e9curit\u00e9 plus efficace, propre pour la communication.<br \/>\nLes t\u00e9l\u00e9phones Joiwo pr\u00e9sentaient un mat\u00e9riau en acier inoxydable r\u00e9sistant au vandale, r\u00e9sistant \u00e0 la corrosion \u00e9lev\u00e9e, \u00e0 une r\u00e9sistance m\u00e9canique \u00e9lev\u00e9e et \u00e0 une forte r\u00e9sistance \u00e0 l'impact. La fonction principale des communications est maintenue \u00e0 tout moment, r\u00e9sultant en un produit tr\u00e8s fiable avec un long MTBF.<br \/>\nAvec une \u00e9quipe de R&amp;D professionnelle dans les t\u00e9l\u00e9communications publiques industrielles d\u00e9pos\u00e9es depuis 2005, chaque t\u00e9l\u00e9phone \u00e0 preuve de vandal a \u00e9t\u00e9 pass\u00e9 les certificats internationaux de la FCC, CE.<br \/>\nVotre fournisseur de premier choix de solutions de communication innovantes et de produits comp\u00e9titifs pour la communication du centre de sant\u00e9.<\/p>","protected":false},"featured_media":394,"template":"","meta":[],"product_cat":[28,89],"product_tag":[30,35,34,32,31,33],"class_list":{"0":"post-389","1":"product","2":"type-product","3":"status-publish","4":"has-post-thumbnail","6":"product_cat-jail-telephone","7":"product_cat-wall-mounted-jail-telephone","8":"product_tag-jail-telephone","9":"product_tag-prison-telephone","10":"product_tag-public-telecommunication","11":"product_tag-ringdown-prison-telephones","12":"product_tag-visitation-telephone","13":"product_tag-wall-telephone","15":"first","16":"instock","17":"shipping-taxable","18":"product-type-simple"},"_links":{"self":[{"href":"https:\/\/www.sinewo.com\/fr\/wp-json\/wp\/v2\/product\/389","targetHints":{"allow":["GET"]}}],"collection":[{"href":"https:\/\/www.sinewo.com\/fr\/wp-json\/wp\/v2\/product"}],"about":[{"href":"https:\/\/www.sinewo.com\/fr\/wp-json\/wp\/v2\/types\/product"}],"version-history":[{"count":2,"href":"https:\/\/www.sinewo.com\/fr\/wp-json\/wp\/v2\/product\/389\/revisions"}],"predecessor-version":[{"id":950,"href":"https:\/\/www.sinewo.com\/fr\/wp-json\/wp\/v2\/product\/389\/revisions\/950"}],"wp:featuredmedia":[{"embeddable":true,"href":"https:\/\/www.sinewo.com\/fr\/wp-json\/wp\/v2\/media\/394"}],"wp:attachment":[{"href":"https:\/\/www.sinewo.com\/fr\/wp-json\/wp\/v2\/media?parent=389"}],"wp:term":[{"taxonomy":"product_cat","embeddable":true,"href":"https:\/\/www.sinewo.com\/fr\/wp-json\/wp\/v2\/product_cat?post=389"},{"taxonomy":"product_tag","embeddable":true,"href":"https:\/\/www.sinewo.com\/fr\/wp-json\/wp\/v2\/product_tag?post=389"}],"curies":[{"name":"wp","href":"https:\/\/api.w.org\/{rel}","templated":true}]}}