{"id":364,"date":"2024-12-27T15:26:22","date_gmt":"2024-12-27T07:26:22","guid":{"rendered":"http:\/\/www.siwoc.cc\/?post_type=product&#038;p=364"},"modified":"2025-01-07T18:03:49","modified_gmt":"2025-01-07T10:03:49","slug":"hotline-automatic-dial-vandal-proof-public-telephone-for-correctional-institute","status":"publish","type":"product","link":"https:\/\/www.sinewo.com\/fr\/produit\/hotline-automatic-dial-vandal-proof-public-telephone-for-correctional-institute\/","title":{"rendered":"Hotline Automatic Dial Vandal Proof Public T\u00e9l\u00e9phone pour Correctional Institute JWAT135"},"content":{"rendered":"<h2>Description du produit<\/h2>\n<p>Le t\u00e9l\u00e9phone hotline JWAT135 est con\u00e7u pour composer un num\u00e9ro pr\u00e9d\u00e9fini lorsque le combin\u00e9 est lev\u00e9.<br \/>\nLe corps du t\u00e9l\u00e9phone est en acier inoxydable SUS304 (option en acier lanc\u00e9 \u00e0 froid), r\u00e9sistance \u00e0 la corrosion et r\u00e9sistance \u00e0 l'oxydation, avec un combin\u00e9 \u00e0 haute traction qui pourrait permettre une force de force de 100 kg et avoir une vis de s\u00e9curit\u00e9 pour fixer le bo\u00eetier pour s'assurer de ne pas ouvrir.<br \/>\nPlusieurs versions sont disponibles, couleur personnalis\u00e9e \uff0c avec clavier, sans clavier et sur demande avec des boutons de fonction suppl\u00e9mentaires. Les pi\u00e8ces t\u00e9l\u00e9phoniques sont produites par auto-fabrication, toutes les pi\u00e8ces comme le clavier, le berceau et le combin\u00e9 peuvent \u00eatre personnalis\u00e9es.<\/p>\n<h2>Param\u00e8tres<\/h2>\n<table style=\"height: 299px;\" width=\"498\">\n<tbody>\n<tr>\n<td width=\"284\">Article<\/td>\n<td width=\"284\">Donn\u00e9es techniques<\/td>\n<\/tr>\n<tr>\n<td width=\"284\">Alimentation \u00e9lectrique<\/td>\n<td width=\"284\">Ligne t\u00e9l\u00e9phonique aliment\u00e9e<\/td>\n<\/tr>\n<tr>\n<td width=\"284\">Tension<\/td>\n<td width=\"284\">24\u201365 VDC<\/td>\n<\/tr>\n<tr>\n<td width=\"284\">Travail de veille courant<\/td>\n<td width=\"284\">\u22641mA<\/td>\n<\/tr>\n<tr>\n<td width=\"284\">R\u00e9ponse en fr\u00e9quence<\/td>\n<td width=\"284\">250 \uff5e 3000 Hz<\/td>\n<\/tr>\n<tr>\n<td width=\"284\">Volume<\/td>\n<td width=\"284\">&gt; 85 dB (a)<\/td>\n<\/tr>\n<tr>\n<td width=\"284\">Grade de corrosion<\/td>\n<td width=\"284\">WF1<\/td>\n<\/tr>\n<tr>\n<td width=\"284\">Temp\u00e9rature ambiante<\/td>\n<td width=\"284\">-40\uff5e+70\u2103<\/td>\n<\/tr>\n<tr>\n<td width=\"284\">Niveau anti-vandalisme<\/td>\n<td width=\"284\">IK10<\/td>\n<\/tr>\n<tr>\n<td width=\"284\">Pression atmosph\u00e9rique<\/td>\n<td width=\"284\">80 \uff5e 110kpa<\/td>\n<\/tr>\n<tr>\n<td width=\"284\">Humidit\u00e9 relative<\/td>\n<td width=\"284\">\u226495%<\/td>\n<\/tr>\n<tr>\n<td width=\"284\">Installation<\/td>\n<td width=\"284\">Mural<\/td>\n<\/tr>\n<\/tbody>\n<\/table>\n<h2>Dessin de dimension<\/h2>\n<p><img fetchpriority=\"high\" decoding=\"async\" class=\"alignnone wp-image-372 size-full\" src=\"http:\/\/www.siwoc.cc\/wp-content\/uploads\/2024\/12\/1.-\u5c3a\u5bf8\u56fe.png\" alt=\"\" width=\"1252\" height=\"585\" srcset=\"https:\/\/www.sinewo.com\/wp-content\/uploads\/2024\/12\/1.-\u5c3a\u5bf8\u56fe.png 1252w, https:\/\/www.sinewo.com\/wp-content\/uploads\/2024\/12\/1.-\u5c3a\u5bf8\u56fe-300x140.png 300w, https:\/\/www.sinewo.com\/wp-content\/uploads\/2024\/12\/1.-\u5c3a\u5bf8\u56fe-1024x478.png 1024w, https:\/\/www.sinewo.com\/wp-content\/uploads\/2024\/12\/1.-\u5c3a\u5bf8\u56fe-768x359.png 768w, https:\/\/www.sinewo.com\/wp-content\/uploads\/2024\/12\/1.-\u5c3a\u5bf8\u56fe-600x280.png 600w\" sizes=\"(max-width: 1252px) 100vw, 1252px\" \/><\/p>\n<h2>Couleur disponible<\/h2>\n<p>Si vous avez une demande de couleur, faites-nous savoir la couleur Pantone No.<\/p>\n<p><img decoding=\"async\" class=\"alignnone wp-image-373 size-full\" src=\"http:\/\/www.siwoc.cc\/wp-content\/uploads\/2024\/12\/4.\u53ef\u9009\u989c\u8272.png\" alt=\"\" width=\"900\" height=\"600\" srcset=\"https:\/\/www.sinewo.com\/wp-content\/uploads\/2024\/12\/4.\u53ef\u9009\u989c\u8272.png 900w, https:\/\/www.sinewo.com\/wp-content\/uploads\/2024\/12\/4.\u53ef\u9009\u989c\u8272-300x200.png 300w, https:\/\/www.sinewo.com\/wp-content\/uploads\/2024\/12\/4.\u53ef\u9009\u989c\u8272-768x512.png 768w, https:\/\/www.sinewo.com\/wp-content\/uploads\/2024\/12\/4.\u53ef\u9009\u989c\u8272-600x400.png 600w\" sizes=\"(max-width: 900px) 100vw, 900px\" \/><\/p>\n<h2>Machine d'essai<\/h2>\n<p>85% Les pi\u00e8ces de rechange sont produites par notre propre usine et avec des machines de test appari\u00e9es, nous pourrions confirmer directement la fonction et la norme.<\/p>\n<p><img decoding=\"async\" class=\"alignnone wp-image-374 size-full\" src=\"http:\/\/www.siwoc.cc\/wp-content\/uploads\/2024\/12\/5.-\u8bdd\u673a\u6d4b\u8bd5\u8bbe\u5907\u6d41\u7a0b.png\" alt=\"\" width=\"900\" height=\"1083\" srcset=\"https:\/\/www.sinewo.com\/wp-content\/uploads\/2024\/12\/5.-\u8bdd\u673a\u6d4b\u8bd5\u8bbe\u5907\u6d41\u7a0b.png 900w, https:\/\/www.sinewo.com\/wp-content\/uploads\/2024\/12\/5.-\u8bdd\u673a\u6d4b\u8bd5\u8bbe\u5907\u6d41\u7a0b-249x300.png 249w, https:\/\/www.sinewo.com\/wp-content\/uploads\/2024\/12\/5.-\u8bdd\u673a\u6d4b\u8bd5\u8bbe\u5907\u6d41\u7a0b-851x1024.png 851w, https:\/\/www.sinewo.com\/wp-content\/uploads\/2024\/12\/5.-\u8bdd\u673a\u6d4b\u8bd5\u8bbe\u5907\u6d41\u7a0b-768x924.png 768w, https:\/\/www.sinewo.com\/wp-content\/uploads\/2024\/12\/5.-\u8bdd\u673a\u6d4b\u8bd5\u8bbe\u5907\u6d41\u7a0b-600x722.png 600w\" sizes=\"(max-width: 900px) 100vw, 900px\" \/><\/p>\n<h2>Diagramme du syst\u00e8me t\u00e9l\u00e9phonique<\/h2>\n<p><img loading=\"lazy\" decoding=\"async\" class=\"alignnone wp-image-375 size-large\" src=\"http:\/\/www.siwoc.cc\/wp-content\/uploads\/2024\/12\/3.-\u76d1\u72f1\u7cfb\u7edf\u56fe-1024x1024.jpg\" alt=\"\" width=\"800\" height=\"800\" srcset=\"https:\/\/www.sinewo.com\/wp-content\/uploads\/2024\/12\/3.-\u76d1\u72f1\u7cfb\u7edf\u56fe-1024x1024.jpg 1024w, https:\/\/www.sinewo.com\/wp-content\/uploads\/2024\/12\/3.-\u76d1\u72f1\u7cfb\u7edf\u56fe-300x300.jpg 300w, https:\/\/www.sinewo.com\/wp-content\/uploads\/2024\/12\/3.-\u76d1\u72f1\u7cfb\u7edf\u56fe-150x150.jpg 150w, https:\/\/www.sinewo.com\/wp-content\/uploads\/2024\/12\/3.-\u76d1\u72f1\u7cfb\u7edf\u56fe-768x768.jpg 768w, https:\/\/www.sinewo.com\/wp-content\/uploads\/2024\/12\/3.-\u76d1\u72f1\u7cfb\u7edf\u56fe-1536x1536.jpg 1536w, https:\/\/www.sinewo.com\/wp-content\/uploads\/2024\/12\/3.-\u76d1\u72f1\u7cfb\u7edf\u56fe-2048x2048.jpg 2048w, https:\/\/www.sinewo.com\/wp-content\/uploads\/2024\/12\/3.-\u76d1\u72f1\u7cfb\u7edf\u56fe-600x600.jpg 600w, https:\/\/www.sinewo.com\/wp-content\/uploads\/2024\/12\/3.-\u76d1\u72f1\u7cfb\u7edf\u56fe-100x100.jpg 100w\" sizes=\"(max-width: 800px) 100vw, 800px\" \/><\/p>\n<p>&nbsp;<\/p>\n<p>&nbsp;<\/p>\n<p>&nbsp;<\/p>\n<p>&nbsp;<\/p>\n<p>&nbsp;<\/p>\n<p>&nbsp;<\/p>\n<p>&nbsp;<\/p>\n<p>&nbsp;<\/p>\n<p>&nbsp;<\/p>\n<p>&nbsp;<\/p>\n<p>&nbsp;<\/p>\n<p>&nbsp;<\/p>\n<p>&nbsp;<\/p>","protected":false},"excerpt":{"rendered":"<p>La cadraction automatique de Joiwo, Vandal Proof, le t\u00e9l\u00e9phone sans hotline blind\u00e9 de t\u00e9l\u00e9phone sans cadran, offre une communication efficace directe pour les zones de visite en prison, les dortoirs, les \u00e9tablissements correctionnels, les salles de contr\u00f4le, les h\u00f4pitaux, les postes de police, les machines \u00e0 guichets automatiques de l'ATM, les a\u00e9roports, les stades, les portes et les entr\u00e9es.<br \/>\nAvec une \u00e9quipe de R&amp;D professionnelle dans les t\u00e9l\u00e9communications de prison publique industrielle d\u00e9pos\u00e9es depuis 2005, chaque t\u00e9l\u00e9phone r\u00e9sistant aux vandales a \u00e9t\u00e9 adopt\u00e9 par les certificats internationaux FCC, CE.<br \/>\nVotre fournisseur de premier choix de solutions de communication innovantes et de produits comp\u00e9titifs pour la communication de la prison.<\/p>","protected":false},"featured_media":367,"template":"","meta":[],"product_cat":[87,28],"product_tag":[29,27],"class_list":{"0":"post-364","1":"product","2":"type-product","3":"status-publish","4":"has-post-thumbnail","6":"product_cat-auto-dial-jail-telephone","7":"product_cat-jail-telephone","8":"product_tag-auto-dial-jail-telephone","9":"product_tag-public-telephone","11":"first","12":"instock","13":"shipping-taxable","14":"product-type-simple"},"_links":{"self":[{"href":"https:\/\/www.sinewo.com\/fr\/wp-json\/wp\/v2\/product\/364","targetHints":{"allow":["GET"]}}],"collection":[{"href":"https:\/\/www.sinewo.com\/fr\/wp-json\/wp\/v2\/product"}],"about":[{"href":"https:\/\/www.sinewo.com\/fr\/wp-json\/wp\/v2\/types\/product"}],"version-history":[{"count":3,"href":"https:\/\/www.sinewo.com\/fr\/wp-json\/wp\/v2\/product\/364\/revisions"}],"predecessor-version":[{"id":948,"href":"https:\/\/www.sinewo.com\/fr\/wp-json\/wp\/v2\/product\/364\/revisions\/948"}],"wp:featuredmedia":[{"embeddable":true,"href":"https:\/\/www.sinewo.com\/fr\/wp-json\/wp\/v2\/media\/367"}],"wp:attachment":[{"href":"https:\/\/www.sinewo.com\/fr\/wp-json\/wp\/v2\/media?parent=364"}],"wp:term":[{"taxonomy":"product_cat","embeddable":true,"href":"https:\/\/www.sinewo.com\/fr\/wp-json\/wp\/v2\/product_cat?post=364"},{"taxonomy":"product_tag","embeddable":true,"href":"https:\/\/www.sinewo.com\/fr\/wp-json\/wp\/v2\/product_tag?post=364"}],"curies":[{"name":"wp","href":"https:\/\/api.w.org\/{rel}","templated":true}]}}