{"id":983,"date":"2024-01-07T18:36:07","date_gmt":"2024-01-07T10:36:07","guid":{"rendered":"http:\/\/sinewo.gg12.globaldeepsea.site\/?post_type=product&#038;p=983"},"modified":"2025-01-16T13:58:50","modified_gmt":"2025-01-16T05:58:50","slug":"joiwo-ip-office-telephone-jwa001","status":"publish","type":"product","link":"https:\/\/www.sinewo.com\/de\/product\/joiwo-ip-office-telephone-jwa001\/","title":{"rendered":"Joiwo IP Office Telefon JWA001"},"content":{"rendered":"<h2>Merkmale<\/h2>\n<p>Generisches<\/p>\n<p>2 SIP -Linien<\/p>\n<p>HD VoicePoe aktiviert (x3sp, x3g)<\/p>\n<p>Mobilteil \/ Freisprech- \/ Headset-Modus<\/p>\n<p>Desktop \/ Wandmontageinstallation<\/p>\n<p>Optionales externes Netzteil (x3sp und x3g optional).<\/p>\n<p>&nbsp;<\/p>\n<p>Telefonfunktionen<\/p>\n<p>Lokales Telefonbuch (500 Eintr\u00e4ge)<\/p>\n<p>Remote -Telefonbuch (XML\/LDAP, 500 Eintr\u00e4ge)<\/p>\n<p>Rufen Sie Protokolle an (in\/out\/verpasst, 600 Eintr\u00e4ge)<\/p>\n<p>Schwarz\/Wei\u00df -Listen -Anruffilterung<\/p>\n<p>Bildschirmschoner<\/p>\n<p>Voice Message Waiting Indication (VMWI)<\/p>\n<p>Programmierbares DSS\/Soft Keys<\/p>\n<p>Netzwerkzeitsynchronisation<\/p>\n<p>Support Plantronics Wireless Headset (\u00fcber Plantronics APD-80EHS-Kabel)<\/p>\n<p>Unterst\u00fctzen Sie Jabra Wireless Headset (\u00fcber Fanvil EHS20 EHS -Kabel)<\/p>\n<p>Unterst\u00fctzen Sie die Aufzeichnung (durch Serveraufzeichnung)<\/p>\n<p>Aktions -URL \/ aktive URI<\/p>\n<p>UACSTA<\/p>\n<p>&nbsp;<\/p>\n<p>Audio<\/p>\n<p>HD-Sprachmikrofon\/Lautsprecher (Mobilteil\/Freisprecheinsatz, 0 ~ 7kHzfrequenzgang)<\/p>\n<p>Breitband -ADC\/DAC16KHz -Probenahme<\/p>\n<p>Schmalband-Codec: G.711a\/U, G.723.1, G.726-32K, G.729AB<\/p>\n<p>Breitband -Codec: G.722<\/p>\n<p>Full-Duplex Acoustic Echo Canceller (AEC)<\/p>\n<p>Sprachaktivit\u00e4tserkennung (VAD) \/ Komfortger\u00e4uscherzeugung (CNG) \/ Hintergrundger\u00e4uschsch\u00e4tzung (BNE) \/ Rauschreduktion (NR)<\/p>\n<p>Verschleierung des Paketverlusts (SPS)<\/p>\n<p>Dynamischer adaptiver Jitter -Puffer bis zu 300 ms<\/p>\n<p>DTMF: In-Band, Out-of-Band-DTMF-Relay (RFC2833) \/ SIP-Info<\/p>\n<p>&nbsp;<\/p>\n<p>F\u00fcr weitere Spezifikationen kontaktieren Sie uns bitte.<\/p>\n<h2>Anwendung<\/h2>\n<p><img fetchpriority=\"high\" decoding=\"async\" class=\"alignnone wp-image-980 size-large\" src=\"http:\/\/sinewo.gg12.globaldeepsea.site\/wp-content\/uploads\/2025\/01\/\u6848\u4f8b\u56fe-1024x614.jpg\" alt=\"\" width=\"800\" height=\"480\" srcset=\"https:\/\/www.sinewo.com\/wp-content\/uploads\/2025\/01\/\u6848\u4f8b\u56fe-1024x614.jpg 1024w, https:\/\/www.sinewo.com\/wp-content\/uploads\/2025\/01\/\u6848\u4f8b\u56fe-300x180.jpg 300w, https:\/\/www.sinewo.com\/wp-content\/uploads\/2025\/01\/\u6848\u4f8b\u56fe-768x461.jpg 768w, https:\/\/www.sinewo.com\/wp-content\/uploads\/2025\/01\/\u6848\u4f8b\u56fe-1536x922.jpg 1536w, https:\/\/www.sinewo.com\/wp-content\/uploads\/2025\/01\/\u6848\u4f8b\u56fe-2048x1229.jpg 2048w, https:\/\/www.sinewo.com\/wp-content\/uploads\/2025\/01\/\u6848\u4f8b\u56fe-600x360.jpg 600w\" sizes=\"(max-width: 800px) 100vw, 800px\" \/><\/p>\n<h2>Parameter<\/h2>\n<table>\n<tbody>\n<tr>\n<td width=\"140\">Protokoll<\/td>\n<td width=\"351\">SIP2.0(RFC-3261)<\/td>\n<\/tr>\n<tr>\n<td width=\"140\">Ger\u00e4t<\/td>\n<td width=\"351\">Kontrollraum, Telekommunikation<\/td>\n<\/tr>\n<tr>\n<td width=\"140\">Lautst\u00e4rkekontrolle<\/td>\n<td width=\"351\">Einstellbar<\/td>\n<\/tr>\n<tr>\n<td width=\"140\">Kommunikationssystem<\/td>\n<td width=\"351\">IP<\/td>\n<\/tr>\n<tr>\n<td width=\"140\">Gr\u00f6\u00dfe<\/td>\n<td width=\"351\">247 *130 *132<\/td>\n<\/tr>\n<tr>\n<td width=\"140\">Paket<\/td>\n<td width=\"351\">340 *235 *165<\/td>\n<\/tr>\n<tr>\n<td width=\"140\">GEWICHT<\/td>\n<td width=\"351\">2KG<\/td>\n<\/tr>\n<tr>\n<td width=\"140\">Stromversorgung<\/td>\n<td width=\"351\">Poe<\/td>\n<\/tr>\n<\/tbody>\n<\/table>\n<h2>Testmaschine<\/h2>\n<p>85% -Ersatzteile werden von unserer eigenen Fabrik hergestellt und mit \u00fcbereinstimmenden Testmaschinen k\u00f6nnen wir die Funktion und den Standard direkt best\u00e4tigen.<\/p>\n<p><img decoding=\"async\" class=\"alignnone wp-image-962 size-large\" src=\"http:\/\/sinewo.gg12.globaldeepsea.site\/wp-content\/uploads\/2025\/01\/\u56fe\u72475-851x1024.png\" alt=\"\" width=\"800\" height=\"963\" srcset=\"https:\/\/www.sinewo.com\/wp-content\/uploads\/2025\/01\/\u56fe\u72475-851x1024.png 851w, https:\/\/www.sinewo.com\/wp-content\/uploads\/2025\/01\/\u56fe\u72475-249x300.png 249w, https:\/\/www.sinewo.com\/wp-content\/uploads\/2025\/01\/\u56fe\u72475-768x924.png 768w, https:\/\/www.sinewo.com\/wp-content\/uploads\/2025\/01\/\u56fe\u72475-600x722.png 600w, https:\/\/www.sinewo.com\/wp-content\/uploads\/2025\/01\/\u56fe\u72475.png 900w\" sizes=\"(max-width: 800px) 100vw, 800px\" \/><\/p>\n<p>&nbsp;<\/p>\n<h2><\/h2>\n<p>&nbsp;<\/p>\n<p>&nbsp;<\/p>\n<p>&nbsp;<\/p>\n<p>&nbsp;<\/p>\n<p>&nbsp;<\/p>\n<h2><\/h2>\n<p>&nbsp;<\/p>\n<h2><\/h2>\n<p>&nbsp;<\/p>\n<h2><\/h2>\n<h2><\/h2>\n<p>&nbsp;<\/p>\n<p>&nbsp;<\/p>\n<p>&nbsp;<\/p>\n<p>&nbsp;<\/p>","protected":false},"excerpt":{"rendered":"<p>Joiwo JWA001 IP Phone ist ein industrielles Meisterwerk bietet \u00fcberlegene Benutzererfahrung und Einfachheit f\u00fcr Heim- und B\u00fcrobenutzer mit elegantem Aussehen und intelligenter Software. Es ist eine Position, nicht nur eine Telefonsitting auf dem Desktop eines Benutzers f\u00fcr Kommunikation zu sein, sondern auch ein sch\u00f6nes Kunstwerk in Ihrem Wohnzimmer oder B\u00fcro.<\/p>","protected":false},"featured_media":985,"template":"","meta":[],"product_cat":[115,129],"product_tag":[131,130],"class_list":{"0":"post-983","1":"product","2":"type-product","3":"status-publish","4":"has-post-thumbnail","6":"product_cat-lp-pbx-and-telephone-system-equipment","7":"product_cat-voip-phones-for-business","8":"product_tag-ip-office-telephone","9":"product_tag-ip-phone","11":"first","12":"instock","13":"shipping-taxable","14":"product-type-simple"},"_links":{"self":[{"href":"https:\/\/www.sinewo.com\/de\/wp-json\/wp\/v2\/product\/983","targetHints":{"allow":["GET"]}}],"collection":[{"href":"https:\/\/www.sinewo.com\/de\/wp-json\/wp\/v2\/product"}],"about":[{"href":"https:\/\/www.sinewo.com\/de\/wp-json\/wp\/v2\/types\/product"}],"version-history":[{"count":1,"href":"https:\/\/www.sinewo.com\/de\/wp-json\/wp\/v2\/product\/983\/revisions"}],"predecessor-version":[{"id":986,"href":"https:\/\/www.sinewo.com\/de\/wp-json\/wp\/v2\/product\/983\/revisions\/986"}],"wp:featuredmedia":[{"embeddable":true,"href":"https:\/\/www.sinewo.com\/de\/wp-json\/wp\/v2\/media\/985"}],"wp:attachment":[{"href":"https:\/\/www.sinewo.com\/de\/wp-json\/wp\/v2\/media?parent=983"}],"wp:term":[{"taxonomy":"product_cat","embeddable":true,"href":"https:\/\/www.sinewo.com\/de\/wp-json\/wp\/v2\/product_cat?post=983"},{"taxonomy":"product_tag","embeddable":true,"href":"https:\/\/www.sinewo.com\/de\/wp-json\/wp\/v2\/product_tag?post=983"}],"curies":[{"name":"wp","href":"https:\/\/api.w.org\/{rel}","templated":true}]}}