{"id":976,"date":"2024-01-07T18:29:08","date_gmt":"2024-01-07T10:29:08","guid":{"rendered":"http:\/\/sinewo.gg12.globaldeepsea.site\/?post_type=product&#038;p=976"},"modified":"2025-01-16T13:59:01","modified_gmt":"2025-01-16T05:59:01","slug":"desktop-voip-visualization-paging-console-phone-with-a-gooseneck-microphone-jwdt668","status":"publish","type":"product","link":"https:\/\/www.sinewo.com\/de\/product\/desktop-voip-visualization-paging-console-phone-with-a-gooseneck-microphone-jwdt668\/","title":{"rendered":"Desktop VoIP -Visualisierung Paging -Konsole -Telefon mit einem Schwanenhalsmikrofon JWDT668"},"content":{"rendered":"<h2>Merkmale<\/h2>\n<p>1\u300120 SIP-Linien, 3-Wege-Konferenz, Hotspot<br \/>\n2 \u3001 HD -Audio auf Lautsprecher und Mobilteil<br \/>\n3 \u3001 beweglicher Typ Richtungsmikrofon externer Schwanenhals<br \/>\n4\u30014.3 Hauptfarbe Display, 2 \u00d7 3,5 Seitenfarbe f\u00fcr DSS -Tasten<br \/>\n5 \u3001 eingebaute Bluetooth<br \/>\n6 \u3001 Wi-Fi-Konnektivit\u00e4t (\u00fcber Wi-Fi-Dongle)<br \/>\n7 \u3001 bis zu 106 DSS-Schl\u00fcssel (42 dreifarbige physische Schl\u00fcssel<br \/>\n8 \u3001 Video -Codec H.264 Support f\u00fcr den Empfang von Videoanrufen<br \/>\n9 \u3001 Dual Gigabit -Ports, integrierte PoE<br \/>\n10 \u3001 St\u00e4nder mit 2 einstellbaren Winkeln von 40 und 50 Grad<br \/>\n11 \u3001 kompatibel mit wichtigen Plattformen: Asterisk, BroadSoft, 3CX, Metaswitch,<br \/>\n12 \u3001 Elastix, Avaya usw.<br \/>\n13\u300120 SIP -Linien<br \/>\n14 \u3001 HD -Stimme<br \/>\n15 \u3001 Support -Empfangs -Videoanruf<br \/>\n16 \u3001 Poe aktiviert<br \/>\n17\u30013 LCDs (Haupt + DSS)<br \/>\n18 \u3001 Handset Freisprechgesetz-Modus<br \/>\n19 \u3001 Intelligente DSS -Schl\u00fcssel<br \/>\n20 \u3001 Optionales externes Netzteil<\/p>\n<h2>Anwendung<\/h2>\n<p><img fetchpriority=\"high\" decoding=\"async\" class=\"alignnone wp-image-980 size-large\" src=\"http:\/\/sinewo.gg12.globaldeepsea.site\/wp-content\/uploads\/2025\/01\/\u6848\u4f8b\u56fe-1024x614.jpg\" alt=\"\" width=\"800\" height=\"480\" srcset=\"https:\/\/www.sinewo.com\/wp-content\/uploads\/2025\/01\/\u6848\u4f8b\u56fe-1024x614.jpg 1024w, https:\/\/www.sinewo.com\/wp-content\/uploads\/2025\/01\/\u6848\u4f8b\u56fe-300x180.jpg 300w, https:\/\/www.sinewo.com\/wp-content\/uploads\/2025\/01\/\u6848\u4f8b\u56fe-768x461.jpg 768w, https:\/\/www.sinewo.com\/wp-content\/uploads\/2025\/01\/\u6848\u4f8b\u56fe-1536x922.jpg 1536w, https:\/\/www.sinewo.com\/wp-content\/uploads\/2025\/01\/\u6848\u4f8b\u56fe-2048x1229.jpg 2048w, https:\/\/www.sinewo.com\/wp-content\/uploads\/2025\/01\/\u6848\u4f8b\u56fe-600x360.jpg 600w\" sizes=\"(max-width: 800px) 100vw, 800px\" \/><\/p>\n<h2>Parameter<\/h2>\n<table>\n<tbody>\n<tr>\n<td width=\"140\">Protokoll<\/td>\n<td width=\"351\">SIP2.0(RFC-3261)<\/td>\n<\/tr>\n<tr>\n<td width=\"140\">Ger\u00e4t<\/td>\n<td width=\"351\">Kontrollraum, Telekommunikation<\/td>\n<\/tr>\n<tr>\n<td width=\"140\">Lautst\u00e4rkekontrolle<\/td>\n<td width=\"351\">Einstellbar<\/td>\n<\/tr>\n<tr>\n<td width=\"140\">Kommunikationssystem<\/td>\n<td width=\"351\">IP<\/td>\n<\/tr>\n<tr>\n<td width=\"140\">Gr\u00f6\u00dfe<\/td>\n<td width=\"351\">247 *130 *132<\/td>\n<\/tr>\n<tr>\n<td width=\"140\">Paket<\/td>\n<td width=\"351\">340 *235 *165<\/td>\n<\/tr>\n<tr>\n<td width=\"140\">GEWICHT<\/td>\n<td width=\"351\">2KG<\/td>\n<\/tr>\n<tr>\n<td width=\"140\">Stromversorgung<\/td>\n<td width=\"351\">Poe<\/td>\n<\/tr>\n<\/tbody>\n<\/table>\n<h2>Testmaschine<\/h2>\n<p>85% -Ersatzteile werden von unserer eigenen Fabrik hergestellt und mit \u00fcbereinstimmenden Testmaschinen k\u00f6nnen wir die Funktion und den Standard direkt best\u00e4tigen.<\/p>\n<p><img decoding=\"async\" class=\"alignnone wp-image-962 size-large\" src=\"http:\/\/sinewo.gg12.globaldeepsea.site\/wp-content\/uploads\/2025\/01\/\u56fe\u72475-851x1024.png\" alt=\"\" width=\"800\" height=\"963\" srcset=\"https:\/\/www.sinewo.com\/wp-content\/uploads\/2025\/01\/\u56fe\u72475-851x1024.png 851w, https:\/\/www.sinewo.com\/wp-content\/uploads\/2025\/01\/\u56fe\u72475-249x300.png 249w, https:\/\/www.sinewo.com\/wp-content\/uploads\/2025\/01\/\u56fe\u72475-768x924.png 768w, https:\/\/www.sinewo.com\/wp-content\/uploads\/2025\/01\/\u56fe\u72475-600x722.png 600w, https:\/\/www.sinewo.com\/wp-content\/uploads\/2025\/01\/\u56fe\u72475.png 900w\" sizes=\"(max-width: 800px) 100vw, 800px\" \/><\/p>\n<p>&nbsp;<\/p>\n<h2><\/h2>\n<p>&nbsp;<\/p>\n<p>&nbsp;<\/p>\n<p>&nbsp;<\/p>\n<p>&nbsp;<\/p>\n<p>&nbsp;<\/p>\n<h2><\/h2>\n<p>&nbsp;<\/p>\n<h2><\/h2>\n<p>&nbsp;<\/p>\n<h2><\/h2>\n<h2><\/h2>\n<p>&nbsp;<\/p>\n<p>&nbsp;<\/p>\n<p>&nbsp;<\/p>\n<p>&nbsp;<\/p>","protected":false},"excerpt":{"rendered":"<p>Das Produkt ist ein Visualisierungs -Paging -Konsole -Telefon. Es ist mit einem Schwanenhalsmikrofon ausgestattet und unterst\u00fctzt HD-Freisprechanrufe. Es ist mit dem Standard-SIP-Protokoll kompatibel und kann als \u00dcberwachungszentrum oder Host f\u00fcr Office Manager mit Funktionen wie externen und internen Telefonen, Zwei-Wege-Intercom, \u00dcberwachung und Rundfunk verwendet werden. Mit intelligenten programmierbaren DSS-Schaltfl\u00e4chen k\u00f6nnen Sie eine Ein-Klick-Anruffunktion einrichten, um die Kommunikationseffizienz zu verbessern.<\/p>","protected":false},"featured_media":978,"template":"","meta":[],"product_cat":[115,125],"product_tag":[128,127,126],"class_list":{"0":"post-976","1":"product","2":"type-product","3":"status-publish","4":"has-post-thumbnail","6":"product_cat-lp-pbx-and-telephone-system-equipment","7":"product_cat-voip-paging-console-phone","8":"product_tag-console-phone","9":"product_tag-paging-console-phone","10":"product_tag-voip","12":"first","13":"instock","14":"shipping-taxable","15":"product-type-simple"},"_links":{"self":[{"href":"https:\/\/www.sinewo.com\/de\/wp-json\/wp\/v2\/product\/976","targetHints":{"allow":["GET"]}}],"collection":[{"href":"https:\/\/www.sinewo.com\/de\/wp-json\/wp\/v2\/product"}],"about":[{"href":"https:\/\/www.sinewo.com\/de\/wp-json\/wp\/v2\/types\/product"}],"version-history":[{"count":1,"href":"https:\/\/www.sinewo.com\/de\/wp-json\/wp\/v2\/product\/976\/revisions"}],"predecessor-version":[{"id":982,"href":"https:\/\/www.sinewo.com\/de\/wp-json\/wp\/v2\/product\/976\/revisions\/982"}],"wp:featuredmedia":[{"embeddable":true,"href":"https:\/\/www.sinewo.com\/de\/wp-json\/wp\/v2\/media\/978"}],"wp:attachment":[{"href":"https:\/\/www.sinewo.com\/de\/wp-json\/wp\/v2\/media?parent=976"}],"wp:term":[{"taxonomy":"product_cat","embeddable":true,"href":"https:\/\/www.sinewo.com\/de\/wp-json\/wp\/v2\/product_cat?post=976"},{"taxonomy":"product_tag","embeddable":true,"href":"https:\/\/www.sinewo.com\/de\/wp-json\/wp\/v2\/product_tag?post=976"}],"curies":[{"name":"wp","href":"https:\/\/api.w.org\/{rel}","templated":true}]}}