{"id":973,"date":"2024-01-07T18:25:29","date_gmt":"2024-01-07T10:25:29","guid":{"rendered":"http:\/\/sinewo.gg12.globaldeepsea.site\/?post_type=product&#038;p=973"},"modified":"2025-01-16T13:59:08","modified_gmt":"2025-01-16T05:59:08","slug":"16-24-port-10-100mbps-desktop-rackmount-network-switch-jwdt1024d","status":"publish","type":"product","link":"https:\/\/www.sinewo.com\/de\/product\/16-24-port-10-100mbps-desktop-rackmount-network-switch-jwdt1024d\/","title":{"rendered":"16\/24-Port 10\/100mbit\/s Desktop\/Rackmount Network Switch JWDT1024D"},"content":{"rendered":"<h2>Merkmale<\/h2>\n<p>Das Stahlkoffer-Design der Rack-Mount-Gr\u00f6\u00dfe, kombiniert mit einer sicherheitsgerichteten internen Netzteil, machen Sie die<br \/>\nSwitchtHemost robustProduct, die Isverycost-effektivForalessHan16\/24-Nutzungsumgebung.<br \/>\nMit nicht blockierenden Schaltarchitektur, JWDT652\/JWDT653 Forwards und Filterpaketen bei Full<br \/>\nDrahtgeschwindigkeit f\u00fcr den maximalen Durchsatz. Und IEEE 802.3X FLOSE-Steuerung f\u00fcr den vollst\u00e4ndigen Duplex-Modus und den Hintergrund-<br \/>\ndruckForHalfduplexModeAlleviatethetRafficcong und MakeJWDT652\/JWDT653 Arbeit<br \/>\nzuverl\u00e4ssig.<\/p>\n<p>Die automatischen Funktionen dieses schnellen Ethernet-Switch machen den Installationsplug und -spiel und problemlos. Keine Konfiguration<br \/>\nEs ist erforderlich. Auto MDI\/Mdix eliminiert die Notwendigkeit von Crossover -Kabeln. Autonegelung an jedem Port<br \/>\nerkennt die Verbindungsgeschwindigkeit eines Netzwerkger\u00e4ts (10, 100 Mbit \/ s) und passt intelligent an die Kompatibilit\u00e4t und intelligent ein<br \/>\noptimale Leistung.<\/p>\n<h2>Anwendung<\/h2>\n<p><img fetchpriority=\"high\" decoding=\"async\" class=\"alignnone wp-image-958 size-full\" src=\"http:\/\/sinewo.gg12.globaldeepsea.site\/wp-content\/uploads\/2025\/01\/\u6848\u4f8b\u56fe-1.jpg\" alt=\"\" width=\"750\" height=\"852\" srcset=\"https:\/\/www.sinewo.com\/wp-content\/uploads\/2025\/01\/\u6848\u4f8b\u56fe-1.jpg 750w, https:\/\/www.sinewo.com\/wp-content\/uploads\/2025\/01\/\u6848\u4f8b\u56fe-1-264x300.jpg 264w, https:\/\/www.sinewo.com\/wp-content\/uploads\/2025\/01\/\u6848\u4f8b\u56fe-1-600x682.jpg 600w\" sizes=\"(max-width: 750px) 100vw, 750px\" \/> <img decoding=\"async\" class=\"alignnone wp-image-959 size-full\" src=\"http:\/\/sinewo.gg12.globaldeepsea.site\/wp-content\/uploads\/2025\/01\/\u6848\u4f8b\u56fe-2.jpg\" alt=\"\" width=\"750\" height=\"413\" srcset=\"https:\/\/www.sinewo.com\/wp-content\/uploads\/2025\/01\/\u6848\u4f8b\u56fe-2.jpg 750w, https:\/\/www.sinewo.com\/wp-content\/uploads\/2025\/01\/\u6848\u4f8b\u56fe-2-300x165.jpg 300w, https:\/\/www.sinewo.com\/wp-content\/uploads\/2025\/01\/\u6848\u4f8b\u56fe-2-600x330.jpg 600w\" sizes=\"(max-width: 750px) 100vw, 750px\" \/><\/p>\n<h2>Parameter<\/h2>\n<table>\n<tbody>\n<tr>\n<td colspan=\"2\" width=\"238\">Model<\/td>\n<td width=\"200\">\u00a016 Port<\/td>\n<td width=\"200\">\u00a0\u00a024 Port<\/td>\n<\/tr>\n<tr>\n<td rowspan=\"8\" width=\"85\">Hardwarefunktionen<\/td>\n<td width=\"153\">Standards und Protokolle<\/td>\n<td colspan=\"2\" width=\"400\">IEEE 802i, IEEE 802.3U, IEEE 802.3X<\/td>\n<\/tr>\n<tr>\n<td width=\"153\">Schnittstelle<\/td>\n<td width=\"200\">16 10\/100mbit\/s RJ45 Ports<\/p>\n<p>Autoverhandlung\/Auto MDI\/Mdix<\/td>\n<td width=\"200\">24 10\/100mbit\/s RJ45 -Ports<\/p>\n<p>Autoverhandlung\/Auto MDI\/Mdix<\/td>\n<\/tr>\n<tr>\n<td width=\"153\">Weiterleitungsmodus<\/td>\n<td colspan=\"2\" width=\"400\">Lager und vorw\u00e4rts<\/td>\n<\/tr>\n<tr>\n<td width=\"153\">Netzwerkmedien<\/td>\n<td colspan=\"2\" width=\"400\">10Base-T: UTP-Kategorie 3, 4, 5 Kabel (maximal 100 m)<\/p>\n<p>100Base-TX: UTP-Kategorie 5,5e oder \u00fcber Kabel (maximal 100 m)<\/td>\n<\/tr>\n<tr>\n<td width=\"153\">Stromversorgung<\/td>\n<td colspan=\"2\" width=\"400\">100-240VAC,50\/60Hz<\/td>\n<\/tr>\n<tr>\n<td width=\"153\">Gr\u00fcne Technologie<\/td>\n<td colspan=\"2\" width=\"400\">Ja<\/td>\n<\/tr>\n<tr>\n<td width=\"153\">Abmessungen<\/td>\n<td colspan=\"2\" width=\"400\">11,6*7,1*1,7 in. (294*180*44 mm)<\/td>\n<\/tr>\n<tr>\n<td width=\"153\">Fanlos<\/td>\n<td colspan=\"2\" width=\"400\">Ja<\/td>\n<\/tr>\n<tr>\n<td rowspan=\"6\" width=\"85\">Leistung<\/td>\n<td width=\"153\">Schaltkapazit\u00e4t<\/td>\n<td width=\"200\">3.2Gbps<\/td>\n<td width=\"200\">4.8Gbps<\/td>\n<\/tr>\n<tr>\n<td width=\"153\">Paketweiterleiterrate<\/td>\n<td width=\"200\">2.38Mpps<\/td>\n<td width=\"200\">3.57Mpps<\/td>\n<\/tr>\n<tr>\n<td width=\"153\">MAC -Adresstabelle<\/td>\n<td colspan=\"2\" width=\"400\">8K<\/td>\n<\/tr>\n<tr>\n<td width=\"153\">Jumbo -Rahmen<\/td>\n<td colspan=\"2\" width=\"400\">2KB<\/td>\n<\/tr>\n<tr>\n<td width=\"153\">Maximaler Stromverbrauch<\/td>\n<td width=\"200\">220 V\/50 Hz)<\/td>\n<td width=\"200\">3.19W (220 V\/50 Hz)<\/td>\n<\/tr>\n<tr>\n<td width=\"153\">Maximale W\u00e4rmeissipation<\/td>\n<td width=\"200\">7.03 BTU\/h<\/td>\n<td width=\"200\">10.88 BTU\/h<\/td>\n<\/tr>\n<tr>\n<td colspan=\"2\" width=\"238\">\u00a0\u00a0\u00a0Zertifizierungen<\/td>\n<td colspan=\"2\" width=\"400\">CE, FCC, ROHS<\/td>\n<\/tr>\n<tr>\n<td rowspan=\"4\" width=\"85\">Umfeld<\/td>\n<td width=\"153\">Betriebstemperatur<\/td>\n<td colspan=\"2\" width=\"400\">0 \u00b0 C ~ 40 \u00b0 C (32 \u00b0 F ~ 104 \u00b0 F)<\/td>\n<\/tr>\n<tr>\n<td width=\"153\">Lagertemperatur<\/td>\n<td colspan=\"2\" width=\"400\">-40 \u00b0 C ~ 70 \u00b0 C (-40 \u00b0 F ~ 158 \u00b0 F)<\/td>\n<\/tr>\n<tr>\n<td width=\"153\">Betriebsfeuchtigkeit<\/td>\n<td colspan=\"2\" width=\"400\">10% ~ 90%RH Non-Condensing<\/td>\n<\/tr>\n<tr>\n<td width=\"153\">Speicherfeuchtigkeit<\/td>\n<td colspan=\"2\" width=\"400\">5% ~ 90%3TRH Non-Condensing<\/td>\n<\/tr>\n<tr>\n<td colspan=\"2\" width=\"238\">Informationen bestellen<\/td>\n<td width=\"200\">16-Port 10\/100mbit\/s Desktop<\/p>\n<p>Rackmount -Schalter<\/td>\n<td width=\"200\">24-Port 10\/100mbit\/s Desktop<\/p>\n<p>Rackmount -Schalter<\/td>\n<\/tr>\n<\/tbody>\n<\/table>\n<h2>Testmaschine<\/h2>\n<p>85% -Ersatzteile werden von unserer eigenen Fabrik hergestellt und mit \u00fcbereinstimmenden Testmaschinen k\u00f6nnen wir die Funktion und den Standard direkt best\u00e4tigen.<\/p>\n<p><img decoding=\"async\" class=\"alignnone wp-image-962 size-large\" src=\"http:\/\/sinewo.gg12.globaldeepsea.site\/wp-content\/uploads\/2025\/01\/\u56fe\u72475-851x1024.png\" alt=\"\" width=\"800\" height=\"963\" srcset=\"https:\/\/www.sinewo.com\/wp-content\/uploads\/2025\/01\/\u56fe\u72475-851x1024.png 851w, https:\/\/www.sinewo.com\/wp-content\/uploads\/2025\/01\/\u56fe\u72475-249x300.png 249w, https:\/\/www.sinewo.com\/wp-content\/uploads\/2025\/01\/\u56fe\u72475-768x924.png 768w, https:\/\/www.sinewo.com\/wp-content\/uploads\/2025\/01\/\u56fe\u72475-600x722.png 600w, https:\/\/www.sinewo.com\/wp-content\/uploads\/2025\/01\/\u56fe\u72475.png 900w\" sizes=\"(max-width: 800px) 100vw, 800px\" \/><\/p>\n<p>&nbsp;<\/p>\n<h2><\/h2>\n<p>&nbsp;<\/p>\n<p>&nbsp;<\/p>\n<p>&nbsp;<\/p>\n<p>&nbsp;<\/p>\n<p>&nbsp;<\/p>\n<h2><\/h2>\n<p>&nbsp;<\/p>\n<h2><\/h2>\n<p>&nbsp;<\/p>\n<h2><\/h2>\n<h2><\/h2>\n<p>&nbsp;<\/p>\n<p>&nbsp;<\/p>\n<p>&nbsp;<\/p>\n<p>&nbsp;<\/p>","protected":false},"excerpt":{"rendered":"<p>Der 16\/24-Port-10\/100-Mbit\/s-Desktop\/Rackmount-Switch bietet Ihnen ein Hochleistungs-, kosteng\u00fcnstiges, leicht zu bedienendes, nahtloses und Standard-Upgrade, um das alte Netzwerk auf 100 Mbit\/s zu verbessern. Alle Ports. Dar\u00fcber hinaus kann es mit der innovativen energieeffizienten Technologie den Stromverbrauch verringern und die \u00fcberwiegende Mehrheit seines Verpackungsmaterials kann recycelt werden, was es zu einer umweltfreundlichen L\u00f6sung f\u00fcr Ihr Gesch\u00e4ftsnetzwerk macht.<br \/>\nDieser neue 16\/24-Port-10\/100-Mbit\/s-Desktop\/Rackmount-Switch verf\u00fcgt \u00fcber die neuesten innovativen energieeffizienten Technologien, die Ihre Netzwerkkapazit\u00e4t mit viel weniger Leistung erheblich erweitern k\u00f6nnen. Der Schalter begrenzt den CO2-Fu\u00dfabdruck Ihres Netzwerks durch automatische Anpassung des Stromverbrauchs gem\u00e4\u00df den Verbindungsstatus und der Kabell\u00e4nge.<\/p>","protected":false},"featured_media":987,"template":"","meta":[],"product_cat":[115,123],"product_tag":[124],"class_list":{"0":"post-973","1":"product","2":"type-product","3":"status-publish","4":"has-post-thumbnail","6":"product_cat-lp-pbx-and-telephone-system-equipment","7":"product_cat-network-switch","8":"product_tag-network-switch","10":"first","11":"instock","12":"shipping-taxable","13":"product-type-simple"},"_links":{"self":[{"href":"https:\/\/www.sinewo.com\/de\/wp-json\/wp\/v2\/product\/973","targetHints":{"allow":["GET"]}}],"collection":[{"href":"https:\/\/www.sinewo.com\/de\/wp-json\/wp\/v2\/product"}],"about":[{"href":"https:\/\/www.sinewo.com\/de\/wp-json\/wp\/v2\/types\/product"}],"version-history":[{"count":1,"href":"https:\/\/www.sinewo.com\/de\/wp-json\/wp\/v2\/product\/973\/revisions"}],"predecessor-version":[{"id":975,"href":"https:\/\/www.sinewo.com\/de\/wp-json\/wp\/v2\/product\/973\/revisions\/975"}],"wp:featuredmedia":[{"embeddable":true,"href":"https:\/\/www.sinewo.com\/de\/wp-json\/wp\/v2\/media\/987"}],"wp:attachment":[{"href":"https:\/\/www.sinewo.com\/de\/wp-json\/wp\/v2\/media?parent=973"}],"wp:term":[{"taxonomy":"product_cat","embeddable":true,"href":"https:\/\/www.sinewo.com\/de\/wp-json\/wp\/v2\/product_cat?post=973"},{"taxonomy":"product_tag","embeddable":true,"href":"https:\/\/www.sinewo.com\/de\/wp-json\/wp\/v2\/product_tag?post=973"}],"curies":[{"name":"wp","href":"https:\/\/api.w.org\/{rel}","templated":true}]}}