{"id":968,"date":"2024-01-07T18:19:33","date_gmt":"2024-01-07T10:19:33","guid":{"rendered":"http:\/\/sinewo.gg12.globaldeepsea.site\/?post_type=product&#038;p=968"},"modified":"2025-01-16T13:59:17","modified_gmt":"2025-01-16T05:59:17","slug":"telecom-system-voip-ip-pbx-c200","status":"publish","type":"product","link":"https:\/\/www.sinewo.com\/de\/product\/telecom-system-voip-ip-pbx-c200\/","title":{"rendered":"Telecom System VoIP IP PBX - C200"},"content":{"rendered":"<h2>Merkmale<\/h2>\n<p>\u2022 Unterst\u00fctzt bis zu 500 SIP -Benutzer und 30 gleichzeitige Anrufe<br \/>\n\u2022 Unterst\u00fctzt 2 FXO- und 2 FXS -Anschl\u00fcsse mit Lifeline -Funktionen<br \/>\n\u2022 Flexible Zifferblattregeln basierend auf Zeit-, Nummer- oder Quell -IP usw.<br \/>\n\u2022 Unterst\u00fctzt Multi-Level-IVR (interaktive Sprachantwort)<br \/>\n\u2022 Eingebauter VPN-Server\/Client<br \/>\n\u2022 Unterst\u00fctzen Sie Voicemail\/ Sprachaufzeichnung<br \/>\n\u2022 Benutzerfreundliche Weboberfl\u00e4che, Klassifizierung der Rechte des Webbenutzers<\/p>\n<p>&nbsp;<\/p>\n<p>&nbsp;<\/p>\n<h2>Anwendung<\/h2>\n<p><img fetchpriority=\"high\" decoding=\"async\" class=\"alignnone wp-image-958 size-full\" src=\"http:\/\/sinewo.gg12.globaldeepsea.site\/wp-content\/uploads\/2025\/01\/\u6848\u4f8b\u56fe-1.jpg\" alt=\"\" width=\"750\" height=\"852\" srcset=\"https:\/\/www.sinewo.com\/wp-content\/uploads\/2025\/01\/\u6848\u4f8b\u56fe-1.jpg 750w, https:\/\/www.sinewo.com\/wp-content\/uploads\/2025\/01\/\u6848\u4f8b\u56fe-1-264x300.jpg 264w, https:\/\/www.sinewo.com\/wp-content\/uploads\/2025\/01\/\u6848\u4f8b\u56fe-1-600x682.jpg 600w\" sizes=\"(max-width: 750px) 100vw, 750px\" \/> <img decoding=\"async\" class=\"alignnone wp-image-959 size-full\" src=\"http:\/\/sinewo.gg12.globaldeepsea.site\/wp-content\/uploads\/2025\/01\/\u6848\u4f8b\u56fe-2.jpg\" alt=\"\" width=\"750\" height=\"413\" srcset=\"https:\/\/www.sinewo.com\/wp-content\/uploads\/2025\/01\/\u6848\u4f8b\u56fe-2.jpg 750w, https:\/\/www.sinewo.com\/wp-content\/uploads\/2025\/01\/\u6848\u4f8b\u56fe-2-300x165.jpg 300w, https:\/\/www.sinewo.com\/wp-content\/uploads\/2025\/01\/\u6848\u4f8b\u56fe-2-600x330.jpg 600w\" sizes=\"(max-width: 750px) 100vw, 750px\" \/><\/p>\n<h2>Testmaschine<\/h2>\n<p>85% -Ersatzteile werden von unserer eigenen Fabrik hergestellt und mit \u00fcbereinstimmenden Testmaschinen k\u00f6nnen wir die Funktion und den Standard direkt best\u00e4tigen.<\/p>\n<p><img decoding=\"async\" class=\"alignnone wp-image-962 size-large\" src=\"http:\/\/sinewo.gg12.globaldeepsea.site\/wp-content\/uploads\/2025\/01\/\u56fe\u72475-851x1024.png\" alt=\"\" width=\"800\" height=\"963\" srcset=\"https:\/\/www.sinewo.com\/wp-content\/uploads\/2025\/01\/\u56fe\u72475-851x1024.png 851w, https:\/\/www.sinewo.com\/wp-content\/uploads\/2025\/01\/\u56fe\u72475-249x300.png 249w, https:\/\/www.sinewo.com\/wp-content\/uploads\/2025\/01\/\u56fe\u72475-768x924.png 768w, https:\/\/www.sinewo.com\/wp-content\/uploads\/2025\/01\/\u56fe\u72475-600x722.png 600w, https:\/\/www.sinewo.com\/wp-content\/uploads\/2025\/01\/\u56fe\u72475.png 900w\" sizes=\"(max-width: 800px) 100vw, 800px\" \/><\/p>\n<p>&nbsp;<\/p>\n<h2><\/h2>\n<p>&nbsp;<\/p>\n<p>&nbsp;<\/p>\n<p>&nbsp;<\/p>\n<p>&nbsp;<\/p>\n<p>&nbsp;<\/p>\n<h2><\/h2>\n<p>&nbsp;<\/p>\n<h2><\/h2>\n<p>&nbsp;<\/p>\n<h2><\/h2>\n<h2><\/h2>\n<p>&nbsp;<\/p>\n<p>&nbsp;<\/p>\n<p>&nbsp;<\/p>\n<p>&nbsp;<\/p>","protected":false},"excerpt":{"rendered":"<p>C200 ist ein IP-Telefoniesystem, mit dem kleine und mittelgro\u00dfe Unternehmen eine bequeme und hocheffiziente Kommunikationsmethode festgelegt werden k\u00f6nnen. Das Gateway bietet 2 FXO -Anschl\u00fcsse und 2 FXS -Anschl\u00fcsse und kann auf der Grundlage des Sitzungsprotokolls (SIP) erweitert werden.<br \/>\nWenn Sie mit dem traditionellen IPPBX -System von PBX und Drittanbietern zusammenarbeiten, k\u00f6nnen Benutzer \u00fcber Sprach-, Fax-, Daten oder Video -Systeme kommunizieren.<\/p>","protected":false},"featured_media":989,"template":"","meta":[],"product_cat":[120,115],"product_tag":[122,121],"class_list":{"0":"post-968","1":"product","2":"type-product","3":"status-publish","4":"has-post-thumbnail","6":"product_cat-ip-pbx","7":"product_cat-lp-pbx-and-telephone-system-equipment","8":"product_tag-ip-telephony-system","9":"product_tag-voip-ip-pbx","11":"first","12":"instock","13":"shipping-taxable","14":"product-type-simple"},"_links":{"self":[{"href":"https:\/\/www.sinewo.com\/de\/wp-json\/wp\/v2\/product\/968","targetHints":{"allow":["GET"]}}],"collection":[{"href":"https:\/\/www.sinewo.com\/de\/wp-json\/wp\/v2\/product"}],"about":[{"href":"https:\/\/www.sinewo.com\/de\/wp-json\/wp\/v2\/types\/product"}],"version-history":[{"count":1,"href":"https:\/\/www.sinewo.com\/de\/wp-json\/wp\/v2\/product\/968\/revisions"}],"predecessor-version":[{"id":971,"href":"https:\/\/www.sinewo.com\/de\/wp-json\/wp\/v2\/product\/968\/revisions\/971"}],"wp:featuredmedia":[{"embeddable":true,"href":"https:\/\/www.sinewo.com\/de\/wp-json\/wp\/v2\/media\/989"}],"wp:attachment":[{"href":"https:\/\/www.sinewo.com\/de\/wp-json\/wp\/v2\/media?parent=968"}],"wp:term":[{"taxonomy":"product_cat","embeddable":true,"href":"https:\/\/www.sinewo.com\/de\/wp-json\/wp\/v2\/product_cat?post=968"},{"taxonomy":"product_tag","embeddable":true,"href":"https:\/\/www.sinewo.com\/de\/wp-json\/wp\/v2\/product_tag?post=968"}],"curies":[{"name":"wp","href":"https:\/\/api.w.org\/{rel}","templated":true}]}}