{"id":955,"date":"2024-01-07T18:07:05","date_gmt":"2024-01-07T10:07:05","guid":{"rendered":"http:\/\/sinewo.gg12.globaldeepsea.site\/?post_type=product&#038;p=955"},"modified":"2025-01-16T13:59:35","modified_gmt":"2025-01-16T05:59:35","slug":"fxo-analog-voip-gateway-jwdt1000-8o","status":"publish","type":"product","link":"https:\/\/www.sinewo.com\/de\/product\/fxo-analog-voip-gateway-jwdt1000-8o\/","title":{"rendered":"FXO Analog VoIP Gateway JWDT1000-8O"},"content":{"rendered":"<h2>Merkmale<\/h2>\n<p>Kosteng\u00fcnstiges VoIP-Gateway<br \/>\n8 FXO -Anschl\u00fcsse, 1 Wan, 2 LAN<br \/>\nUnterst\u00fctzung SIP, IMS<br \/>\nT.38 Fax<br \/>\nFlexibler Routing- und Dial -Plan<br \/>\nInteroperabel mit f\u00fchrenden Softwitches, IP -PBXs und SIP -Servern<\/p>\n<p><img fetchpriority=\"high\" decoding=\"async\" class=\"alignnone wp-image-960 size-large\" src=\"http:\/\/sinewo.gg12.globaldeepsea.site\/wp-content\/uploads\/2025\/01\/\u56fe\u72473-1024x232.png\" alt=\"\" width=\"800\" height=\"181\" srcset=\"https:\/\/www.sinewo.com\/wp-content\/uploads\/2025\/01\/\u56fe\u72473-1024x232.png 1024w, https:\/\/www.sinewo.com\/wp-content\/uploads\/2025\/01\/\u56fe\u72473-300x68.png 300w, https:\/\/www.sinewo.com\/wp-content\/uploads\/2025\/01\/\u56fe\u72473-768x174.png 768w, https:\/\/www.sinewo.com\/wp-content\/uploads\/2025\/01\/\u56fe\u72473-600x136.png 600w, https:\/\/www.sinewo.com\/wp-content\/uploads\/2025\/01\/\u56fe\u72473.png 1339w\" sizes=\"(max-width: 800px) 100vw, 800px\" \/><\/p>\n<h2>Anwendung<\/h2>\n<p><img decoding=\"async\" class=\"alignnone wp-image-958 size-full\" src=\"http:\/\/sinewo.gg12.globaldeepsea.site\/wp-content\/uploads\/2025\/01\/\u6848\u4f8b\u56fe-1.jpg\" alt=\"\" width=\"750\" height=\"852\" srcset=\"https:\/\/www.sinewo.com\/wp-content\/uploads\/2025\/01\/\u6848\u4f8b\u56fe-1.jpg 750w, https:\/\/www.sinewo.com\/wp-content\/uploads\/2025\/01\/\u6848\u4f8b\u56fe-1-264x300.jpg 264w, https:\/\/www.sinewo.com\/wp-content\/uploads\/2025\/01\/\u6848\u4f8b\u56fe-1-600x682.jpg 600w\" sizes=\"(max-width: 750px) 100vw, 750px\" \/> <img decoding=\"async\" class=\"alignnone wp-image-959 size-full\" src=\"http:\/\/sinewo.gg12.globaldeepsea.site\/wp-content\/uploads\/2025\/01\/\u6848\u4f8b\u56fe-2.jpg\" alt=\"\" width=\"750\" height=\"413\" srcset=\"https:\/\/www.sinewo.com\/wp-content\/uploads\/2025\/01\/\u6848\u4f8b\u56fe-2.jpg 750w, https:\/\/www.sinewo.com\/wp-content\/uploads\/2025\/01\/\u6848\u4f8b\u56fe-2-300x165.jpg 300w, https:\/\/www.sinewo.com\/wp-content\/uploads\/2025\/01\/\u6848\u4f8b\u56fe-2-600x330.jpg 600w\" sizes=\"(max-width: 750px) 100vw, 750px\" \/><\/p>\n<h2>Gute Kompatibilit\u00e4t mit verschiedenen Anbietern<\/h2>\n<p><img loading=\"lazy\" decoding=\"async\" class=\"alignnone wp-image-961 size-full\" src=\"http:\/\/sinewo.gg12.globaldeepsea.site\/wp-content\/uploads\/2025\/01\/\u56fe\u72474.png\" alt=\"\" width=\"1023\" height=\"361\" srcset=\"https:\/\/www.sinewo.com\/wp-content\/uploads\/2025\/01\/\u56fe\u72474.png 1023w, https:\/\/www.sinewo.com\/wp-content\/uploads\/2025\/01\/\u56fe\u72474-300x106.png 300w, https:\/\/www.sinewo.com\/wp-content\/uploads\/2025\/01\/\u56fe\u72474-768x271.png 768w, https:\/\/www.sinewo.com\/wp-content\/uploads\/2025\/01\/\u56fe\u72474-600x212.png 600w\" sizes=\"(max-width: 1023px) 100vw, 1023px\" \/><\/p>\n<p>&nbsp;<\/p>\n<p>&nbsp;<\/p>\n<h2>Testmaschine<\/h2>\n<p>85% -Ersatzteile werden von unserer eigenen Fabrik hergestellt und mit \u00fcbereinstimmenden Testmaschinen k\u00f6nnen wir die Funktion und den Standard direkt best\u00e4tigen.<\/p>\n<p><img loading=\"lazy\" decoding=\"async\" class=\"alignnone wp-image-962 size-large\" src=\"http:\/\/sinewo.gg12.globaldeepsea.site\/wp-content\/uploads\/2025\/01\/\u56fe\u72475-851x1024.png\" alt=\"\" width=\"800\" height=\"963\" srcset=\"https:\/\/www.sinewo.com\/wp-content\/uploads\/2025\/01\/\u56fe\u72475-851x1024.png 851w, https:\/\/www.sinewo.com\/wp-content\/uploads\/2025\/01\/\u56fe\u72475-249x300.png 249w, https:\/\/www.sinewo.com\/wp-content\/uploads\/2025\/01\/\u56fe\u72475-768x924.png 768w, https:\/\/www.sinewo.com\/wp-content\/uploads\/2025\/01\/\u56fe\u72475-600x722.png 600w, https:\/\/www.sinewo.com\/wp-content\/uploads\/2025\/01\/\u56fe\u72475.png 900w\" sizes=\"(max-width: 800px) 100vw, 800px\" \/><\/p>\n<h2><\/h2>\n<p>&nbsp;<\/p>\n<h2><\/h2>\n<p>&nbsp;<\/p>\n<h2><\/h2>\n<h2><\/h2>\n<p>&nbsp;<\/p>\n<p>&nbsp;<\/p>\n<p>&nbsp;<\/p>\n<p>&nbsp;<\/p>","protected":false},"excerpt":{"rendered":"<p>JWDT1000-8O FXO Analog VoIP Gateway ist eine Art Access-Gateway, das eine nahtlose Konnektivit\u00e4t zwischen IP-basierten Telefonie-Netzwerken und Legacy-Telefonen (POTs) und PBX-Systemen bietet. Das analoge Gateway verf\u00fcgt \u00fcber 8 FXO -Anschl\u00fcsse und wird verwendet, um eine Verbindung zu analogem PBX oder den PSTN -Linien von Telekommunikationstr\u00e4gern herzustellen. Mit dem Standard-SIP-Protokoll ist es mit f\u00fchrenden IMS\/NGN-Plattformen und SIP-basierten IP-Telefonsystemen kompatibel. Es bietet kosteng\u00fcnstige und benutzerfreundliche VoIP-L\u00f6sungen f\u00fcr kleine und mittlere Unternehmen, Call Center, Soho, Remote Offices sowie Unternehmen mit mehreren Zweigen.<\/p>","protected":false},"featured_media":995,"template":"","meta":[],"product_cat":[116,115],"product_tag":[132],"class_list":{"0":"post-955","1":"product","2":"type-product","3":"status-publish","4":"has-post-thumbnail","6":"product_cat-fxo-voip-gateway","7":"product_cat-lp-pbx-and-telephone-system-equipment","8":"product_tag-fxo-voip-gateway","10":"first","11":"instock","12":"shipping-taxable","13":"product-type-simple"},"_links":{"self":[{"href":"https:\/\/www.sinewo.com\/de\/wp-json\/wp\/v2\/product\/955","targetHints":{"allow":["GET"]}}],"collection":[{"href":"https:\/\/www.sinewo.com\/de\/wp-json\/wp\/v2\/product"}],"about":[{"href":"https:\/\/www.sinewo.com\/de\/wp-json\/wp\/v2\/types\/product"}],"version-history":[{"count":1,"href":"https:\/\/www.sinewo.com\/de\/wp-json\/wp\/v2\/product\/955\/revisions"}],"predecessor-version":[{"id":963,"href":"https:\/\/www.sinewo.com\/de\/wp-json\/wp\/v2\/product\/955\/revisions\/963"}],"wp:featuredmedia":[{"embeddable":true,"href":"https:\/\/www.sinewo.com\/de\/wp-json\/wp\/v2\/media\/995"}],"wp:attachment":[{"href":"https:\/\/www.sinewo.com\/de\/wp-json\/wp\/v2\/media?parent=955"}],"wp:term":[{"taxonomy":"product_cat","embeddable":true,"href":"https:\/\/www.sinewo.com\/de\/wp-json\/wp\/v2\/product_cat?post=955"},{"taxonomy":"product_tag","embeddable":true,"href":"https:\/\/www.sinewo.com\/de\/wp-json\/wp\/v2\/product_tag?post=955"}],"curies":[{"name":"wp","href":"https:\/\/api.w.org\/{rel}","templated":true}]}}