{"id":850,"date":"2025-01-06T18:41:45","date_gmt":"2025-01-06T10:41:45","guid":{"rendered":"http:\/\/sinewo.gg12.globaldeepsea.site\/?post_type=product&#038;p=850"},"modified":"2025-01-16T13:51:58","modified_gmt":"2025-01-16T05:51:58","slug":"emergency-voice-communication-systems-fire-telephone-type-a-outstations-jwat162-2","status":"publish","type":"product","link":"https:\/\/www.sinewo.com\/de\/product\/emergency-voice-communication-systems-fire-telephone-type-a-outstations-jwat162-2\/","title":{"rendered":"Emergency-Sprachkommunikationssysteme Brand Telefon Typ A Outstations Jwat162-2"},"content":{"rendered":"<h2>Produkteinf\u00fchrung<\/h2>\n<p>JWAT162-2 Das Brand Telefonsystem bietet w\u00e4hrend eines Brandnotfalls eine zuverl\u00e4ssige Zwei-Wege-Kommunikation und verbindet einen dauerhaft bemannten Kontrollraum mit wichtigen Punkten auf dem Standort. Feuertelefone und Stadionmarschallsysteme verwenden Typ-A-Au\u00dfenstationen mit einem Telefon-Mobilteil anstelle eines Freisprecheinsende-Systems. Sie werden normalerweise an Eing\u00e4ngen und Brandbek\u00e4mpfungslobbys platziert, sodass Feuerwehrleute und die Feuerwehr im Notfall nahtlos mit der Geb\u00e4udekontrolle kommunizieren k\u00f6nnen.<\/p>\n<h2>Merkmale<\/h2>\n<p>1. Ein neuer Look-Typ-A-Feuer-Telefon-Au\u00dfenstation.<br \/>\n2. Suppliert in einem haltbaren roten Stahlgeh\u00e4use mit einem hohen Kontrast roten Bildschirmdruck und mit einem robusten rotem Telefon Mobilteil hinter der Druckt\u00fcr.<br \/>\n3.Auto Dial Call -Funktion.<br \/>\nV.<br \/>\n5. kann oberfl\u00e4chenmontiert sein<br \/>\n6. Diese Versionen sind mit einem Verriegelungsmechanismus ausgestattet, wenn Sie dies nicht ben\u00f6tigen, um die T\u00fcr zu \u00f6ffnen, um die T\u00fcr zu \u00f6ffnen.<\/p>\n<h2>Anwendung<\/h2>\n<p>Diese Art Fire -Au\u00dfenstation ist ideal f\u00fcr die Verwendung in Brandtelefonen, Feuerwehrl\u00e4ndern, Erdgartenstationen und Stadion -Marshallown -Anwendungen.<\/p>\n<p><img fetchpriority=\"high\" decoding=\"async\" class=\"alignnone wp-image-856 size-full\" src=\"http:\/\/sinewo.gg12.globaldeepsea.site\/wp-content\/uploads\/2025\/01\/\u4ea7\u54c1\u6848\u4f8b\u56fe-1.webp\" alt=\"\" width=\"750\" height=\"668\" srcset=\"https:\/\/www.sinewo.com\/wp-content\/uploads\/2025\/01\/\u4ea7\u54c1\u6848\u4f8b\u56fe-1.webp 750w, https:\/\/www.sinewo.com\/wp-content\/uploads\/2025\/01\/\u4ea7\u54c1\u6848\u4f8b\u56fe-1-300x267.webp 300w, https:\/\/www.sinewo.com\/wp-content\/uploads\/2025\/01\/\u4ea7\u54c1\u6848\u4f8b\u56fe-1-600x534.webp 600w\" sizes=\"(max-width: 750px) 100vw, 750px\" \/><\/p>\n<p>&nbsp;<\/p>\n<h2>Parameter<\/h2>\n<table>\n<tbody>\n<tr>\n<td width=\"163\">Modellnummer<\/td>\n<td width=\"221\">JWAT162-2<\/td>\n<\/tr>\n<tr>\n<td width=\"163\">Wasserdichte Note<\/td>\n<td width=\"221\">IP65<\/td>\n<\/tr>\n<tr>\n<td width=\"163\">Anwendung<\/td>\n<td width=\"221\">Feuertelefon und Stadion -Marshalle<\/td>\n<\/tr>\n<tr>\n<td width=\"163\">Gewicht<\/td>\n<td width=\"221\">5KG<\/td>\n<\/tr>\n<tr>\n<td width=\"163\">Besonderheit<\/td>\n<td width=\"221\">Robuste Duplex -Sprache<\/td>\n<\/tr>\n<tr>\n<td width=\"163\">Material<\/td>\n<td width=\"221\">Weichstahl roter R\u00fcckkiste<\/td>\n<\/tr>\n<tr>\n<td width=\"163\">Betriebsbedingungen\/Temperatur<\/td>\n<td width=\"221\">-5\u00baC bis +40\u00baC. Relative Luftfeuchtigkeit maximal: 95%.<\/td>\n<\/tr>\n<tr>\n<td width=\"163\">Garantie<\/td>\n<td width=\"221\">1 Jahr<\/td>\n<\/tr>\n<tr>\n<td width=\"163\">Farbe<\/td>\n<td width=\"221\">Customized Color<\/td>\n<\/tr>\n<\/tbody>\n<\/table>\n<h2>Dimensionszeichnung<\/h2>\n<p><img decoding=\"async\" class=\"alignnone wp-image-855 size-full\" src=\"http:\/\/sinewo.gg12.globaldeepsea.site\/wp-content\/uploads\/2025\/01\/1.-\u5c3a\u5bf8\u56fe.jpg\" alt=\"\" width=\"1003\" height=\"699\" srcset=\"https:\/\/www.sinewo.com\/wp-content\/uploads\/2025\/01\/1.-\u5c3a\u5bf8\u56fe.jpg 1003w, https:\/\/www.sinewo.com\/wp-content\/uploads\/2025\/01\/1.-\u5c3a\u5bf8\u56fe-300x209.jpg 300w, https:\/\/www.sinewo.com\/wp-content\/uploads\/2025\/01\/1.-\u5c3a\u5bf8\u56fe-768x535.jpg 768w, https:\/\/www.sinewo.com\/wp-content\/uploads\/2025\/01\/1.-\u5c3a\u5bf8\u56fe-600x418.jpg 600w\" sizes=\"(max-width: 1003px) 100vw, 1003px\" \/><\/p>\n<h2>Verf\u00fcgbare Farbe<\/h2>\n<p>F\u00fcr dieses Brand -Telefon -Metallgeh\u00e4use akzeptieren wir die Anpassung des Farb- und Logo -Drucks. Die normale Farbe ist rot. Jede andere Farbe kann gem\u00e4\u00df Pantone -Nummer oder Farbprobe angepasst werden.<\/p>\n<h2>Testmaschine<\/h2>\n<p>85% -Ersatzteile werden von unserer eigenen Fabrik hergestellt und mit \u00fcbereinstimmenden Testmaschinen k\u00f6nnen wir die Funktion und den Standard direkt best\u00e4tigen.<\/p>\n<p><img decoding=\"async\" class=\"alignnone wp-image-844 size-large\" src=\"http:\/\/sinewo.gg12.globaldeepsea.site\/wp-content\/uploads\/2025\/01\/\u8bdd\u673a\u6d4b\u8bd5\u8bbe\u5907\u6d41\u7a0b-851x1024.png\" alt=\"\" width=\"800\" height=\"963\" srcset=\"https:\/\/www.sinewo.com\/wp-content\/uploads\/2025\/01\/\u8bdd\u673a\u6d4b\u8bd5\u8bbe\u5907\u6d41\u7a0b-851x1024.png 851w, https:\/\/www.sinewo.com\/wp-content\/uploads\/2025\/01\/\u8bdd\u673a\u6d4b\u8bd5\u8bbe\u5907\u6d41\u7a0b-249x300.png 249w, https:\/\/www.sinewo.com\/wp-content\/uploads\/2025\/01\/\u8bdd\u673a\u6d4b\u8bd5\u8bbe\u5907\u6d41\u7a0b-768x924.png 768w, https:\/\/www.sinewo.com\/wp-content\/uploads\/2025\/01\/\u8bdd\u673a\u6d4b\u8bd5\u8bbe\u5907\u6d41\u7a0b-600x722.png 600w, https:\/\/www.sinewo.com\/wp-content\/uploads\/2025\/01\/\u8bdd\u673a\u6d4b\u8bd5\u8bbe\u5907\u6d41\u7a0b.png 900w\" sizes=\"(max-width: 800px) 100vw, 800px\" \/><\/p>\n<h2><\/h2>\n<h2><\/h2>\n<p>&nbsp;<\/p>\n<p>&nbsp;<\/p>\n<p>&nbsp;<\/p>\n<p>&nbsp;<\/p>","protected":false},"excerpt":{"rendered":"<p>Joiwo Fire-Telefon-A-Au\u00dfenstationen f\u00fcr Notfallkommunikationssysteme sind entweder als oberfl\u00e4chenmontierte Einheiten oder als sp\u00fclen Einheiten erh\u00e4ltlich, die Oberfl\u00e4chen in rotem Kaltstahl oder Edelstahl enthalten.<\/p>\n<p>Feuertelefone erm\u00f6glichen die Zwei-Wege-Kommunikation zwischen Feuerwehrleuten oder Personen, die f\u00fcr die Evakuierung eines Geb\u00e4udes im Notfall verantwortlich sind. Sie erm\u00f6glichen die Sprachkommunikation zwischen dem Feuertelefon und dem am Bedienfeld stationierten Bediener. In der Regel nutzt ein Feuerwehrmann die Telefon -Au\u00dfenstation, um zu best\u00e4tigen, dass ein Bereich oder ein Bodenniveau vom Personal freigegeben werden.<\/p>","protected":false},"featured_media":854,"template":"","meta":[],"product_cat":[104,103,110],"product_tag":[113,107,114,112,111],"class_list":{"0":"post-850","1":"product","2":"type-product","3":"status-publish","4":"has-post-thumbnail","6":"product_cat-fire-metal-enclosure","7":"product_cat-hot-selling-product","8":"product_cat-metal-fire-telephone-outstations","9":"product_tag-emergency-voice-communication-systems","10":"product_tag-fire-telephone","11":"product_tag-fire-telephone-system","12":"product_tag-fire-telephone-type-a-outstations","13":"product_tag-type-a-outstations","15":"first","16":"instock","17":"shipping-taxable","18":"product-type-simple"},"_links":{"self":[{"href":"https:\/\/www.sinewo.com\/de\/wp-json\/wp\/v2\/product\/850","targetHints":{"allow":["GET"]}}],"collection":[{"href":"https:\/\/www.sinewo.com\/de\/wp-json\/wp\/v2\/product"}],"about":[{"href":"https:\/\/www.sinewo.com\/de\/wp-json\/wp\/v2\/types\/product"}],"version-history":[{"count":1,"href":"https:\/\/www.sinewo.com\/de\/wp-json\/wp\/v2\/product\/850\/revisions"}],"predecessor-version":[{"id":858,"href":"https:\/\/www.sinewo.com\/de\/wp-json\/wp\/v2\/product\/850\/revisions\/858"}],"wp:featuredmedia":[{"embeddable":true,"href":"https:\/\/www.sinewo.com\/de\/wp-json\/wp\/v2\/media\/854"}],"wp:attachment":[{"href":"https:\/\/www.sinewo.com\/de\/wp-json\/wp\/v2\/media?parent=850"}],"wp:term":[{"taxonomy":"product_cat","embeddable":true,"href":"https:\/\/www.sinewo.com\/de\/wp-json\/wp\/v2\/product_cat?post=850"},{"taxonomy":"product_tag","embeddable":true,"href":"https:\/\/www.sinewo.com\/de\/wp-json\/wp\/v2\/product_tag?post=850"}],"curies":[{"name":"wp","href":"https:\/\/api.w.org\/{rel}","templated":true}]}}