{"id":841,"date":"2025-01-06T18:34:22","date_gmt":"2025-01-06T10:34:22","guid":{"rendered":"http:\/\/sinewo.gg12.globaldeepsea.site\/?post_type=product&#038;p=841"},"modified":"2025-01-06T18:41:13","modified_gmt":"2025-01-06T10:41:13","slug":"fire-telephone-metal-enclosure-outstations-jwat162-1","status":"publish","type":"product","link":"https:\/\/www.sinewo.com\/de\/product\/fire-telephone-metal-enclosure-outstations-jwat162-1\/","title":{"rendered":"FIRE TELEFALE METAL-GEGENSCHAFTEN JWAT162-1"},"content":{"rendered":"<h2>Produkteinf\u00fchrung<\/h2>\n<p>JWAT162-1 FIRE TELEFERNET METAL-GEGENSTELLUNGEN mit einem Rotstahlgeh\u00e4use mit einem Push-to-Open- oder Less-Deckel befinden sich an Eing\u00e4ngen und Lobbys mit Feuerwehr. Diese Einheiten erm\u00f6glichen es Feuerwehrt\u00e4lern, w\u00e4hrend Notf\u00e4llen mit der Baukontrolle zu kommunizieren. Die Geh\u00e4use verf\u00fcgen \u00fcber \u00d6ffnungen, um sicherzustellen, dass das Telefon h\u00f6rbar ist, und eine optionale Flush -Mount -L\u00fcnette ist verf\u00fcgbar. Es ist ein Schutzgeh\u00e4use von Joiwo f\u00fcr \u00f6ffentliche Brand -Telefon -Mobilteile wie Feuerstationen und Erdgrad.<\/p>\n<h2>Merkmale<\/h2>\n<p>1. Ein neu aussehendes Feuer-Feuer-Telefon-Au\u00dfenstation.<br \/>\n2. Suppliert in einem haltbaren roten Stahlgeh\u00e4use mit einem hohen Kontrast roten Siebdruck und mit oder ohne robustes rotes Telefon Mobilteil hinter der Druckt\u00fcr<br \/>\n3. Ein festes, sicheres, bidirektionales Sprachkommunikationssystem mit Vollduplex, mit dem Feuerwehrleute bei Notf\u00e4llen in Hochh\u00e4usern oder gro\u00dfen Standorten unterst\u00fctzt werden k\u00f6nnen, an denen die Funkkommunikation aufgrund von Einmischung durch das Feuerkorona nicht garantiert werden kann.<br \/>\n4. Kann oberfl\u00e4chenmontiert sein<\/p>\n<h2>Anwendung<\/h2>\n<p>Diese Art Fire -Au\u00dfenstation ist ideal f\u00fcr die Verwendung in Brandtelefonen, Feuerwehrl\u00e4ndern, Erdgartenstationen und Stadion -Marshallown -Anwendungen.<\/p>\n<p><img fetchpriority=\"high\" decoding=\"async\" class=\"alignnone wp-image-842 size-full\" src=\"http:\/\/sinewo.gg12.globaldeepsea.site\/wp-content\/uploads\/2025\/01\/\u4ea7\u54c1\u6848\u4f8b\u56fe.webp\" alt=\"\" width=\"750\" height=\"668\" srcset=\"https:\/\/www.sinewo.com\/wp-content\/uploads\/2025\/01\/\u4ea7\u54c1\u6848\u4f8b\u56fe.webp 750w, https:\/\/www.sinewo.com\/wp-content\/uploads\/2025\/01\/\u4ea7\u54c1\u6848\u4f8b\u56fe-300x267.webp 300w, https:\/\/www.sinewo.com\/wp-content\/uploads\/2025\/01\/\u4ea7\u54c1\u6848\u4f8b\u56fe-600x534.webp 600w\" sizes=\"(max-width: 750px) 100vw, 750px\" \/><\/p>\n<p>&nbsp;<\/p>\n<h2>Parameter<\/h2>\n<table>\n<tbody>\n<tr>\n<td width=\"163\">Modellnummer<\/td>\n<td width=\"221\">JWAT162-1<\/td>\n<\/tr>\n<tr>\n<td width=\"163\">Wasserdichte Note<\/td>\n<td width=\"221\">IP65<\/td>\n<\/tr>\n<tr>\n<td width=\"163\">Anwendung<\/td>\n<td width=\"221\">Feuertelefon und Stadion -Marshalle<\/td>\n<\/tr>\n<tr>\n<td width=\"163\">Gewicht<\/td>\n<td width=\"221\">4.5KG<\/td>\n<\/tr>\n<tr>\n<td width=\"163\">Besonderheit<\/td>\n<td width=\"221\">robust<\/td>\n<\/tr>\n<tr>\n<td width=\"163\">Material<\/td>\n<td width=\"221\">Weichstahl roter R\u00fcckkiste<\/td>\n<\/tr>\n<tr>\n<td width=\"163\">Betriebsbedingungen\/Temperatur<\/td>\n<td width=\"221\">-5\u00baC bis +40\u00baC. Relative Luftfeuchtigkeit maximal: 95%.<\/td>\n<\/tr>\n<tr>\n<td width=\"163\">Garantie<\/td>\n<td width=\"221\">1 Jahr<\/td>\n<\/tr>\n<tr>\n<td width=\"163\">Farbe<\/td>\n<td width=\"221\">Customized Color<\/td>\n<\/tr>\n<\/tbody>\n<\/table>\n<h2>Dimensionszeichnung<\/h2>\n<p><img decoding=\"async\" class=\"alignnone wp-image-843 size-full\" src=\"http:\/\/sinewo.gg12.globaldeepsea.site\/wp-content\/uploads\/2025\/01\/\u4ea7\u54c1\u5c3a\u5bf8\u56fe.jpg\" alt=\"\" width=\"819\" height=\"651\" srcset=\"https:\/\/www.sinewo.com\/wp-content\/uploads\/2025\/01\/\u4ea7\u54c1\u5c3a\u5bf8\u56fe.jpg 819w, https:\/\/www.sinewo.com\/wp-content\/uploads\/2025\/01\/\u4ea7\u54c1\u5c3a\u5bf8\u56fe-300x238.jpg 300w, https:\/\/www.sinewo.com\/wp-content\/uploads\/2025\/01\/\u4ea7\u54c1\u5c3a\u5bf8\u56fe-768x610.jpg 768w, https:\/\/www.sinewo.com\/wp-content\/uploads\/2025\/01\/\u4ea7\u54c1\u5c3a\u5bf8\u56fe-600x477.jpg 600w\" sizes=\"(max-width: 819px) 100vw, 819px\" \/><\/p>\n<h2>Verf\u00fcgbare Farbe<\/h2>\n<p>F\u00fcr dieses Brand -Telefon -Metallgeh\u00e4use akzeptieren wir die Anpassung des Farb- und Logo -Drucks. Die normale Farbe ist rot. Jede andere Farbe kann gem\u00e4\u00df Pantone -Nummer oder Farbprobe angepasst werden.<\/p>\n<h2>Testmaschine<\/h2>\n<p>85% -Ersatzteile werden von unserer eigenen Fabrik hergestellt und mit \u00fcbereinstimmenden Testmaschinen k\u00f6nnen wir die Funktion und den Standard direkt best\u00e4tigen.<\/p>\n<p><img decoding=\"async\" class=\"alignnone wp-image-844 size-large\" src=\"http:\/\/sinewo.gg12.globaldeepsea.site\/wp-content\/uploads\/2025\/01\/\u8bdd\u673a\u6d4b\u8bd5\u8bbe\u5907\u6d41\u7a0b-851x1024.png\" alt=\"\" width=\"800\" height=\"963\" srcset=\"https:\/\/www.sinewo.com\/wp-content\/uploads\/2025\/01\/\u8bdd\u673a\u6d4b\u8bd5\u8bbe\u5907\u6d41\u7a0b-851x1024.png 851w, https:\/\/www.sinewo.com\/wp-content\/uploads\/2025\/01\/\u8bdd\u673a\u6d4b\u8bd5\u8bbe\u5907\u6d41\u7a0b-249x300.png 249w, https:\/\/www.sinewo.com\/wp-content\/uploads\/2025\/01\/\u8bdd\u673a\u6d4b\u8bd5\u8bbe\u5907\u6d41\u7a0b-768x924.png 768w, https:\/\/www.sinewo.com\/wp-content\/uploads\/2025\/01\/\u8bdd\u673a\u6d4b\u8bd5\u8bbe\u5907\u6d41\u7a0b-600x722.png 600w, https:\/\/www.sinewo.com\/wp-content\/uploads\/2025\/01\/\u8bdd\u673a\u6d4b\u8bd5\u8bbe\u5907\u6d41\u7a0b.png 900w\" sizes=\"(max-width: 800px) 100vw, 800px\" \/><\/p>\n<h2><\/h2>\n<h2><\/h2>\n<p>&nbsp;<\/p>\n<p>&nbsp;<\/p>\n<p>&nbsp;<\/p>\n<p>&nbsp;<\/p>","protected":false},"excerpt":{"rendered":"<p>Joiwo ist ein wegweisender Hersteller und Lieferant von Feuerwehrmetallgeh\u00e4usen in China. Wenn wir ein erfahrenes Forschungs- und Entwicklungsteam nutzen, das auf diesem Gebiet spezialisiert ist, sind wir bestrebt, sowohl inl\u00e4ndische als auch internationale Kunden mit hohen kosteng\u00fcnstigen L\u00f6sungen zu bieten. Als chinesische Fabrik besitzt Joiwo die flexible F\u00e4higkeit, Feuer -Telefon -Metallgeh\u00e4use nach bestimmten Kundenanforderungen anzupassen, einschlie\u00dflich verschiedener Auftritte, Abmessungen und Hauptbrett.<\/p>","protected":false},"featured_media":847,"template":"","meta":[],"product_cat":[104,105],"product_tag":[108,107,106,109],"class_list":{"0":"post-841","1":"product","2":"type-product","3":"status-publish","4":"has-post-thumbnail","6":"product_cat-fire-metal-enclosure","7":"product_cat-fire-telephone-metal-enclosure","8":"product_tag-enclosure-outstations","9":"product_tag-fire-telephone","10":"product_tag-fire-telephone-metal-enclosure","11":"product_tag-public-fire-telephone","13":"first","14":"instock","15":"shipping-taxable","16":"product-type-simple"},"_links":{"self":[{"href":"https:\/\/www.sinewo.com\/de\/wp-json\/wp\/v2\/product\/841","targetHints":{"allow":["GET"]}}],"collection":[{"href":"https:\/\/www.sinewo.com\/de\/wp-json\/wp\/v2\/product"}],"about":[{"href":"https:\/\/www.sinewo.com\/de\/wp-json\/wp\/v2\/types\/product"}],"version-history":[{"count":1,"href":"https:\/\/www.sinewo.com\/de\/wp-json\/wp\/v2\/product\/841\/revisions"}],"predecessor-version":[{"id":849,"href":"https:\/\/www.sinewo.com\/de\/wp-json\/wp\/v2\/product\/841\/revisions\/849"}],"wp:featuredmedia":[{"embeddable":true,"href":"https:\/\/www.sinewo.com\/de\/wp-json\/wp\/v2\/media\/847"}],"wp:attachment":[{"href":"https:\/\/www.sinewo.com\/de\/wp-json\/wp\/v2\/media?parent=841"}],"wp:term":[{"taxonomy":"product_cat","embeddable":true,"href":"https:\/\/www.sinewo.com\/de\/wp-json\/wp\/v2\/product_cat?post=841"},{"taxonomy":"product_tag","embeddable":true,"href":"https:\/\/www.sinewo.com\/de\/wp-json\/wp\/v2\/product_tag?post=841"}],"curies":[{"name":"wp","href":"https:\/\/api.w.org\/{rel}","templated":true}]}}