{"id":592,"date":"2024-12-30T09:46:12","date_gmt":"2024-12-30T01:46:12","guid":{"rendered":"http:\/\/www.siwoc.cc\/?post_type=product&#038;p=592"},"modified":"2024-12-30T10:47:35","modified_gmt":"2024-12-30T02:47:35","slug":"joiwo-highway-hands-free-backlit-waterproof-moisture-proof-speakerphone-emergency-intercom","status":"publish","type":"product","link":"https:\/\/www.sinewo.com\/de\/product\/joiwo-highway-hands-free-backlit-waterproof-moisture-proof-speakerphone-emergency-intercom\/","title":{"rendered":"Joiwo Highway H\u00e4nde kostenlos wasserdichte feuchtigkeitsdichte Lautsprecher -Notfallsprecher mit hinsbeleuchtet"},"content":{"rendered":"<h2>Produkteinf\u00fchrung<\/h2>\n<p>Diese JWAT416V Waterfeste feuchtigkeitssichere Gegensprechanlage bietet einen lauten Handfreien Anruf durch die analoge PSTN-Linie oder die VoIP-Netzwerklinie.<br \/>\nDie Leiche des Telefons besteht aus kaltem gerolltem Stahl, Vandal -Beweis, der einen Notruf t\u00e4tigen k\u00f6nnte, sobald die SOS -Taste gedr\u00fcckt wird.<br \/>\nMehrere Versionen sind verf\u00fcgbar, farblich angepasst.<br \/>\nTelefonteile wie Wiege, Mobilteil, Tastatur usw. werden von selbstgemachten hergestellt. Alle Teile wie Tastatur, Knopf, Seide usw. k\u00f6nnen angepasst werden.<\/p>\n<h2>Merkmale<\/h2>\n<p>1.Standard analogem Telefon. SIP -Version verf\u00fcgbar.<br \/>\n2. Auch in Analog\/VoIP, GSM\/3G -Version erh\u00e4ltlich.<br \/>\n3. Robust -Geh\u00e4use, aus kaltem Material ausgerolltem Stahl.<br \/>\n4. Die Oberfl\u00e4che ist wasserdicht und staubdicht und mit einem eingebauten wasserdichten Lautsprecher.<br \/>\n5. Die eingebaute Schaltung des Telefons hat eine starke F\u00e4higkeit zur Anti-Interferenz, und die Call-Schallqualit\u00e4t ist stabil und klar.<br \/>\n6.Alle Wetterschutz IP66.<br \/>\n7. Zwei vandalsichere, metallbeleuchtete Kn\u00f6pfe, Freisprecheinfassungswahl k\u00f6nnen f\u00fcr Notfallhilfe verwendet werden<br \/>\n8.Hands-freie Betrieb. Kann \u00fcber Tone-Tasten oder lokal \u00fcber Tastatur remote programmiert werden.<br \/>\n9. Wall \/ S\u00e4ule montiert, einfache Installation.<br \/>\n10.Connection: RJ11\/RJ45 -Kabel f\u00fcr Schraubenklemmenpaar.<br \/>\n11.<br \/>\n12. selbstgemachtes Telefon Ersatzteil verf\u00fcgbar.<br \/>\n13.CE, FCC, ROHS, ISO9001 CHOMPLIANT.<\/p>\n<h2>Anwendung<\/h2>\n<p>Das Telefon ist ein High-Tech-Produkt, das die tats\u00e4chlichen Bed\u00fcrfnisse von Schnellstra\u00dfenseiten kombiniert. Es wird auch h\u00e4ufig in schwerer Industrie, Chemiewerk, \u00d6l- und Tankstelle, Tunnel, Autobahn, Parkpl\u00e4tzen, Gef\u00e4ngnissen, Eisenbahn-\/U -Bahn -Plattformen, Fabrik, Kraftwerk, Bergbauwerk, Polizeistationen, Universit\u00e4t, Stadien, Au\u00dfengeb\u00e4uden und damit verbundener industrieller Anwendung usw. eingesetzt.<\/p>\n<p><img fetchpriority=\"high\" decoding=\"async\" class=\"alignnone wp-image-597 size-full\" src=\"http:\/\/www.siwoc.cc\/wp-content\/uploads\/2024\/12\/1-1.png\" alt=\"\" width=\"750\" height=\"668\" srcset=\"https:\/\/www.sinewo.com\/wp-content\/uploads\/2024\/12\/1-1.png 750w, https:\/\/www.sinewo.com\/wp-content\/uploads\/2024\/12\/1-1-300x267.png 300w, https:\/\/www.sinewo.com\/wp-content\/uploads\/2024\/12\/1-1-600x534.png 600w\" sizes=\"(max-width: 750px) 100vw, 750px\" \/><\/p>\n<h2>Parameter<\/h2>\n<table>\n<tbody>\n<tr>\n<td width=\"284\">Artikel<\/td>\n<td width=\"284\">Technische Daten<\/td>\n<\/tr>\n<tr>\n<td width=\"284\">Stromversorgung<\/td>\n<td width=\"284\">\u00a0Poe oder 12VDC<\/td>\n<\/tr>\n<tr>\n<td width=\"284\">Standby -Arbeit aktuell<\/td>\n<td width=\"284\">\u2264 1 mA<\/td>\n<\/tr>\n<tr>\n<td width=\"284\">Frequenzgang<\/td>\n<td width=\"284\">250 \uff5e 3000 Hz<\/td>\n<\/tr>\n<tr>\n<td width=\"284\">Klanglautst\u00e4rke<\/td>\n<td width=\"284\">&gt;85dB(A)<\/td>\n<\/tr>\n<tr>\n<td width=\"284\">Korrosionsqualit\u00e4t<\/td>\n<td width=\"284\">WF2<\/td>\n<\/tr>\n<tr>\n<td width=\"284\">Umgebungstemperatur<\/td>\n<td width=\"284\">-40\uff5e+70\u2103<\/td>\n<\/tr>\n<tr>\n<td width=\"284\">Atmosph\u00e4rischer Druck<\/td>\n<td width=\"284\">80 \uff5e 110 kPa<\/td>\n<\/tr>\n<tr>\n<td width=\"284\">Relative Luftfeuchtigkeit<\/td>\n<td width=\"284\">\u2264 95%<\/td>\n<\/tr>\n<tr>\n<td width=\"284\">Anti-Vandalismus-Niveau<\/td>\n<td width=\"284\">IK09<\/td>\n<\/tr>\n<tr>\n<td width=\"284\">Installation<\/td>\n<td width=\"284\">Wand montiert<\/td>\n<\/tr>\n<tr>\n<td width=\"284\">Stromversorgung<\/td>\n<td width=\"284\">\u00a0Poe oder 12VDC<\/td>\n<\/tr>\n<\/tbody>\n<\/table>\n<h2>Dimensionszeichnung<\/h2>\n<p><img decoding=\"async\" class=\"alignnone wp-image-600 size-large\" src=\"http:\/\/www.siwoc.cc\/wp-content\/uploads\/2024\/12\/\u5c3a\u5bf8\u56fe-7-1024x339.png\" alt=\"\" width=\"800\" height=\"265\" srcset=\"https:\/\/www.sinewo.com\/wp-content\/uploads\/2024\/12\/\u5c3a\u5bf8\u56fe-7-1024x339.png 1024w, https:\/\/www.sinewo.com\/wp-content\/uploads\/2024\/12\/\u5c3a\u5bf8\u56fe-7-300x99.png 300w, https:\/\/www.sinewo.com\/wp-content\/uploads\/2024\/12\/\u5c3a\u5bf8\u56fe-7-768x254.png 768w, https:\/\/www.sinewo.com\/wp-content\/uploads\/2024\/12\/\u5c3a\u5bf8\u56fe-7-600x198.png 600w, https:\/\/www.sinewo.com\/wp-content\/uploads\/2024\/12\/\u5c3a\u5bf8\u56fe-7.png 1225w\" sizes=\"(max-width: 800px) 100vw, 800px\" \/><\/p>\n<h2>Verf\u00fcgbare Farbe<\/h2>\n<p>Wenn Sie eine Farbanfrage haben, teilen Sie uns die Pantone -Farbe Nr. Mit<\/p>\n<p><img decoding=\"async\" class=\"alignnone wp-image-383 size-full\" src=\"http:\/\/www.siwoc.cc\/wp-content\/uploads\/2024\/12\/4.\u53ef\u9009\u989c\u8272-1.png\" alt=\"\" width=\"900\" height=\"600\" srcset=\"https:\/\/www.sinewo.com\/wp-content\/uploads\/2024\/12\/4.\u53ef\u9009\u989c\u8272-1.png 900w, https:\/\/www.sinewo.com\/wp-content\/uploads\/2024\/12\/4.\u53ef\u9009\u989c\u8272-1-300x200.png 300w, https:\/\/www.sinewo.com\/wp-content\/uploads\/2024\/12\/4.\u53ef\u9009\u989c\u8272-1-768x512.png 768w, https:\/\/www.sinewo.com\/wp-content\/uploads\/2024\/12\/4.\u53ef\u9009\u989c\u8272-1-600x400.png 600w\" sizes=\"(max-width: 900px) 100vw, 900px\" \/><\/p>\n<h2>Testmaschine<\/h2>\n<p>85% -Ersatzteile werden von unserer eigenen Fabrik hergestellt und mit \u00fcbereinstimmenden Testmaschinen k\u00f6nnen wir die Funktion und den Standard direkt best\u00e4tigen.<\/p>\n<p><img loading=\"lazy\" decoding=\"async\" class=\"alignnone wp-image-384 size-full\" src=\"http:\/\/www.siwoc.cc\/wp-content\/uploads\/2024\/12\/5.-\u8bdd\u673a\u6d4b\u8bd5\u8bbe\u5907\u6d41\u7a0b-1.png\" alt=\"\" width=\"900\" height=\"1083\" srcset=\"https:\/\/www.sinewo.com\/wp-content\/uploads\/2024\/12\/5.-\u8bdd\u673a\u6d4b\u8bd5\u8bbe\u5907\u6d41\u7a0b-1.png 900w, https:\/\/www.sinewo.com\/wp-content\/uploads\/2024\/12\/5.-\u8bdd\u673a\u6d4b\u8bd5\u8bbe\u5907\u6d41\u7a0b-1-249x300.png 249w, https:\/\/www.sinewo.com\/wp-content\/uploads\/2024\/12\/5.-\u8bdd\u673a\u6d4b\u8bd5\u8bbe\u5907\u6d41\u7a0b-1-851x1024.png 851w, https:\/\/www.sinewo.com\/wp-content\/uploads\/2024\/12\/5.-\u8bdd\u673a\u6d4b\u8bd5\u8bbe\u5907\u6d41\u7a0b-1-768x924.png 768w, https:\/\/www.sinewo.com\/wp-content\/uploads\/2024\/12\/5.-\u8bdd\u673a\u6d4b\u8bd5\u8bbe\u5907\u6d41\u7a0b-1-600x722.png 600w\" sizes=\"(max-width: 900px) 100vw, 900px\" \/><\/p>\n<h2><\/h2>\n<h2>Telefonsystemdiagramm<\/h2>\n<p>&nbsp;<\/p>\n<p><img loading=\"lazy\" decoding=\"async\" class=\"alignnone wp-image-598 size-large\" src=\"http:\/\/www.siwoc.cc\/wp-content\/uploads\/2024\/12\/2-1024x576.png\" alt=\"\" width=\"800\" height=\"450\" srcset=\"https:\/\/www.sinewo.com\/wp-content\/uploads\/2024\/12\/2-1024x576.png 1024w, https:\/\/www.sinewo.com\/wp-content\/uploads\/2024\/12\/2-300x169.png 300w, https:\/\/www.sinewo.com\/wp-content\/uploads\/2024\/12\/2-768x432.png 768w, https:\/\/www.sinewo.com\/wp-content\/uploads\/2024\/12\/2-1536x864.png 1536w, https:\/\/www.sinewo.com\/wp-content\/uploads\/2024\/12\/2-2048x1152.png 2048w, https:\/\/www.sinewo.com\/wp-content\/uploads\/2024\/12\/2-600x338.png 600w\" sizes=\"(max-width: 800px) 100vw, 800px\" \/> <img loading=\"lazy\" decoding=\"async\" class=\"alignnone wp-image-599 size-full\" src=\"http:\/\/www.siwoc.cc\/wp-content\/uploads\/2024\/12\/3.png\" alt=\"\" width=\"900\" height=\"450\" srcset=\"https:\/\/www.sinewo.com\/wp-content\/uploads\/2024\/12\/3.png 900w, https:\/\/www.sinewo.com\/wp-content\/uploads\/2024\/12\/3-300x150.png 300w, https:\/\/www.sinewo.com\/wp-content\/uploads\/2024\/12\/3-768x384.png 768w, https:\/\/www.sinewo.com\/wp-content\/uploads\/2024\/12\/3-600x300.png 600w\" sizes=\"(max-width: 900px) 100vw, 900px\" \/><\/p>\n<p>&nbsp;<\/p>\n<p>&nbsp;<\/p>","protected":false},"excerpt":{"rendered":"<p>Das wasserdichte Lautsprecher ist weit verbreitet f\u00fcr Autobahn, Stra\u00dfenrand, Eisenbahn, LKW, Verpackungsgrundst\u00fccke, Marine, Tunnel usw.<br \/>\nAls wetterfestes Telefon besteht es aus einem kalten, gerollten Stahl, das wasserdichtes Geh\u00e4use spr\u00fcht, um einen vollst\u00e4ndigen Schutz gegen Staub und Feuchtigkeitsein- und Feuchtigkeit zu bieten, was zu einem sehr zuverl\u00e4ssigen Produkt mit langem MBTF f\u00fchrt.<br \/>\nIhr Anbieter von innovativen Kommunikationsl\u00f6sungen und Wettbewerbsprodukten f\u00fcr die industrielle Kommunikation.<\/p>","protected":false},"featured_media":596,"template":"","meta":[],"product_cat":[64,99],"product_tag":[84,86,85],"class_list":{"0":"post-592","1":"product","2":"type-product","3":"status-publish","4":"has-post-thumbnail","6":"product_cat-emergency-intercom","7":"product_cat-weatherproof-emergency-intercom","8":"product_tag-speakerphone-emergency-intercom","9":"product_tag-waterproof-moisture-proof-intercom","10":"product_tag-waterproof-speakerphone","12":"first","13":"instock","14":"shipping-taxable","15":"product-type-simple"},"_links":{"self":[{"href":"https:\/\/www.sinewo.com\/de\/wp-json\/wp\/v2\/product\/592","targetHints":{"allow":["GET"]}}],"collection":[{"href":"https:\/\/www.sinewo.com\/de\/wp-json\/wp\/v2\/product"}],"about":[{"href":"https:\/\/www.sinewo.com\/de\/wp-json\/wp\/v2\/types\/product"}],"version-history":[{"count":0,"href":"https:\/\/www.sinewo.com\/de\/wp-json\/wp\/v2\/product\/592\/revisions"}],"wp:featuredmedia":[{"embeddable":true,"href":"https:\/\/www.sinewo.com\/de\/wp-json\/wp\/v2\/media\/596"}],"wp:attachment":[{"href":"https:\/\/www.sinewo.com\/de\/wp-json\/wp\/v2\/media?parent=592"}],"wp:term":[{"taxonomy":"product_cat","embeddable":true,"href":"https:\/\/www.sinewo.com\/de\/wp-json\/wp\/v2\/product_cat?post=592"},{"taxonomy":"product_tag","embeddable":true,"href":"https:\/\/www.sinewo.com\/de\/wp-json\/wp\/v2\/product_tag?post=592"}],"curies":[{"name":"wp","href":"https:\/\/api.w.org\/{rel}","templated":true}]}}