{"id":469,"date":"2025-01-12T13:31:18","date_gmt":"2025-01-12T05:31:18","guid":{"rendered":"http:\/\/www.siwoc.cc\/?post_type=product&#038;p=469"},"modified":"2025-01-16T13:51:49","modified_gmt":"2025-01-16T05:51:49","slug":"industrial-sos-weatherproof-voip-video-emergency-intercom-for-elevator","status":"publish","type":"product","link":"https:\/\/www.sinewo.com\/de\/product\/industrial-sos-weatherproof-voip-video-emergency-intercom-for-elevator\/","title":{"rendered":"Industrial SOS Weather Proof VoIP Video Notfallsprechanfang f\u00fcr den Aufzug JWAT925"},"content":{"rendered":"<h2>Produkteinf\u00fchrung<\/h2>\n<p>Unsere Video -Gegensprechanlage ist in der Lage, aus der T\u00fcr zu Zugangskontrollzwecken installiert zu werden. Mit der Nutzung der Schaltfl\u00e4chen verwenden die Taste und die T\u00fcrklingel den gleichen trockenen Kontakt. Wenn ein Anruf \u00fcber die Video -Intercom get\u00e4tigt wird, kann der Eigent\u00fcmer den Besucher deutlich sehen.<br \/>\nAls Notfallunterbrechung kann es im Freien oder an \u00f6ffentlichen Orten installiert werden. In \u00f6ffentlichen Bereichen k\u00f6nnen Besucher im Notfall die Video\u00fcbersicht nutzen, um Hilfe von den zust\u00e4ndigen Mitarbeitern oder der Polizei zu suchen.<\/p>\n<h2>Merkmale<\/h2>\n<p>1.Standard SIP 2.0 Telefon.<br \/>\n2. Robustgeh\u00e4use, Edelstahlk\u00f6rper.<br \/>\n3. Staub und Feuchtigkeit.<br \/>\n4. Vandal resistente rostfreie Kn\u00f6pfe.<br \/>\n5.Alle Wetterschutz IP65.<br \/>\n6. Eine Taste f\u00fcr Geschwindigkeitswahl.<br \/>\n7. Unterst\u00fctzung G.711 A\/U, G.722 8000\/16000, G.723, G.729.<br \/>\n8.Wan\/LAN: St\u00fctze Br\u00fcckenmodus.<br \/>\n9. Support DHCP erhalten Sie IP am WAN -Port.<br \/>\n10. Support PPPOE f\u00fcr XDSL.<br \/>\n11. Support DHCP erhalten Sie IP am WAN -Port.<br \/>\n12. Temperatur: Betrieb: -30 \u00b0 C bis +65 \u00b0 C Speichern: -40 \u00b0 C bis +75 \u00b0 C.<br \/>\n13. Mit der externen Stromversorgung betr\u00e4gt der Schallpegel mehr als 80 dB.<br \/>\n14.Handsfreie Betrieb.<br \/>\n15.wand montiert.<br \/>\n16. selbstgemachter Telefon Ersatzteil verf\u00fcgbar.<br \/>\n17.CE, FCC, ROHS, ISO9001 CHOMPLIANT.<\/p>\n<h2>Anwendung<\/h2>\n<p>Die Gegensprechanlage verwendet normalerweise in Lebensmittelfabrik, sauberem Raum, Labor, Krankenhausisolationsbereichen, sterilen Bereichen und anderen eingeschr\u00e4nkten Umgebungen. Auch f\u00fcr Aufz\u00fcge\/Aufz\u00fcge, Parkpl\u00e4tze, Gef\u00e4ngnisse, Eisenbahn-\/U -Bahn -Plattformen, Krankenh\u00e4user, Polizeistationen, Geldautomaten, Stadien, Campus, Einkaufszentren, T\u00fcren, Hotels, au\u00dferhalb des Geb\u00e4udes usw.<\/p>\n<p><img fetchpriority=\"high\" decoding=\"async\" class=\"alignnone wp-image-453 size-full\" src=\"http:\/\/www.siwoc.cc\/wp-content\/uploads\/2024\/12\/\u56fe\u72471.png\" alt=\"\" width=\"750\" height=\"419\" srcset=\"https:\/\/www.sinewo.com\/wp-content\/uploads\/2024\/12\/\u56fe\u72471.png 750w, https:\/\/www.sinewo.com\/wp-content\/uploads\/2024\/12\/\u56fe\u72471-300x168.png 300w, https:\/\/www.sinewo.com\/wp-content\/uploads\/2024\/12\/\u56fe\u72471-600x335.png 600w\" sizes=\"(max-width: 750px) 100vw, 750px\" \/><\/p>\n<h2>Parameter<\/h2>\n<table>\n<tbody>\n<tr>\n<td width=\"284\">Artikel<\/td>\n<td width=\"284\">Technische Daten<\/td>\n<\/tr>\n<tr>\n<td width=\"284\">Stromversorgung<\/td>\n<td width=\"284\">\u00a0Poe oder 12VDC<\/td>\n<\/tr>\n<tr>\n<td width=\"284\">Standby -Arbeit aktuell<\/td>\n<td width=\"284\">\u2264 1 mA<\/td>\n<\/tr>\n<tr>\n<td width=\"284\">Frequenzgang<\/td>\n<td width=\"284\">250 \uff5e 3000 Hz<\/td>\n<\/tr>\n<tr>\n<td width=\"284\">Klanglautst\u00e4rke<\/td>\n<td width=\"284\">&gt;85dB(A)<\/td>\n<\/tr>\n<tr>\n<td width=\"284\">Korrosionsqualit\u00e4t<\/td>\n<td width=\"284\">WF2<\/td>\n<\/tr>\n<tr>\n<td width=\"284\">Umgebungstemperatur<\/td>\n<td width=\"284\">-40\uff5e+70\u2103<\/td>\n<\/tr>\n<tr>\n<td width=\"284\">Atmosph\u00e4rischer Druck<\/td>\n<td width=\"284\">80 \uff5e 110 kPa<\/td>\n<\/tr>\n<tr>\n<td width=\"284\">Relative Luftfeuchtigkeit<\/td>\n<td width=\"284\">\u2264 95%<\/td>\n<\/tr>\n<tr>\n<td width=\"284\">Anti-Vandalismus-Niveau<\/td>\n<td width=\"284\">IK09<\/td>\n<\/tr>\n<tr>\n<td width=\"284\">Installation<\/td>\n<td width=\"284\">Wand montiert<\/td>\n<\/tr>\n<tr>\n<td width=\"284\">Stromversorgung<\/td>\n<td width=\"284\">\u00a0Poe oder 12VDC<\/td>\n<\/tr>\n<\/tbody>\n<\/table>\n<h2>Dimensionszeichnung<\/h2>\n<p><img decoding=\"async\" class=\"alignnone wp-image-474 size-full\" src=\"http:\/\/www.siwoc.cc\/wp-content\/uploads\/2024\/12\/\u5c3a\u5bf8\u56fe.webp\" alt=\"\" width=\"923\" height=\"420\" srcset=\"https:\/\/www.sinewo.com\/wp-content\/uploads\/2024\/12\/\u5c3a\u5bf8\u56fe.webp 923w, https:\/\/www.sinewo.com\/wp-content\/uploads\/2024\/12\/\u5c3a\u5bf8\u56fe-300x137.webp 300w, https:\/\/www.sinewo.com\/wp-content\/uploads\/2024\/12\/\u5c3a\u5bf8\u56fe-768x349.webp 768w, https:\/\/www.sinewo.com\/wp-content\/uploads\/2024\/12\/\u5c3a\u5bf8\u56fe-600x273.webp 600w\" sizes=\"(max-width: 923px) 100vw, 923px\" \/><\/p>\n<h2>Verf\u00fcgbare Farbe<\/h2>\n<p>Wenn Sie eine Farbanfrage haben, teilen Sie uns die Pantone -Farbe Nr. Mit<\/p>\n<p><img decoding=\"async\" class=\"alignnone wp-image-383 size-full\" src=\"http:\/\/www.siwoc.cc\/wp-content\/uploads\/2024\/12\/4.\u53ef\u9009\u989c\u8272-1.png\" alt=\"\" width=\"900\" height=\"600\" srcset=\"https:\/\/www.sinewo.com\/wp-content\/uploads\/2024\/12\/4.\u53ef\u9009\u989c\u8272-1.png 900w, https:\/\/www.sinewo.com\/wp-content\/uploads\/2024\/12\/4.\u53ef\u9009\u989c\u8272-1-300x200.png 300w, https:\/\/www.sinewo.com\/wp-content\/uploads\/2024\/12\/4.\u53ef\u9009\u989c\u8272-1-768x512.png 768w, https:\/\/www.sinewo.com\/wp-content\/uploads\/2024\/12\/4.\u53ef\u9009\u989c\u8272-1-600x400.png 600w\" sizes=\"(max-width: 900px) 100vw, 900px\" \/><\/p>\n<h2>Testmaschine<\/h2>\n<p>85% -Ersatzteile werden von unserer eigenen Fabrik hergestellt und mit \u00fcbereinstimmenden Testmaschinen k\u00f6nnen wir die Funktion und den Standard direkt best\u00e4tigen.<\/p>\n<p><img loading=\"lazy\" decoding=\"async\" class=\"alignnone wp-image-384 size-full\" src=\"http:\/\/www.siwoc.cc\/wp-content\/uploads\/2024\/12\/5.-\u8bdd\u673a\u6d4b\u8bd5\u8bbe\u5907\u6d41\u7a0b-1.png\" alt=\"\" width=\"900\" height=\"1083\" srcset=\"https:\/\/www.sinewo.com\/wp-content\/uploads\/2024\/12\/5.-\u8bdd\u673a\u6d4b\u8bd5\u8bbe\u5907\u6d41\u7a0b-1.png 900w, https:\/\/www.sinewo.com\/wp-content\/uploads\/2024\/12\/5.-\u8bdd\u673a\u6d4b\u8bd5\u8bbe\u5907\u6d41\u7a0b-1-249x300.png 249w, https:\/\/www.sinewo.com\/wp-content\/uploads\/2024\/12\/5.-\u8bdd\u673a\u6d4b\u8bd5\u8bbe\u5907\u6d41\u7a0b-1-851x1024.png 851w, https:\/\/www.sinewo.com\/wp-content\/uploads\/2024\/12\/5.-\u8bdd\u673a\u6d4b\u8bd5\u8bbe\u5907\u6d41\u7a0b-1-768x924.png 768w, https:\/\/www.sinewo.com\/wp-content\/uploads\/2024\/12\/5.-\u8bdd\u673a\u6d4b\u8bd5\u8bbe\u5907\u6d41\u7a0b-1-600x722.png 600w\" sizes=\"(max-width: 900px) 100vw, 900px\" \/><\/p>\n<h2><\/h2>\n<h2>Telefonsystemdiagramm<\/h2>\n<p><img loading=\"lazy\" decoding=\"async\" class=\"alignnone wp-image-461 size-large\" src=\"http:\/\/www.siwoc.cc\/wp-content\/uploads\/2024\/12\/\u7535\u8bdd\u7cfb\u7edf\u56fe-2-1-1024x576.jpg\" alt=\"\" width=\"800\" height=\"450\" srcset=\"https:\/\/www.sinewo.com\/wp-content\/uploads\/2024\/12\/\u7535\u8bdd\u7cfb\u7edf\u56fe-2-1-1024x576.jpg 1024w, https:\/\/www.sinewo.com\/wp-content\/uploads\/2024\/12\/\u7535\u8bdd\u7cfb\u7edf\u56fe-2-1-300x169.jpg 300w, https:\/\/www.sinewo.com\/wp-content\/uploads\/2024\/12\/\u7535\u8bdd\u7cfb\u7edf\u56fe-2-1-768x432.jpg 768w, https:\/\/www.sinewo.com\/wp-content\/uploads\/2024\/12\/\u7535\u8bdd\u7cfb\u7edf\u56fe-2-1-1536x864.jpg 1536w, https:\/\/www.sinewo.com\/wp-content\/uploads\/2024\/12\/\u7535\u8bdd\u7cfb\u7edf\u56fe-2-1-2048x1152.jpg 2048w, https:\/\/www.sinewo.com\/wp-content\/uploads\/2024\/12\/\u7535\u8bdd\u7cfb\u7edf\u56fe-2-1-600x338.jpg 600w\" sizes=\"(max-width: 800px) 100vw, 800px\" \/> <img loading=\"lazy\" decoding=\"async\" class=\"alignnone wp-image-462 size-large\" src=\"http:\/\/www.siwoc.cc\/wp-content\/uploads\/2024\/12\/\u7535\u8bdd\u7cfb\u7edf\u56fe-3-1024x576.jpg\" alt=\"\" width=\"800\" height=\"450\" srcset=\"https:\/\/www.sinewo.com\/wp-content\/uploads\/2024\/12\/\u7535\u8bdd\u7cfb\u7edf\u56fe-3-1024x576.jpg 1024w, https:\/\/www.sinewo.com\/wp-content\/uploads\/2024\/12\/\u7535\u8bdd\u7cfb\u7edf\u56fe-3-300x169.jpg 300w, https:\/\/www.sinewo.com\/wp-content\/uploads\/2024\/12\/\u7535\u8bdd\u7cfb\u7edf\u56fe-3-768x432.jpg 768w, https:\/\/www.sinewo.com\/wp-content\/uploads\/2024\/12\/\u7535\u8bdd\u7cfb\u7edf\u56fe-3-1536x864.jpg 1536w, https:\/\/www.sinewo.com\/wp-content\/uploads\/2024\/12\/\u7535\u8bdd\u7cfb\u7edf\u56fe-3-2048x1152.jpg 2048w, https:\/\/www.sinewo.com\/wp-content\/uploads\/2024\/12\/\u7535\u8bdd\u7cfb\u7edf\u56fe-3-600x338.jpg 600w\" sizes=\"(max-width: 800px) 100vw, 800px\" \/><\/p>\n<p>&nbsp;<\/p>\n<p>&nbsp;<\/p>","protected":false},"excerpt":{"rendered":"<p>Video Intercom verwendet eine hochaufl\u00f6sende Kamera und ein Metallgeh\u00e4use, wodurch sie f\u00fcr U-Bahn-Stationen, Flugh\u00e4fen und andere \u00f6ffentliche Veranstaltungsorte f\u00fcr die Notfallkommunikation geeignet ist. Das Video -Intercom verwendet das IP -Protokoll, um auf jeden SIP -Server zuzugreifen und eine hervorragende Anrufqualit\u00e4t und ein klares Videobild zu gew\u00e4hrleisten.<br \/>\nVideo Intercom-Telefon mit einem Metallgeh\u00e4use zeigen korrosionsbest\u00e4ndige und antikestruktive Eigenschaften. Sie sind f\u00fcr die eingebettete Installation ausgelegt und bieten Funktionen f\u00fcr die Geschwindigkeits-Geschwindigkeit. Diese Intercom -Systeme mit Kameras k\u00f6nnen nicht nur in Wohnumgebungen installiert werden, sondern auch als Terminals f\u00fcr T\u00fcr -Intercom -Systeme dienen. Der wasserdichte Niveau ist hoch und kann nach den Benutzeranforderungen angepasst werden.<\/p>","protected":false},"featured_media":759,"template":"","meta":[],"product_cat":[64,100,103],"product_tag":[78,75,79,77,73,74,76],"class_list":{"0":"post-469","1":"product","2":"type-product","3":"status-publish","4":"has-post-thumbnail","6":"product_cat-emergency-intercom","7":"product_cat-emergency-video-intercom","8":"product_cat-hot-selling-product","9":"product_tag-door-intercom-systems","10":"product_tag-emergency-communication","11":"product_tag-emergency-help-intercom","12":"product_tag-intercom-systems","13":"product_tag-sos-weatherproof-voip-video-emergency-intercom","14":"product_tag-video-intercom","15":"product_tag-video-intercom-telephone","17":"first","18":"instock","19":"shipping-taxable","20":"product-type-simple"},"_links":{"self":[{"href":"https:\/\/www.sinewo.com\/de\/wp-json\/wp\/v2\/product\/469","targetHints":{"allow":["GET"]}}],"collection":[{"href":"https:\/\/www.sinewo.com\/de\/wp-json\/wp\/v2\/product"}],"about":[{"href":"https:\/\/www.sinewo.com\/de\/wp-json\/wp\/v2\/types\/product"}],"version-history":[{"count":2,"href":"https:\/\/www.sinewo.com\/de\/wp-json\/wp\/v2\/product\/469\/revisions"}],"predecessor-version":[{"id":1194,"href":"https:\/\/www.sinewo.com\/de\/wp-json\/wp\/v2\/product\/469\/revisions\/1194"}],"wp:featuredmedia":[{"embeddable":true,"href":"https:\/\/www.sinewo.com\/de\/wp-json\/wp\/v2\/media\/759"}],"wp:attachment":[{"href":"https:\/\/www.sinewo.com\/de\/wp-json\/wp\/v2\/media?parent=469"}],"wp:term":[{"taxonomy":"product_cat","embeddable":true,"href":"https:\/\/www.sinewo.com\/de\/wp-json\/wp\/v2\/product_cat?post=469"},{"taxonomy":"product_tag","embeddable":true,"href":"https:\/\/www.sinewo.com\/de\/wp-json\/wp\/v2\/product_tag?post=469"}],"curies":[{"name":"wp","href":"https:\/\/api.w.org\/{rel}","templated":true}]}}