{"id":463,"date":"2024-12-29T13:26:06","date_gmt":"2024-12-29T05:26:06","guid":{"rendered":"http:\/\/www.siwoc.cc\/?post_type=product&#038;p=463"},"modified":"2024-12-31T14:16:44","modified_gmt":"2024-12-31T06:16:44","slug":"industrial-analog-voip-public-handsfree-speakerphone-intercom-safety-sos-emergency-telephone","status":"publish","type":"product","link":"https:\/\/www.sinewo.com\/de\/product\/industrial-analog-voip-public-handsfree-speakerphone-intercom-safety-sos-emergency-telephone\/","title":{"rendered":"Industrial Analog VoIP Public Handfree Lautsprecher Intercom Sicherheit SOS Notfalltelefon"},"content":{"rendered":"<h2>Produkteinf\u00fchrung<\/h2>\n<p>Diese JWAT411-Intercom f\u00fcr Sicherheitslautsprecherh\u00f6rungen bietet eine freifreie Lautschein\u00fcbermittlung \u00fcber die vorhandene analoge Telefonleitung oder das VoIP-Netzwerk und eignet sich f\u00fcr eine sterile Umgebung.<br \/>\nDie Leiche des Telefons besteht aus SUS304 Edelstahlmaterial, vandalbest\u00e4ndiger, Anzeigerichts -SOS -Taste optional.<br \/>\nMehrere Versionen sind verf\u00fcgbar, farblich angepasst \uff0c mit Tastatur, ohne Tastatur und auf Anfrage mit zus\u00e4tzlichen Funktionstasten.<br \/>\nTelefonteile werden von selbstgemachtem hergestellt. Alle Teile wie Tastatur k\u00f6nnen angepasst werden.<\/p>\n<h2>Merkmale<\/h2>\n<p>1.Standard analogem Telefon. SIP -Version verf\u00fcgbar.<br \/>\n2. Robustgeh\u00e4use, robuster Geh\u00e4use, gebaut aus 304 Edelstahlmaterial.<br \/>\n3.Vandal resistent Edelstahlkn\u00f6pfe. LED -Anzeige f\u00fcr die Taste optional.<br \/>\n4.Alle Wetterschutz IP54 bis IP65.<br \/>\n5. Eine Taste f\u00fcr den Notruf.<br \/>\n6. Mit externer Stromversorgung k\u00f6nnte der Schallpegel mehr als 90 dB erreichen.<br \/>\n7.Handsfreie Betrieb.<br \/>\n8. Flush montiert.<br \/>\n9.Connection: RJ11 -Kabel f\u00fcr Schraubenklemmenpaar.<br \/>\n10. SELF-MADE TELEFERSPRECHT VERFAHREN.<br \/>\n11.CE, FCC, ROHS, ISO9001 CHOMPLIANT.<\/p>\n<h2>Anwendung<\/h2>\n<p>Die Gegensprechanlage verwendet normalerweise in Lebensmittelfabrik, sauberem Raum, Labor, Krankenhausisolationsbereichen, sterilen Bereichen und anderen eingeschr\u00e4nkten Umgebungen. Auch f\u00fcr Aufz\u00fcge\/Aufz\u00fcge, Parkpl\u00e4tze, Gef\u00e4ngnisse, Eisenbahn-\/U -Bahn -Plattformen, Krankenh\u00e4user, Polizeistationen, Geldautomaten, Stadien, Campus, Einkaufszentren, T\u00fcren, Hotels, au\u00dferhalb des Geb\u00e4udes usw.<\/p>\n<p><img fetchpriority=\"high\" decoding=\"async\" class=\"alignnone wp-image-453 size-full\" src=\"http:\/\/www.siwoc.cc\/wp-content\/uploads\/2024\/12\/\u56fe\u72471.png\" alt=\"\" width=\"750\" height=\"419\" srcset=\"https:\/\/www.sinewo.com\/wp-content\/uploads\/2024\/12\/\u56fe\u72471.png 750w, https:\/\/www.sinewo.com\/wp-content\/uploads\/2024\/12\/\u56fe\u72471-300x168.png 300w, https:\/\/www.sinewo.com\/wp-content\/uploads\/2024\/12\/\u56fe\u72471-600x335.png 600w\" sizes=\"(max-width: 750px) 100vw, 750px\" \/><\/p>\n<h2>Parameter<\/h2>\n<table>\n<tbody>\n<tr>\n<td width=\"284\">Artikel<\/td>\n<td width=\"284\">Technische Daten<\/td>\n<\/tr>\n<tr>\n<td width=\"284\">Stromversorgung<\/td>\n<td width=\"284\">Telefonleitung angetrieben<\/td>\n<\/tr>\n<tr>\n<td width=\"284\">Voltage<\/td>\n<td width=\"284\">DC48V<\/td>\n<\/tr>\n<tr>\n<td width=\"284\">Standby -Arbeit aktuell<\/td>\n<td width=\"284\">\u2264 1 mA<\/td>\n<\/tr>\n<tr>\n<td width=\"284\">Frequenzgang<\/td>\n<td width=\"284\">250 \uff5e 3000 Hz<\/td>\n<\/tr>\n<tr>\n<td width=\"284\">Klanglautst\u00e4rke<\/td>\n<td width=\"284\">&gt;85dB(A)<\/td>\n<\/tr>\n<tr>\n<td width=\"284\">Korrosionsqualit\u00e4t<\/td>\n<td width=\"284\">WF1<\/td>\n<\/tr>\n<tr>\n<td width=\"284\">Umgebungstemperatur<\/td>\n<td width=\"284\">-40\uff5e+70\u2103<\/td>\n<\/tr>\n<tr>\n<td width=\"284\">Anti-Vandalismus-Niveau<\/td>\n<td width=\"284\">Ik10<\/td>\n<\/tr>\n<tr>\n<td width=\"284\">Atmosph\u00e4rischer Druck<\/td>\n<td width=\"284\">80 \uff5e 110 kPa<\/td>\n<\/tr>\n<tr>\n<td width=\"284\">Gewicht<\/td>\n<td width=\"284\">2kg<\/td>\n<\/tr>\n<tr>\n<td width=\"284\">Relative Luftfeuchtigkeit<\/td>\n<td width=\"284\">\u2264 95%<\/td>\n<\/tr>\n<tr>\n<td width=\"284\">Installation<\/td>\n<td width=\"284\">Eingebettet<\/td>\n<\/tr>\n<\/tbody>\n<\/table>\n<h2>Dimensionszeichnung<\/h2>\n<p><img decoding=\"async\" class=\"alignnone wp-image-468 size-full\" src=\"http:\/\/www.siwoc.cc\/wp-content\/uploads\/2024\/12\/\u5c3a\u5bf8\u56fe-6.png\" alt=\"\" width=\"840\" height=\"350\" srcset=\"https:\/\/www.sinewo.com\/wp-content\/uploads\/2024\/12\/\u5c3a\u5bf8\u56fe-6.png 840w, https:\/\/www.sinewo.com\/wp-content\/uploads\/2024\/12\/\u5c3a\u5bf8\u56fe-6-300x125.png 300w, https:\/\/www.sinewo.com\/wp-content\/uploads\/2024\/12\/\u5c3a\u5bf8\u56fe-6-768x320.png 768w, https:\/\/www.sinewo.com\/wp-content\/uploads\/2024\/12\/\u5c3a\u5bf8\u56fe-6-600x250.png 600w\" sizes=\"(max-width: 840px) 100vw, 840px\" \/><\/p>\n<h2>Verf\u00fcgbare Farbe<\/h2>\n<p>Wenn Sie eine Farbanfrage haben, teilen Sie uns die Pantone -Farbe Nr. Mit<\/p>\n<p><img decoding=\"async\" class=\"alignnone wp-image-383 size-full\" src=\"http:\/\/www.siwoc.cc\/wp-content\/uploads\/2024\/12\/4.\u53ef\u9009\u989c\u8272-1.png\" alt=\"\" width=\"900\" height=\"600\" srcset=\"https:\/\/www.sinewo.com\/wp-content\/uploads\/2024\/12\/4.\u53ef\u9009\u989c\u8272-1.png 900w, https:\/\/www.sinewo.com\/wp-content\/uploads\/2024\/12\/4.\u53ef\u9009\u989c\u8272-1-300x200.png 300w, https:\/\/www.sinewo.com\/wp-content\/uploads\/2024\/12\/4.\u53ef\u9009\u989c\u8272-1-768x512.png 768w, https:\/\/www.sinewo.com\/wp-content\/uploads\/2024\/12\/4.\u53ef\u9009\u989c\u8272-1-600x400.png 600w\" sizes=\"(max-width: 900px) 100vw, 900px\" \/><\/p>\n<h2>Testmaschine<\/h2>\n<p>85% -Ersatzteile werden von unserer eigenen Fabrik hergestellt und mit \u00fcbereinstimmenden Testmaschinen k\u00f6nnen wir die Funktion und den Standard direkt best\u00e4tigen.<\/p>\n<p><img loading=\"lazy\" decoding=\"async\" class=\"alignnone wp-image-384 size-full\" src=\"http:\/\/www.siwoc.cc\/wp-content\/uploads\/2024\/12\/5.-\u8bdd\u673a\u6d4b\u8bd5\u8bbe\u5907\u6d41\u7a0b-1.png\" alt=\"\" width=\"900\" height=\"1083\" srcset=\"https:\/\/www.sinewo.com\/wp-content\/uploads\/2024\/12\/5.-\u8bdd\u673a\u6d4b\u8bd5\u8bbe\u5907\u6d41\u7a0b-1.png 900w, https:\/\/www.sinewo.com\/wp-content\/uploads\/2024\/12\/5.-\u8bdd\u673a\u6d4b\u8bd5\u8bbe\u5907\u6d41\u7a0b-1-249x300.png 249w, https:\/\/www.sinewo.com\/wp-content\/uploads\/2024\/12\/5.-\u8bdd\u673a\u6d4b\u8bd5\u8bbe\u5907\u6d41\u7a0b-1-851x1024.png 851w, https:\/\/www.sinewo.com\/wp-content\/uploads\/2024\/12\/5.-\u8bdd\u673a\u6d4b\u8bd5\u8bbe\u5907\u6d41\u7a0b-1-768x924.png 768w, https:\/\/www.sinewo.com\/wp-content\/uploads\/2024\/12\/5.-\u8bdd\u673a\u6d4b\u8bd5\u8bbe\u5907\u6d41\u7a0b-1-600x722.png 600w\" sizes=\"(max-width: 900px) 100vw, 900px\" \/><\/p>\n<h2><\/h2>\n<h2>Telefonsystemdiagramm<\/h2>\n<p><img loading=\"lazy\" decoding=\"async\" class=\"alignnone wp-image-461 size-large\" src=\"http:\/\/www.siwoc.cc\/wp-content\/uploads\/2024\/12\/\u7535\u8bdd\u7cfb\u7edf\u56fe-2-1-1024x576.jpg\" alt=\"\" width=\"800\" height=\"450\" srcset=\"https:\/\/www.sinewo.com\/wp-content\/uploads\/2024\/12\/\u7535\u8bdd\u7cfb\u7edf\u56fe-2-1-1024x576.jpg 1024w, https:\/\/www.sinewo.com\/wp-content\/uploads\/2024\/12\/\u7535\u8bdd\u7cfb\u7edf\u56fe-2-1-300x169.jpg 300w, https:\/\/www.sinewo.com\/wp-content\/uploads\/2024\/12\/\u7535\u8bdd\u7cfb\u7edf\u56fe-2-1-768x432.jpg 768w, https:\/\/www.sinewo.com\/wp-content\/uploads\/2024\/12\/\u7535\u8bdd\u7cfb\u7edf\u56fe-2-1-1536x864.jpg 1536w, https:\/\/www.sinewo.com\/wp-content\/uploads\/2024\/12\/\u7535\u8bdd\u7cfb\u7edf\u56fe-2-1-2048x1152.jpg 2048w, https:\/\/www.sinewo.com\/wp-content\/uploads\/2024\/12\/\u7535\u8bdd\u7cfb\u7edf\u56fe-2-1-600x338.jpg 600w\" sizes=\"(max-width: 800px) 100vw, 800px\" \/> <img loading=\"lazy\" decoding=\"async\" class=\"alignnone wp-image-462 size-large\" src=\"http:\/\/www.siwoc.cc\/wp-content\/uploads\/2024\/12\/\u7535\u8bdd\u7cfb\u7edf\u56fe-3-1024x576.jpg\" alt=\"\" width=\"800\" height=\"450\" srcset=\"https:\/\/www.sinewo.com\/wp-content\/uploads\/2024\/12\/\u7535\u8bdd\u7cfb\u7edf\u56fe-3-1024x576.jpg 1024w, https:\/\/www.sinewo.com\/wp-content\/uploads\/2024\/12\/\u7535\u8bdd\u7cfb\u7edf\u56fe-3-300x169.jpg 300w, https:\/\/www.sinewo.com\/wp-content\/uploads\/2024\/12\/\u7535\u8bdd\u7cfb\u7edf\u56fe-3-768x432.jpg 768w, https:\/\/www.sinewo.com\/wp-content\/uploads\/2024\/12\/\u7535\u8bdd\u7cfb\u7edf\u56fe-3-1536x864.jpg 1536w, https:\/\/www.sinewo.com\/wp-content\/uploads\/2024\/12\/\u7535\u8bdd\u7cfb\u7edf\u56fe-3-2048x1152.jpg 2048w, https:\/\/www.sinewo.com\/wp-content\/uploads\/2024\/12\/\u7535\u8bdd\u7cfb\u7edf\u56fe-3-600x338.jpg 600w\" sizes=\"(max-width: 800px) 100vw, 800px\" \/><\/p>\n<p>&nbsp;<\/p>\n<p>&nbsp;<\/p>","protected":false},"excerpt":{"rendered":"<p>Das robuste Geh\u00e4use von JWAT411 besteht aus Sus 304 Edelstahl und mit einem wasserdichten Metallknopf f\u00fcr die W\u00e4hlschaltung aus. Analoge Typ \/VoIP -Typ \/GSM -Typ optional.<br \/>\nDar\u00fcber hinaus k\u00f6nnen Sie die Kamera installieren, um einen Videoanruf entsprechend der Nachfrage des Benutzers zu t\u00e4tigen, um die Sicherheit zu verbessern.<br \/>\nIntercom ist eine b\u00fcndige oder oberfl\u00e4chenmontierte Einheit. Bei der Installation mit geeigneten Grenzfl\u00e4chendichtungen kann eine sehr hohe, wasserfeste IP -Bewertung erreicht werden.<br \/>\nMit einem professionellen F &amp; E -Team in Industrial -Telekommunikationsl\u00f6sung, das seit 2005 eingereicht wurde, wurde jedes Intercom -Telefon die FCC, CE International Certificate, verabschiedet.<br \/>\nIhr Anbieter von innovativen Kommunikationsl\u00f6sungen und Wettbewerbsprodukten f\u00fcr die industrielle Kommunikation.<\/p>","protected":false},"featured_media":754,"template":"","meta":[],"product_cat":[64,98],"product_tag":[72,71,70],"class_list":{"0":"post-463","1":"product","2":"type-product","3":"status-publish","4":"has-post-thumbnail","6":"product_cat-emergency-intercom","7":"product_cat-sos-emergency-intercom","8":"product_tag-analog-telephone","9":"product_tag-emergency-telephone","10":"product_tag-speakerphone-intercom","12":"first","13":"instock","14":"shipping-taxable","15":"product-type-simple"},"_links":{"self":[{"href":"https:\/\/www.sinewo.com\/de\/wp-json\/wp\/v2\/product\/463","targetHints":{"allow":["GET"]}}],"collection":[{"href":"https:\/\/www.sinewo.com\/de\/wp-json\/wp\/v2\/product"}],"about":[{"href":"https:\/\/www.sinewo.com\/de\/wp-json\/wp\/v2\/types\/product"}],"version-history":[{"count":1,"href":"https:\/\/www.sinewo.com\/de\/wp-json\/wp\/v2\/product\/463\/revisions"}],"predecessor-version":[{"id":758,"href":"https:\/\/www.sinewo.com\/de\/wp-json\/wp\/v2\/product\/463\/revisions\/758"}],"wp:featuredmedia":[{"embeddable":true,"href":"https:\/\/www.sinewo.com\/de\/wp-json\/wp\/v2\/media\/754"}],"wp:attachment":[{"href":"https:\/\/www.sinewo.com\/de\/wp-json\/wp\/v2\/media?parent=463"}],"wp:term":[{"taxonomy":"product_cat","embeddable":true,"href":"https:\/\/www.sinewo.com\/de\/wp-json\/wp\/v2\/product_cat?post=463"},{"taxonomy":"product_tag","embeddable":true,"href":"https:\/\/www.sinewo.com\/de\/wp-json\/wp\/v2\/product_tag?post=463"}],"curies":[{"name":"wp","href":"https:\/\/api.w.org\/{rel}","templated":true}]}}