{"id":455,"date":"2025-01-13T13:20:51","date_gmt":"2025-01-13T05:20:51","guid":{"rendered":"http:\/\/www.siwoc.cc\/?post_type=product&#038;p=455"},"modified":"2025-01-16T13:51:17","modified_gmt":"2025-01-16T05:51:17","slug":"emergency-handsfree-telephone-dust-proof-industrial-intercom-for-clean-room","status":"publish","type":"product","link":"https:\/\/www.sinewo.com\/de\/product\/emergency-handsfree-telephone-dust-proof-industrial-intercom-for-clean-room\/","title":{"rendered":"Notfallfree telefonisch staubdestell"},"content":{"rendered":"<h2>Produkteinf\u00fchrung<\/h2>\n<p>JWAT401 Vandal Proof Hands -Free -Telefon ist so konzipiert, dass eine effiziente L\u00f6sung f\u00fcr Notfallrechnungen erstellt wird.<br \/>\nClean Room Telefon nimmt das neueste technologische Design des sauberen und sterilen Raum -Telefonterminals an. Stellen Sie sicher, dass auf der Oberfl\u00e4che der Ger\u00e4te keine L\u00fccke oder Loch vorhanden ist, und es gibt im Grunde kein konvexes Design auf der Installationsoberfl\u00e4che.<br \/>\nDie Leiche des Telefons besteht aus SUS304 Edelstahl, sie kann leicht durch Waschen mit Reinigungsmitteln und bakteriziden Vorbereitungen dekontaminiert werden. Der Kabeleingang befindet sich auf der R\u00fcckseite des Telefons, um k\u00fcnstliche Sch\u00e4den zu verhindern.<br \/>\nMehrere Versionen sind verf\u00fcgbar, farblich angepasst \uff0c mit Tastatur, ohne Tastatur und auf Anfrage mit zus\u00e4tzlichen Funktionstasten.<br \/>\nTelefonteile werden von selbstgemachtem hergestellt. Alle Teile wie Tastatur k\u00f6nnen angepasst werden.<\/p>\n<h2>Merkmale<\/h2>\n<p>1.Standard analogem Telefon. SIP -Version verf\u00fcgbar.<br \/>\n2. Robustgeh\u00e4use, gebaut aus 304 Edelstahlmaterial.<br \/>\n3,4 x Manipulationsschrauben f\u00fcr die Montage<br \/>\n4.Handsfreie Betrieb.<br \/>\n5. Vandal resistente Edelstahl -Tastatur.<br \/>\n6. Flush -Montage.<br \/>\n7.Weather Proof Protection IP54-IP65 gem\u00e4\u00df den unterschiedlichen wasserdachten Anforderungen.<br \/>\n8. Konnektion: RJ11 -Kabel des Schraubenklemmenpaars.<br \/>\n9. selbstgemachtes Telefon Ersatzteil verf\u00fcgbar.<br \/>\n10.CE, FCC, ROHS, ISO9001 Konform.<\/p>\n<h2>Anwendung<\/h2>\n<p>Die Gegensprechanlage verwendet normalerweise in sauberem Raum, Labor, Krankenhausisolationsbereichen, sterilen Bereichen und anderen eingeschr\u00e4nkten Umgebungen. Auch f\u00fcr Aufz\u00fcge\/Aufz\u00fcge, Parkpl\u00e4tze, Gef\u00e4ngnisse, Eisenbahn-\/U -Bahn -Plattformen, Krankenh\u00e4user, Polizeistationen, Geldautomaten, Stadien, Campus, Einkaufszentren, T\u00fcren, Hotels, au\u00dferhalb des Geb\u00e4udes usw.<\/p>\n<p><img fetchpriority=\"high\" decoding=\"async\" class=\"alignnone wp-image-453 size-full\" src=\"http:\/\/www.siwoc.cc\/wp-content\/uploads\/2024\/12\/\u56fe\u72471.png\" alt=\"\" width=\"750\" height=\"419\" srcset=\"https:\/\/www.sinewo.com\/wp-content\/uploads\/2024\/12\/\u56fe\u72471.png 750w, https:\/\/www.sinewo.com\/wp-content\/uploads\/2024\/12\/\u56fe\u72471-300x168.png 300w, https:\/\/www.sinewo.com\/wp-content\/uploads\/2024\/12\/\u56fe\u72471-600x335.png 600w\" sizes=\"(max-width: 750px) 100vw, 750px\" \/><\/p>\n<h2>Parameter<\/h2>\n<table>\n<tbody>\n<tr>\n<td width=\"284\">Artikel<\/td>\n<td width=\"284\">Technische Daten<\/td>\n<\/tr>\n<tr>\n<td width=\"284\">Stromversorgung<\/td>\n<td width=\"284\">Telefonleitung angetrieben<\/td>\n<\/tr>\n<tr>\n<td width=\"284\">Voltage<\/td>\n<td width=\"284\">DC48V<\/td>\n<\/tr>\n<tr>\n<td width=\"284\">Standby -Arbeit aktuell<\/td>\n<td width=\"284\">\u2264 1 mA<\/td>\n<\/tr>\n<tr>\n<td width=\"284\">Frequenzgang<\/td>\n<td width=\"284\">250 \uff5e 3000 Hz<\/td>\n<\/tr>\n<tr>\n<td width=\"284\">Klanglautst\u00e4rke<\/td>\n<td width=\"284\">&gt;85dB(A)<\/td>\n<\/tr>\n<tr>\n<td width=\"284\">Korrosionsqualit\u00e4t<\/td>\n<td width=\"284\">WF2<\/td>\n<\/tr>\n<tr>\n<td width=\"284\">Umgebungstemperatur<\/td>\n<td width=\"284\">-40\uff5e+70\u2103<\/td>\n<\/tr>\n<tr>\n<td width=\"284\">Anti-Vandalismus-Niveau<\/td>\n<td width=\"284\">IK9<\/td>\n<\/tr>\n<tr>\n<td width=\"284\">Atmosph\u00e4rischer Druck<\/td>\n<td width=\"284\">80 \uff5e 110 kPa<\/td>\n<\/tr>\n<tr>\n<td width=\"284\">Gewicht<\/td>\n<td width=\"284\">2kg<\/td>\n<\/tr>\n<tr>\n<td width=\"284\">Relative Luftfeuchtigkeit<\/td>\n<td width=\"284\">\u2264 95%<\/td>\n<\/tr>\n<tr>\n<td width=\"284\">Installation<\/td>\n<td width=\"284\">Eingebettet<\/td>\n<\/tr>\n<\/tbody>\n<\/table>\n<h2>Dimensionszeichnung<\/h2>\n<p><img decoding=\"async\" class=\"alignnone wp-image-460 size-full\" src=\"http:\/\/www.siwoc.cc\/wp-content\/uploads\/2024\/12\/\u5c3a\u5bf8\u56fe-5.png\" alt=\"\" width=\"634\" height=\"290\" srcset=\"https:\/\/www.sinewo.com\/wp-content\/uploads\/2024\/12\/\u5c3a\u5bf8\u56fe-5.png 634w, https:\/\/www.sinewo.com\/wp-content\/uploads\/2024\/12\/\u5c3a\u5bf8\u56fe-5-300x137.png 300w, https:\/\/www.sinewo.com\/wp-content\/uploads\/2024\/12\/\u5c3a\u5bf8\u56fe-5-600x274.png 600w\" sizes=\"(max-width: 634px) 100vw, 634px\" \/><\/p>\n<h2>Verf\u00fcgbare Farbe<\/h2>\n<p>Wenn Sie eine Farbanfrage haben, teilen Sie uns die Pantone -Farbe Nr. Mit<\/p>\n<p><img decoding=\"async\" class=\"alignnone wp-image-383 size-full\" src=\"http:\/\/www.siwoc.cc\/wp-content\/uploads\/2024\/12\/4.\u53ef\u9009\u989c\u8272-1.png\" alt=\"\" width=\"900\" height=\"600\" srcset=\"https:\/\/www.sinewo.com\/wp-content\/uploads\/2024\/12\/4.\u53ef\u9009\u989c\u8272-1.png 900w, https:\/\/www.sinewo.com\/wp-content\/uploads\/2024\/12\/4.\u53ef\u9009\u989c\u8272-1-300x200.png 300w, https:\/\/www.sinewo.com\/wp-content\/uploads\/2024\/12\/4.\u53ef\u9009\u989c\u8272-1-768x512.png 768w, https:\/\/www.sinewo.com\/wp-content\/uploads\/2024\/12\/4.\u53ef\u9009\u989c\u8272-1-600x400.png 600w\" sizes=\"(max-width: 900px) 100vw, 900px\" \/><\/p>\n<h2>Testmaschine<\/h2>\n<p>85% -Ersatzteile werden von unserer eigenen Fabrik hergestellt und mit \u00fcbereinstimmenden Testmaschinen k\u00f6nnen wir die Funktion und den Standard direkt best\u00e4tigen.<\/p>\n<p><img loading=\"lazy\" decoding=\"async\" class=\"alignnone wp-image-384 size-full\" src=\"http:\/\/www.siwoc.cc\/wp-content\/uploads\/2024\/12\/5.-\u8bdd\u673a\u6d4b\u8bd5\u8bbe\u5907\u6d41\u7a0b-1.png\" alt=\"\" width=\"900\" height=\"1083\" srcset=\"https:\/\/www.sinewo.com\/wp-content\/uploads\/2024\/12\/5.-\u8bdd\u673a\u6d4b\u8bd5\u8bbe\u5907\u6d41\u7a0b-1.png 900w, https:\/\/www.sinewo.com\/wp-content\/uploads\/2024\/12\/5.-\u8bdd\u673a\u6d4b\u8bd5\u8bbe\u5907\u6d41\u7a0b-1-249x300.png 249w, https:\/\/www.sinewo.com\/wp-content\/uploads\/2024\/12\/5.-\u8bdd\u673a\u6d4b\u8bd5\u8bbe\u5907\u6d41\u7a0b-1-851x1024.png 851w, https:\/\/www.sinewo.com\/wp-content\/uploads\/2024\/12\/5.-\u8bdd\u673a\u6d4b\u8bd5\u8bbe\u5907\u6d41\u7a0b-1-768x924.png 768w, https:\/\/www.sinewo.com\/wp-content\/uploads\/2024\/12\/5.-\u8bdd\u673a\u6d4b\u8bd5\u8bbe\u5907\u6d41\u7a0b-1-600x722.png 600w\" sizes=\"(max-width: 900px) 100vw, 900px\" \/><\/p>\n<h2><\/h2>\n<h2>Telefonsystemdiagramm<\/h2>\n<p><img loading=\"lazy\" decoding=\"async\" class=\"alignnone size-medium wp-image-461\" src=\"http:\/\/www.siwoc.cc\/wp-content\/uploads\/2024\/12\/\u7535\u8bdd\u7cfb\u7edf\u56fe-2-1-300x169.jpg\" alt=\"\" width=\"300\" height=\"169\" srcset=\"https:\/\/www.sinewo.com\/wp-content\/uploads\/2024\/12\/\u7535\u8bdd\u7cfb\u7edf\u56fe-2-1-300x169.jpg 300w, https:\/\/www.sinewo.com\/wp-content\/uploads\/2024\/12\/\u7535\u8bdd\u7cfb\u7edf\u56fe-2-1-1024x576.jpg 1024w, https:\/\/www.sinewo.com\/wp-content\/uploads\/2024\/12\/\u7535\u8bdd\u7cfb\u7edf\u56fe-2-1-768x432.jpg 768w, https:\/\/www.sinewo.com\/wp-content\/uploads\/2024\/12\/\u7535\u8bdd\u7cfb\u7edf\u56fe-2-1-1536x864.jpg 1536w, https:\/\/www.sinewo.com\/wp-content\/uploads\/2024\/12\/\u7535\u8bdd\u7cfb\u7edf\u56fe-2-1-2048x1152.jpg 2048w, https:\/\/www.sinewo.com\/wp-content\/uploads\/2024\/12\/\u7535\u8bdd\u7cfb\u7edf\u56fe-2-1-600x338.jpg 600w\" sizes=\"(max-width: 300px) 100vw, 300px\" \/> <img loading=\"lazy\" decoding=\"async\" class=\"alignnone size-medium wp-image-462\" src=\"http:\/\/www.siwoc.cc\/wp-content\/uploads\/2024\/12\/\u7535\u8bdd\u7cfb\u7edf\u56fe-3-300x169.jpg\" alt=\"\" width=\"300\" height=\"169\" srcset=\"https:\/\/www.sinewo.com\/wp-content\/uploads\/2024\/12\/\u7535\u8bdd\u7cfb\u7edf\u56fe-3-300x169.jpg 300w, https:\/\/www.sinewo.com\/wp-content\/uploads\/2024\/12\/\u7535\u8bdd\u7cfb\u7edf\u56fe-3-1024x576.jpg 1024w, https:\/\/www.sinewo.com\/wp-content\/uploads\/2024\/12\/\u7535\u8bdd\u7cfb\u7edf\u56fe-3-768x432.jpg 768w, https:\/\/www.sinewo.com\/wp-content\/uploads\/2024\/12\/\u7535\u8bdd\u7cfb\u7edf\u56fe-3-1536x864.jpg 1536w, https:\/\/www.sinewo.com\/wp-content\/uploads\/2024\/12\/\u7535\u8bdd\u7cfb\u7edf\u56fe-3-2048x1152.jpg 2048w, https:\/\/www.sinewo.com\/wp-content\/uploads\/2024\/12\/\u7535\u8bdd\u7cfb\u7edf\u56fe-3-600x338.jpg 600w\" sizes=\"(max-width: 300px) 100vw, 300px\" \/><\/p>\n<p>&nbsp;<\/p>\n<p>&nbsp;<\/p>","protected":false},"excerpt":{"rendered":"<p>Diese Notrufe sind vandal und wetterfest und bieten freih\u00e4ndig lautstarke Kommunikation f\u00fcr jeden \u00f6ffentlichen Bereich. Die internen Komponenten werden durch ein wetterfestes Geh\u00e4use hinter der Frontplatte gesch\u00fctzt.<br \/>\nJoiwo Intercom-Telefone zeigten vandalbest\u00e4ndige, Stahlmaterial, IP54-IP65-Waterd-Verteidigungsstufe, die in Innen- oder Au\u00dfenbereich installiert werden konnten, einfach zu reinigen, hohe Korrosionsbest\u00e4ndige, hohe mechanische Festigkeit und starke Aufprallfestigkeit.<br \/>\nMit einem professionellen F &amp; E -Team in Industrial -Telekommunikationsl\u00f6sung, das seit 2005 eingereicht wurde, wurde jedes Intercom -Telefon die FCC, CE International Certificate, verabschiedet.<br \/>\nIhr Anbieter von innovativen Kommunikationsl\u00f6sungen und Wettbewerbsprodukten f\u00fcr die Sicherheit und Notfallkommunikation.<\/p>","protected":false},"featured_media":456,"template":"","meta":[],"product_cat":[64,103,97],"product_tag":[69,62,66,68,65,67],"class_list":{"0":"post-455","1":"product","2":"type-product","3":"status-publish","4":"has-post-thumbnail","6":"product_cat-emergency-intercom","7":"product_cat-hot-selling-product","8":"product_cat-industrial-emergency-intercom","9":"product_tag-clean-room-telephone","10":"product_tag-emergency-intercom","11":"product_tag-emergency-telephones","12":"product_tag-handsfree-telephone","13":"product_tag-handsfree-telephone-dust-proof-industrial-intercom","14":"product_tag-intercom-telephones","16":"first","17":"instock","18":"shipping-taxable","19":"product-type-simple"},"_links":{"self":[{"href":"https:\/\/www.sinewo.com\/de\/wp-json\/wp\/v2\/product\/455","targetHints":{"allow":["GET"]}}],"collection":[{"href":"https:\/\/www.sinewo.com\/de\/wp-json\/wp\/v2\/product"}],"about":[{"href":"https:\/\/www.sinewo.com\/de\/wp-json\/wp\/v2\/types\/product"}],"version-history":[{"count":3,"href":"https:\/\/www.sinewo.com\/de\/wp-json\/wp\/v2\/product\/455\/revisions"}],"predecessor-version":[{"id":954,"href":"https:\/\/www.sinewo.com\/de\/wp-json\/wp\/v2\/product\/455\/revisions\/954"}],"wp:featuredmedia":[{"embeddable":true,"href":"https:\/\/www.sinewo.com\/de\/wp-json\/wp\/v2\/media\/456"}],"wp:attachment":[{"href":"https:\/\/www.sinewo.com\/de\/wp-json\/wp\/v2\/media?parent=455"}],"wp:term":[{"taxonomy":"product_cat","embeddable":true,"href":"https:\/\/www.sinewo.com\/de\/wp-json\/wp\/v2\/product_cat?post=455"},{"taxonomy":"product_tag","embeddable":true,"href":"https:\/\/www.sinewo.com\/de\/wp-json\/wp\/v2\/product_tag?post=455"}],"curies":[{"name":"wp","href":"https:\/\/api.w.org\/{rel}","templated":true}]}}