{"id":447,"date":"2024-12-29T13:07:07","date_gmt":"2024-12-29T05:07:07","guid":{"rendered":"http:\/\/www.siwoc.cc\/?post_type=product&#038;p=447"},"modified":"2024-12-30T10:40:51","modified_gmt":"2024-12-30T02:40:51","slug":"explosionproof-telephone-wall-mounted-handsfree-emergency-intercom-for-pharmaceutical-labs","status":"publish","type":"product","link":"https:\/\/www.sinewo.com\/de\/product\/explosionproof-telephone-wall-mounted-handsfree-emergency-intercom-for-pharmaceutical-labs\/","title":{"rendered":"Explosionssichere telefonische Wandmontage -Handsbriete f\u00fcr Pharmalabors"},"content":{"rendered":"<h2>Produkteinf\u00fchrung<\/h2>\n<p>Das JWBT813 Hand Free Telefon ist Design f\u00fcr gef\u00e4hrliche Umgebungen und erf\u00fcllt die industriellen und offshore -Anforderungen. K\u00f6rpergeh\u00e4use mit SUS304 Edelstahlgeh\u00e4use und hohe wasserdichte und staubfeste Ma\u00dfnahmen verhindert die Akkumulation von Mikroorganismen und erm\u00f6glicht eine hygienische Verarbeitung.<br \/>\nEs ist mit einem Mikrofon, einem Lautsprecher und einer Anti-Sabotage-Freisprech-Tastatur, einer 3-Funktions-Taste ausgestattet.<br \/>\nMehrere Versionen sind verf\u00fcgbar, farblich angepasst, mit Tastatur, ohne Tastatur (Geschwindigkeitswahltaste) und auf Anforderung mit zus\u00e4tzlichen Funktionstasten.<br \/>\nTelefonteile werden von selbstgemachten hergestellt, alle Teile wie Tastatur, Cradle und Mobilteil k\u00f6nnen angepasst werden.<\/p>\n<h2>Merkmale<\/h2>\n<p>1.Standard analogem Telefon, Telefonleitung mit Strom versorgt. Auch in SIP\/VoIP, GSM\/3G -Version erh\u00e4ltlich.<br \/>\n2. Robustgeh\u00e4use, gebaut aus 304 Edelstahlmaterial.<br \/>\n3.Handsfreie Betrieb.<br \/>\n4. Vandal resistente Edelstahl-Tastatur verf\u00fcgt \u00fcber 15 Kn\u00f6pfe (0-9,*, #, Redial\/Flash\/SOS\/MUTE\/SOS).<br \/>\n5. Wall montierte Installation.<br \/>\n6.Weather Proof Protection IP67.<br \/>\n7. Konnection: RJ11 -Kabel f\u00fcr Schraubenklemmenpaar.<br \/>\n8. SELF-MADE TELEFERSPRECHT VERFAHREN.<br \/>\n9.CE, FCC, ROHS, ISO9001 CHOMPLIANT.<\/p>\n<h2>Anwendung<\/h2>\n<p>Diese Handfrequenz von JWBT813 eignet sich f\u00fcr kritische Umgebungen wie Krankenh\u00e4user, Arzneimittellabors und diagnostische Zentren, medizinische Institutionen, Pharmaproduktion, Chemikalie und Lebensmittelindustrie.<\/p>\n<p><img fetchpriority=\"high\" decoding=\"async\" class=\"alignnone wp-image-453 size-full\" src=\"http:\/\/www.siwoc.cc\/wp-content\/uploads\/2024\/12\/\u56fe\u72471.png\" alt=\"\" width=\"750\" height=\"419\" srcset=\"https:\/\/www.sinewo.com\/wp-content\/uploads\/2024\/12\/\u56fe\u72471.png 750w, https:\/\/www.sinewo.com\/wp-content\/uploads\/2024\/12\/\u56fe\u72471-300x168.png 300w, https:\/\/www.sinewo.com\/wp-content\/uploads\/2024\/12\/\u56fe\u72471-600x335.png 600w\" sizes=\"(max-width: 750px) 100vw, 750px\" \/><\/p>\n<h2>Parameter<\/h2>\n<table>\n<tbody>\n<tr>\n<td width=\"284\">Artikel<\/td>\n<td width=\"284\">Technische Daten<\/td>\n<\/tr>\n<tr>\n<td width=\"284\">Explosionssicheres Zeichen<\/td>\n<td width=\"284\">Exdibiict6gb\/extda21ip66t80 \u2103<\/td>\n<\/tr>\n<tr>\n<td width=\"284\">Stromversorgung<\/td>\n<td width=\"284\">Telefonleitung angetrieben<\/td>\n<\/tr>\n<tr>\n<td width=\"284\">Standby -Arbeit aktuell<\/td>\n<td width=\"284\">\u2264 0,2a<\/td>\n<\/tr>\n<tr>\n<td width=\"284\">Frequenzgang<\/td>\n<td width=\"284\">250 \uff5e 3000 Hz<\/td>\n<\/tr>\n<tr>\n<td width=\"284\">Korrosionsqualit\u00e4t<\/td>\n<td width=\"284\">WF1<\/td>\n<\/tr>\n<tr>\n<td width=\"284\">Umgebungstemperatur<\/td>\n<td width=\"284\">-40\uff5e+60\u2103<\/td>\n<\/tr>\n<tr>\n<td width=\"284\">Atmosph\u00e4rischer Druck<\/td>\n<td width=\"284\">80 \uff5e 110 kPa<\/td>\n<\/tr>\n<tr>\n<td width=\"284\">Relative Luftfeuchtigkeit<\/td>\n<td width=\"284\">\u2264 95%<\/td>\n<\/tr>\n<tr>\n<td width=\"284\">Bleiloch<\/td>\n<td width=\"284\">2-G3\/4\u201d<\/td>\n<\/tr>\n<tr>\n<td width=\"284\">Installation<\/td>\n<td width=\"284\">Wand montiert<\/td>\n<\/tr>\n<\/tbody>\n<\/table>\n<h2>Dimensionszeichnung<\/h2>\n<p><img decoding=\"async\" class=\"alignnone wp-image-452 size-large\" src=\"http:\/\/www.siwoc.cc\/wp-content\/uploads\/2024\/12\/\u5c3a\u5bf8\u56fe-4-1024x519.png\" alt=\"\" width=\"800\" height=\"405\" srcset=\"https:\/\/www.sinewo.com\/wp-content\/uploads\/2024\/12\/\u5c3a\u5bf8\u56fe-4-1024x519.png 1024w, https:\/\/www.sinewo.com\/wp-content\/uploads\/2024\/12\/\u5c3a\u5bf8\u56fe-4-300x152.png 300w, https:\/\/www.sinewo.com\/wp-content\/uploads\/2024\/12\/\u5c3a\u5bf8\u56fe-4-768x389.png 768w, https:\/\/www.sinewo.com\/wp-content\/uploads\/2024\/12\/\u5c3a\u5bf8\u56fe-4-600x304.png 600w, https:\/\/www.sinewo.com\/wp-content\/uploads\/2024\/12\/\u5c3a\u5bf8\u56fe-4.png 1077w\" sizes=\"(max-width: 800px) 100vw, 800px\" \/><\/p>\n<h2>Verf\u00fcgbare Farbe<\/h2>\n<p>Wenn Sie eine Farbanfrage haben, teilen Sie uns die Pantone -Farbe Nr. Mit<\/p>\n<p><img decoding=\"async\" class=\"alignnone wp-image-383 size-full\" src=\"http:\/\/www.siwoc.cc\/wp-content\/uploads\/2024\/12\/4.\u53ef\u9009\u989c\u8272-1.png\" alt=\"\" width=\"900\" height=\"600\" srcset=\"https:\/\/www.sinewo.com\/wp-content\/uploads\/2024\/12\/4.\u53ef\u9009\u989c\u8272-1.png 900w, https:\/\/www.sinewo.com\/wp-content\/uploads\/2024\/12\/4.\u53ef\u9009\u989c\u8272-1-300x200.png 300w, https:\/\/www.sinewo.com\/wp-content\/uploads\/2024\/12\/4.\u53ef\u9009\u989c\u8272-1-768x512.png 768w, https:\/\/www.sinewo.com\/wp-content\/uploads\/2024\/12\/4.\u53ef\u9009\u989c\u8272-1-600x400.png 600w\" sizes=\"(max-width: 900px) 100vw, 900px\" \/><\/p>\n<h2>Testmaschine<\/h2>\n<p>85% -Ersatzteile werden von unserer eigenen Fabrik hergestellt und mit \u00fcbereinstimmenden Testmaschinen k\u00f6nnen wir die Funktion und den Standard direkt best\u00e4tigen.<\/p>\n<p><img loading=\"lazy\" decoding=\"async\" class=\"alignnone wp-image-384 size-full\" src=\"http:\/\/www.siwoc.cc\/wp-content\/uploads\/2024\/12\/5.-\u8bdd\u673a\u6d4b\u8bd5\u8bbe\u5907\u6d41\u7a0b-1.png\" alt=\"\" width=\"900\" height=\"1083\" srcset=\"https:\/\/www.sinewo.com\/wp-content\/uploads\/2024\/12\/5.-\u8bdd\u673a\u6d4b\u8bd5\u8bbe\u5907\u6d41\u7a0b-1.png 900w, https:\/\/www.sinewo.com\/wp-content\/uploads\/2024\/12\/5.-\u8bdd\u673a\u6d4b\u8bd5\u8bbe\u5907\u6d41\u7a0b-1-249x300.png 249w, https:\/\/www.sinewo.com\/wp-content\/uploads\/2024\/12\/5.-\u8bdd\u673a\u6d4b\u8bd5\u8bbe\u5907\u6d41\u7a0b-1-851x1024.png 851w, https:\/\/www.sinewo.com\/wp-content\/uploads\/2024\/12\/5.-\u8bdd\u673a\u6d4b\u8bd5\u8bbe\u5907\u6d41\u7a0b-1-768x924.png 768w, https:\/\/www.sinewo.com\/wp-content\/uploads\/2024\/12\/5.-\u8bdd\u673a\u6d4b\u8bd5\u8bbe\u5907\u6d41\u7a0b-1-600x722.png 600w\" sizes=\"(max-width: 900px) 100vw, 900px\" \/><\/p>\n<h2><\/h2>\n<h2>Gef\u00e4ngnis -Telefonsystemdiagramm<\/h2>\n<p>&nbsp;<\/p>\n<p><img loading=\"lazy\" decoding=\"async\" class=\"alignnone wp-image-441 size-large\" src=\"http:\/\/www.siwoc.cc\/wp-content\/uploads\/2024\/12\/\u7535\u8bdd\u7cfb\u7edf\u56fe-1024x614.jpg\" alt=\"\" width=\"800\" height=\"480\" srcset=\"https:\/\/www.sinewo.com\/wp-content\/uploads\/2024\/12\/\u7535\u8bdd\u7cfb\u7edf\u56fe-1024x614.jpg 1024w, https:\/\/www.sinewo.com\/wp-content\/uploads\/2024\/12\/\u7535\u8bdd\u7cfb\u7edf\u56fe-300x180.jpg 300w, https:\/\/www.sinewo.com\/wp-content\/uploads\/2024\/12\/\u7535\u8bdd\u7cfb\u7edf\u56fe-768x461.jpg 768w, https:\/\/www.sinewo.com\/wp-content\/uploads\/2024\/12\/\u7535\u8bdd\u7cfb\u7edf\u56fe-1536x922.jpg 1536w, https:\/\/www.sinewo.com\/wp-content\/uploads\/2024\/12\/\u7535\u8bdd\u7cfb\u7edf\u56fe-2048x1229.jpg 2048w, https:\/\/www.sinewo.com\/wp-content\/uploads\/2024\/12\/\u7535\u8bdd\u7cfb\u7edf\u56fe-600x360.jpg 600w\" sizes=\"(max-width: 800px) 100vw, 800px\" \/><\/p>","protected":false},"excerpt":{"rendered":"<p>Das Explosions -Proof -Telefon JWBT813 ist eine Notfallsprache, die speziell f\u00fcr die harte Umgebung der Innenindustrie verwendet wird. Das Telefon ist robust und langlebig, was an sich sicher ist.<br \/>\nDieses explosionssichere Telefon verwendet Edelstahl als Rohstoff f\u00fcr das wetterfeste Geh\u00e4use, und das \u00c4u\u00dfere ist stark. Der Handfree -Typ k\u00f6nnte die saubere Nachfrage erf\u00fcllen.<br \/>\nMit einem professionellen F &amp; E -Team in industriell gef\u00e4hrlicher Telekommunikation, das seit 2005 eingereicht wurde, wurde jedes explosionsnachweisende Telefon an der ATEX, FCC, CE International Certificate verabschiedet.<br \/>\nIhr Anbieter von innovativen Kommunikationsl\u00f6sungen und Wettbewerbsprodukten f\u00fcr die gef\u00e4hrliche Gebietsbranche.<\/p>","protected":false},"featured_media":448,"template":"","meta":[],"product_cat":[16,96],"product_tag":[62,63,61],"class_list":{"0":"post-447","1":"product","2":"type-product","3":"status-publish","4":"has-post-thumbnail","6":"product_cat-explosionproof-telephone","7":"product_cat-industrial-explosionproof-telephone","8":"product_tag-emergency-intercom","9":"product_tag-explosion-proof-telephone","10":"product_tag-explosionproof-telephone","12":"first","13":"instock","14":"shipping-taxable","15":"product-type-simple"},"_links":{"self":[{"href":"https:\/\/www.sinewo.com\/de\/wp-json\/wp\/v2\/product\/447","targetHints":{"allow":["GET"]}}],"collection":[{"href":"https:\/\/www.sinewo.com\/de\/wp-json\/wp\/v2\/product"}],"about":[{"href":"https:\/\/www.sinewo.com\/de\/wp-json\/wp\/v2\/types\/product"}],"version-history":[{"count":0,"href":"https:\/\/www.sinewo.com\/de\/wp-json\/wp\/v2\/product\/447\/revisions"}],"wp:featuredmedia":[{"embeddable":true,"href":"https:\/\/www.sinewo.com\/de\/wp-json\/wp\/v2\/media\/448"}],"wp:attachment":[{"href":"https:\/\/www.sinewo.com\/de\/wp-json\/wp\/v2\/media?parent=447"}],"wp:term":[{"taxonomy":"product_cat","embeddable":true,"href":"https:\/\/www.sinewo.com\/de\/wp-json\/wp\/v2\/product_cat?post=447"},{"taxonomy":"product_tag","embeddable":true,"href":"https:\/\/www.sinewo.com\/de\/wp-json\/wp\/v2\/product_tag?post=447"}],"curies":[{"name":"wp","href":"https:\/\/api.w.org\/{rel}","templated":true}]}}