{"id":439,"date":"2025-01-14T09:27:26","date_gmt":"2025-01-14T01:27:26","guid":{"rendered":"http:\/\/www.siwoc.cc\/?post_type=product&#038;p=439"},"modified":"2025-01-16T13:50:57","modified_gmt":"2025-01-16T05:50:57","slug":"industrial-explosionproof-heavy-duty-telephone-for-oil-gas-project","status":"publish","type":"product","link":"https:\/\/www.sinewo.com\/de\/product\/industrial-explosionproof-heavy-duty-telephone-for-oil-gas-project\/","title":{"rendered":"Industrielle explosionssichere Hochleistungstelefon f\u00fcr \u00d6lgasprojekt JWBT810"},"content":{"rendered":"<h2>Produkteinf\u00fchrung<\/h2>\n<p>Explosionssicheres Telefon ist f\u00fcr die Sprachkommunikation in dem gef\u00e4hrlichen Bereich ausgelegt, in dem Zuverl\u00e4ssigkeit, Effizienz und Sicherheit von gr\u00f6\u00dfter Bedeutung sind.<br \/>\nDas Telefon ist f\u00fcr die harte Umgebung geeignet, die durch: Innen- und Au\u00dfengebrauch, Anwesenheit von Staub und Wassereintritt gekennzeichnet ist. Korrosive Atmosph\u00e4re, explosive Gase und Partikel, variierende Temperatur, laute Umgebungsger\u00e4usche, Sicherheit usw.<br \/>\nDie Leiche des Telefons, es besteht aus Aluminiumlegierung, einem sehr starken Stempelmaterial mit Zinklegierung mit Volltastatur mit 15 Tasten (0-9,*, #, Redial, Blitz, SOS, Stumm) Der Schutzgrad ist IP68, selbst wenn die T\u00fcr ge\u00f6ffnet ist. Die T\u00fcr nimmt daran teil, die Innenteile wie Mobilteil und Tastatur sauber zu halten.<br \/>\nEs sind mehrere Versionen erh\u00e4ltlich, farblich angepasst \uff0c mit gepanzertem Edelstahl -gepanzerten Schnur oder Spirale mit oder ohne T\u00fcr, mit Tastatur, ohne Tastatur und auf Anfrage mit zus\u00e4tzlichen Funktionstasten.<br \/>\nTelefonteile werden von selbstgemachten hergestellt, alle Teile wie Tastatur, Cradle und Mobilteil k\u00f6nnen angepasst werden.<\/p>\n<h2>Merkmale<\/h2>\n<p>1.Standard analogem Telefon, Telefonleitung mit Strom versorgt. Auch in SIP\/VoIP, GSM\/3G -Version erh\u00e4ltlich.<br \/>\n2. Aluminiumlegierung der Stempelschale, hoher mechanischer Festigkeit und starker Aufprallwiderstand.<br \/>\n3.Heavy Duty -Mobilteil mit H\u00f6rger\u00e4tekompatiblenempf\u00e4nger, Rauschunterdr\u00fcckungsmikrofon. Magnetischer Reed-Hakenschalter.<\/p>\n<p>4. Zinc Alloy-Tastatur verf\u00fcgt \u00fcber 15 Tasten (0-9,*, #, Redial, Flash, SOS, Stumm.)<br \/>\n5.Weather Proof Protection zu IP68.<br \/>\n6. Temperatur reichen von -40 Grad bis +70 Grad.<br \/>\n7. mit UV -stabilisierter Polyester -Finish \u00fcberzogenes Bademascherstall.<br \/>\n8. Wand montiert, einfache Installation.<br \/>\n9. Multiple -Geh\u00e4use und Farben.<br \/>\n10. SELF-MADE TELEFERSPRECHT VERFAHREN.<br \/>\n11. CE, FCC, ROHS, ISO9001 Konform.<\/p>\n<h2>Anwendung<\/h2>\n<p>Dieses explosionssichere Telefon eignet sich f\u00fcr die harte Umgebung:<br \/>\n1. f\u00fcr explosive Gasatmosph\u00e4ren Zone 1 und Zone 2 geeignet.<br \/>\n2. Geeignet f\u00fcr IIA, IIB, IIC Explosive Atmosph\u00e4re.<br \/>\n3. f\u00fcr die Staubzone 20, Zone 21 und Zone 22 geeignet.<br \/>\n4. Geeignet f\u00fcr die Temperaturklasse T1 ~ T6.<br \/>\n5. \u00d6l- und Gasatmosph\u00e4ren, Petrochemische Industrie, Tunnel, U -Bahn, Eisenbahn, LRT, Speedway, Marine, Schiff, Offshore, Mine, Kraftwerk, Br\u00fccke usw.<\/p>\n<p><img fetchpriority=\"high\" decoding=\"async\" class=\"alignnone wp-image-440 size-full\" src=\"http:\/\/www.siwoc.cc\/wp-content\/uploads\/2024\/12\/5.\u9632\u7206\u7535\u8bdd\u673a\u5b98\u7f51.jpg\" alt=\"\" width=\"750\" height=\"419\" srcset=\"https:\/\/www.sinewo.com\/wp-content\/uploads\/2024\/12\/5.\u9632\u7206\u7535\u8bdd\u673a\u5b98\u7f51.jpg 750w, https:\/\/www.sinewo.com\/wp-content\/uploads\/2024\/12\/5.\u9632\u7206\u7535\u8bdd\u673a\u5b98\u7f51-300x168.jpg 300w, https:\/\/www.sinewo.com\/wp-content\/uploads\/2024\/12\/5.\u9632\u7206\u7535\u8bdd\u673a\u5b98\u7f51-600x335.jpg 600w\" sizes=\"(max-width: 750px) 100vw, 750px\" \/><\/p>\n<h2>Parameter<\/h2>\n<table>\n<tbody>\n<tr>\n<td width=\"284\">Artikel<\/td>\n<td width=\"284\">Technische Daten<\/td>\n<\/tr>\n<tr>\n<td width=\"284\">Explosionssicheres Zeichen<\/td>\n<td width=\"284\">Exdibiict6gb\/extda21ip66t80 \u2103<\/td>\n<\/tr>\n<tr>\n<td width=\"284\">Stromversorgung<\/td>\n<td width=\"284\">Telefonleitung angetrieben<\/td>\n<\/tr>\n<tr>\n<td width=\"284\">Voltage<\/td>\n<td width=\"284\">24\u201365 VDC<\/td>\n<\/tr>\n<tr>\n<td width=\"284\">Standby -Arbeit aktuell<\/td>\n<td width=\"284\">\u2264 0,2a<\/td>\n<\/tr>\n<tr>\n<td width=\"284\">Frequenzgang<\/td>\n<td width=\"284\">250 \uff5e 3000 Hz<\/td>\n<\/tr>\n<tr>\n<td width=\"284\">Verst\u00e4rkte Ausgangsleistung<\/td>\n<td width=\"284\">10 \uff5e 25w<\/td>\n<\/tr>\n<tr>\n<td width=\"284\">Klanglautst\u00e4rke<\/td>\n<td width=\"284\">&gt;85dB(A)<\/td>\n<\/tr>\n<tr>\n<td width=\"284\">Korrosionsqualit\u00e4t<\/td>\n<td width=\"284\">WF1<\/td>\n<\/tr>\n<tr>\n<td width=\"284\">Umgebungstemperatur<\/td>\n<td width=\"284\">-40\uff5e+60\u2103<\/td>\n<\/tr>\n<tr>\n<td width=\"284\">Atmosph\u00e4rischer Druck<\/td>\n<td width=\"284\">80 \uff5e 110 kPa<\/td>\n<\/tr>\n<tr>\n<td width=\"284\">Relative Luftfeuchtigkeit<\/td>\n<td width=\"284\">\u2264 95%<\/td>\n<\/tr>\n<tr>\n<td width=\"284\">Bleiloch<\/td>\n<td width=\"284\">1-G3\/4\u201d<\/td>\n<\/tr>\n<tr>\n<td width=\"284\">Installation<\/td>\n<td width=\"284\">Wand montiert<\/td>\n<\/tr>\n<\/tbody>\n<\/table>\n<h2>Dimensionszeichnung<\/h2>\n<p><img decoding=\"async\" class=\"alignnone wp-image-442 size-large\" src=\"http:\/\/www.siwoc.cc\/wp-content\/uploads\/2024\/12\/\u56fe\u72475-1024x326.png\" alt=\"\" width=\"800\" height=\"255\" srcset=\"https:\/\/www.sinewo.com\/wp-content\/uploads\/2024\/12\/\u56fe\u72475-1024x326.png 1024w, https:\/\/www.sinewo.com\/wp-content\/uploads\/2024\/12\/\u56fe\u72475-300x95.png 300w, https:\/\/www.sinewo.com\/wp-content\/uploads\/2024\/12\/\u56fe\u72475-768x244.png 768w, https:\/\/www.sinewo.com\/wp-content\/uploads\/2024\/12\/\u56fe\u72475-600x191.png 600w, https:\/\/www.sinewo.com\/wp-content\/uploads\/2024\/12\/\u56fe\u72475.png 1254w\" sizes=\"(max-width: 800px) 100vw, 800px\" \/><\/p>\n<h2>Verf\u00fcgbare Farbe<\/h2>\n<p>Wenn Sie eine Farbanfrage haben, teilen Sie uns die Pantone -Farbe Nr. Mit<\/p>\n<p><img decoding=\"async\" class=\"alignnone wp-image-383 size-full\" src=\"http:\/\/www.siwoc.cc\/wp-content\/uploads\/2024\/12\/4.\u53ef\u9009\u989c\u8272-1.png\" alt=\"\" width=\"900\" height=\"600\" srcset=\"https:\/\/www.sinewo.com\/wp-content\/uploads\/2024\/12\/4.\u53ef\u9009\u989c\u8272-1.png 900w, https:\/\/www.sinewo.com\/wp-content\/uploads\/2024\/12\/4.\u53ef\u9009\u989c\u8272-1-300x200.png 300w, https:\/\/www.sinewo.com\/wp-content\/uploads\/2024\/12\/4.\u53ef\u9009\u989c\u8272-1-768x512.png 768w, https:\/\/www.sinewo.com\/wp-content\/uploads\/2024\/12\/4.\u53ef\u9009\u989c\u8272-1-600x400.png 600w\" sizes=\"(max-width: 900px) 100vw, 900px\" \/><\/p>\n<h2>Testmaschine<\/h2>\n<p>85% -Ersatzteile werden von unserer eigenen Fabrik hergestellt und mit \u00fcbereinstimmenden Testmaschinen k\u00f6nnen wir die Funktion und den Standard direkt best\u00e4tigen.<\/p>\n<p><img loading=\"lazy\" decoding=\"async\" class=\"alignnone wp-image-384 size-full\" src=\"http:\/\/www.siwoc.cc\/wp-content\/uploads\/2024\/12\/5.-\u8bdd\u673a\u6d4b\u8bd5\u8bbe\u5907\u6d41\u7a0b-1.png\" alt=\"\" width=\"900\" height=\"1083\" srcset=\"https:\/\/www.sinewo.com\/wp-content\/uploads\/2024\/12\/5.-\u8bdd\u673a\u6d4b\u8bd5\u8bbe\u5907\u6d41\u7a0b-1.png 900w, https:\/\/www.sinewo.com\/wp-content\/uploads\/2024\/12\/5.-\u8bdd\u673a\u6d4b\u8bd5\u8bbe\u5907\u6d41\u7a0b-1-249x300.png 249w, https:\/\/www.sinewo.com\/wp-content\/uploads\/2024\/12\/5.-\u8bdd\u673a\u6d4b\u8bd5\u8bbe\u5907\u6d41\u7a0b-1-851x1024.png 851w, https:\/\/www.sinewo.com\/wp-content\/uploads\/2024\/12\/5.-\u8bdd\u673a\u6d4b\u8bd5\u8bbe\u5907\u6d41\u7a0b-1-768x924.png 768w, https:\/\/www.sinewo.com\/wp-content\/uploads\/2024\/12\/5.-\u8bdd\u673a\u6d4b\u8bd5\u8bbe\u5907\u6d41\u7a0b-1-600x722.png 600w\" sizes=\"(max-width: 900px) 100vw, 900px\" \/><\/p>\n<h2><\/h2>\n<h2>Gef\u00e4ngnis -Telefonsystemdiagramm<\/h2>\n<p>&nbsp;<\/p>\n<p><img loading=\"lazy\" decoding=\"async\" class=\"alignnone wp-image-441 size-large\" src=\"http:\/\/www.siwoc.cc\/wp-content\/uploads\/2024\/12\/\u7535\u8bdd\u7cfb\u7edf\u56fe-1024x614.jpg\" alt=\"\" width=\"800\" height=\"480\" srcset=\"https:\/\/www.sinewo.com\/wp-content\/uploads\/2024\/12\/\u7535\u8bdd\u7cfb\u7edf\u56fe-1024x614.jpg 1024w, https:\/\/www.sinewo.com\/wp-content\/uploads\/2024\/12\/\u7535\u8bdd\u7cfb\u7edf\u56fe-300x180.jpg 300w, https:\/\/www.sinewo.com\/wp-content\/uploads\/2024\/12\/\u7535\u8bdd\u7cfb\u7edf\u56fe-768x461.jpg 768w, https:\/\/www.sinewo.com\/wp-content\/uploads\/2024\/12\/\u7535\u8bdd\u7cfb\u7edf\u56fe-1536x922.jpg 1536w, https:\/\/www.sinewo.com\/wp-content\/uploads\/2024\/12\/\u7535\u8bdd\u7cfb\u7edf\u56fe-2048x1229.jpg 2048w, https:\/\/www.sinewo.com\/wp-content\/uploads\/2024\/12\/\u7535\u8bdd\u7cfb\u7edf\u56fe-600x360.jpg 600w\" sizes=\"(max-width: 800px) 100vw, 800px\" \/><\/p>","protected":false},"excerpt":{"rendered":"<p>Dieses Explosions-Proof-Hochleistungstelefon von JWBT810 befindet sich in einem dauerhaften korrosionsbest\u00e4ndigen Aluminium-Legierungsguss f\u00fcr Innen- oder Outdoor-Anwendungen, Joiwo's intrinsisch sicheren Telefonen sind die am sichersten und wirtschaftlichsten Kommunikationsl\u00f6sung in gef\u00e4hrlichen Umgebungen.<\/p>\n<p>Mit einem professionellen F &amp; E -Team in industriell gef\u00e4hrlicher Telekommunikation, das seit 2005 eingereicht wurde, wurde jedes explosionsnachweisende Telefon an der ATEX, FCC, CE International Certificate verabschiedet.<\/p>\n<p>Ihr Anbieter von innovativen Kommunikationsl\u00f6sungen und Wettbewerbsprodukten f\u00fcr die gef\u00e4hrliche Gebietsbranche.<\/p>","protected":false},"featured_media":445,"template":"","meta":[],"product_cat":[16,95,103],"product_tag":[59,44,60],"class_list":{"0":"post-439","1":"product","2":"type-product","3":"status-publish","4":"has-post-thumbnail","6":"product_cat-explosionproof-telephone","7":"product_cat-analog-explosionproof-telephone","8":"product_cat-hot-selling-product","9":"product_tag-explosionproof-heavy-duty-telephone","10":"product_tag-heavy-duty-telephone","11":"product_tag-intrinsically-safe-telephones","13":"first","14":"instock","15":"shipping-taxable","16":"product-type-simple"},"_links":{"self":[{"href":"https:\/\/www.sinewo.com\/de\/wp-json\/wp\/v2\/product\/439","targetHints":{"allow":["GET"]}}],"collection":[{"href":"https:\/\/www.sinewo.com\/de\/wp-json\/wp\/v2\/product"}],"about":[{"href":"https:\/\/www.sinewo.com\/de\/wp-json\/wp\/v2\/types\/product"}],"version-history":[{"count":1,"href":"https:\/\/www.sinewo.com\/de\/wp-json\/wp\/v2\/product\/439\/revisions"}],"predecessor-version":[{"id":1193,"href":"https:\/\/www.sinewo.com\/de\/wp-json\/wp\/v2\/product\/439\/revisions\/1193"}],"wp:featuredmedia":[{"embeddable":true,"href":"https:\/\/www.sinewo.com\/de\/wp-json\/wp\/v2\/media\/445"}],"wp:attachment":[{"href":"https:\/\/www.sinewo.com\/de\/wp-json\/wp\/v2\/media?parent=439"}],"wp:term":[{"taxonomy":"product_cat","embeddable":true,"href":"https:\/\/www.sinewo.com\/de\/wp-json\/wp\/v2\/product_cat?post=439"},{"taxonomy":"product_tag","embeddable":true,"href":"https:\/\/www.sinewo.com\/de\/wp-json\/wp\/v2\/product_tag?post=439"}],"curies":[{"name":"wp","href":"https:\/\/api.w.org\/{rel}","templated":true}]}}