{"id":432,"date":"2025-01-16T13:55:58","date_gmt":"2025-01-16T05:55:58","guid":{"rendered":"http:\/\/www.siwoc.cc\/?post_type=product&#038;p=432"},"modified":"2025-01-16T14:58:07","modified_gmt":"2025-01-16T06:58:07","slug":"metal-analog-voip-telephone-line-powered-public-weatherproof-telephone-for-building","status":"publish","type":"product","link":"https:\/\/www.sinewo.com\/de\/product\/metal-analog-voip-telephone-line-powered-public-weatherproof-telephone-for-building\/","title":{"rendered":"Metall Analog VoIP -Telefonlinie mit \u00f6ffentlichem wetterfestem Telefon f\u00fcr Geb\u00e4udejwat316 betrieben"},"content":{"rendered":"<h2>Produkteinf\u00fchrung<\/h2>\n<p>Das JWAT316-Notfall-Industrie-Telefon besteht aus kaltgeschaltetem Stahl, bei dem es sich um eine Korrosion, Antioxidation und langlebig handelt.<br \/>\nMehrere Versionen sind erh\u00e4ltlich, mit gepanzerten Edelstahl -Kabel oder Spirale, mit Tastatur, ohne Tastatur und auf Anfrage mit zus\u00e4tzlichen Funktionstasten.<\/p>\n<h2>Merkmale<\/h2>\n<p>1.Standard analogem Telefon. Telefonleitung betrieben.<br \/>\n2. Robustgeh\u00e4use, aus kaltem gerolltem Stahl mit pulverbeschichtetem Bau<br \/>\n3.Vandal resistantes Mobilteil mit internem Stahlkanal und Grommet bietet zus\u00e4tzliche Sicherheit f\u00fcr das Mobilteilkabel.<br \/>\n4. Zinc Alloy -Tastatur.<br \/>\n5.Magnetischer Hakenschalter mit Reed Switch.<br \/>\n6. Optionales Ger\u00e4usch-Kanfer-Mikrofon verf\u00fcgbar<br \/>\n7. Wand montiert, einfache Installation.<br \/>\n8.Weather proof protection IP65.<br \/>\n9.Connection: RJ11 -Kabel f\u00fcr Schraubenklemmenpaar.<br \/>\n10. Multiple Farbe verf\u00fcgbar.<br \/>\n11. selbstgemachtes Telefon Ersatzteil verf\u00fcgbar.<br \/>\n12. CE, FCC, ROHS, ISO9001 Konform.<\/p>\n<h2>Anwendung<\/h2>\n<p>Dieses \u00f6ffentliche Telefon ist ideal f\u00fcr Eisenbahnanwendungen, Meeresanwendungen, Tunnel. Untergrundabbau, Feuerwehrmann, Industrie, Gef\u00e4ngnisse, Gef\u00e4ngnissen, Parkpl\u00e4tze, Krankenh\u00e4user, Wachplatzstationen, Polizeistationen, Bankhallen, Geldautomaten, Stadien, innerhalb und au\u00dferhalb des Geb\u00e4udes usw.<\/p>\n<p><img fetchpriority=\"high\" decoding=\"async\" class=\"alignnone wp-image-433 size-full\" src=\"http:\/\/www.siwoc.cc\/wp-content\/uploads\/2024\/12\/1.png\" alt=\"\" width=\"542\" height=\"304\" srcset=\"https:\/\/www.sinewo.com\/wp-content\/uploads\/2024\/12\/1.png 542w, https:\/\/www.sinewo.com\/wp-content\/uploads\/2024\/12\/1-300x168.png 300w\" sizes=\"(max-width: 542px) 100vw, 542px\" \/><\/p>\n<h2>Parameter<\/h2>\n<table>\n<tbody>\n<tr>\n<td width=\"284\">Artikel<\/td>\n<td width=\"284\">Technische Daten<\/td>\n<\/tr>\n<tr>\n<td width=\"284\">Stromversorgung<\/td>\n<td width=\"284\">Telefonleitung angetrieben<\/td>\n<\/tr>\n<tr>\n<td width=\"284\">\u00a0Voltage<\/td>\n<td width=\"284\">DC48V<\/td>\n<\/tr>\n<tr>\n<td width=\"284\">Standby -Arbeit aktuell<\/td>\n<td width=\"284\">\u2264 1 mA<\/td>\n<\/tr>\n<tr>\n<td width=\"284\">Frequenzgang<\/td>\n<td width=\"284\">250 \uff5e 3000 Hz<\/td>\n<\/tr>\n<tr>\n<td width=\"284\">Klanglautst\u00e4rke<\/td>\n<td width=\"284\">\u226580 dB (a)<\/td>\n<\/tr>\n<tr>\n<td width=\"284\">Korrosionsqualit\u00e4t<\/td>\n<td width=\"284\">WF1<\/td>\n<\/tr>\n<tr>\n<td width=\"284\">Umgebungstemperatur<\/td>\n<td width=\"284\">-40\uff5e+70\u2103<\/td>\n<\/tr>\n<tr>\n<td width=\"284\">Atmosph\u00e4rischer Druck<\/td>\n<td width=\"284\">80 \uff5e 110 kPa<\/td>\n<\/tr>\n<tr>\n<td width=\"284\">Relative Luftfeuchtigkeit<\/td>\n<td width=\"284\">\u2264 95%<\/td>\n<\/tr>\n<tr>\n<td width=\"284\">Anti-Vandalismus-Niveau<\/td>\n<td width=\"284\">IK09<\/td>\n<\/tr>\n<tr>\n<td width=\"284\">Installation<\/td>\n<td width=\"284\">Wand montiert<\/td>\n<\/tr>\n<\/tbody>\n<\/table>\n<h2>Dimensionszeichnung<\/h2>\n<p><img decoding=\"async\" class=\"alignnone wp-image-438 size-large\" src=\"http:\/\/www.siwoc.cc\/wp-content\/uploads\/2024\/12\/\u5c3a\u5bf8\u56fe-3-1024x427.png\" alt=\"\" width=\"800\" height=\"334\" srcset=\"https:\/\/www.sinewo.com\/wp-content\/uploads\/2024\/12\/\u5c3a\u5bf8\u56fe-3-1024x427.png 1024w, https:\/\/www.sinewo.com\/wp-content\/uploads\/2024\/12\/\u5c3a\u5bf8\u56fe-3-300x125.png 300w, https:\/\/www.sinewo.com\/wp-content\/uploads\/2024\/12\/\u5c3a\u5bf8\u56fe-3-768x321.png 768w, https:\/\/www.sinewo.com\/wp-content\/uploads\/2024\/12\/\u5c3a\u5bf8\u56fe-3-600x250.png 600w, https:\/\/www.sinewo.com\/wp-content\/uploads\/2024\/12\/\u5c3a\u5bf8\u56fe-3.png 1301w\" sizes=\"(max-width: 800px) 100vw, 800px\" \/><\/p>\n<h2>Verf\u00fcgbare Farbe<\/h2>\n<p>Wenn Sie eine Farbanfrage haben, teilen Sie uns die Pantone -Farbe Nr. Mit<\/p>\n<p><img decoding=\"async\" class=\"alignnone wp-image-383 size-full\" src=\"http:\/\/www.siwoc.cc\/wp-content\/uploads\/2024\/12\/4.\u53ef\u9009\u989c\u8272-1.png\" alt=\"\" width=\"900\" height=\"600\" srcset=\"https:\/\/www.sinewo.com\/wp-content\/uploads\/2024\/12\/4.\u53ef\u9009\u989c\u8272-1.png 900w, https:\/\/www.sinewo.com\/wp-content\/uploads\/2024\/12\/4.\u53ef\u9009\u989c\u8272-1-300x200.png 300w, https:\/\/www.sinewo.com\/wp-content\/uploads\/2024\/12\/4.\u53ef\u9009\u989c\u8272-1-768x512.png 768w, https:\/\/www.sinewo.com\/wp-content\/uploads\/2024\/12\/4.\u53ef\u9009\u989c\u8272-1-600x400.png 600w\" sizes=\"(max-width: 900px) 100vw, 900px\" \/><\/p>\n<h2>Testmaschine<\/h2>\n<p>85% -Ersatzteile werden von unserer eigenen Fabrik hergestellt und mit \u00fcbereinstimmenden Testmaschinen k\u00f6nnen wir die Funktion und den Standard direkt best\u00e4tigen.<\/p>\n<p><img loading=\"lazy\" decoding=\"async\" class=\"alignnone wp-image-384 size-full\" src=\"http:\/\/www.siwoc.cc\/wp-content\/uploads\/2024\/12\/5.-\u8bdd\u673a\u6d4b\u8bd5\u8bbe\u5907\u6d41\u7a0b-1.png\" alt=\"\" width=\"900\" height=\"1083\" srcset=\"https:\/\/www.sinewo.com\/wp-content\/uploads\/2024\/12\/5.-\u8bdd\u673a\u6d4b\u8bd5\u8bbe\u5907\u6d41\u7a0b-1.png 900w, https:\/\/www.sinewo.com\/wp-content\/uploads\/2024\/12\/5.-\u8bdd\u673a\u6d4b\u8bd5\u8bbe\u5907\u6d41\u7a0b-1-249x300.png 249w, https:\/\/www.sinewo.com\/wp-content\/uploads\/2024\/12\/5.-\u8bdd\u673a\u6d4b\u8bd5\u8bbe\u5907\u6d41\u7a0b-1-851x1024.png 851w, https:\/\/www.sinewo.com\/wp-content\/uploads\/2024\/12\/5.-\u8bdd\u673a\u6d4b\u8bd5\u8bbe\u5907\u6d41\u7a0b-1-768x924.png 768w, https:\/\/www.sinewo.com\/wp-content\/uploads\/2024\/12\/5.-\u8bdd\u673a\u6d4b\u8bd5\u8bbe\u5907\u6d41\u7a0b-1-600x722.png 600w\" sizes=\"(max-width: 900px) 100vw, 900px\" \/><\/p>\n<h2><\/h2>\n<h2>Gef\u00e4ngnis -Telefonsystemdiagramm<\/h2>\n<p>&nbsp;<\/p>\n<p><img loading=\"lazy\" decoding=\"async\" class=\"alignnone size-medium wp-image-406\" src=\"http:\/\/www.siwoc.cc\/wp-content\/uploads\/2024\/12\/\u7535\u8bdd\u7cfb\u7edf\u56fe-2-300x169.jpg\" alt=\"\" width=\"300\" height=\"169\" srcset=\"https:\/\/www.sinewo.com\/wp-content\/uploads\/2024\/12\/\u7535\u8bdd\u7cfb\u7edf\u56fe-2-300x169.jpg 300w, https:\/\/www.sinewo.com\/wp-content\/uploads\/2024\/12\/\u7535\u8bdd\u7cfb\u7edf\u56fe-2-1024x576.jpg 1024w, https:\/\/www.sinewo.com\/wp-content\/uploads\/2024\/12\/\u7535\u8bdd\u7cfb\u7edf\u56fe-2-768x432.jpg 768w, https:\/\/www.sinewo.com\/wp-content\/uploads\/2024\/12\/\u7535\u8bdd\u7cfb\u7edf\u56fe-2-1536x864.jpg 1536w, https:\/\/www.sinewo.com\/wp-content\/uploads\/2024\/12\/\u7535\u8bdd\u7cfb\u7edf\u56fe-2-2048x1152.jpg 2048w, https:\/\/www.sinewo.com\/wp-content\/uploads\/2024\/12\/\u7535\u8bdd\u7cfb\u7edf\u56fe-2-600x338.jpg 600w\" sizes=\"(max-width: 300px) 100vw, 300px\" \/> <img loading=\"lazy\" decoding=\"async\" class=\"alignnone size-medium wp-image-405\" src=\"http:\/\/www.siwoc.cc\/wp-content\/uploads\/2024\/12\/\u7535\u8bdd\u7cfb\u7edf\u56fe-1-300x150.jpg\" alt=\"\" width=\"300\" height=\"150\" srcset=\"https:\/\/www.sinewo.com\/wp-content\/uploads\/2024\/12\/\u7535\u8bdd\u7cfb\u7edf\u56fe-1-300x150.jpg 300w, https:\/\/www.sinewo.com\/wp-content\/uploads\/2024\/12\/\u7535\u8bdd\u7cfb\u7edf\u56fe-1-768x384.jpg 768w, https:\/\/www.sinewo.com\/wp-content\/uploads\/2024\/12\/\u7535\u8bdd\u7cfb\u7edf\u56fe-1-600x300.jpg 600w, https:\/\/www.sinewo.com\/wp-content\/uploads\/2024\/12\/\u7535\u8bdd\u7cfb\u7edf\u56fe-1.jpg 900w\" sizes=\"(max-width: 300px) 100vw, 300px\" \/><\/p>","protected":false},"excerpt":{"rendered":"<p>Dies ist eine Art \u00f6ffentliches Telefon mit der Schutzklasse IP54. Wenn es im Outdoor installiert wird und keinen Beweis hat, werden wir die wasserdichte Verteidigung gegen IP65 von der Nachfrage des Kunden abh\u00e4ngt. Es ist ein fester Geh\u00e4use aus kaltem, gerolltem Stahl mit einem pulverbeschichteten Finish f\u00fcr eine hohe mechanische St\u00e4rke und Aufprallfestigkeit, die mit einem langen MTBF.<br \/>\nMit dem Produktionstest mit vielen Tests wie Electric Acoustical Test, FR -Test, Hoch- und Niedertemtest, Arbeitslebensdauer usw. wurden jedes wasserdichte Telefon wasserdicht getestet und erhalten internationale Zertifikate. \u00dcber 85%-Telefonteile wie Cradle, Tastatur, Mobilteil sind selbstgemacht. Wir k\u00f6nnen f\u00fcr Sie die beste Wettbewerbsf\u00e4higkeit, Qualit\u00e4tssicherung bieten.<\/p>","protected":false},"featured_media":434,"template":"","meta":[],"product_cat":[103,94,40],"product_tag":[57,58,27,49],"class_list":{"0":"post-432","1":"product","2":"type-product","3":"status-publish","4":"has-post-thumbnail","6":"product_cat-hot-selling-product","7":"product_cat-sos-tunnel-weatherproof-telephone","8":"product_cat-weatherproof-telephone","9":"product_tag-analog-voip-telephone","10":"product_tag-emergency-industrial-telephone","11":"product_tag-public-telephone","12":"product_tag-weatherproof-telephone","14":"first","15":"instock","16":"shipping-taxable","17":"product-type-simple"},"_links":{"self":[{"href":"https:\/\/www.sinewo.com\/de\/wp-json\/wp\/v2\/product\/432","targetHints":{"allow":["GET"]}}],"collection":[{"href":"https:\/\/www.sinewo.com\/de\/wp-json\/wp\/v2\/product"}],"about":[{"href":"https:\/\/www.sinewo.com\/de\/wp-json\/wp\/v2\/types\/product"}],"version-history":[{"count":2,"href":"https:\/\/www.sinewo.com\/de\/wp-json\/wp\/v2\/product\/432\/revisions"}],"predecessor-version":[{"id":946,"href":"https:\/\/www.sinewo.com\/de\/wp-json\/wp\/v2\/product\/432\/revisions\/946"}],"wp:featuredmedia":[{"embeddable":true,"href":"https:\/\/www.sinewo.com\/de\/wp-json\/wp\/v2\/media\/434"}],"wp:attachment":[{"href":"https:\/\/www.sinewo.com\/de\/wp-json\/wp\/v2\/media?parent=432"}],"wp:term":[{"taxonomy":"product_cat","embeddable":true,"href":"https:\/\/www.sinewo.com\/de\/wp-json\/wp\/v2\/product_cat?post=432"},{"taxonomy":"product_tag","embeddable":true,"href":"https:\/\/www.sinewo.com\/de\/wp-json\/wp\/v2\/product_tag?post=432"}],"curies":[{"name":"wp","href":"https:\/\/api.w.org\/{rel}","templated":true}]}}