{"id":418,"date":"2024-12-27T17:36:59","date_gmt":"2024-12-27T09:36:59","guid":{"rendered":"http:\/\/www.siwoc.cc\/?post_type=product&#038;p=418"},"modified":"2024-12-30T10:24:47","modified_gmt":"2024-12-30T02:24:47","slug":"industrial-weatherproof-voip-intercom-telephone-for-tunnel","status":"publish","type":"product","link":"https:\/\/www.sinewo.com\/de\/product\/industrial-weatherproof-voip-intercom-telephone-for-tunnel\/","title":{"rendered":"Industrielles wetterfestes VoIP -Intercom -Telefon f\u00fcr Tunnel"},"content":{"rendered":"<h2>Produkteinf\u00fchrung<\/h2>\n<p>Weather Profic Intercom Telephone ist f\u00fcr die Sprachkommunikation in harter und feindlicher Umgebung ausgelegt, in der die Zuverl\u00e4ssigkeitseffizienz und -sicherheit von gr\u00f6\u00dfter Bedeutung sind.<br \/>\nDer K\u00f6rper des Telefons, der aus kaltem gerolltem Stahl besteht, ein sehr starkes Material, kann mit unterschiedlichen Farben pulverbeschichtet werden und mit gro\u00dfz\u00fcgigen Dicken verwendet werden. Der Grad des Schutzes ist IP67,<br \/>\nMehrere Versionen sind erh\u00e4ltlich, mit gepanzerten Edelstahl -Kabel oder Spirale, mit Tastatur, ohne Tastatur und auf Anfrage mit zus\u00e4tzlichen Funktionstasten. Au\u00dferdem haben wir das Modell bei Bedarf mit Kamera.<\/p>\n<h2>Merkmale<\/h2>\n<p>1.Standard SIP 2.0 Telefon.<br \/>\n2. Robust-Geh\u00e4use, Aluminiumlegierung der K\u00f6rper.<br \/>\n3.. Rollte Stahl-Gesichtsplatte mit Epoxidpulver beschichtet, der einen vollst\u00e4ndigen Schutz gegen Staub und Feuchtigkeit bietet.<br \/>\n4. Vandal resistente rostfreie Kn\u00f6pfe.<br \/>\n5.Alle Wetterschutz IP66-67.<br \/>\n6. Eine Taste f\u00fcr Geschwindigkeitswahl.<br \/>\n7.Horn &amp; Lampe oben ist verf\u00fcgbar.<br \/>\n8. Unterst\u00fctzung G.711 A\/U, G.722 8000\/16000, G.723, G.729.<br \/>\n9.Wan\/LAN: BRIDGE -MODE.<br \/>\n10. Support DHCP erhalten Sie IP am WAN -Port.<br \/>\n11. Support Pppoe f\u00fcr XDSL.<br \/>\n12. Support DHCP erhalten Sie IP am WAN -Port.<br \/>\n13. Temperatur: Betrieb: -30 \u00b0 C bis +65 \u00b0 C Speichern: -40 \u00b0 C bis +75 \u00b0 C.<br \/>\n14. Mit der externen Stromversorgung betr\u00e4gt der Schallpegel mehr als 80 dB.<br \/>\n15.Handsfreie Betrieb.<br \/>\n16.wand montiert.<br \/>\n17. selbstgemachtes Telefon Ersatzteil verf\u00fcgbar.<br \/>\n18.CE, FCC, ROHS, ISO9001 Konform.<\/p>\n<h2>Anwendung<\/h2>\n<p>Dieses wetterfeste Gegensprechanlage ist sehr beliebt f\u00fcr die Kommunikation, Tunnel, Bergbau, Meeres-, Untergrund-, U -Bahn -Bahnh\u00f6fe, Eisenbahnplattform, Autobahnseite, Parkpl\u00e4tze, Stahlpflanzen, Chemiepflanzen, Kraftwerke und verwandte Hochleistungs -Industrieanwendungen usw.<\/p>\n<p><img fetchpriority=\"high\" decoding=\"async\" class=\"alignnone wp-image-407 size-full\" src=\"http:\/\/www.siwoc.cc\/wp-content\/uploads\/2024\/12\/\u9632\u6c34\u6848\u4f8b.jpg\" alt=\"\" width=\"750\" height=\"419\" srcset=\"https:\/\/www.sinewo.com\/wp-content\/uploads\/2024\/12\/\u9632\u6c34\u6848\u4f8b.jpg 750w, https:\/\/www.sinewo.com\/wp-content\/uploads\/2024\/12\/\u9632\u6c34\u6848\u4f8b-300x168.jpg 300w, https:\/\/www.sinewo.com\/wp-content\/uploads\/2024\/12\/\u9632\u6c34\u6848\u4f8b-600x335.jpg 600w\" sizes=\"(max-width: 750px) 100vw, 750px\" \/><\/p>\n<h2>Parameter<\/h2>\n<table>\n<tbody>\n<tr>\n<td width=\"284\">Artikel<\/td>\n<td width=\"284\">Technische Daten<\/td>\n<\/tr>\n<tr>\n<td width=\"284\">Stromversorgung<\/td>\n<td width=\"284\">\u00a0Poe oder 12VDC<\/td>\n<\/tr>\n<tr>\n<td width=\"284\">Standby -Arbeit aktuell<\/td>\n<td width=\"284\">\u2264 1 mA<\/td>\n<\/tr>\n<tr>\n<td width=\"284\">Frequenzgang<\/td>\n<td width=\"284\">250 \uff5e 3000 Hz<\/td>\n<\/tr>\n<tr>\n<td width=\"284\">Klanglautst\u00e4rke<\/td>\n<td width=\"284\">\u2264 90 dB (a)<\/td>\n<\/tr>\n<tr>\n<td width=\"284\">Korrosionsqualit\u00e4t<\/td>\n<td width=\"284\">WF2<\/td>\n<\/tr>\n<tr>\n<td width=\"284\">Umgebungstemperatur<\/td>\n<td width=\"284\">-40\uff5e+70\u2103<\/td>\n<\/tr>\n<tr>\n<td width=\"284\">Atmosph\u00e4rischer Druck<\/td>\n<td width=\"284\">80 \uff5e 110 kPa<\/td>\n<\/tr>\n<tr>\n<td width=\"284\">Relative Luftfeuchtigkeit<\/td>\n<td width=\"284\">\u2264 95%<\/td>\n<\/tr>\n<tr>\n<td width=\"284\">Anti-Vandalismus-Niveau<\/td>\n<td width=\"284\">IK09<\/td>\n<\/tr>\n<tr>\n<td width=\"284\">Installation<\/td>\n<td width=\"284\">Wand montiert<\/td>\n<\/tr>\n<tr>\n<td width=\"284\">Stromversorgung<\/td>\n<td width=\"284\">\u00a0Poe oder 12VDC<\/td>\n<\/tr>\n<\/tbody>\n<\/table>\n<h2>Dimensionszeichnung<\/h2>\n<p><img decoding=\"async\" class=\"alignnone wp-image-430 size-full\" src=\"http:\/\/www.siwoc.cc\/wp-content\/uploads\/2024\/12\/\u56fe\u72474.png\" alt=\"\" width=\"892\" height=\"655\" srcset=\"https:\/\/www.sinewo.com\/wp-content\/uploads\/2024\/12\/\u56fe\u72474.png 892w, https:\/\/www.sinewo.com\/wp-content\/uploads\/2024\/12\/\u56fe\u72474-300x220.png 300w, https:\/\/www.sinewo.com\/wp-content\/uploads\/2024\/12\/\u56fe\u72474-768x564.png 768w, https:\/\/www.sinewo.com\/wp-content\/uploads\/2024\/12\/\u56fe\u72474-600x441.png 600w\" sizes=\"(max-width: 892px) 100vw, 892px\" \/><\/p>\n<h2>Verf\u00fcgbare Farbe<\/h2>\n<p>Wenn Sie eine Farbanfrage haben, teilen Sie uns die Pantone -Farbe Nr. Mit<\/p>\n<p><img decoding=\"async\" class=\"alignnone wp-image-383 size-full\" src=\"http:\/\/www.siwoc.cc\/wp-content\/uploads\/2024\/12\/4.\u53ef\u9009\u989c\u8272-1.png\" alt=\"\" width=\"900\" height=\"600\" srcset=\"https:\/\/www.sinewo.com\/wp-content\/uploads\/2024\/12\/4.\u53ef\u9009\u989c\u8272-1.png 900w, https:\/\/www.sinewo.com\/wp-content\/uploads\/2024\/12\/4.\u53ef\u9009\u989c\u8272-1-300x200.png 300w, https:\/\/www.sinewo.com\/wp-content\/uploads\/2024\/12\/4.\u53ef\u9009\u989c\u8272-1-768x512.png 768w, https:\/\/www.sinewo.com\/wp-content\/uploads\/2024\/12\/4.\u53ef\u9009\u989c\u8272-1-600x400.png 600w\" sizes=\"(max-width: 900px) 100vw, 900px\" \/><\/p>\n<h2>Testmaschine<\/h2>\n<p>85% -Ersatzteile werden von unserer eigenen Fabrik hergestellt und mit \u00fcbereinstimmenden Testmaschinen k\u00f6nnen wir die Funktion und den Standard direkt best\u00e4tigen.<\/p>\n<p><img loading=\"lazy\" decoding=\"async\" class=\"alignnone wp-image-384 size-full\" src=\"http:\/\/www.siwoc.cc\/wp-content\/uploads\/2024\/12\/5.-\u8bdd\u673a\u6d4b\u8bd5\u8bbe\u5907\u6d41\u7a0b-1.png\" alt=\"\" width=\"900\" height=\"1083\" srcset=\"https:\/\/www.sinewo.com\/wp-content\/uploads\/2024\/12\/5.-\u8bdd\u673a\u6d4b\u8bd5\u8bbe\u5907\u6d41\u7a0b-1.png 900w, https:\/\/www.sinewo.com\/wp-content\/uploads\/2024\/12\/5.-\u8bdd\u673a\u6d4b\u8bd5\u8bbe\u5907\u6d41\u7a0b-1-249x300.png 249w, https:\/\/www.sinewo.com\/wp-content\/uploads\/2024\/12\/5.-\u8bdd\u673a\u6d4b\u8bd5\u8bbe\u5907\u6d41\u7a0b-1-851x1024.png 851w, https:\/\/www.sinewo.com\/wp-content\/uploads\/2024\/12\/5.-\u8bdd\u673a\u6d4b\u8bd5\u8bbe\u5907\u6d41\u7a0b-1-768x924.png 768w, https:\/\/www.sinewo.com\/wp-content\/uploads\/2024\/12\/5.-\u8bdd\u673a\u6d4b\u8bd5\u8bbe\u5907\u6d41\u7a0b-1-600x722.png 600w\" sizes=\"(max-width: 900px) 100vw, 900px\" \/><\/p>\n<h2><\/h2>\n<h2>Gef\u00e4ngnis -Telefonsystemdiagramm<\/h2>\n<p>&nbsp;<\/p>\n<p><img loading=\"lazy\" decoding=\"async\" class=\"alignnone size-medium wp-image-406\" src=\"http:\/\/www.siwoc.cc\/wp-content\/uploads\/2024\/12\/\u7535\u8bdd\u7cfb\u7edf\u56fe-2-300x169.jpg\" alt=\"\" width=\"300\" height=\"169\" srcset=\"https:\/\/www.sinewo.com\/wp-content\/uploads\/2024\/12\/\u7535\u8bdd\u7cfb\u7edf\u56fe-2-300x169.jpg 300w, https:\/\/www.sinewo.com\/wp-content\/uploads\/2024\/12\/\u7535\u8bdd\u7cfb\u7edf\u56fe-2-1024x576.jpg 1024w, https:\/\/www.sinewo.com\/wp-content\/uploads\/2024\/12\/\u7535\u8bdd\u7cfb\u7edf\u56fe-2-768x432.jpg 768w, https:\/\/www.sinewo.com\/wp-content\/uploads\/2024\/12\/\u7535\u8bdd\u7cfb\u7edf\u56fe-2-1536x864.jpg 1536w, https:\/\/www.sinewo.com\/wp-content\/uploads\/2024\/12\/\u7535\u8bdd\u7cfb\u7edf\u56fe-2-2048x1152.jpg 2048w, https:\/\/www.sinewo.com\/wp-content\/uploads\/2024\/12\/\u7535\u8bdd\u7cfb\u7edf\u56fe-2-600x338.jpg 600w\" sizes=\"(max-width: 300px) 100vw, 300px\" \/> <img loading=\"lazy\" decoding=\"async\" class=\"alignnone size-medium wp-image-405\" src=\"http:\/\/www.siwoc.cc\/wp-content\/uploads\/2024\/12\/\u7535\u8bdd\u7cfb\u7edf\u56fe-1-300x150.jpg\" alt=\"\" width=\"300\" height=\"150\" srcset=\"https:\/\/www.sinewo.com\/wp-content\/uploads\/2024\/12\/\u7535\u8bdd\u7cfb\u7edf\u56fe-1-300x150.jpg 300w, https:\/\/www.sinewo.com\/wp-content\/uploads\/2024\/12\/\u7535\u8bdd\u7cfb\u7edf\u56fe-1-768x384.jpg 768w, https:\/\/www.sinewo.com\/wp-content\/uploads\/2024\/12\/\u7535\u8bdd\u7cfb\u7edf\u56fe-1-600x300.jpg 600w, https:\/\/www.sinewo.com\/wp-content\/uploads\/2024\/12\/\u7535\u8bdd\u7cfb\u7edf\u56fe-1.jpg 900w\" sizes=\"(max-width: 300px) 100vw, 300px\" \/><\/p>","protected":false},"excerpt":{"rendered":"<p>Ningbo Joiwo ist eine Tunnel -Telefon-\/Eisenbahn -Telefon-\/Autobahn -Telefonherstellung. Wir produzieren eine gro\u00dfe Menge Tunneltelefon und exportieren in viele L\u00e4nder. Industriewetterfeste Telefone werden in der Eisenbahnstrecke h\u00e4ufig verwendet. Der gr\u00f6\u00dfte Teil der U -Bahn -Linie unter dem Boden im Tunnel muss das Tunneltelefon installieren. Dieses in Tunnel und Subway installierte U -Bahn -Telefon ben\u00f6tigt Waterpoof IP66. Das U -Bahn -Telefon muss robust und rubost sein.<\/p>\n<p>Robuste Telefone wasserdichte IP66 Dusty Proof f\u00fcr -outdoor -Umgebung. Harte Telefone mit T\u00fcr- und Freisprechanruf. Arbeiten Sie in robusten Bedingungen in analogem und VoIP weiter.<\/p>\n<p>Es ist speziell f\u00fcr die Verwendung in einer hohen nassen Umgebung aller Arten von Elektrostrom -Tunnel ausgelegt, wobei die Eigenschaften des hohen Schutzes und des geringen Stromverbrauchs eingesetzt werden. Eine Zeile kann 10 Telefone -S\u00e4tze unterst\u00fctzen, und der Standard des Sendens von DTMF -Code \u00fcberschreitet 10 Kilometer. Mit 3W eingebauten Lautsprechern ist die Stimme klar und laut. Der \u00dcbertragungsabstand k\u00f6nnte ohne zus\u00e4tzliche Stromversorgung auf 10 Kilometer liegen.<\/p>","protected":false},"featured_media":426,"template":"","meta":[],"product_cat":[92,40],"product_tag":[55,54,56,53,52],"class_list":{"0":"post-418","1":"product","2":"type-product","3":"status-publish","4":"has-post-thumbnail","6":"product_cat-industrial-weatherproof-telephone","7":"product_cat-weatherproof-telephone","8":"product_tag-highway-telephone","9":"product_tag-railway-telephone","10":"product_tag-rugged-telephones","11":"product_tag-tunnel-telephone","12":"product_tag-voip-intercom-telephone","14":"first","15":"instock","16":"shipping-taxable","17":"product-type-simple"},"_links":{"self":[{"href":"https:\/\/www.sinewo.com\/de\/wp-json\/wp\/v2\/product\/418","targetHints":{"allow":["GET"]}}],"collection":[{"href":"https:\/\/www.sinewo.com\/de\/wp-json\/wp\/v2\/product"}],"about":[{"href":"https:\/\/www.sinewo.com\/de\/wp-json\/wp\/v2\/types\/product"}],"version-history":[{"count":1,"href":"https:\/\/www.sinewo.com\/de\/wp-json\/wp\/v2\/product\/418\/revisions"}],"predecessor-version":[{"id":425,"href":"https:\/\/www.sinewo.com\/de\/wp-json\/wp\/v2\/product\/418\/revisions\/425"}],"wp:featuredmedia":[{"embeddable":true,"href":"https:\/\/www.sinewo.com\/de\/wp-json\/wp\/v2\/media\/426"}],"wp:attachment":[{"href":"https:\/\/www.sinewo.com\/de\/wp-json\/wp\/v2\/media?parent=418"}],"wp:term":[{"taxonomy":"product_cat","embeddable":true,"href":"https:\/\/www.sinewo.com\/de\/wp-json\/wp\/v2\/product_cat?post=418"},{"taxonomy":"product_tag","embeddable":true,"href":"https:\/\/www.sinewo.com\/de\/wp-json\/wp\/v2\/product_tag?post=418"}],"curies":[{"name":"wp","href":"https:\/\/api.w.org\/{rel}","templated":true}]}}