{"id":412,"date":"2025-01-15T17:30:50","date_gmt":"2025-01-15T09:30:50","guid":{"rendered":"http:\/\/www.siwoc.cc\/?post_type=product&#038;p=412"},"modified":"2025-01-16T14:58:31","modified_gmt":"2025-01-16T06:58:31","slug":"engineer-plastic-industrial-weatherproof-telephone-for-railway-project-jwat304","status":"publish","type":"product","link":"https:\/\/www.sinewo.com\/de\/product\/engineer-plastic-industrial-weatherproof-telephone-for-railway-project-jwat304\/","title":{"rendered":"Ingenieur plastisches industrielles Wetterdelefon f\u00fcr Eisenbahnprojekt JWAT304"},"content":{"rendered":"<h2>Produkteinf\u00fchrung<\/h2>\n<p>Das Wetterfeste Telefon ist f\u00fcr die Sprachkommunikation in harter und feindlicher Umgebung ausgelegt, in der die Zuverl\u00e4ssigkeitseffizienz und -sicherheit von gr\u00f6\u00dfter Bedeutung sind. Wie Tunnel, Marine, Eisenbahn, Autobahn, Untergrund, Kraftwerk, Dock usw.<br \/>\nDer K\u00f6rper des Telefons besteht aus technischer Kunststoff, einem sehr starken Injektionsformmaterial, das mit gro\u00dfz\u00fcgigen Dicken verwendet wird. Der Schutzgrad ist IP67, auch wenn die T\u00fcr ge\u00f6ffnet ist. Die T\u00fcr nimmt daran teil, die Innenteile wie Mobilteil und Tastatur sauber zu halten.<\/p>\n<h2>Merkmale<\/h2>\n<p>1. Engineering Plastic Injection Formsschale, hohe mechanische Festigkeit und starke Aufprallfestigkeit.<br \/>\n2. analoges Telefon.<br \/>\n3.Heavy Duty -Mobilteil mit H\u00f6rger\u00e4tekompatiblenempf\u00e4nger, Rauschunterdr\u00fcckungsmikrofon.<br \/>\n4.Weather Proof Protection Class zu IP65.<br \/>\n5. Wassersichere Zinklegierung Voller Tastatur mit Funktionstasten, die als Geschwindigkeitswahl\/Redial\/Flash -R\u00fcckruf\/Aufh\u00e4ngen\/Stummschalter programmiert werden k\u00f6nnen.<br \/>\n6. Wand montiert, einfache Installation.<br \/>\n7. Konnection: RJ11 -Kabel f\u00fcr Schraubenklemmenpaar.<br \/>\n8. Klingelstufe: \u00fcber 80 dB (a).<br \/>\n9. Die verf\u00fcgbaren Farben als Option.<br \/>\n10. Selbstgemachtes Telefon Ersatzteil verf\u00fcgbar.<br \/>\n11. CE, FCC, ROHS, ISO9001 Konform.<\/p>\n<h2>Anwendung<\/h2>\n<p>Dieses wetterfeste Telefon ist sehr beliebt f\u00fcr Marine, Tunnel, Bergbau, U -Bahn, U -Bahn -Bahnstationen, Bahnbahn, Autobahnseite, Parkpl\u00e4tze, Stahlanlagen, Chemiewerke, Kraftwerke und verwandte Hochleistungs -Industrieanwendung usw.<\/p>\n<p><img fetchpriority=\"high\" decoding=\"async\" class=\"alignnone wp-image-407 size-full\" src=\"http:\/\/www.siwoc.cc\/wp-content\/uploads\/2024\/12\/\u9632\u6c34\u6848\u4f8b.jpg\" alt=\"\" width=\"750\" height=\"419\" srcset=\"https:\/\/www.sinewo.com\/wp-content\/uploads\/2024\/12\/\u9632\u6c34\u6848\u4f8b.jpg 750w, https:\/\/www.sinewo.com\/wp-content\/uploads\/2024\/12\/\u9632\u6c34\u6848\u4f8b-300x168.jpg 300w, https:\/\/www.sinewo.com\/wp-content\/uploads\/2024\/12\/\u9632\u6c34\u6848\u4f8b-600x335.jpg 600w\" sizes=\"(max-width: 750px) 100vw, 750px\" \/><\/p>\n<h2>Parameter<\/h2>\n<table>\n<tbody>\n<tr>\n<td width=\"284\">Artikel<\/td>\n<td width=\"284\">Technische Daten<\/td>\n<\/tr>\n<tr>\n<td width=\"284\">Stromversorgung<\/td>\n<td width=\"284\">Telefonleitung angetrieben<\/td>\n<\/tr>\n<tr>\n<td width=\"284\">Voltage<\/td>\n<td width=\"284\">24\u201365 VDC<\/td>\n<\/tr>\n<tr>\n<td width=\"284\">Standby -Arbeit aktuell<\/td>\n<td width=\"284\">\u2264 0,2a<\/td>\n<\/tr>\n<tr>\n<td width=\"284\">Frequenzgang<\/td>\n<td width=\"284\">250 \uff5e 3000 Hz<\/td>\n<\/tr>\n<tr>\n<td width=\"284\">Klanglautst\u00e4rke<\/td>\n<td width=\"284\">&gt; 80 dB (a)<\/td>\n<\/tr>\n<tr>\n<td width=\"284\">Korrosionsqualit\u00e4t<\/td>\n<td width=\"284\">WF1<\/td>\n<\/tr>\n<tr>\n<td width=\"284\">Umgebungstemperatur<\/td>\n<td width=\"284\">-40\uff5e+60\u2103<\/td>\n<\/tr>\n<tr>\n<td width=\"284\">Atmosph\u00e4rischer Druck<\/td>\n<td width=\"284\">80 \uff5e 110 kPa<\/td>\n<\/tr>\n<tr>\n<td width=\"284\">Relative Luftfeuchtigkeit<\/td>\n<td width=\"284\">\u2264 95%<\/td>\n<\/tr>\n<tr>\n<td width=\"284\">Bleiloch<\/td>\n<td width=\"284\">1-PG11<\/td>\n<\/tr>\n<tr>\n<td width=\"284\">Installation<\/td>\n<td width=\"284\">Wand montiert<\/td>\n<\/tr>\n<\/tbody>\n<\/table>\n<h2>Dimensionszeichnung<\/h2>\n<p><img decoding=\"async\" class=\"alignnone wp-image-413 size-full\" src=\"http:\/\/www.siwoc.cc\/wp-content\/uploads\/2024\/12\/\u5c3a\u5bf8\u56fe-1.png\" alt=\"\" width=\"800\" height=\"292\" srcset=\"https:\/\/www.sinewo.com\/wp-content\/uploads\/2024\/12\/\u5c3a\u5bf8\u56fe-1.png 800w, https:\/\/www.sinewo.com\/wp-content\/uploads\/2024\/12\/\u5c3a\u5bf8\u56fe-1-300x110.png 300w, https:\/\/www.sinewo.com\/wp-content\/uploads\/2024\/12\/\u5c3a\u5bf8\u56fe-1-768x280.png 768w, https:\/\/www.sinewo.com\/wp-content\/uploads\/2024\/12\/\u5c3a\u5bf8\u56fe-1-600x219.png 600w\" sizes=\"(max-width: 800px) 100vw, 800px\" \/><\/p>\n<h2>Verf\u00fcgbare Farbe<\/h2>\n<p>Wenn Sie eine Farbanfrage haben, teilen Sie uns die Pantone -Farbe Nr. Mit<\/p>\n<p><img decoding=\"async\" class=\"alignnone wp-image-383 size-full\" src=\"http:\/\/www.siwoc.cc\/wp-content\/uploads\/2024\/12\/4.\u53ef\u9009\u989c\u8272-1.png\" alt=\"\" width=\"900\" height=\"600\" srcset=\"https:\/\/www.sinewo.com\/wp-content\/uploads\/2024\/12\/4.\u53ef\u9009\u989c\u8272-1.png 900w, https:\/\/www.sinewo.com\/wp-content\/uploads\/2024\/12\/4.\u53ef\u9009\u989c\u8272-1-300x200.png 300w, https:\/\/www.sinewo.com\/wp-content\/uploads\/2024\/12\/4.\u53ef\u9009\u989c\u8272-1-768x512.png 768w, https:\/\/www.sinewo.com\/wp-content\/uploads\/2024\/12\/4.\u53ef\u9009\u989c\u8272-1-600x400.png 600w\" sizes=\"(max-width: 900px) 100vw, 900px\" \/><\/p>\n<h2>Testmaschine<\/h2>\n<p>85% -Ersatzteile werden von unserer eigenen Fabrik hergestellt und mit \u00fcbereinstimmenden Testmaschinen k\u00f6nnen wir die Funktion und den Standard direkt best\u00e4tigen.<\/p>\n<p><img loading=\"lazy\" decoding=\"async\" class=\"alignnone wp-image-384 size-full\" src=\"http:\/\/www.siwoc.cc\/wp-content\/uploads\/2024\/12\/5.-\u8bdd\u673a\u6d4b\u8bd5\u8bbe\u5907\u6d41\u7a0b-1.png\" alt=\"\" width=\"900\" height=\"1083\" srcset=\"https:\/\/www.sinewo.com\/wp-content\/uploads\/2024\/12\/5.-\u8bdd\u673a\u6d4b\u8bd5\u8bbe\u5907\u6d41\u7a0b-1.png 900w, https:\/\/www.sinewo.com\/wp-content\/uploads\/2024\/12\/5.-\u8bdd\u673a\u6d4b\u8bd5\u8bbe\u5907\u6d41\u7a0b-1-249x300.png 249w, https:\/\/www.sinewo.com\/wp-content\/uploads\/2024\/12\/5.-\u8bdd\u673a\u6d4b\u8bd5\u8bbe\u5907\u6d41\u7a0b-1-851x1024.png 851w, https:\/\/www.sinewo.com\/wp-content\/uploads\/2024\/12\/5.-\u8bdd\u673a\u6d4b\u8bd5\u8bbe\u5907\u6d41\u7a0b-1-768x924.png 768w, https:\/\/www.sinewo.com\/wp-content\/uploads\/2024\/12\/5.-\u8bdd\u673a\u6d4b\u8bd5\u8bbe\u5907\u6d41\u7a0b-1-600x722.png 600w\" sizes=\"(max-width: 900px) 100vw, 900px\" \/><\/p>\n<h2><\/h2>\n<h2>Gef\u00e4ngnis -Telefonsystemdiagramm<\/h2>\n<p>&nbsp;<\/p>\n<p><img loading=\"lazy\" decoding=\"async\" class=\"alignnone size-medium wp-image-406\" src=\"http:\/\/www.siwoc.cc\/wp-content\/uploads\/2024\/12\/\u7535\u8bdd\u7cfb\u7edf\u56fe-2-300x169.jpg\" alt=\"\" width=\"300\" height=\"169\" srcset=\"https:\/\/www.sinewo.com\/wp-content\/uploads\/2024\/12\/\u7535\u8bdd\u7cfb\u7edf\u56fe-2-300x169.jpg 300w, https:\/\/www.sinewo.com\/wp-content\/uploads\/2024\/12\/\u7535\u8bdd\u7cfb\u7edf\u56fe-2-1024x576.jpg 1024w, https:\/\/www.sinewo.com\/wp-content\/uploads\/2024\/12\/\u7535\u8bdd\u7cfb\u7edf\u56fe-2-768x432.jpg 768w, https:\/\/www.sinewo.com\/wp-content\/uploads\/2024\/12\/\u7535\u8bdd\u7cfb\u7edf\u56fe-2-1536x864.jpg 1536w, https:\/\/www.sinewo.com\/wp-content\/uploads\/2024\/12\/\u7535\u8bdd\u7cfb\u7edf\u56fe-2-2048x1152.jpg 2048w, https:\/\/www.sinewo.com\/wp-content\/uploads\/2024\/12\/\u7535\u8bdd\u7cfb\u7edf\u56fe-2-600x338.jpg 600w\" sizes=\"(max-width: 300px) 100vw, 300px\" \/> <img loading=\"lazy\" decoding=\"async\" class=\"alignnone size-medium wp-image-405\" src=\"http:\/\/www.siwoc.cc\/wp-content\/uploads\/2024\/12\/\u7535\u8bdd\u7cfb\u7edf\u56fe-1-300x150.jpg\" alt=\"\" width=\"300\" height=\"150\" srcset=\"https:\/\/www.sinewo.com\/wp-content\/uploads\/2024\/12\/\u7535\u8bdd\u7cfb\u7edf\u56fe-1-300x150.jpg 300w, https:\/\/www.sinewo.com\/wp-content\/uploads\/2024\/12\/\u7535\u8bdd\u7cfb\u7edf\u56fe-1-768x384.jpg 768w, https:\/\/www.sinewo.com\/wp-content\/uploads\/2024\/12\/\u7535\u8bdd\u7cfb\u7edf\u56fe-1-600x300.jpg 600w, https:\/\/www.sinewo.com\/wp-content\/uploads\/2024\/12\/\u7535\u8bdd\u7cfb\u7edf\u56fe-1.jpg 900w\" sizes=\"(max-width: 300px) 100vw, 300px\" \/><\/p>","protected":false},"excerpt":{"rendered":"<p>JWAT304 Plastic Water Profis Delof Phone verf\u00fcgt \u00fcber IP- und analoge Versionen von zwei Kommunikationssystemen. Mit einer wasserdichten Bewertung von IP65 ~ IP66 ist plastisches wasserfestes Telefon die beste Wahl f\u00fcr industrielle Fertigung\/Tunnelkorridore\/Verteidigungskommunikation\/Tiefseewasser und andere industrielle unterirdische Anwendungen. Dieses Modell ist die wirtschaftlichste Wahl f\u00fcr Kunden und Projektunternehmer mit begrenztem Budget. Dieses wetterfeste Telefon kann auch neben Schwimmbad f\u00fcr H\u00e4user verwendet werden.<\/p>","protected":false},"featured_media":415,"template":"","meta":[],"product_cat":[91,40],"product_tag":[45,46,48,47,49],"class_list":{"0":"post-412","1":"product","2":"type-product","3":"status-publish","4":"has-post-thumbnail","6":"product_cat-emergency-weatherproof-telephone","7":"product_cat-weatherproof-telephone","8":"product_tag-industrial-weatherproof-telephone","9":"product_tag-railway-project","10":"product_tag-underground-applications","11":"product_tag-water-resistant-telephone","12":"product_tag-weatherproof-telephone","14":"first","15":"instock","16":"shipping-taxable","17":"product-type-simple"},"_links":{"self":[{"href":"https:\/\/www.sinewo.com\/de\/wp-json\/wp\/v2\/product\/412","targetHints":{"allow":["GET"]}}],"collection":[{"href":"https:\/\/www.sinewo.com\/de\/wp-json\/wp\/v2\/product"}],"about":[{"href":"https:\/\/www.sinewo.com\/de\/wp-json\/wp\/v2\/types\/product"}],"version-history":[{"count":3,"href":"https:\/\/www.sinewo.com\/de\/wp-json\/wp\/v2\/product\/412\/revisions"}],"predecessor-version":[{"id":952,"href":"https:\/\/www.sinewo.com\/de\/wp-json\/wp\/v2\/product\/412\/revisions\/952"}],"wp:featuredmedia":[{"embeddable":true,"href":"https:\/\/www.sinewo.com\/de\/wp-json\/wp\/v2\/media\/415"}],"wp:attachment":[{"href":"https:\/\/www.sinewo.com\/de\/wp-json\/wp\/v2\/media?parent=412"}],"wp:term":[{"taxonomy":"product_cat","embeddable":true,"href":"https:\/\/www.sinewo.com\/de\/wp-json\/wp\/v2\/product_cat?post=412"},{"taxonomy":"product_tag","embeddable":true,"href":"https:\/\/www.sinewo.com\/de\/wp-json\/wp\/v2\/product_tag?post=412"}],"curies":[{"name":"wp","href":"https:\/\/api.w.org\/{rel}","templated":true}]}}