{"id":401,"date":"2024-12-27T17:21:32","date_gmt":"2024-12-27T09:21:32","guid":{"rendered":"http:\/\/www.siwoc.cc\/?post_type=product&#038;p=401"},"modified":"2024-12-30T10:21:40","modified_gmt":"2024-12-30T02:21:40","slug":"industrial-ip-weatherproof-telephone-for-tunnel-project","status":"publish","type":"product","link":"https:\/\/www.sinewo.com\/de\/product\/industrial-ip-weatherproof-telephone-for-tunnel-project\/","title":{"rendered":"Industrielles IP -Wetterfester Telefon f\u00fcr Tunnelprojekt"},"content":{"rendered":"<h2>Produkteinf\u00fchrung<\/h2>\n<p>Das wetterfeste Hochleistungs -Telefon ist f\u00fcr die Sprachkommunikation in harsch und feindlicher Umgebung ausgelegt, in der die Zuverl\u00e4ssigkeitseffizienz und -sicherheit von gr\u00f6\u00dfter Bedeutung sind.<br \/>\nDer K\u00f6rper des Telefons besteht aus Aluminiumlegierung, einem sehr starken Stempelmaterial, das mit gro\u00dfz\u00fcgigen Dicken verwendet wird. Der Schutzgrad ist IP67, auch wenn die T\u00fcr ge\u00f6ffnet ist. Die T\u00fcr nimmt daran teil, die Innenteile wie Mobilteil und Tastatur sauber zu halten.<br \/>\nMehrere Versionen sind erh\u00e4ltlich, mit gepanzerten Stahlkabel oder Spirale mit oder ohne T\u00fcr, mit Tastatur, ohne Tastatur und auf Anfrage mit zus\u00e4tzlichen Funktionstasten.<\/p>\n<h2>Merkmale<\/h2>\n<p>1. Aluminiumlegierung der Stempelschale, hoher mechanischer Festigkeit und starker Aufprallwiderstand.<br \/>\n2. Hochleistungs -Mobilteil mit H\u00f6rger\u00e4t -kompatibler Empf\u00e4nger, Rauschauff\u00e4llenmikrofon.<br \/>\n3.. Edelstahl beleuchtete Tastatur. Buttons k\u00f6nnen als Funktionstaste wie SOS, Wiederholung usw. programmiert werden.<br \/>\n4. Unterst\u00fctzung 2 Linien SIP, SIP 2.0 (RFC3261).<br \/>\n5. Audiocodes: G.711, G.722, G.729.<br \/>\n6. IP -Protokolle: IPv4, TCP, UDP, TFTP, RTP, RTCP, DHCP, SIP.<br \/>\n7. Echo -Stornierungscode: G.167\/G.168.<br \/>\n8. Unterst\u00fctzt vollst\u00e4ndige Duplex.<br \/>\n9. WAN\/LAN: BRIDGE -MODE.<br \/>\n10. Support DHCP erhalten Sie IP am WAN -Port.<br \/>\n11. Support Pppoe f\u00fcr XDSL.<br \/>\n12. Support DHCP erhalten Sie IP am WAN -Port.<br \/>\n13.Weather Proof Protection Class zu IP67.<br \/>\n14.wand montiert, einfache Installation.<br \/>\n15. Die verf\u00fcgbaren Farben als Option.<br \/>\n16. selbstgemachter Telefon Ersatzteil verf\u00fcgbar. 18. CE, FCC, ROHS, ISO9001 Konform<\/p>\n<h2>Anwendung<\/h2>\n<p>Dieses wetterfeste Telefon ist sehr beliebt f\u00fcr Tunnel, Bergbau, Meeres-, Untergrund-, U -Bahn -Stationen, Eisenbahnplattform, Autobahnseite, Parkpl\u00e4tze, Stahlanlagen, Chemiewerke, Kraftwerke und verwandte Hochleistungs -industrielle Anwendung usw.<\/p>\n<p><img fetchpriority=\"high\" decoding=\"async\" class=\"alignnone wp-image-407 size-full\" src=\"http:\/\/www.siwoc.cc\/wp-content\/uploads\/2024\/12\/\u9632\u6c34\u6848\u4f8b.jpg\" alt=\"\" width=\"750\" height=\"419\" srcset=\"https:\/\/www.sinewo.com\/wp-content\/uploads\/2024\/12\/\u9632\u6c34\u6848\u4f8b.jpg 750w, https:\/\/www.sinewo.com\/wp-content\/uploads\/2024\/12\/\u9632\u6c34\u6848\u4f8b-300x168.jpg 300w, https:\/\/www.sinewo.com\/wp-content\/uploads\/2024\/12\/\u9632\u6c34\u6848\u4f8b-600x335.jpg 600w\" sizes=\"(max-width: 750px) 100vw, 750px\" \/><\/p>\n<h2>Parameter<\/h2>\n<table>\n<tbody>\n<tr>\n<td width=\"284\">Artikel<\/td>\n<td width=\"284\">Technische Daten<\/td>\n<\/tr>\n<tr>\n<td width=\"284\">Signalspannung<\/td>\n<td width=\"284\">Poe, 12 V DC oder 100-230 VAC<\/td>\n<\/tr>\n<tr>\n<td width=\"284\">Standby -Arbeit aktuell<\/td>\n<td width=\"284\">\u2264 0,2a<\/td>\n<\/tr>\n<tr>\n<td width=\"284\">Frequenzgang<\/td>\n<td width=\"284\">250 \uff5e 3000 Hz<\/td>\n<\/tr>\n<tr>\n<td width=\"284\">Klanglautst\u00e4rke<\/td>\n<td width=\"284\">&gt;85dB(A)<\/td>\n<\/tr>\n<tr>\n<td width=\"284\">Korrosionsqualit\u00e4t<\/td>\n<td width=\"284\">WF2<\/td>\n<\/tr>\n<tr>\n<td width=\"284\">Umgebungstemperatur<\/td>\n<td width=\"284\">-40\uff5e+70\u2103<\/td>\n<\/tr>\n<tr>\n<td width=\"284\">Atmosph\u00e4rischer Druck<\/td>\n<td width=\"284\">80 \uff5e 110 kPa<\/td>\n<\/tr>\n<tr>\n<td width=\"284\">Relative Luftfeuchtigkeit<\/td>\n<td width=\"284\">\u2264 95%<\/td>\n<\/tr>\n<tr>\n<td width=\"284\">Kabeldr\u00fcse<\/td>\n<td width=\"284\">2-PG11<\/td>\n<\/tr>\n<tr>\n<td width=\"284\">Installation<\/td>\n<td width=\"284\">Wand montiert<\/td>\n<\/tr>\n<\/tbody>\n<\/table>\n<h2>Dimensionszeichnung<\/h2>\n<p><img decoding=\"async\" class=\"alignnone wp-image-404 size-large\" src=\"http:\/\/www.siwoc.cc\/wp-content\/uploads\/2024\/12\/\u5c3a\u5bf8\u56fe-1024x532.png\" alt=\"\" width=\"800\" height=\"416\" srcset=\"https:\/\/www.sinewo.com\/wp-content\/uploads\/2024\/12\/\u5c3a\u5bf8\u56fe-1024x532.png 1024w, https:\/\/www.sinewo.com\/wp-content\/uploads\/2024\/12\/\u5c3a\u5bf8\u56fe-300x156.png 300w, https:\/\/www.sinewo.com\/wp-content\/uploads\/2024\/12\/\u5c3a\u5bf8\u56fe-768x399.png 768w, https:\/\/www.sinewo.com\/wp-content\/uploads\/2024\/12\/\u5c3a\u5bf8\u56fe-600x312.png 600w, https:\/\/www.sinewo.com\/wp-content\/uploads\/2024\/12\/\u5c3a\u5bf8\u56fe.png 1259w\" sizes=\"(max-width: 800px) 100vw, 800px\" \/><\/p>\n<h2>Verf\u00fcgbare Farbe<\/h2>\n<p>Wenn Sie eine Farbanfrage haben, teilen Sie uns die Pantone -Farbe Nr. Mit<\/p>\n<p><img decoding=\"async\" class=\"alignnone wp-image-383 size-full\" src=\"http:\/\/www.siwoc.cc\/wp-content\/uploads\/2024\/12\/4.\u53ef\u9009\u989c\u8272-1.png\" alt=\"\" width=\"900\" height=\"600\" srcset=\"https:\/\/www.sinewo.com\/wp-content\/uploads\/2024\/12\/4.\u53ef\u9009\u989c\u8272-1.png 900w, https:\/\/www.sinewo.com\/wp-content\/uploads\/2024\/12\/4.\u53ef\u9009\u989c\u8272-1-300x200.png 300w, https:\/\/www.sinewo.com\/wp-content\/uploads\/2024\/12\/4.\u53ef\u9009\u989c\u8272-1-768x512.png 768w, https:\/\/www.sinewo.com\/wp-content\/uploads\/2024\/12\/4.\u53ef\u9009\u989c\u8272-1-600x400.png 600w\" sizes=\"(max-width: 900px) 100vw, 900px\" \/><\/p>\n<h2>Testmaschine<\/h2>\n<p>85% -Ersatzteile werden von unserer eigenen Fabrik hergestellt und mit \u00fcbereinstimmenden Testmaschinen k\u00f6nnen wir die Funktion und den Standard direkt best\u00e4tigen.<\/p>\n<p><img loading=\"lazy\" decoding=\"async\" class=\"alignnone wp-image-384 size-full\" src=\"http:\/\/www.siwoc.cc\/wp-content\/uploads\/2024\/12\/5.-\u8bdd\u673a\u6d4b\u8bd5\u8bbe\u5907\u6d41\u7a0b-1.png\" alt=\"\" width=\"900\" height=\"1083\" srcset=\"https:\/\/www.sinewo.com\/wp-content\/uploads\/2024\/12\/5.-\u8bdd\u673a\u6d4b\u8bd5\u8bbe\u5907\u6d41\u7a0b-1.png 900w, https:\/\/www.sinewo.com\/wp-content\/uploads\/2024\/12\/5.-\u8bdd\u673a\u6d4b\u8bd5\u8bbe\u5907\u6d41\u7a0b-1-249x300.png 249w, https:\/\/www.sinewo.com\/wp-content\/uploads\/2024\/12\/5.-\u8bdd\u673a\u6d4b\u8bd5\u8bbe\u5907\u6d41\u7a0b-1-851x1024.png 851w, https:\/\/www.sinewo.com\/wp-content\/uploads\/2024\/12\/5.-\u8bdd\u673a\u6d4b\u8bd5\u8bbe\u5907\u6d41\u7a0b-1-768x924.png 768w, https:\/\/www.sinewo.com\/wp-content\/uploads\/2024\/12\/5.-\u8bdd\u673a\u6d4b\u8bd5\u8bbe\u5907\u6d41\u7a0b-1-600x722.png 600w\" sizes=\"(max-width: 900px) 100vw, 900px\" \/><\/p>\n<h2><\/h2>\n<h2>Gef\u00e4ngnis -Telefonsystemdiagramm<\/h2>\n<p>&nbsp;<\/p>\n<p><img loading=\"lazy\" decoding=\"async\" class=\"alignnone size-medium wp-image-406\" src=\"http:\/\/www.siwoc.cc\/wp-content\/uploads\/2024\/12\/\u7535\u8bdd\u7cfb\u7edf\u56fe-2-300x169.jpg\" alt=\"\" width=\"300\" height=\"169\" srcset=\"https:\/\/www.sinewo.com\/wp-content\/uploads\/2024\/12\/\u7535\u8bdd\u7cfb\u7edf\u56fe-2-300x169.jpg 300w, https:\/\/www.sinewo.com\/wp-content\/uploads\/2024\/12\/\u7535\u8bdd\u7cfb\u7edf\u56fe-2-1024x576.jpg 1024w, https:\/\/www.sinewo.com\/wp-content\/uploads\/2024\/12\/\u7535\u8bdd\u7cfb\u7edf\u56fe-2-768x432.jpg 768w, https:\/\/www.sinewo.com\/wp-content\/uploads\/2024\/12\/\u7535\u8bdd\u7cfb\u7edf\u56fe-2-1536x864.jpg 1536w, https:\/\/www.sinewo.com\/wp-content\/uploads\/2024\/12\/\u7535\u8bdd\u7cfb\u7edf\u56fe-2-2048x1152.jpg 2048w, https:\/\/www.sinewo.com\/wp-content\/uploads\/2024\/12\/\u7535\u8bdd\u7cfb\u7edf\u56fe-2-600x338.jpg 600w\" sizes=\"(max-width: 300px) 100vw, 300px\" \/> <img loading=\"lazy\" decoding=\"async\" class=\"alignnone size-medium wp-image-405\" src=\"http:\/\/www.siwoc.cc\/wp-content\/uploads\/2024\/12\/\u7535\u8bdd\u7cfb\u7edf\u56fe-1-300x150.jpg\" alt=\"\" width=\"300\" height=\"150\" srcset=\"https:\/\/www.sinewo.com\/wp-content\/uploads\/2024\/12\/\u7535\u8bdd\u7cfb\u7edf\u56fe-1-300x150.jpg 300w, https:\/\/www.sinewo.com\/wp-content\/uploads\/2024\/12\/\u7535\u8bdd\u7cfb\u7edf\u56fe-1-768x384.jpg 768w, https:\/\/www.sinewo.com\/wp-content\/uploads\/2024\/12\/\u7535\u8bdd\u7cfb\u7edf\u56fe-1-600x300.jpg 600w, https:\/\/www.sinewo.com\/wp-content\/uploads\/2024\/12\/\u7535\u8bdd\u7cfb\u7edf\u56fe-1.jpg 900w\" sizes=\"(max-width: 300px) 100vw, 300px\" \/><\/p>","protected":false},"excerpt":{"rendered":"<p>Es handelt sich um ein telefonisch -wetterfestes Outdoor -Telefon, das vollst\u00e4ndig in einem korrosionsbest\u00e4ndigen gossenen Aluminiumlegierung enthalten ist. Mit einer T\u00fcr sch\u00fctzt eine T\u00fcr gegen Staub und Feuchtigkeit, was zu einem sehr zuverl\u00e4ssigen Produkt mit einem langen MTBF f\u00fchrt.<br \/>\nMit einem professionellen Forschungs- und Entwicklungsteam in industrieller Telekommunikation, das seit 2005 eingereicht wurde, wurden jedes wetterfeste Telefon wasserdicht getestet und erhalten internationale Zertifikate. Wir haben unsere eigenen Fabriken mit selbst gemachten Telefonteilen.<\/p>","protected":false},"featured_media":410,"template":"","meta":[],"product_cat":[90,40],"product_tag":[44,41,43,42],"class_list":{"0":"post-401","1":"product","2":"type-product","3":"status-publish","4":"has-post-thumbnail","6":"product_cat-voip-weatherproof-telephone","7":"product_cat-weatherproof-telephone","8":"product_tag-heavy-duty-telephone","9":"product_tag-industrial-ip-weatherproof-telephone","10":"product_tag-industrial-telecommunication","11":"product_tag-weatherproof-outdoor-telephone","13":"first","14":"instock","15":"shipping-taxable","16":"product-type-simple"},"_links":{"self":[{"href":"https:\/\/www.sinewo.com\/de\/wp-json\/wp\/v2\/product\/401","targetHints":{"allow":["GET"]}}],"collection":[{"href":"https:\/\/www.sinewo.com\/de\/wp-json\/wp\/v2\/product"}],"about":[{"href":"https:\/\/www.sinewo.com\/de\/wp-json\/wp\/v2\/types\/product"}],"version-history":[{"count":0,"href":"https:\/\/www.sinewo.com\/de\/wp-json\/wp\/v2\/product\/401\/revisions"}],"wp:featuredmedia":[{"embeddable":true,"href":"https:\/\/www.sinewo.com\/de\/wp-json\/wp\/v2\/media\/410"}],"wp:attachment":[{"href":"https:\/\/www.sinewo.com\/de\/wp-json\/wp\/v2\/media?parent=401"}],"wp:term":[{"taxonomy":"product_cat","embeddable":true,"href":"https:\/\/www.sinewo.com\/de\/wp-json\/wp\/v2\/product_cat?post=401"},{"taxonomy":"product_tag","embeddable":true,"href":"https:\/\/www.sinewo.com\/de\/wp-json\/wp\/v2\/product_tag?post=401"}],"curies":[{"name":"wp","href":"https:\/\/api.w.org\/{rel}","templated":true}]}}