{"id":395,"date":"2024-12-27T16:57:31","date_gmt":"2024-12-27T08:57:31","guid":{"rendered":"http:\/\/www.siwoc.cc\/?post_type=product&#038;p=395"},"modified":"2025-01-07T18:04:13","modified_gmt":"2025-01-07T10:04:13","slug":"rugged-wall-mounted-inmate-telephone-with-volume-control-button","status":"publish","type":"product","link":"https:\/\/www.sinewo.com\/de\/product\/rugged-wall-mounted-inmate-telephone-with-volume-control-button\/","title":{"rendered":"Robel montiertes Insassen Telefon mit Lautst\u00e4rkeregelung Taste JWAT137"},"content":{"rendered":"<h2>Produkteinf\u00fchrung<\/h2>\n<p>JWAT137 Vandal resistantes \u00f6ffentliches Insassen -Telefon soll eine zuverl\u00e4ssige Kommunikation des Gef\u00e4ngnistelefonsystems erstellen.<br \/>\nDie Leiche des Telefons besteht aus SUS304 Edelstahl (optionaler Kaltstahl), Korrosionsbest\u00e4ndigkeit und Oxidationsbest\u00e4ndigkeit mit hohem Zughandteil, das eine Kraftfestigkeit von 100 kg erm\u00f6glichen k\u00f6nnte. Extrem einfach zu installieren und an die Wand einzustellen. Einfach, um das Geh\u00e4use und die R\u00fcckplatte durch 4 Schrauben zu reparieren. Ausgestattet mit manipulationsbest\u00e4ndigen Sicherheitsschrauben f\u00fcr zus\u00e4tzliche Festigkeit und Haltbarkeit. Der Kabeleingang befindet sich auf der R\u00fcckseite des Telefons, um k\u00fcnstliche Sch\u00e4den zu verhindern. Full Zink Leichtmetall -Tastatur mit Volumensteuerknopf, die die Lautst\u00e4rke anpassen k\u00f6nnte.<br \/>\nMehrere Versionen sind verf\u00fcgbar, farblich angepasst \uff0c mit Tastatur, ohne Tastatur und auf Anfrage mit zus\u00e4tzlichen Funktionstasten.<br \/>\nTelefonteile werden von selbstgemachten hergestellt, alle Teile wie Tastatur, Cradle und Mobilteil k\u00f6nnen angepasst werden.<\/p>\n<h2>Merkmale<\/h2>\n<p>1.Standard analogem Telefon. Telefonleitung angetrieben.<br \/>\n2.304 Material aus rostfreiem Stahl, hohe mechanische Festigkeit und starke Aufprallwiderstand.<br \/>\n3.Vandal resistantes Mobilteil mit gepanzertem Kabel und Grommet bietet zus\u00e4tzliche Sicherheit f\u00fcr das Mobilteilkabel.<br \/>\n4. Zinc -Legierungs -Tastatur mit Lautst\u00e4rkesteuerung.<br \/>\n5.Magnetischer Hakenschalter mit Reed Switch.<br \/>\n6. Optionales Ger\u00e4usch-Kanfer-Mikrofon verf\u00fcgbar<br \/>\n7. Wand montiert, einfache Installation.<br \/>\n8.Weather proof protection IP65.<br \/>\n9.Connection: RJ11 -Kabel f\u00fcr Schraubenklemmenpaar.<br \/>\n10. Multiple Farbe verf\u00fcgbar.<br \/>\n11. selbstgemachtes Telefon Ersatzteil verf\u00fcgbar.<br \/>\n12. CE, FCC, ROHS, ISO9001 Konform<\/p>\n<h2>Anwendung<\/h2>\n<p>Das Telefon aus Edelstahl kann in einer Vielzahl von Anwendungen wie in Gef\u00e4ngnissen, Krankenh\u00e4usern, Gesundheitszentrum, Wachraum, Plattformen, Schlafs\u00e4len, Flugh\u00e4fen, Kontrollr\u00e4umen, Sally -Ports, Campus, Anlage, Gate und Einstieg, Prea -Telefon oder Wartungszimmern usw. verwendet werden.<\/p>\n<p><img fetchpriority=\"high\" decoding=\"async\" class=\"alignnone wp-image-379 size-full\" src=\"http:\/\/www.siwoc.cc\/wp-content\/uploads\/2024\/12\/2.-\u7396\u6c83\u76d1\u72f1\u884c\u4e1a\u6848\u4f8b\u56fe.jpg\" alt=\"\" width=\"750\" height=\"419\" srcset=\"https:\/\/www.sinewo.com\/wp-content\/uploads\/2024\/12\/2.-\u7396\u6c83\u76d1\u72f1\u884c\u4e1a\u6848\u4f8b\u56fe.jpg 750w, https:\/\/www.sinewo.com\/wp-content\/uploads\/2024\/12\/2.-\u7396\u6c83\u76d1\u72f1\u884c\u4e1a\u6848\u4f8b\u56fe-300x168.jpg 300w, https:\/\/www.sinewo.com\/wp-content\/uploads\/2024\/12\/2.-\u7396\u6c83\u76d1\u72f1\u884c\u4e1a\u6848\u4f8b\u56fe-600x335.jpg 600w\" sizes=\"(max-width: 750px) 100vw, 750px\" \/><\/p>\n<h2>Parameter<\/h2>\n<table>\n<tbody>\n<tr>\n<td width=\"284\">Artikel<\/td>\n<td width=\"284\">Technische Daten<\/td>\n<\/tr>\n<tr>\n<td width=\"284\">Stromversorgung<\/td>\n<td width=\"284\">Telefonleitung angetrieben<\/td>\n<\/tr>\n<tr>\n<td width=\"284\">Voltage<\/td>\n<td width=\"284\">24\u201365 VDC<\/td>\n<\/tr>\n<tr>\n<td width=\"284\">Standby -Arbeit aktuell<\/td>\n<td width=\"284\">\u2264 1 mA<\/td>\n<\/tr>\n<tr>\n<td width=\"284\">Frequenzgang<\/td>\n<td width=\"284\">250 \uff5e 3000 Hz<\/td>\n<\/tr>\n<tr>\n<td width=\"284\">Klanglautst\u00e4rke<\/td>\n<td width=\"284\">&gt;85dB(A)<\/td>\n<\/tr>\n<tr>\n<td width=\"284\">Korrosionsqualit\u00e4t<\/td>\n<td width=\"284\">WF1<\/td>\n<\/tr>\n<tr>\n<td width=\"284\">Umgebungstemperatur<\/td>\n<td width=\"284\">-40\uff5e+70\u2103<\/td>\n<\/tr>\n<tr>\n<td width=\"284\">Anti-Vandalismus-Niveau<\/td>\n<td width=\"284\">IK10<\/td>\n<\/tr>\n<tr>\n<td width=\"284\">Atmosph\u00e4rischer Druck<\/td>\n<td width=\"284\">80 \uff5e 110 kPa<\/td>\n<\/tr>\n<tr>\n<td width=\"284\">Relative Luftfeuchtigkeit<\/td>\n<td width=\"284\">\u2264 95%<\/td>\n<\/tr>\n<tr>\n<td width=\"284\">Installation<\/td>\n<td width=\"284\">Wand montiert<\/td>\n<\/tr>\n<\/tbody>\n<\/table>\n<h2>Dimensionszeichnung<\/h2>\n<p>&nbsp;<\/p>\n<p><img decoding=\"async\" class=\"alignnone wp-image-400 size-full\" src=\"http:\/\/www.siwoc.cc\/wp-content\/uploads\/2024\/12\/1.\u5c3a\u5bf8\u56fe-2.png\" alt=\"\" width=\"542\" height=\"449\" srcset=\"https:\/\/www.sinewo.com\/wp-content\/uploads\/2024\/12\/1.\u5c3a\u5bf8\u56fe-2.png 542w, https:\/\/www.sinewo.com\/wp-content\/uploads\/2024\/12\/1.\u5c3a\u5bf8\u56fe-2-300x249.png 300w\" sizes=\"(max-width: 542px) 100vw, 542px\" \/><\/p>\n<h2>Verf\u00fcgbare Farbe<\/h2>\n<p>Wenn Sie eine Farbanfrage haben, teilen Sie uns die Pantone -Farbe Nr. Mit<\/p>\n<p><img decoding=\"async\" class=\"alignnone wp-image-383 size-full\" src=\"http:\/\/www.siwoc.cc\/wp-content\/uploads\/2024\/12\/4.\u53ef\u9009\u989c\u8272-1.png\" alt=\"\" width=\"900\" height=\"600\" srcset=\"https:\/\/www.sinewo.com\/wp-content\/uploads\/2024\/12\/4.\u53ef\u9009\u989c\u8272-1.png 900w, https:\/\/www.sinewo.com\/wp-content\/uploads\/2024\/12\/4.\u53ef\u9009\u989c\u8272-1-300x200.png 300w, https:\/\/www.sinewo.com\/wp-content\/uploads\/2024\/12\/4.\u53ef\u9009\u989c\u8272-1-768x512.png 768w, https:\/\/www.sinewo.com\/wp-content\/uploads\/2024\/12\/4.\u53ef\u9009\u989c\u8272-1-600x400.png 600w\" sizes=\"(max-width: 900px) 100vw, 900px\" \/><\/p>\n<h2>Testmaschine<\/h2>\n<p>85% -Ersatzteile werden von unserer eigenen Fabrik hergestellt und mit \u00fcbereinstimmenden Testmaschinen k\u00f6nnen wir die Funktion und den Standard direkt best\u00e4tigen.<\/p>\n<p><img loading=\"lazy\" decoding=\"async\" class=\"alignnone wp-image-384 size-full\" src=\"http:\/\/www.siwoc.cc\/wp-content\/uploads\/2024\/12\/5.-\u8bdd\u673a\u6d4b\u8bd5\u8bbe\u5907\u6d41\u7a0b-1.png\" alt=\"\" width=\"900\" height=\"1083\" srcset=\"https:\/\/www.sinewo.com\/wp-content\/uploads\/2024\/12\/5.-\u8bdd\u673a\u6d4b\u8bd5\u8bbe\u5907\u6d41\u7a0b-1.png 900w, https:\/\/www.sinewo.com\/wp-content\/uploads\/2024\/12\/5.-\u8bdd\u673a\u6d4b\u8bd5\u8bbe\u5907\u6d41\u7a0b-1-249x300.png 249w, https:\/\/www.sinewo.com\/wp-content\/uploads\/2024\/12\/5.-\u8bdd\u673a\u6d4b\u8bd5\u8bbe\u5907\u6d41\u7a0b-1-851x1024.png 851w, https:\/\/www.sinewo.com\/wp-content\/uploads\/2024\/12\/5.-\u8bdd\u673a\u6d4b\u8bd5\u8bbe\u5907\u6d41\u7a0b-1-768x924.png 768w, https:\/\/www.sinewo.com\/wp-content\/uploads\/2024\/12\/5.-\u8bdd\u673a\u6d4b\u8bd5\u8bbe\u5907\u6d41\u7a0b-1-600x722.png 600w\" sizes=\"(max-width: 900px) 100vw, 900px\" \/><\/p>\n<h2>Gef\u00e4ngnis -Telefonsystemdiagramm<\/h2>\n<p>&nbsp;<\/p>\n<p><img loading=\"lazy\" decoding=\"async\" class=\"alignnone wp-image-382 size-large\" src=\"http:\/\/www.siwoc.cc\/wp-content\/uploads\/2024\/12\/3.-\u76d1\u72f1\u7cfb\u7edf\u56fe-1-1024x1024.jpg\" alt=\"\" width=\"800\" height=\"800\" srcset=\"https:\/\/www.sinewo.com\/wp-content\/uploads\/2024\/12\/3.-\u76d1\u72f1\u7cfb\u7edf\u56fe-1-1024x1024.jpg 1024w, https:\/\/www.sinewo.com\/wp-content\/uploads\/2024\/12\/3.-\u76d1\u72f1\u7cfb\u7edf\u56fe-1-300x300.jpg 300w, https:\/\/www.sinewo.com\/wp-content\/uploads\/2024\/12\/3.-\u76d1\u72f1\u7cfb\u7edf\u56fe-1-150x150.jpg 150w, https:\/\/www.sinewo.com\/wp-content\/uploads\/2024\/12\/3.-\u76d1\u72f1\u7cfb\u7edf\u56fe-1-768x768.jpg 768w, https:\/\/www.sinewo.com\/wp-content\/uploads\/2024\/12\/3.-\u76d1\u72f1\u7cfb\u7edf\u56fe-1-1536x1536.jpg 1536w, https:\/\/www.sinewo.com\/wp-content\/uploads\/2024\/12\/3.-\u76d1\u72f1\u7cfb\u7edf\u56fe-1-2048x2048.jpg 2048w, https:\/\/www.sinewo.com\/wp-content\/uploads\/2024\/12\/3.-\u76d1\u72f1\u7cfb\u7edf\u56fe-1-600x600.jpg 600w, https:\/\/www.sinewo.com\/wp-content\/uploads\/2024\/12\/3.-\u76d1\u72f1\u7cfb\u7edf\u56fe-1-100x100.jpg 100w\" sizes=\"(max-width: 800px) 100vw, 800px\" \/><\/p>","protected":false},"excerpt":{"rendered":"<p>Suchen Sie ein sehr zuverl\u00e4ssiger Telefon-Kommunikationssystem mit vandalsicheren und Insassen Telefon als Teil Ihrer Sicherheitsl\u00f6sung f\u00fcr Gef\u00e4ngnisse?<br \/>\nDas Joiwo-Team kann sowohl Standard- als auch ma\u00dfgeschneiderte Insassen-Telefonsysteme liefern, die sich aus einem Zwei-Wege-Gespr\u00e4ch und einem \u00f6ffentlichen Adress-Sendungen (PAGA-System) zusammensetzen.<br \/>\nJoiwo -Telefone zeigten vandalbest\u00e4ndige, rostfreie Stahlmaterial, hohe korrosionsbest\u00e4ndige, hohe mechanische Festigkeit und starke Aufprallwiderstand. Die Hauptfunktion der Kommunikation wird jederzeit aufrechterhalten, was zu einem sehr zuverl\u00e4ssigen Produkt mit langem MTBF f\u00fchrt.<br \/>\nMit einem professionellen F &amp; E -Team in Industrial Public Telecommunication, das seit 2005 eingereicht wurde, wurde jedes Vandal -Proof -Telefon die FCC, CE International Certificate, verabschiedet.<br \/>\nIhr Anbieter von innovativen Kommunikationsl\u00f6sungen und wettbewerbsf\u00e4higen Produkten f\u00fcr die Kommunikation im Gef\u00e4ngnis.<\/p>","protected":false},"featured_media":397,"template":"","meta":[],"product_cat":[28,89],"product_tag":[39,36,30,35,38,34,32,37,31,33],"class_list":{"0":"post-395","1":"product","2":"type-product","3":"status-publish","4":"has-post-thumbnail","6":"product_cat-jail-telephone","7":"product_cat-wall-mounted-jail-telephone","8":"product_tag-industrial-public-telecommunication","9":"product_tag-inmate-telephone","10":"product_tag-jail-telephone","11":"product_tag-prison-telephone","12":"product_tag-public-inmate-telephone","13":"product_tag-public-telecommunication","14":"product_tag-ringdown-prison-telephones","15":"product_tag-vandal-proof-intercoms","16":"product_tag-visitation-telephone","17":"product_tag-wall-telephone","19":"first","20":"instock","21":"shipping-taxable","22":"product-type-simple"},"_links":{"self":[{"href":"https:\/\/www.sinewo.com\/de\/wp-json\/wp\/v2\/product\/395","targetHints":{"allow":["GET"]}}],"collection":[{"href":"https:\/\/www.sinewo.com\/de\/wp-json\/wp\/v2\/product"}],"about":[{"href":"https:\/\/www.sinewo.com\/de\/wp-json\/wp\/v2\/types\/product"}],"version-history":[{"count":3,"href":"https:\/\/www.sinewo.com\/de\/wp-json\/wp\/v2\/product\/395\/revisions"}],"predecessor-version":[{"id":951,"href":"https:\/\/www.sinewo.com\/de\/wp-json\/wp\/v2\/product\/395\/revisions\/951"}],"wp:featuredmedia":[{"embeddable":true,"href":"https:\/\/www.sinewo.com\/de\/wp-json\/wp\/v2\/media\/397"}],"wp:attachment":[{"href":"https:\/\/www.sinewo.com\/de\/wp-json\/wp\/v2\/media?parent=395"}],"wp:term":[{"taxonomy":"product_cat","embeddable":true,"href":"https:\/\/www.sinewo.com\/de\/wp-json\/wp\/v2\/product_cat?post=395"},{"taxonomy":"product_tag","embeddable":true,"href":"https:\/\/www.sinewo.com\/de\/wp-json\/wp\/v2\/product_tag?post=395"}],"curies":[{"name":"wp","href":"https:\/\/api.w.org\/{rel}","templated":true}]}}